{"id":6061,"date":"2024-09-02T15:43:04","date_gmt":"2024-09-02T15:43:04","guid":{"rendered":"https:\/\/fasthypo.ch\/un-operatore-ti-chiamera-a-breve-per-trovare-la-migliore-offerta-di-mutuo\/"},"modified":"2024-09-30T16:01:46","modified_gmt":"2024-09-30T16:01:46","slug":"un-operatore-ti-chiamera-a-breve-per-trovare-la-migliore-offerta-di-mutuo","status":"publish","type":"page","link":"https:\/\/fasthypo.ch\/it\/un-operatore-ti-chiamera-a-breve-per-trovare-la-migliore-offerta-di-mutuo\/","title":{"rendered":"Un operatore ti chiamer\u00e0 a breve per trovare la migliore offerta per la tua ipoteca."},"content":{"rendered":"\t\t<div data-elementor-type=\"wp-page\" data-elementor-id=\"6061\" class=\"elementor elementor-6061 elementor-5964\" data-elementor-post-type=\"page\">\n\t\t\t\t<div class=\"elementor-element elementor-element-a492af2 e-flex e-con-boxed e-con e-parent\" data-id=\"a492af2\" data-element_type=\"container\">\n\t\t\t\t\t<div class=\"e-con-inner\">\n\t\t\t\t<div class=\"elementor-element elementor-element-019a958 elementor-view-default elementor-widget elementor-widget-icon\" data-id=\"019a958\" data-element_type=\"widget\" data-widget_type=\"icon.default\">\n\t\t\t\t<div class=\"elementor-widget-container\">\n\t\t\t\t\t\t\t<div class=\"elementor-icon-wrapper\">\n\t\t\t<div class=\"elementor-icon\">\n\t\t\t<svg aria-hidden=\"true\" class=\"e-font-icon-svg e-fas-check\" viewBox=\"0 0 512 512\" xmlns=\"http:\/\/www.w3.org\/2000\/svg\"><path d=\"M173.898 439.404l-166.4-166.4c-9.997-9.997-9.997-26.206 0-36.204l36.203-36.204c9.997-9.998 26.207-9.998 36.204 0L192 312.69 432.095 72.596c9.997-9.997 26.207-9.997 36.204 0l36.203 36.204c9.997 9.997 9.997 26.206 0 36.204l-294.4 294.401c-9.998 9.997-26.207 9.997-36.204-.001z\"><\/path><\/svg>\t\t\t<\/div>\n\t\t<\/div>\n\t\t\t\t\t\t<\/div>\n\t\t\t\t<\/div>\n\t\t\t\t<div class=\"elementor-element elementor-element-5fda132 elementor-hidden-mobile elementor-widget elementor-widget-heading\" data-id=\"5fda132\" data-element_type=\"widget\" data-widget_type=\"heading.default\">\n\t\t\t\t<div class=\"elementor-widget-container\">\n\t\t\t\t\t<h1 class=\"elementor-heading-title elementor-size-default\">La tua richiesta  \u00e8 stata inviata!<\/h1>\t\t\t\t<\/div>\n\t\t\t\t<\/div>\n\t\t\t\t<div class=\"elementor-element elementor-element-745e35a elementor-hidden-desktop elementor-hidden-tablet elementor-widget elementor-widget-heading\" data-id=\"745e35a\" data-element_type=\"widget\" data-widget_type=\"heading.default\">\n\t\t\t\t<div class=\"elementor-widget-container\">\n\t\t\t\t\t<h1 class=\"elementor-heading-title elementor-size-default\">La tua richiesta \u00e8 stata presa in carico da un esperto!<\/h1>\t\t\t\t<\/div>\n\t\t\t\t<\/div>\n\t\t\t\t<div class=\"elementor-element elementor-element-3cb0331 elementor-widget elementor-widget-text-editor\" data-id=\"3cb0331\" data-element_type=\"widget\" data-widget_type=\"text-editor.default\">\n\t\t\t\t<div class=\"elementor-widget-container\">\n\t\t\t\t\t\t\t\t\t<p>Un operatore ti chiamer\u00e0 a breve<br \/>per trovare i migliori tassi per la tua ipoteca!<\/p>\t\t\t\t\t\t\t\t<\/div>\n\t\t\t\t<\/div>\n\t\t<div class=\"elementor-element elementor-element-2d24849 e-con-full e-flex e-con e-child\" data-id=\"2d24849\" data-element_type=\"container\" data-settings=\"{&quot;background_background&quot;:&quot;classic&quot;}\">\n\t\t\t\t<div class=\"elementor-element elementor-element-e15b95f elementor-widget elementor-widget-heading\" data-id=\"e15b95f\" data-element_type=\"widget\" data-widget_type=\"heading.default\">\n\t\t\t\t<div class=\"elementor-widget-container\">\n\t\t\t\t\t<h2 class=\"elementor-heading-title elementor-size-default\">Controlla la tua <br>casella di posta<\/h2>\t\t\t\t<\/div>\n\t\t\t\t<\/div>\n\t\t\t\t<div class=\"elementor-element elementor-element-efbd743 elementor-widget elementor-widget-text-editor\" data-id=\"efbd743\" data-element_type=\"widget\" data-widget_type=\"text-editor.default\">\n\t\t\t\t<div class=\"elementor-widget-container\">\n\t\t\t\t\t\t\t\t\t<p>Ti abbiamo inviato un&#8217;e-mail di conferma <br \/>per la tua richiesta.<\/p>\n\t\t\t\t\t\t\t\t<\/div>\n\t\t\t\t<\/div>\n\t\t\t\t<div class=\"elementor-element elementor-element-404673d elementor-widget elementor-widget-image\" data-id=\"404673d\" data-element_type=\"widget\" data-widget_type=\"image.default\">\n\t\t\t\t<div class=\"elementor-widget-container\">\n\t\t\t\t\t\t\t\t\t\t\t\t\t\t\t<img decoding=\"async\" width=\"150\" height=\"150\" src=\"https:\/\/fasthypo.ch\/wp-content\/uploads\/2024\/09\/mail-150x150.png?wsr\" class=\"attachment-thumbnail size-thumbnail wp-image-5985\" alt=\"\" srcset=\"https:\/\/fasthypo.ch\/wp-content\/uploads\/2024\/09\/mail-150x150.png 150w, https:\/\/fasthypo.ch\/wp-content\/uploads\/2024\/09\/mail-300x300.png 300w, https:\/\/fasthypo.ch\/wp-content\/uploads\/2024\/09\/mail.png 512w\" sizes=\"(max-width: 150px) 100vw, 150px\" \/>\t\t\t\t\t\t\t\t\t\t\t\t\t\t\t<\/div>\n\t\t\t\t<\/div>\n\t\t\t\t<\/div>\n\t\t\t\t<div class=\"elementor-element elementor-element-7826ca5 elementor-align-center elementor-widget elementor-widget-button\" data-id=\"7826ca5\" data-element_type=\"widget\" data-widget_type=\"button.default\">\n\t\t\t\t<div class=\"elementor-widget-container\">\n\t\t\t\t\t\t\t\t\t<div class=\"elementor-button-wrapper\">\n\t\t\t\t\t<a class=\"elementor-button elementor-button-link elementor-size-sm\" href=\"https:\/\/fasthypo.ch\/it\/\">\n\t\t\t\t\t\t<span class=\"elementor-button-content-wrapper\">\n\t\t\t\t\t\t\t\t\t<span class=\"elementor-button-text\">Torna alla Home Page<\/span>\n\t\t\t\t\t<\/span>\n\t\t\t\t\t<\/a>\n\t\t\t\t<\/div>\n\t\t\t\t\t\t\t\t<\/div>\n\t\t\t\t<\/div>\n\t\t\t\t\t<\/div>\n\t\t\t\t<\/div>\n\t\t\t\t<\/div>\n\t\t","protected":false},"excerpt":{"rendered":"<p>La tua richiesta \u00e8 stata inviata! La tua richiesta \u00e8 stata presa in carico da un esperto! Un operatore ti chiamer\u00e0 a breveper trovare i migliori tassi per la tua ipoteca! Controlla la tua casella di posta Ti abbiamo inviato un&#8217;e-mail di conferma per la tua richiesta. Torna alla Home Page<\/p>\n<a class=\"read-more\" href=\"https:\/\/fasthypo.ch\/it\/un-operatore-ti-chiamera-a-breve-per-trovare-la-migliore-offerta-di-mutuo\/\">Read More<\/a>","protected":false},"author":1,"featured_media":0,"parent":0,"menu_order":0,"comment_status":"closed","ping_status":"closed","template":"elementor_header_footer","meta":{"footnotes":""},"_links":{"self":[{"href":"https:\/\/fasthypo.ch\/it\/wp-json\/wp\/v2\/pages\/6061"}],"collection":[{"href":"https:\/\/fasthypo.ch\/it\/wp-json\/wp\/v2\/pages"}],"about":[{"href":"https:\/\/fasthypo.ch\/it\/wp-json\/wp\/v2\/types\/page"}],"author":[{"embeddable":true,"href":"https:\/\/fasthypo.ch\/it\/wp-json\/wp\/v2\/users\/1"}],"replies":[{"embeddable":true,"href":"https:\/\/fasthypo.ch\/it\/wp-json\/wp\/v2\/comments?post=6061"}],"version-history":[{"count":0,"href":"https:\/\/fasthypo.ch\/it\/wp-json\/wp\/v2\/pages\/6061\/revisions"}],"wp:attachment":[{"href":"https:\/\/fasthypo.ch\/it\/wp-json\/wp\/v2\/media?parent=6061"}],"curies":[{"name":"wp","href":"https:\/\/api.w.org\/{rel}","templated":true}]}}