{"id":5335,"date":"2024-08-15T16:55:34","date_gmt":"2024-08-15T16:55:34","guid":{"rendered":"https:\/\/fasthypo.ch\/mutui-per-lavoratori-transfrontalieri-guida-essenziale-e-consigli\/"},"modified":"2024-09-19T11:10:10","modified_gmt":"2024-09-19T11:10:10","slug":"mutui-per-lavoratori-transfrontalieri-guida-essenziale-e-consigli","status":"publish","type":"page","link":"https:\/\/fasthypo.ch\/it\/mutui-per-lavoratori-transfrontalieri-guida-essenziale-e-consigli\/","title":{"rendered":"Ipoteche per lavoratori transfrontalieri: Guida essenziale e consigli"},"content":{"rendered":"\n<p class=\"has-black-color has-text-color has-link-color wp-elements-403caa3cd4b29c9a3f4c241d9c06aa5d\" style=\"font-size:16px\"><strong>I lavoratori transfrontalieri<\/strong>, spesso chiamati frontalieri o <em>Grenzg\u00e4nger<\/em>, rappresentano un segmento unico del mercato delle <strong>ipoteche<\/strong> in Svizzera. Queste persone vivono in paesi limitrofi, come Francia, Germania o Italia, mentre lavorano in Svizzera. Questa situazione presenta sfide e opportunit\u00e0 diverse quando si tratta di ottenere un&#8217;<strong>ipoteca<\/strong>.<\/p>\n\n\n\n<figure class=\"wp-block-image size-large is-resized\"><img fetchpriority=\"high\" decoding=\"async\" width=\"1024\" height=\"768\" src=\"https:\/\/fasthypo.ch\/wp-content\/uploads\/2024\/08\/mortgages-for-cross-border-workers-1024x768.webp\" alt=\"\" class=\"wp-image-5267\" style=\"width:706px;height:auto\" srcset=\"https:\/\/fasthypo.ch\/wp-content\/uploads\/2024\/08\/mortgages-for-cross-border-workers-1024x768.webp 1024w, https:\/\/fasthypo.ch\/wp-content\/uploads\/2024\/08\/mortgages-for-cross-border-workers-300x225.webp 300w, https:\/\/fasthypo.ch\/wp-content\/uploads\/2024\/08\/mortgages-for-cross-border-workers-768x576.webp 768w, https:\/\/fasthypo.ch\/wp-content\/uploads\/2024\/08\/mortgages-for-cross-border-workers.webp 1200w\" sizes=\"(max-width: 1024px) 100vw, 1024px\" \/><\/figure>\n\n\n\n<div style=\"height:30px\" aria-hidden=\"true\" class=\"wp-block-spacer\"><\/div>\n\n\n\n<h2 class=\"wp-block-heading\">Capire lo status di lavoratore transfrontaliero<\/h2>\n\n\n\n<p><strong>Chi si qualifica come lavoratore transfrontaliero?<\/strong><\/p>\n\n\n\n<p>I lavoratori transfrontalieri sono persone che risiedono in un paese ma che si spostano regolarmente per lavorare in un altro. Nel caso della Svizzera, si tratta in genere di residenti in Francia, Germania, Italia o Austria che lavorano nei cantoni svizzeri vicini al confine. Spesso questi lavoratori dispongono di permessi specifici, come il permesso G, che consente loro di lavorare in Svizzera pur vivendo in un Paese vicino.<\/p>\n\n\n\n<h3 class=\"wp-block-heading\">Perch\u00e9 le ipoteche sono diverse per i lavoratori transfrontalieri<\/h3>\n\n\n\n<p>Le <strong>ipoteche<\/strong> per i lavoratori transfrontalieri differiscono da quelle per i residenti in Svizzera soprattutto a causa delle complessit\u00e0 legate agli accordi finanziari transfrontalieri. Fattori come i rischi di cambio, le diverse normative fiscali e i diversi quadri giuridici dei vari paesi possono avere un impatto significativo sui termini e sull&#8217;ammissibilit\u00e0 delle <strong>ipoteche<\/strong>.<\/p>\n\n\n\n<div style=\"height:40px\" aria-hidden=\"true\" class=\"wp-block-spacer\"><\/div>\n\n\n\n<h2 class=\"wp-block-heading\">Considerazioni chiave per le ipoteche per lavoratori transfrontalieri<\/h2>\n\n\n\n<div style=\"height:25px\" aria-hidden=\"true\" class=\"wp-block-spacer\"><\/div>\n\n\n\n<p><strong>1. Gestione del rischio valutario<\/strong><\/p>\n\n\n\n<p><strong>Capire il rischio di valuta<\/strong><\/p>\n\n\n\n<p>Una delle sfide pi\u00f9 importanti per i lavoratori transfrontalieri \u00e8 la gestione del rischio di cambio. Poich\u00e9 di solito percepiscono un reddito in franchi svizzeri (CHF) ma hanno spese o risparmi in euro (EUR), c&#8217;\u00e8 il rischio che le fluttuazioni dei tassi di cambio possano influire sulla loro capacit\u00e0 di rimborsare un&#8217;<strong>ipoteca<\/strong>.<\/p>\n\n\n\n<p><strong>Mitigare il rischio di valuta<\/strong><\/p>\n\n\n\n<p>Per mitigare questo rischio, alcuni istituti di credito offrono <strong>ipoteche<\/strong> a doppia valuta, in cui il prestito \u00e8 suddiviso tra CHF ed EUR. Questa struttura pu\u00f2 aiutare a bilanciare l&#8217;impatto delle fluttuazioni valutarie. In alternativa, i lavoratori transfrontalieri possono scegliere di sottoscrivere un&#8217;<strong>ipoteca<\/strong> in CHF per allinearsi al loro reddito, anche se ci\u00f2 potrebbe comportare delle complessit\u00e0 nella conversione di altri beni o nella gestione delle spese.<\/p>\n\n\n\n<p><strong>2. Criteri di ammissibilit\u00e0<\/strong><\/p>\n\n\n\n<p><strong>Requisiti di reddito<\/strong><\/p>\n\n\n\n<p>Gli istituti di credito svizzeri valutano il reddito dei lavoratori transfrontalieri in modo diverso rispetto ai residenti in Svizzera. Gli istituti di credito solitamente richiedono una soglia di reddito pi\u00f9 alta per i lavoratori transfrontalieri a causa del rischio percepito come pi\u00f9 elevato associato alle fluttuazioni valutarie e all&#8217;impiego transfrontaliero. Dimostrare un reddito stabile e sufficiente in CHF \u00e8 fondamentale.<\/p>\n\n\n\n<p><strong>Stabilit\u00e0 dell&#8217;occupazione<\/strong><\/p>\n\n\n\n<p>La stabilit\u00e0 lavorativa \u00e8 un fattore critico. Gli istituti di credito preferiscono i richiedenti con un impiego stabile e a lungo termine in Svizzera. I lavoratori transfrontalieri devono essere pronti a fornire un&#8217;ampia documentazione che dimostri la loro storia lavorativa e la sicurezza del posto di lavoro.<\/p>\n\n\n\n<p><strong>3. Requisiti per l&#8217;acconto<\/strong><\/p>\n\n\n\n<p><strong>Aspettative di acconto pi\u00f9 elevate<\/strong><\/p>\n\n\n\n<p>La legge svizzera prevede un acconto minimo del 20% del prezzo di acquisto dell&#8217;immobile. Tuttavia, i lavoratori transfrontalieri potrebbero trovarsi di fronte a requisiti pi\u00f9 severi: alcuni istituti di credito richiedono un anticipo fino al 30% per compensare i rischi aggiuntivi percepiti.<\/p>\n\n\n\n<p><strong>Contributi pensionistici transfrontalieri<\/strong><\/p>\n\n\n\n<p>I lavoratori transfrontalieri contribuiscono al sistema pensionistico svizzero e questi contributi possono talvolta essere utilizzati per finanziare una parte dell&#8217;acconto. \u00c8 importante consultare un consulente finanziario o un broker <strong>ipotecario<\/strong> che abbia familiarit\u00e0 con i prodotti finanziari transfrontalieri per massimizzare l&#8217;uso degli asset pensionistici in questo contesto.<\/p>\n\n\n\n<p><strong>4. Implicazioni fiscali<\/strong><\/p>\n\n\n\n<p><strong>Capire i trattati sulla doppia imposizione<\/strong><\/p>\n\n\n\n<p>I lavoratori transfrontalieri sono soggetti alle normative fiscali sia del loro paese di residenza che della Svizzera. I trattati sulla doppia imposizione sono stati stipulati per evitare che i lavoratori siano tassati due volte sullo stesso reddito, ma \u00e8 essenziale capire questi trattati e come si applicano agli interessi <strong>ipotecari<\/strong> e alle imposte sulla propriet\u00e0.<\/p>\n\n\n\n<p><strong>Considerazioni sulla tassa di propriet\u00e0<\/strong><\/p>\n\n\n\n<p>La propriet\u00e0 di un immobile in Svizzera comporta anche specifici obblighi fiscali, che variano a seconda del cantone. I lavoratori transfrontalieri devono tenere conto sia delle imposte sulla propriet\u00e0 in Svizzera che di quelle relative al loro paese d&#8217;origine. Si consiglia di consultare un professionista fiscale esperto in fiscalit\u00e0 transfrontaliera.<\/p>\n\n\n\n<p><strong>5. Differenze legali e normative<\/strong><\/p>\n\n\n\n<p><strong>Navigare in diversi sistemi legali<\/strong><\/p>\n\n\n\n<p>Il diritto immobiliare e le norme <strong>ipotecarie<\/strong> svizzere possono differire in modo significativo da quelle del paese d&#8217;origine del lavoratore transfrontaliero. Comprendere queste differenze, in particolare per quanto riguarda i diritti di propriet\u00e0, le leggi sull&#8217;eredit\u00e0 e le norme sul pignoramento delle <strong>ipoteche<\/strong>, \u00e8 fondamentale.<\/p>\n\n\n\n<p><strong>Lavorare con professionisti con doppia licenza<\/strong><\/p>\n\n\n\n<p>Data la complessit\u00e0 delle <strong>ipoteche<\/strong> transfrontaliere, \u00e8 molto utile collaborare con agenti immobiliari, broker <strong>ipotecari<\/strong> e professionisti del settore legale che siano abilitati e competenti sia in Svizzera che nel paese d&#8217;origine del lavoratore transfrontaliero. Questi professionisti possono aiutare a districarsi tra le complessit\u00e0 legali e a garantire la conformit\u00e0 a tutte le normative vigenti.<\/p>\n\n\n\n<h3 class=\"wp-block-heading\">6. Tipi di ipoteche disponibili per i lavoratori transfrontalieri<\/h3>\n\n\n\n<p><strong>Ipoteche a Tasso Fisso<\/strong><\/p>\n\n\n\n<p>Le <strong>ipoteche<\/strong> a tasso fisso sono una scelta popolare tra i lavoratori transfrontalieri per la stabilit\u00e0 che offrono in termini di pagamenti mensili. Considerando le potenziali fluttuazioni valutarie, avere un piano di pagamento fisso in CHF pu\u00f2 garantire la massima tranquillit\u00e0.<\/p>\n\n\n\n<p><strong>Ipoteche a Tasso Variabile<\/strong><\/p>\n\n\n\n<p>Le <strong>ipoteche<\/strong> a tasso variabile, pur essendo pi\u00f9 rischiose a causa delle potenziali variazioni dei tassi d&#8217;interesse, potrebbero essere adatte ai lavoratori transfrontalieri con situazioni finanziarie flessibili o a coloro che si aspettano una diminuzione dei tassi d&#8217;interesse nel tempo. Tuttavia, \u00e8 necessario valutare attentamente i rischi, soprattutto in un contesto economico volatile.<\/p>\n\n\n\n<p><strong>Libor e ipoteche SARON<\/strong><\/p>\n\n\n\n<p>Le <strong>ipoteche<\/strong> Libor (London Interbank Offered Rate) e SARON (Swiss Average Rate Overnight) offrono tassi variabili legati a specifici parametri di riferimento. Queste opzioni possono essere pi\u00f9 complesse da gestire per i lavoratori transfrontalieri, soprattutto se associate al rischio valutario. Tuttavia, possono offrire tassi iniziali pi\u00f9 bassi, rendendoli interessanti a determinate condizioni.<\/p>\n\n\n\n<div style=\"height:25px\" aria-hidden=\"true\" class=\"wp-block-spacer\"><\/div>\n\n\n\n<h3 class=\"wp-block-heading\">7. Scegliere il giusto finanziatore<\/h3>\n\n\n\n<h4 class=\"wp-block-heading\">Prestatori specializzati per i lavoratori transfrontalieri<\/h4>\n\n\n\n<p class=\"has-black-color has-text-color has-link-color wp-elements-118d8e27c9e0c9af53f343c4b9753c87\" style=\"font-size:16px\">Non tutte le banche svizzere hanno la stessa familiarit\u00e0 con le esigenze dei lavoratori transfrontalieri.\n\u00c8 fondamentale scegliere un istituto di credito con esperienza in questa nicchia di mercato.\nQuesti istituti di credito specializzati comprendono i rischi unici e possono offrire prodotti ipotecari su misura.  <\/p>\n\n\n\n<h4 class=\"wp-block-heading\">Offerte a confronto<\/h4>\n\n\n\n<p class=\"has-black-color has-text-color has-link-color wp-elements-93db8da98c5bad87de5aab0f4f116462\" style=\"font-size:16px\">Date le complessit\u00e0 del caso, i lavoratori transfrontalieri dovrebbero confrontare le offerte di pi\u00f9 istituti di credito.\nI fattori chiave da considerare sono i tassi d&#8217;interesse, i requisiti per il pagamento dell&#8217;acconto, le opzioni di gestione del rischio valutario e l&#8217;esperienza dell&#8217;istituto di credito nel trattare con i clienti transfrontalieri. <\/p>\n\n\n\n<div style=\"height:25px\" aria-hidden=\"true\" class=\"wp-block-spacer\"><\/div>\n\n\n\n<h3 class=\"wp-block-heading\">8. Il processo di candidatura<\/h3>\n\n\n\n<h4 class=\"wp-block-heading\">Requisiti della documentazione<\/h4>\n\n\n\n<p class=\"has-black-color has-text-color has-link-color wp-elements-fa5a8094a408ccd960d9647de1a954b6\" style=\"font-size:16px\">I lavoratori transfrontalieri devono essere pronti a fornire una serie completa di documenti, tra cui la prova del reddito in CHF, i contratti di lavoro, il permesso G, le dichiarazioni dei redditi e i dettagli di eventuali debiti o obblighi finanziari esistenti nel loro paese d&#8217;origine.<\/p>\n\n\n\n<h4 class=\"wp-block-heading\">Pre-approvazione e offerte condizionate<\/h4>\n\n\n\n<p class=\"has-black-color has-text-color has-link-color wp-elements-c460de454294acb44c7e8cabfc30c73a\" style=\"font-size:16px\">Ottenere una pre-approvazione per un&#8217;ipoteca come lavoratore transfrontaliero pu\u00f2 essere pi\u00f9 impegnativo che per i residenti in Svizzera. Alcuni istituti di credito possono offrire un&#8217;approvazione condizionata, subordinata a una documentazione aggiuntiva o al rispetto di specifici criteri finanziari.<\/p>\n\n\n\n<div style=\"height:25px\" aria-hidden=\"true\" class=\"wp-block-spacer\"><\/div>\n\n\n\n<h3 class=\"wp-block-heading\">9. Considerazioni post-ipoteca<\/h3>\n\n\n\n<h4 class=\"wp-block-heading\">Gestione dell&#8217;ipoteca dopo l&#8217;approvazione<\/h4>\n\n\n\n<p class=\"has-black-color has-text-color has-link-color wp-elements-6aa345dc1adadd9b17b94a9818b9ada8\" style=\"font-size:16px\">Una volta approvata l&#8217;ipoteca, i lavoratori transfrontalieri devono rimanere vigili sulla gestione dei rischi valutari, sui cambiamenti dello status lavorativo e sugli obblighi fiscali. Si consiglia di effettuare revisioni periodiche con un consulente finanziario per assicurarsi che l&#8217;ipoteca rimanga in linea con i propri obiettivi finanziari.<\/p>\n\n\n\n<h4 class=\"wp-block-heading\">Opzioni di rifinanziamento<\/h4>\n\n\n\n<p class=\"has-black-color has-text-color has-link-color wp-elements-97e2065d6ca850bd332ecaa48ad81abe\" style=\"font-size:16px\">Quando le circostanze cambiano, i lavoratori transfrontalieri possono prendere in considerazione la possibilit\u00e0 di rifinanziare la propria ipoteca. Comprendere i costi e i benefici di un rifinanziamento, soprattutto nel contesto dei tassi di cambio e delle normative transfrontaliere, \u00e8 essenziale.<\/p>\n\n\n\n<div style=\"height:45px\" aria-hidden=\"true\" class=\"wp-block-spacer\"><\/div>\n\n\n\n<h2 class=\"wp-block-heading\">Conclusione<\/h2>\n\n\n\n<p class=\"has-black-color has-text-color has-link-color wp-elements-e599395906f68f2f9735762ed3cc2f02\" style=\"font-size:16px\">Ottenere un&#8217;<strong>ipoteca<\/strong> come lavoratore transfrontaliero in Svizzera comporta la necessit\u00e0 di navigare in un complesso panorama di rischi valutari, differenze legali e severi requisiti finanziari. Comprendendo queste sfide e collaborando con professionisti specializzati, i lavoratori transfrontalieri possono finanziare con successo la loro propriet\u00e0 in Svizzera.<\/p>\n\n\n\n<p class=\"has-black-color has-text-color has-link-color wp-elements-2e8f810f42a0193e928465c88fc523b6\" style=\"font-size:16px\">Noi di FastHypo ci impegniamo ad aiutare i lavoratori transfrontalieri a trovare le migliori opzioni di <strong>ipoteca<\/strong>, adatte alle loro esigenze specifiche. Che tu abbia appena iniziato il processo di <strong>ipoteca<\/strong> o che tu stia cercando di rifinanziare, il nostro team di esperti \u00e8 qui per guidarti in ogni fase del processo. Contattaci oggi stesso per saperne di pi\u00f9 su come possiamo aiutarti a ottenere l&#8217;<strong>ipoteca<\/strong> ideale per la tua situazione.<\/p>\n","protected":false},"excerpt":{"rendered":"<p>I lavoratori transfrontalieri, spesso chiamati frontalieri o Grenzg\u00e4nger, rappresentano un segmento unico del mercato delle ipoteche in Svizzera. Queste persone vivono in paesi limitrofi, come Francia, Germania o Italia, mentre lavorano in Svizzera. Questa situazione presenta sfide e opportunit\u00e0 diverse quando si tratta di ottenere un&#8217;ipoteca. Capire lo status di lavoratore transfrontaliero Chi si qualifica<\/p>\n<a class=\"read-more\" href=\"https:\/\/fasthypo.ch\/it\/mutui-per-lavoratori-transfrontalieri-guida-essenziale-e-consigli\/\">Read More<\/a>","protected":false},"author":1,"featured_media":0,"parent":0,"menu_order":0,"comment_status":"closed","ping_status":"closed","template":"","meta":{"footnotes":""},"_links":{"self":[{"href":"https:\/\/fasthypo.ch\/it\/wp-json\/wp\/v2\/pages\/5335"}],"collection":[{"href":"https:\/\/fasthypo.ch\/it\/wp-json\/wp\/v2\/pages"}],"about":[{"href":"https:\/\/fasthypo.ch\/it\/wp-json\/wp\/v2\/types\/page"}],"author":[{"embeddable":true,"href":"https:\/\/fasthypo.ch\/it\/wp-json\/wp\/v2\/users\/1"}],"replies":[{"embeddable":true,"href":"https:\/\/fasthypo.ch\/it\/wp-json\/wp\/v2\/comments?post=5335"}],"version-history":[{"count":0,"href":"https:\/\/fasthypo.ch\/it\/wp-json\/wp\/v2\/pages\/5335\/revisions"}],"wp:attachment":[{"href":"https:\/\/fasthypo.ch\/it\/wp-json\/wp\/v2\/media?parent=5335"}],"curies":[{"name":"wp","href":"https:\/\/api.w.org\/{rel}","templated":true}]}}