{"id":5329,"date":"2024-08-14T16:44:41","date_gmt":"2024-08-14T16:44:41","guid":{"rendered":"https:\/\/fasthypo.ch\/mutuo-saron-cose-e-come-funziona\/"},"modified":"2024-09-19T15:11:51","modified_gmt":"2024-09-19T15:11:51","slug":"mutuo-saron-cose-e-come-funziona","status":"publish","type":"page","link":"https:\/\/fasthypo.ch\/it\/mutuo-saron-cose-e-come-funziona\/","title":{"rendered":"Ipoteca Saron: Cos&#8217;\u00e8 e Come Funziona"},"content":{"rendered":"\n<p class=\"has-black-color has-text-color has-link-color wp-elements-d17d49f42e53b50398df045091a72fa0\" style=\"font-size:16px\">Quando si naviga nel complesso mondo delle ipoteche svizzere, la scelta del modello di tasso d&#8217;interesse \u00e8 fondamentale. L&#8217;ipoteca SARON (Swiss Average Rate Overnight) \u00e8 emerso come una scelta popolare tra gli acquirenti di case in Svizzera, sostituendo il <a href=\"https:\/\/fasthypo.ch\/it\/mutuo-libor-in-svizzera-guida-completa\/\" data-type=\"page\" data-id=\"5140\">LIBOR (London Interbank Offered Rate)<\/a> dopo la sua graduale eliminazione.<\/p>\n\n\n\n<figure class=\"wp-block-image size-large\"><img decoding=\"async\" src=\"https:\/\/fasthypo.ch\/wp-content\/uploads\/2024\/08\/saron-mortgage-ITA-1024x582.webp\" alt=\"\" class=\"wp-image-5172\"\/><\/figure>\n\n\n\n<div style=\"height:45px\" aria-hidden=\"true\" class=\"wp-block-spacer\"><\/div>\n\n\n\n<h2 class=\"wp-block-heading has-black-color has-text-color has-link-color wp-elements-40d03eb07db7cabe4d4846eac3afe475\" style=\"font-size:27px\">Che cos&#8217;\u00e8 il SARON?<\/h2>\n\n\n\n<p class=\"has-black-color has-text-color has-link-color wp-elements-a7ee5a597dacfdff96d07ba8e3330e04\" style=\"font-size:16px\">SARON \u00e8 l&#8217;acronimo di <strong>Swiss Average Rate Overnight<\/strong>.\nSi tratta di un tasso di interesse calcolato giornalmente sulla base delle transazioni effettive del mercato monetario svizzero.\nIntrodotto da SIX Swiss Exchange nel 2009, il SARON si \u00e8 imposto come benchmark affidabile e trasparente, soprattutto dopo l&#8217;abbandono del LIBOR nel 2021.  <\/p>\n\n\n\n<h3 class=\"wp-block-heading has-black-color has-text-color has-link-color wp-elements-f3a1e8cc75cdf2332fa0ba36a9a5547c\" style=\"font-size:20px\">Come viene calcolato il SARON?<\/h3>\n\n\n\n<p class=\"has-black-color has-text-color has-link-color wp-elements-54726acd05bcec7d32b3549000a53b6a\" style=\"font-size:16px\">Il SARON si basa sulle transazioni e sulle quotazioni del mercato repo svizzero, dove le banche si prestano denaro a vicenda a breve termine.\nIl tasso riflette il tasso di interesse medio per i prestiti garantiti overnight.\nA differenza del LIBOR, che si basava su stime delle banche, il SARON si basa su transazioni reali, il che lo rende pi\u00f9 resistente alle manipolazioni e pi\u00f9 riflessivo delle condizioni di mercato.  <\/p>\n\n\n\n<h3 class=\"wp-block-heading has-black-color has-text-color has-link-color wp-elements-407001872c454a4ad69d31b134c14ed0\" style=\"font-size:20px\">Perch\u00e9 il SARON ha sostituito il LIBOR?<\/h3>\n\n\n\n<p class=\"has-black-color has-text-color has-link-color wp-elements-5c31719df6006e6d2fbf484886c24e6b\" style=\"font-size:16px\"><span style=\"text-decoration: underline;\"><a href=\"https:\/\/www.investopedia.com\/terms\/l\/libor-scandal.asp\" data-type=\"link\" data-id=\"https:\/\/www.investopedia.com\/terms\/l\/libor-scandal.asp\" target=\"_blank\" rel=\"noopener\">Lo scandalo LIBOR<\/a><\/span> in cui le banche manipolavano i tassi per trarne profitto, ha portato alla sua caduta. Il SARON \u00e8 stato scelto come sostituto in Svizzera per la sua trasparenza, solidit\u00e0 e allineamento con il sistema finanziario elvetico. La transizione dal LIBOR al SARON \u00e8 avvenuta senza problemi e la maggior parte delle istituzioni finanziarie svizzere ha adottato prodotti basati sul SARON.  <\/p>\n\n\n\n<div style=\"height:45px\" aria-hidden=\"true\" class=\"wp-block-spacer\"><\/div>\n\n\n\n<h2 class=\"wp-block-heading has-black-color has-text-color has-link-color wp-elements-16d6fa7af1c67ad7a32525574291fc97\" style=\"font-size:27px\">Come funziona un&#8217;ipoteca SARON?<\/h2>\n\n\n\n<p class=\"has-black-color has-text-color has-link-color wp-elements-f02f4d3c20b031e59df80729a8642ccf\" style=\"font-size:16px\">Un&#8217;ipoteca SARON \u00e8 un tipo di ipoteca a tasso variabile in cui il tasso di interesse \u00e8 legato al tasso SARON. Gli interessi vengono ricalcolati periodicamente, in genere ogni tre mesi, in base al tasso SARON corrente pi\u00f9 un margine fisso stabilito dal mutuante. Ci\u00f2 significa che le rate della tua ipoteca possono variare in base all&#8217;andamento del tasso SARON.<\/p>\n\n\n\n<h3 class=\"wp-block-heading has-black-color has-text-color has-link-color wp-elements-2747ef91a08acb280872a53fadea051a\" style=\"font-size:20px\">Caratteristiche principali di un&#8217;ipoteca SARON<\/h3>\n\n\n\n<ul>\n<li class=\"wp-elements-837bee45447f1d4ed761bb20f89d4918\" style=\"font-size:16px\"><strong>Trasparenza<\/strong>: Il SARON si basa sulle effettive transazioni di mercato, fornendo un benchmark chiaro e trasparente.<\/li>\n\n\n\n<li class=\"wp-elements-fc1c18b536b18538ab445a342c2e7447\" style=\"font-size:16px\"><strong>Flessibilit\u00e0<\/strong>: Il tasso di interesse \u00e8 variabile e si adegua regolarmente alle condizioni di mercato.<\/li>\n\n\n\n<li class=\"wp-elements-c52f3dcc7368a0eb95698ff92ec68345\" style=\"font-size:16px\"><strong>Potenziale riduzione dei costi<\/strong>: Quando i tassi di interesse sono bassi, un&#8217;ipoteca SARON pu\u00f2 essere pi\u00f9 conveniente delle alternative a tasso fisso.<\/li>\n<\/ul>\n\n\n\n<h3 class=\"wp-block-heading has-black-color has-text-color has-link-color wp-elements-4faa9ead36b1c81778c1cf0fbc6a3cea\" style=\"font-size:20px\">Quanto spesso cambia il tasso SARON?<\/h3>\n\n\n\n<p class=\"has-black-color has-text-color has-link-color wp-elements-4648140c81b43ea37578fc931a17a69c\" style=\"font-size:16px\">Il tasso SARON viene ricalcolato quotidianamente, ma i tassi d&#8217;interesse ipotecari legati al SARON si adeguano in genere ogni tre mesi. Alcuni istituti di credito offrono ipoteche SARON con frequenze di adeguamento diverse, quindi \u00e8 fondamentale comprendere i termini specifici del tuo contratto ipotecario.<\/p>\n\n\n\n<div style=\"height:45px\" aria-hidden=\"true\" class=\"wp-block-spacer\"><\/div>\n\n\n\n<h2 class=\"wp-block-heading has-black-color has-text-color has-link-color wp-elements-f7f8019e831777cdc9de04a006f52e3f\" style=\"font-size:27px\">Vantaggi delle ipoteche SARON<\/h2>\n\n\n\n<h3 class=\"wp-block-heading has-black-color has-text-color has-link-color wp-elements-dcb7c5b2eb0ceaf072b6caa54d774696\" style=\"font-size:20px\">1. Potenziale riduzione dei tassi di interesse<\/h3>\n\n\n\n<p class=\"has-black-color has-text-color has-link-color wp-elements-ff42ff211f07a1ca355c32a4b27b2162\" style=\"font-size:16px\">Le ipoteche SARON possono essere pi\u00f9 convenienti quando i tassi di interesse sono bassi. Poich\u00e9 il tasso \u00e8 variabile, i mutuatari beneficiano direttamente di qualsiasi movimento al ribasso dei tassi d&#8217;interesse, il che pu\u00f2 portare a pagamenti mensili pi\u00f9 bassi rispetto alle ipoteche a tasso fisso.<\/p>\n\n\n\n<h3 class=\"wp-block-heading has-black-color has-text-color has-link-color wp-elements-54bea06dd74b77db731a03dc5a7a6744\" style=\"font-size:20px\">2. Flessibilit\u00e0<\/h3>\n\n\n\n<p class=\"has-black-color has-text-color has-link-color wp-elements-8b289d67997654718d2a81e720080fd5\" style=\"font-size:16px\">Le ipoteche SARON offrono flessibilit\u00e0, soprattutto per i mutuatari che prevedono di estinguere la propria ipoteca o di rifinanziarlo nel breve-medio termine. L&#8217;assenza di impegni a lungo termine per un tasso fisso permette ai mutuatari di trarre vantaggio dalle condizioni di mercato.<\/p>\n\n\n\n<h3 class=\"wp-block-heading has-black-color has-text-color has-link-color wp-elements-fa7534696a75d70f0697644e6e6aaecd\" style=\"font-size:20px\">3. Trasparenza e fiducia<\/h3>\n\n\n\n<p class=\"has-black-color has-text-color has-link-color wp-elements-206615e76c24f5289949bbe0b075304c\" style=\"font-size:16px\">Il SARON, essendo basato sulle reali transazioni di mercato, \u00e8 considerato pi\u00f9 trasparente e affidabile del suo predecessore, il LIBOR. I mutuatari possono monitorare il tasso da soli, il che porta a una maggiore fiducia nel modo in cui vengono calcolati gli interessi delle loro ipoteche.<\/p>\n\n\n\n<h3 class=\"wp-block-heading has-black-color has-text-color has-link-color wp-elements-137c49fa3688d10a3a4e95038b9f6e7b\" style=\"font-size:20px\">4. Periodi contrattuali pi\u00f9 brevi<\/h3>\n\n\n\n<p class=\"has-black-color has-text-color has-link-color wp-elements-5d4a9749e1a0b15eefd90d633bcc306c\" style=\"font-size:16px\">Le ipoteche SARON spesso prevedono periodi di contratto pi\u00f9 brevi, come tre mesi o un anno, offrendo ai mutuatari la possibilit\u00e0 di rivalutare la propria strategia ipotecaria pi\u00f9 frequentemente.<\/p>\n\n\n\n<div style=\"height:45px\" aria-hidden=\"true\" class=\"wp-block-spacer\"><\/div>\n\n\n\n<h2 class=\"wp-block-heading has-black-color has-text-color has-link-color wp-elements-7a7b017c0bf3e0c4c8207788f92cb3a6\" style=\"font-size:27px\">Rischi delle ipoteche SARON<\/h2>\n\n\n\n<h3 class=\"wp-block-heading has-black-color has-text-color has-link-color wp-elements-81e51689a7b8f6f040de265c2354325c\" style=\"font-size:20px\">1. Volatilit\u00e0 dei tassi di interesse<\/h3>\n\n\n\n<p class=\"has-black-color has-text-color has-link-color wp-elements-69e41d737fc5f8e6e32f16c5c5b8172c\" style=\"font-size:16px\">Il rischio principale di un&#8217;ipoteca SARON \u00e8 il potenziale aumento dei tassi di interesse. Poich\u00e9 il tasso SARON \u00e8 variabile, qualsiasi aumento dei tassi di interesse di mercato avr\u00e0 un impatto diretto sulle rate del&#8217;ipoteca. I mutuatari devono essere finanziariamente preparati ad affrontare le potenziali fluttuazioni.<\/p>\n\n\n\n<h3 class=\"wp-block-heading has-black-color has-text-color has-link-color wp-elements-5f6a778fc3f84e1774745a1021e967c8\" style=\"font-size:20px\">2. L&#8217;incertezza nella pianificazione a lungo termine<\/h3>\n\n\n\n<p class=\"has-black-color has-text-color has-link-color wp-elements-01296156921ea54d1fe8021e597d5f67\" style=\"font-size:16px\">Per coloro che preferiscono la stabilit\u00e0 nella loro pianificazione finanziaria, la variabilit\u00e0 di un&#8217;ipoteca SARON pu\u00f2 essere uno svantaggio. Le ipoteche a tasso fisso offrono una certa prevedibilit\u00e0, che pu\u00f2 essere confortante per una pianificazione di bilancio a lungo termine.<\/p>\n\n\n\n<h3 class=\"wp-block-heading has-black-color has-text-color has-link-color wp-elements-fd822ef9b9fcec9bc8de9ed18f947483\" style=\"font-size:20px\">3. Dipendenza dal mercato<\/h3>\n\n\n\n<p class=\"has-black-color has-text-color has-link-color wp-elements-1bda6e033b3a5265fb6f17f8df5529bb\" style=\"font-size:16px\">Il tasso SARON \u00e8 influenzato dalle condizioni di mercato, compresa la politica monetaria della Banca Nazionale Svizzera. Gli eventi economici che influenzano il mercato monetario possono portare a variazioni imprevedibili del tasso SARON, con conseguenze sulla tua ipoteca.<\/p>\n\n\n\n<div style=\"height:45px\" aria-hidden=\"true\" class=\"wp-block-spacer\"><\/div>\n\n\n\n<h2 class=\"wp-block-heading has-black-color has-text-color has-link-color wp-elements-8f078aff91b3e69e9523494fad712a7f\" style=\"font-size:27px\">Confronto tra le ipoteche SARON e le ipoteche a tasso fisso<\/h2>\n\n\n\n<p class=\"has-black-color has-text-color has-link-color wp-elements-6408d46dbc92a681dce6511e59ed25f1\" style=\"font-size:16px\">Nella scelta tra un&#8217;ipoteca SARON e un&#8217;<span style=\"text-decoration: underline;\"><a href=\"https:\/\/fasthypo.ch\/it\/mutui-a-tasso-fisso-in-svizzera-una-guida-completa\/\" data-type=\"page\" data-id=\"5032\">ipoteca a tasso fisso<\/a><\/span>, \u00e8 fondamentale considerare la tua situazione finanziaria, la tua tolleranza al rischio e le prospettive di mercato.<\/p>\n\n\n\n<ul>\n<li class=\"wp-elements-9479bb84bfc76df73ff126510cdd721a\" style=\"font-size:16px\">Le <strong>Ipoteche a tasso fisso<\/strong> offrono stabilit\u00e0 e prevedibilit\u00e0 e sono ideali per i mutuatari avversi al rischio. Tuttavia, in genere prevedono tassi di interesse iniziali pi\u00f9 elevati rispetto alle ipoteche SARON.<\/li>\n\n\n\n<li class=\"wp-elements-ddd9e85293b6c60012a3938976092207\" style=\"font-size:16px\"><strong>Le Ipoteche  SARON<\/strong> offrono la possibilit\u00e0 di avere costi pi\u00f9 bassi e maggiore flessibilit\u00e0, ma comportano il rischio di un aumento dei tassi di interesse. Sono pi\u00f9 adatti a chi ha una maggiore tolleranza al rischio e un orizzonte di investimento pi\u00f9 breve.<\/li>\n<\/ul>\n\n\n\n<div style=\"height:45px\" aria-hidden=\"true\" class=\"wp-block-spacer\"><\/div>\n\n\n\n<h2 class=\"wp-block-heading has-black-color has-text-color has-link-color wp-elements-a55e1486129ace642a2876645e89bd98\" style=\"font-size:27px\">Chi dovrebbe prendere in considerazione un&#8217;ipoteca SARON?<\/h2>\n\n\n\n<p class=\"has-black-color has-text-color has-link-color wp-elements-1161eb93d085e8200ba203aec1ab49a8\" style=\"font-size:16px\">Un&#8217;ipoteca SARON pu\u00f2 essere adatto se:<\/p>\n\n\n\n<ul>\n<li class=\"wp-elements-7fcf0984be3bfc7e565a730868e9731f\" style=\"font-size:16px\"><strong>Prevedi tassi di interesse stabili o in calo<\/strong>: Se ritieni che i tassi di interesse rimarranno stabili o diminuiranno in futuro, un&#8217;ipoteca SARON potrebbe offrire un risparmio significativo.<\/li>\n\n\n\n<li class=\"wp-elements-66aa351f7e52d71e30f5c3cedb8b18a9\" style=\"font-size:16px\"><strong>Apprezzi la flessibilit\u00e0<\/strong>: Se pensi di vendere la tua propriet\u00e0, di rifinanziare o di estinguere l&#8217;ipoteca a breve termine, la flessibilit\u00e0 di un&#8217;ipoteca SARON pu\u00f2 essere vantaggiosa.<\/li>\n\n\n\n<li class=\"wp-elements-b76c356c9a5adc2f4aced543334163fa\" style=\"font-size:16px\"><strong>Sei finanziariamente preparato ad affrontare potenziali fluttuazioni<\/strong>: Se hai un reddito stabile e sei in grado di gestire potenziali aumenti dei pagamenti mensili, i vantaggi di un&#8217;ipoteca SARON possono superare i rischi.<\/li>\n<\/ul>\n\n\n\n<div style=\"height:45px\" aria-hidden=\"true\" class=\"wp-block-spacer\"><\/div>\n\n\n\n<h2 class=\"wp-block-heading has-black-color has-text-color has-link-color wp-elements-f0230c5009c0e3b6ef4772ba20c79b9e\" style=\"font-size:27px\">Come ottenere la migliore offerta di un&#8217;ipoteca SARON<\/h2>\n\n\n\n<h3 class=\"wp-block-heading has-black-color has-text-color has-link-color wp-elements-31539d582fc126fc8578c3320aeff327\" style=\"font-size:20px\">1. Confronta le offerte di pi\u00f9 istituti di credito<\/h3>\n\n\n\n<p class=\"has-black-color has-text-color has-link-color wp-elements-a99b305ac0d885ad43b91b1bb5b24790\" style=\"font-size:16px\">Diversi istituti di credito offrono margini e condizioni variabili sulle Ipoteche SARON. Utilizzate gli strumenti di <span style=\"text-decoration: underline;\"><a href=\"https:\/\/fasthypo.ch\/it\/confronta-i-tassi\/\" data-type=\"page\" data-id=\"5419\">confronto dell&#8217;e Ipoteche<\/a><\/span> come FastHypo, per confrontare le offerte di vari istituti di credito e trovare l&#8217;offerta pi\u00f9 competitiva.<\/p>\n\n\n\n<h3 class=\"wp-block-heading has-black-color has-text-color has-link-color wp-elements-848497e11d1952ace4c4506a4e46b2d0\" style=\"font-size:20px\">2. Negoziare il margine<\/h3>\n\n\n\n<p class=\"has-black-color has-text-color has-link-color wp-elements-f7f3eeb0abf3e51ba564fac896aaf612\" style=\"font-size:16px\">Il margine \u00e8 la componente fissa aggiunta al tasso SARON per determinare gli interessi della tua Ipoteca. Negoziare un margine pi\u00f9 basso con il tuo creditore pu\u00f2 portare a un risparmio significativo per tutta la durata della tua ipoteca.<\/p>\n\n\n\n<h3 class=\"wp-block-heading has-black-color has-text-color has-link-color wp-elements-04baa4c9870ed618c5ccafce32d74ca6\" style=\"font-size:20px\">3. Comprendere i termini<\/h3>\n\n\n\n<p class=\"has-black-color has-text-color has-link-color wp-elements-63ae6d097dcd935c756eeab170acedfd\" style=\"font-size:16px\">Assicurati di aver compreso i termini e le condizioni della tua ipoteca SARON, compresa la frequenza degli adeguamenti del tasso e le eventuali commissioni. Questo ti aiuter\u00e0 a evitare sorprese inaspettate.<\/p>\n\n\n\n<h3 class=\"wp-block-heading has-black-color has-text-color has-link-color wp-elements-c4996faaacce257631ecd52ce6f5a610\" style=\"font-size:20px\">4. Consulta un esperto ipotecario<\/h3>\n\n\n\n<p class=\"has-black-color has-text-color has-link-color wp-elements-9e35744560ba6c22c06e5c9640c04dc3\" style=\"font-size:16px\">Data la complessit\u00e0 delle ipoteche SARON, la consulenza di un esperto ipotecario pu\u00f2 fornire indicazioni preziose e aiutarti a prendere una decisione informata.<\/p>\n\n\n\n<div style=\"height:45px\" aria-hidden=\"true\" class=\"wp-block-spacer\"><\/div>\n\n\n\n<h2 class=\"wp-block-heading has-black-color has-text-color has-link-color wp-elements-3513d7c6baa76c9621952542599872ea\" style=\"font-size:27px\">Conclusione<\/h2>\n\n\n\n<p class=\"has-black-color has-text-color has-link-color wp-elements-74db587e0ca917c883527daa0c9335c9\" style=\"font-size:16px\">L&#8217;ipoteca SARON \u00e8 un&#8217;opzione interessante per gli acquirenti svizzeri di case che cercano un&#8217;alternativa trasparente e potenzialmente conveniente alle ipoteche a tasso fisso. Tuttavia, non \u00e8 privo di rischi, in particolare la potenziale volatilit\u00e0 dei tassi di interesse. Valutando attentamente la tua situazione finanziaria, confrontando le offerte e comprendendo le condizioni, potrai stabilire se un&#8217; mutuo&#8217;ipoteca SARON \u00e8 in linea con le tue esigenze e la tua tolleranza al rischio.<\/p>\n\n\n\n<p class=\"has-black-color has-text-color has-link-color wp-elements-15e6805689ca57da1d282fde7912f2ba\" style=\"font-size:16px\">Se stai prendendo in considerazione un&#8217;ipoteca SARON, prenditi il tempo necessario per confrontare le opzioni a tua disposizione utilizzando gli strumenti completi di FastHypo e consulta un esperto per assicurarti di prendere la decisione migliore per il tuo futuro finanziario.<\/p>\n\n\n\n<div style=\"height:45px\" aria-hidden=\"true\" class=\"wp-block-spacer\"><\/div>\n\n\n\n<h3 class=\"wp-block-heading has-black-color has-text-color has-link-color wp-elements-24b78a63c13557f724821f2894c9cf0a\" style=\"font-size:27px\">FAQs<\/h3>\n\n\n\n<p class=\"has-black-color has-text-color has-link-color wp-elements-3afacb87f52a37dc9542400d871c7e48\" style=\"font-size:16px\"><strong>1. Quanto spesso cambia il tasso SARON?<\/strong><br>Il tasso SARON viene calcolato giornalmente, ma i tassi di interesse ipotecari legati al SARON si adeguano in genere ogni tre mesi.<\/p>\n\n\n\n<p class=\"has-black-color has-text-color has-link-color wp-elements-514d4e90fcd4d1d8ca4908cf36bc4df3\" style=\"font-size:16px\"><strong>2. Posso passare da un&#8217;ipoteca SARON a un&#8217;ipoteca a tasso fisso?<\/strong><br>S\u00ec, molti istituti di credito ti permettono di passare da un&#8217;ipoteca SARON a un&#8217;ipoteca a tasso fisso, anche se questo pu\u00f2 comportare spese o penali.<\/p>\n\n\n\n<p class=\"has-black-color has-text-color has-link-color wp-elements-d8624a6faa13af0b0503f62fc470fd24\" style=\"font-size:16px\"><strong>3. Cosa succede alle rate della mia ipoteca se il tasso SARON aumenta?<\/strong><br>Se il tasso SARON aumenta, probabilmente aumenteranno anche le rate della tua ipoteca, a seconda dei termini del contratto ipoteario.<\/p>\n\n\n\n<p class=\"has-black-color has-text-color has-link-color wp-elements-ab8b34d273cbfe9c8c7b48bb0321f757\" style=\"font-size:16px\"><strong>4. Ci sono penali per l&#8217;estinzione anticipata di un&#8217;ipoteca SARON?<\/strong><br>Questo dipende dall&#8217;istituto di credito e dalle condizioni specifiche della tua ipoteca. \u00c8 importante rivedere il contratto o consultare l&#8217;istituto di credito per capire quali sono le potenziali penali.<\/p>\n\n\n\n<p class=\"has-black-color has-text-color has-link-color wp-elements-3b0574a0c89fe232850f07e296c37e57\" style=\"font-size:16px\"><strong>5. L&#8217;ipoteca SARON \u00e8 adatto a chi acquista una casa per la prima volta?<\/strong><br>Un&#8217;ipoteca SARON pu\u00f2 essere adatto agli acquirenti di una prima casa che sono finanziariamente stabili e hanno una buona conoscenza dei rischi legati ai tassi di interesse. Tuttavia, \u00e8 fondamentale soppesare i potenziali vantaggi rispetto ai rischi prima di prendere una decisione.<\/p>\n","protected":false},"excerpt":{"rendered":"<p>Quando si naviga nel complesso mondo delle ipoteche svizzere, la scelta del modello di tasso d&#8217;interesse \u00e8 fondamentale. L&#8217;ipoteca SARON (Swiss Average Rate Overnight) \u00e8 emerso come una scelta popolare tra gli acquirenti di case in Svizzera, sostituendo il LIBOR (London Interbank Offered Rate) dopo la sua graduale eliminazione. Che cos&#8217;\u00e8 il SARON? SARON \u00e8<\/p>\n<a class=\"read-more\" href=\"https:\/\/fasthypo.ch\/it\/mutuo-saron-cose-e-come-funziona\/\">Read More<\/a>","protected":false},"author":1,"featured_media":0,"parent":0,"menu_order":0,"comment_status":"closed","ping_status":"closed","template":"","meta":{"footnotes":""},"_links":{"self":[{"href":"https:\/\/fasthypo.ch\/it\/wp-json\/wp\/v2\/pages\/5329"}],"collection":[{"href":"https:\/\/fasthypo.ch\/it\/wp-json\/wp\/v2\/pages"}],"about":[{"href":"https:\/\/fasthypo.ch\/it\/wp-json\/wp\/v2\/types\/page"}],"author":[{"embeddable":true,"href":"https:\/\/fasthypo.ch\/it\/wp-json\/wp\/v2\/users\/1"}],"replies":[{"embeddable":true,"href":"https:\/\/fasthypo.ch\/it\/wp-json\/wp\/v2\/comments?post=5329"}],"version-history":[{"count":0,"href":"https:\/\/fasthypo.ch\/it\/wp-json\/wp\/v2\/pages\/5329\/revisions"}],"wp:attachment":[{"href":"https:\/\/fasthypo.ch\/it\/wp-json\/wp\/v2\/media?parent=5329"}],"curies":[{"name":"wp","href":"https:\/\/api.w.org\/{rel}","templated":true}]}}