{"id":5311,"date":"2024-08-15T15:41:39","date_gmt":"2024-08-15T15:41:39","guid":{"rendered":"https:\/\/fasthypo.ch\/mutuo-per-i-non-residenti-in-svizzera-una-guida-completa\/"},"modified":"2024-09-19T11:35:43","modified_gmt":"2024-09-19T11:35:43","slug":"mutuo-per-i-non-residenti-in-svizzera-una-guida-completa","status":"publish","type":"page","link":"https:\/\/fasthypo.ch\/it\/mutuo-per-i-non-residenti-in-svizzera-una-guida-completa\/","title":{"rendered":"Ipoteca per i non residenti in Svizzera: Una guida completa"},"content":{"rendered":"\n<figure class=\"wp-block-image size-full\"><img fetchpriority=\"high\" decoding=\"async\" width=\"958\" height=\"538\" src=\"https:\/\/fasthypo.ch\/wp-content\/uploads\/2024\/08\/mortgage-for-non-resident.webp\" alt=\"mutui per i non residenti\" class=\"wp-image-5256\" srcset=\"https:\/\/fasthypo.ch\/wp-content\/uploads\/2024\/08\/mortgage-for-non-resident.webp 958w, https:\/\/fasthypo.ch\/wp-content\/uploads\/2024\/08\/mortgage-for-non-resident-300x168.webp 300w, https:\/\/fasthypo.ch\/wp-content\/uploads\/2024\/08\/mortgage-for-non-resident-768x431.webp 768w, https:\/\/fasthypo.ch\/wp-content\/uploads\/2024\/08\/mortgage-for-non-resident-640x360.webp 640w\" sizes=\"(max-width: 958px) 100vw, 958px\" \/><\/figure>\n\n\n\n<h2 class=\"wp-block-heading has-black-color has-text-color has-link-color wp-elements-0427d22dbc6f42c67017e988da9ac7de\" style=\"font-size:27px\">Capire il mercato ipotecario svizzero<\/h2>\n\n\n\n<p class=\"has-black-color has-text-color has-link-color wp-elements-fafdb5c3dba1c2b01cf78bf80d220a8c\" style=\"font-size:16px\">Il mercato ipotecario svizzero \u00e8 noto per la sua stabilit\u00e0, i tassi d&#8217;interesse competitivi e il rigoroso quadro normativo. I non residenti, tuttavia, devono affrontare sfide e opportunit\u00e0 uniche quando cercano di acquistare un immobile in Svizzera. Questa guida ti offre un approfondimento sulle complessit\u00e0 dell&#8217;ottenimento di un&#8217;ipoteca da parte di un non residente, assicurandoti di avere le informazioni necessarie per affrontare il processo con successo.<\/p>\n\n\n\n<div style=\"height:25px\" aria-hidden=\"true\" class=\"wp-block-spacer\"><\/div>\n\n\n\n<h3 class=\"wp-block-heading has-black-color has-text-color has-link-color wp-elements-932ba3280028d8f90f739642c1802a5c\" style=\"font-size:21px\">I principali attori del mercato ipotecario svizzero  <\/h3>\n\n\n\n<p class=\"has-black-color has-text-color has-link-color wp-elements-caa090725c7a983a74e1cbb1964524e7\" style=\"font-size:16px\">Il mercato svizzero delle ipoteche \u00e8 dominato da alcuni attori chiave, tra cui le principali banche come UBS, Credit Suisse e Raiffeisen, oltre a varie banche regionali, compagnie assicurative e broker ipotecari. Ognuno di questi istituti offre prodotti diversi, adatti a esigenze specifiche, comprese quelle dei non residenti.<\/p>\n\n\n\n<div style=\"height:25px\" aria-hidden=\"true\" class=\"wp-block-spacer\"><\/div>\n\n\n\n<h3 class=\"wp-block-heading has-black-color has-text-color has-link-color wp-elements-cf2fbb098ad07672c78eb037c91587e7\" style=\"font-size:21px\">Tipi di ipoteche per i non residenti<\/h3>\n\n\n\n<p class=\"has-black-color has-text-color has-link-color wp-elements-8c291e338d3ef5e5a5bc70fcd7467dad\" style=\"font-size:16px\">I non residenti possono accedere a diversi tipi di ipoteche in Svizzera, tra cui:<\/p>\n\n\n\n<ul style=\"font-size:16px\" class=\"has-black-color has-text-color has-link-color wp-elements-e83f6bd987d93821ab360df21a8a02bd\">\n<li><a href=\"https:\/\/fasthypo.ch\/it\/mutui-a-tasso-fisso-in-svizzera-una-guida-completa\/\" data-type=\"page\" data-id=\"5032\"><span style=\"text-decoration: underline;\"><strong>Ipoteche a tasso fisso<\/strong><\/span><\/a>: Offrono stabilit\u00e0 con un tasso di interesse fisso per un periodo specifico, in genere da 5 a 15 anni.<\/li>\n\n\n\n<li><a href=\"https:\/\/fasthypo.ch\/it\/mutui-a-tasso-variabile-in-svizzera-guida-completa\/\" data-type=\"page\" data-id=\"5078\"><span style=\"text-decoration: underline;\"><strong><a href=\"https:\/\/fasthypo.ch\/it\/mutui-a-tasso-fisso-in-svizzera-una-guida-completa\/\" data-type=\"page\" data-id=\"5032\"><span style=\"text-decoration: underline;\"><strong>Ipoteche<\/strong><\/span><\/a> a tasso variabile<\/strong><\/span><\/a>: Queste ipoteche hanno tassi di interesse che possono fluttuare in base alle condizioni di mercato, offrendo flessibilit\u00e0 ma con maggiori rischi.<\/li>\n\n\n\n<li><a href=\"https:\/\/fasthypo.ch\/it\/mutuo-saron-cose-e-come-funziona\/\" data-type=\"page\" data-id=\"5171\"><span style=\"text-decoration: underline;\"><strong><a href=\"https:\/\/fasthypo.ch\/it\/mutui-a-tasso-fisso-in-svizzera-una-guida-completa\/\" data-type=\"page\" data-id=\"5032\"><span style=\"text-decoration: underline;\"><strong>Ipoteche<\/strong><\/span><\/a> LIBOR\/SARON<\/strong><\/span><\/a>: Collegati al tasso medio svizzero overnight (SARON), queste ipoteche hanno tassi di interesse variabili legati ai tassi di mercato a breve termine.<\/li>\n\n\n\n<li><strong><a href=\"https:\/\/fasthypo.ch\/it\/mutuo-prima-casa-guida-facile-allacquisto-di-un-primo-immobile-in-svizzera\/\" data-type=\"page\" data-id=\"5220\"><a href=\"https:\/\/fasthypo.ch\/it\/mutui-a-tasso-fisso-in-svizzera-una-guida-completa\/\" data-type=\"page\" data-id=\"5032\"><span style=\"text-decoration: underline;\"><strong>Ipoteche<\/strong><\/span><\/a> prima<\/a> e seconda casa<\/strong>: I non residenti possono finanziare sia le residenze primarie che le case per le vacanze, anche se i termini e le condizioni differiscono notevolmente.<\/li>\n<\/ul>\n\n\n\n<div style=\"height:60px\" aria-hidden=\"true\" class=\"wp-block-spacer\"><\/div>\n\n\n\n<h2 class=\"wp-block-heading has-black-color has-text-color has-link-color wp-elements-8f293fbc2756b65b2effe4a5bbc34749\" style=\"font-size:27px\">I non residenti possono acquistare immobili in Svizzera?<\/h2>\n\n\n\n<div style=\"height:25px\" aria-hidden=\"true\" class=\"wp-block-spacer\"><\/div>\n\n\n\n<h3 class=\"wp-block-heading has-black-color has-text-color has-link-color wp-elements-21d967b784af80cde96ba13cdb73cb9e\" style=\"font-size:21px\">Quadro giuridico: Capire la Lex Koller e le sue implicazioni<\/h3>\n\n\n\n<p class=\"has-black-color has-text-color has-link-color wp-elements-1a5ac48159a534ede0390deb9f375906\" style=\"font-size:16px\">Uno degli aspetti pi\u00f9 critici dell&#8217;acquisto di un immobile in Svizzera come non residente \u00e8 la comprensione delle restrizioni legali imposte dalla <a href=\"https:\/\/en.wikipedia.org\/wiki\/Lex_Koller\" data-type=\"link\" data-id=\"https:\/\/en.wikipedia.org\/wiki\/Lex_Koller\" target=\"_blank\" rel=\"noopener\"><span style=\"text-decoration: underline;\">legge \u201cLex Koller\u201d<\/span><\/a>. Questa legge limita l&#8217;acquisto di immobili in Svizzera da parte di stranieri, con disposizioni specifiche a seconda del tipo di immobile e della sua ubicazione. <\/p>\n\n\n\n<h4 class=\"wp-block-heading\">Che cos&#8217;\u00e8 Lex Koller?<\/h4>\n\n\n\n<p class=\"has-black-color has-text-color has-link-color wp-elements-1f52fe37174702903914a7aac5cfbaa0\" style=\"font-size:16px\">La Lex Koller limita l&#8217;acquisto di propriet\u00e0 residenziali in Svizzera da parte di non residenti, in particolare di residenze primarie, senza un&#8217;autorizzazione speciale.\nTuttavia, esistono delle eccezioni, soprattutto nelle zone turistiche e per gli immobili commerciali. <\/p>\n\n\n\n<div style=\"height:25px\" aria-hidden=\"true\" class=\"wp-block-spacer\"><\/div>\n\n\n\n<h3 class=\"wp-block-heading has-black-color has-text-color has-link-color wp-elements-dde01511dff6e640a6c0ccf1d6171c84\" style=\"font-size:21px\">Eccezioni e permessi speciali<\/h3>\n\n\n\n<p class=\"has-black-color has-text-color has-link-color wp-elements-971460996a5178958ea8123aa1f61749\" style=\"font-size:16px\">Esistono eccezioni e permessi specifici previsti dalla Lex Koller che consentono ai non residenti di acquistare immobili in Svizzera:<\/p>\n\n\n\n<ul style=\"font-size:16px\" class=\"has-black-color has-text-color has-link-color wp-elements-3c32ce733309caab8132132898d90e75\">\n<li><strong>Case vacanza:<\/strong> I non residenti possono acquistare case per le vacanze in regioni turistiche designate, con restrizioni sulle dimensioni e sull&#8217;utilizzo.<\/li>\n\n\n\n<li><strong>Immobili da investimento:<\/strong> Gli edifici residenziali multi-unit\u00e0 destinati alla locazione possono essere acquistati con minori restrizioni.<\/li>\n\n\n\n<li><strong>Eredit\u00e0:<\/strong> Le propriet\u00e0 ereditate non sono soggette a vendita immediata, ma l&#8217;acquisto di ulteriori propriet\u00e0 da parte di un non residente rientra comunque nelle regole di Lex Koller.<\/li>\n<\/ul>\n\n\n\n<div style=\"height:25px\" aria-hidden=\"true\" class=\"wp-block-spacer\"><\/div>\n\n\n\n<h3 class=\"wp-block-heading has-black-color has-text-color has-link-color wp-elements-895022f60b064d014fd0aa2118d14f06\" style=\"font-size:21px\">Variazioni regionali nell&#8217;applicazione della Lex Koller<\/h3>\n\n\n\n<p class=\"has-black-color has-text-color has-link-color wp-elements-5485624412cfadc1d6017567021f3fb7\" style=\"font-size:16px\">L&#8217;applicazione della Lex Koller varia a seconda dei cantoni.\nAlcuni cantoni, in particolare quelli con un forte settore turistico, possono essere pi\u00f9 indulgenti nel permettere ai non residenti di acquistare propriet\u00e0, mentre altri controllano rigorosamente la propriet\u00e0 straniera. <\/p>\n\n\n\n<div style=\"height:60px\" aria-hidden=\"true\" class=\"wp-block-spacer\"><\/div>\n\n\n\n<h2 class=\"wp-block-heading has-black-color has-text-color has-link-color wp-elements-b3e4a8e9ce115ef0ba79a82edf766eac\" style=\"font-size:27px\">Orientarsi nel processo ipotecario come non residente<\/h2>\n\n\n\n<div style=\"height:25px\" aria-hidden=\"true\" class=\"wp-block-spacer\"><\/div>\n\n\n\n<h3 class=\"wp-block-heading has-black-color has-text-color has-link-color wp-elements-503e103d60bc1cc3dd5626c04a5e1de3\" style=\"font-size:21px\">Criteri di idoneit\u00e0 per i non residenti<\/h3>\n\n\n\n<p class=\"has-black-color has-text-color has-link-color wp-elements-decc9555bdd31a21036af2038c626182\" style=\"font-size:16px\">I non residenti devono soddisfare specifici criteri di ammissibilit\u00e0 per poter ottenere un&#8217;ipoteca svizzera:<\/p>\n\n\n\n<ul style=\"font-size:16px\" class=\"has-black-color has-text-color has-link-color wp-elements-816092389f8db4afe51b8e8af0e0c33b\">\n<li><strong>Stato di residenza:<\/strong> Chi ha un permesso di soggiorno B o C ha condizioni diverse rispetto ai non residenti senza tale permesso.<\/li>\n\n\n\n<li><strong>Merito creditizio e situazione finanziaria:<\/strong> Gli istituti di credito valutano la tua stabilit\u00e0 finanziaria, compresi il reddito, il livello di indebitamento e la storia creditizia.<\/li>\n<\/ul>\n\n\n\n<div style=\"height:25px\" aria-hidden=\"true\" class=\"wp-block-spacer\"><\/div>\n\n\n\n<h3 class=\"wp-block-heading has-black-color has-text-color has-link-color wp-elements-70a390196bd7e3d9c319695f7f6823e1\" style=\"font-size:21px\">Documentazione necessaria per le richieste ipotecarie<\/h3>\n\n\n\n<p class=\"has-black-color has-text-color has-link-color wp-elements-5d05ab6c7e8e5bb92de1d556d55fe457\" style=\"font-size:16px\">I non residenti devono fornire una documentazione completa, tra cui:<\/p>\n\n\n\n<ul style=\"font-size:16px\" class=\"has-black-color has-text-color has-link-color wp-elements-9b52028c7f87d4b5166158e9be676158\">\n<li><strong>Prova di reddito:<\/strong> Buste paga recenti o dichiarazioni dei redditi.<\/li>\n\n\n\n<li><strong>Prova di identit\u00e0 e residenza:<\/strong> Passaporto, permesso di soggiorno e prova di indirizzo.<\/li>\n\n\n\n<li><strong>Dettagli sulla propriet\u00e0:<\/strong> Documentazione relativa all&#8217;immobile da acquistare, compresi i rapporti di valutazione.<\/li>\n<\/ul>\n\n\n\n<div style=\"height:25px\" aria-hidden=\"true\" class=\"wp-block-spacer\"><\/div>\n\n\n\n<h3 class=\"wp-block-heading has-black-color has-text-color has-link-color wp-elements-59197f28d3ba172c100007322432c7ea\" style=\"font-size:21px\">Termini e condizioni dell&#8217;Ipoteca<\/h3>\n\n\n\n<p class=\"has-black-color has-text-color has-link-color wp-elements-25e5257b9375b6c634b5c313c2addb83\" style=\"font-size:16px\">I termini e le condizioni delle ipoteche per non residenti sono spesso diversi da quelli disponibili per i residenti in Svizzera. Queste possono includere:<\/p>\n\n\n\n<ul style=\"font-size:16px\" class=\"has-black-color has-text-color has-link-color wp-elements-c28ff957ad27d0aa75d681c7b242e168\">\n<li><strong>Requisiti per l&#8217;acconto:<\/strong> Ai non residenti viene solitamente richiesto un anticipo maggiore, spesso fino al 40% del valore dell&#8217;immobile.<\/li>\n\n\n\n<li><strong>Tassi di interesse:<\/strong> I tassi di interesse per i non residenti possono essere pi\u00f9 alti, a causa del maggior rischio percepito dai finanziatori.<\/li>\n\n\n\n<li><strong>Termini di rimborso:<\/strong> Gli istituti di credito possono offrire periodi di rimborso pi\u00f9 brevi ai non residenti, con ripercussioni sugli importi dei pagamenti mensili.<\/li>\n<\/ul>\n\n\n\n<div style=\"height:60px\" aria-hidden=\"true\" class=\"wp-block-spacer\"><\/div>\n\n\n\n<h2 class=\"wp-block-heading has-black-color has-text-color has-link-color wp-elements-18f7b640f95aa362218e863f84f4c9bc\" style=\"font-size:27px\">Tipi di propriet\u00e0 consentiti ai non residenti<\/h2>\n\n\n\n<div style=\"height:25px\" aria-hidden=\"true\" class=\"wp-block-spacer\"><\/div>\n\n\n\n<h3 class=\"wp-block-heading has-black-color has-text-color has-link-color wp-elements-df8cec17d01a5a15f22d6ab678b702e9\" style=\"font-size:21px\">Case vacanza e residenze secondarie<\/h3>\n\n\n\n<p class=\"has-black-color has-text-color has-link-color wp-elements-6ea189f45d651ab93f383490e4671a24\" style=\"font-size:16px\">I non residenti possono acquistare case per le vacanze in determinate regioni turistiche, ma con severe limitazioni:<\/p>\n\n\n\n<ul style=\"font-size:16px\" class=\"has-black-color has-text-color has-link-color wp-elements-15ace505af03a688085bbe6546a74bd0\">\n<li><strong>Acquisto in zone turistiche:<\/strong> Sono ammissibili solo le propriet\u00e0 situate in zone turistiche designate.<\/li>\n\n\n\n<li><strong>Restrizioni sulle dimensioni:<\/strong> Le case vacanza hanno una superficie massima di 200 metri quadrati.<\/li>\n\n\n\n<li><strong>Condizioni di utilizzo:<\/strong> La propriet\u00e0 non pu\u00f2 essere affittata come residenza primaria e viene utilizzata principalmente per le vacanze.<\/li>\n<\/ul>\n\n\n\n<div style=\"height:25px\" aria-hidden=\"true\" class=\"wp-block-spacer\"><\/div>\n\n\n\n<h3 class=\"wp-block-heading has-black-color has-text-color has-link-color wp-elements-7dd0d14f4f1039bce2525b9573e729e0\" style=\"font-size:21px\">Immobili commerciali e di investimento<\/h3>\n\n\n\n<p class=\"has-black-color has-text-color has-link-color wp-elements-7097858e090939b705ce26bea86758b6\" style=\"font-size:16px\">I non residenti hanno una maggiore flessibilit\u00e0 nell&#8217;acquisto di immobili commerciali:<\/p>\n\n\n\n<ul style=\"font-size:16px\" class=\"has-black-color has-text-color has-link-color wp-elements-f3e75fa90b37adbf15cd51b7c32a6d3e\">\n<li><strong>Edifici per uffici:<\/strong> Disponibile per i non residenti se utilizzati per scopi commerciali.<\/li>\n\n\n\n<li><strong>Spazi commerciali:<\/strong> Generalmente sono disponibili senza i severi requisiti applicati alle propriet\u00e0 residenziali.<\/li>\n\n\n\n<li><strong>Edifici residenziali multi-unit\u00e0:<\/strong> Possono essere acquistati per essere affittati, anche se le regole possono variare a seconda del cantone.<\/li>\n<\/ul>\n\n\n\n<div style=\"height:25px\" aria-hidden=\"true\" class=\"wp-block-spacer\"><\/div>\n\n\n\n<h3 class=\"wp-block-heading has-black-color has-text-color has-link-color wp-elements-a61b2fd00a9998d1435081adc17f6bdf\" style=\"font-size:21px\">Terreno agricolo<\/h3>\n\n\n\n<p class=\"has-black-color has-text-color has-link-color wp-elements-954917ad59a54d347fc60dc637f19457\" style=\"font-size:16px\">L&#8217;acquisto di terreni agricoli da parte di un non residente \u00e8 molto limitato a causa delle norme federali che privilegiano gli agricoltori svizzeri.<\/p>\n\n\n\n<div style=\"height:60px\" aria-hidden=\"true\" class=\"wp-block-spacer\"><\/div>\n\n\n\n<h2 class=\"wp-block-heading has-black-color has-text-color has-link-color wp-elements-552e73b4687893eabedea0987e870cb9\" style=\"font-size:27px\">Superare gli ostacoli legali e normativi<\/h2>\n\n\n\n<div style=\"height:25px\" aria-hidden=\"true\" class=\"wp-block-spacer\"><\/div>\n\n\n\n<h3 class=\"wp-block-heading has-black-color has-text-color has-link-color wp-elements-a48d5d37e2ce366241839b0bbbed93bb\" style=\"font-size:21px\">Navigare con Lex Koller<\/h3>\n\n\n\n<p class=\"has-black-color has-text-color has-link-color wp-elements-2fa4f53632a3095e0a0c82f3b8b2b54f\" style=\"font-size:16px\">Il successo dell&#8217;acquisto di una propriet\u00e0 come non residente richiede un&#8217;attenta pianificazione e la comprensione della Lex Koller.\nConsultare gli esperti legali e le autorit\u00e0 locali pu\u00f2 aiutare a garantire la conformit\u00e0 e a facilitare il processo di acquisto. <\/p>\n\n\n\n<div style=\"height:25px\" aria-hidden=\"true\" class=\"wp-block-spacer\"><\/div>\n\n\n\n<h3 class=\"wp-block-heading has-black-color has-text-color has-link-color wp-elements-c417fe3f74003fa812f99f6721d4b28f\" style=\"font-size:21px\">Potenziali scappatoie e rischi<\/h3>\n\n\n\n<p class=\"has-black-color has-text-color has-link-color wp-elements-89c494886877807bc7c81775f5284730\" style=\"font-size:16px\">Sebbene alcuni non residenti tentino di aggirare la Lex Koller utilizzando strutture legali o procure, questo approccio \u00e8 rischioso e pu\u00f2 portare a gravi sanzioni, tra cui la vendita forzata della propriet\u00e0.<\/p>\n\n\n\n<div style=\"height:60px\" aria-hidden=\"true\" class=\"wp-block-spacer\"><\/div>\n\n\n\n<h2 class=\"wp-block-heading has-black-color has-text-color has-link-color wp-elements-3513d7c6baa76c9621952542599872ea\" style=\"font-size:27px\">Conclusione<\/h2>\n\n\n\n<p class=\"has-black-color has-text-color has-link-color wp-elements-43a618bafb87a67d33f5bc46f1b111bb\" style=\"font-size:16px\">Acquistare un immobile e ottenere un&#8217;ipoteca in Svizzera come non residente \u00e8 possibile, ma comporta la necessit\u00e0 di navigare in un complesso panorama legale e di soddisfare severi criteri finanziari. Comprendendo le normative, confrontandoti con gli esperti locali e pianificando attentamente il tuo investimento, potrai raggiungere i tuoi obiettivi immobiliari in uno dei mercati immobiliari pi\u00f9 ambiti al mondo.<\/p>\n","protected":false},"excerpt":{"rendered":"<p>Capire il mercato ipotecario svizzero Il mercato ipotecario svizzero \u00e8 noto per la sua stabilit\u00e0, i tassi d&#8217;interesse competitivi e il rigoroso quadro normativo. I non residenti, tuttavia, devono affrontare sfide e opportunit\u00e0 uniche quando cercano di acquistare un immobile in Svizzera. Questa guida ti offre un approfondimento sulle complessit\u00e0 dell&#8217;ottenimento di un&#8217;ipoteca da parte<\/p>\n<a class=\"read-more\" href=\"https:\/\/fasthypo.ch\/it\/mutuo-per-i-non-residenti-in-svizzera-una-guida-completa\/\">Read More<\/a>","protected":false},"author":1,"featured_media":0,"parent":0,"menu_order":0,"comment_status":"closed","ping_status":"closed","template":"","meta":{"footnotes":""},"_links":{"self":[{"href":"https:\/\/fasthypo.ch\/it\/wp-json\/wp\/v2\/pages\/5311"}],"collection":[{"href":"https:\/\/fasthypo.ch\/it\/wp-json\/wp\/v2\/pages"}],"about":[{"href":"https:\/\/fasthypo.ch\/it\/wp-json\/wp\/v2\/types\/page"}],"author":[{"embeddable":true,"href":"https:\/\/fasthypo.ch\/it\/wp-json\/wp\/v2\/users\/1"}],"replies":[{"embeddable":true,"href":"https:\/\/fasthypo.ch\/it\/wp-json\/wp\/v2\/comments?post=5311"}],"version-history":[{"count":0,"href":"https:\/\/fasthypo.ch\/it\/wp-json\/wp\/v2\/pages\/5311\/revisions"}],"wp:attachment":[{"href":"https:\/\/fasthypo.ch\/it\/wp-json\/wp\/v2\/media?parent=5311"}],"curies":[{"name":"wp","href":"https:\/\/api.w.org\/{rel}","templated":true}]}}