{"id":5303,"date":"2024-08-15T10:33:36","date_gmt":"2024-08-15T10:33:36","guid":{"rendered":"https:\/\/fasthypo.ch\/mutuo-prima-casa-guida-facile-allacquisto-di-un-primo-immobile-in-svizzera\/"},"modified":"2024-09-05T07:20:43","modified_gmt":"2024-09-05T07:20:43","slug":"mutuo-prima-casa-guida-facile-allacquisto-di-un-primo-immobile-in-svizzera","status":"publish","type":"page","link":"https:\/\/fasthypo.ch\/it\/mutuo-prima-casa-guida-facile-allacquisto-di-un-primo-immobile-in-svizzera\/","title":{"rendered":"Ipoteca prima casa: Guida facile all&#8217;acquisto di un primo immobile in Svizzera"},"content":{"rendered":"\n<p class=\"has-black-color has-text-color has-link-color wp-elements-a76021006a8ab65e9635e694f5c70cf0\" style=\"font-size:15px\">L&#8217;acquisto della prima casa \u00e8 un traguardo importante, ma orientarsi nel processo ipotecario pu\u00f2 essere difficile, soprattutto per chi acquista per la prima volta. Comprendere le complessit\u00e0 di un&#8217;ipoteca per la prima casa in Svizzera \u00e8 fondamentale per prendere decisioni informate che ti consentano di ottenere una stabilit\u00e0 finanziaria a lungo termine.  <\/p>\n\n<figure class=\"wp-block-image size-full\"><img fetchpriority=\"high\" decoding=\"async\" width=\"940\" height=\"531\" src=\"https:\/\/fasthypo.ch\/wp-content\/uploads\/2024\/08\/first-home-mortgage.png\" alt=\"\" class=\"wp-image-5221\" srcset=\"https:\/\/fasthypo.ch\/wp-content\/uploads\/2024\/08\/first-home-mortgage.png 940w, https:\/\/fasthypo.ch\/wp-content\/uploads\/2024\/08\/first-home-mortgage-300x169.png 300w, https:\/\/fasthypo.ch\/wp-content\/uploads\/2024\/08\/first-home-mortgage-768x434.png 768w\" sizes=\"(max-width: 940px) 100vw, 940px\" \/><\/figure>\n\n<div style=\"height:35px\" aria-hidden=\"true\" class=\"wp-block-spacer\"><\/div>\n\n<h2 class=\"wp-block-heading has-black-color has-text-color has-link-color wp-elements-a6770667eae8f2ce63f42aa32a802aa4\" style=\"font-size:27px\">Perch\u00e9 l&#8217;ipoteca per la prima casa \u00e8 diversa<\/h2>\n\n<p class=\"has-black-color has-text-color has-link-color wp-elements-a3ca87ac3c0c45d9eface96105693c4f\" style=\"font-size:15px\">Ottenere un&#8217;ipoteca per la prima casa comporta delle sfide uniche che lo differenziano dal finanziamento di propriet\u00e0 successive. Ecco perch\u00e9: <\/p>\n\n<ul style=\"font-size:15px\" class=\"has-black-color has-text-color has-link-color wp-elements-94891b854e6f6a61a96ca3e64a166dc0\">\n<li><strong>Mancanza di esperienza<\/strong>: Chi acquista per la prima volta spesso non ha familiarit\u00e0 con il processo ipotecario, per cui \u00e8 facile che trascuri dettagli importanti o fraintenda gli impegni finanziari.<\/li>\n\n\n\n<li><strong>Problemi di accessibilit\u00e0<\/strong>: Senza una precedente vendita di un immobile per sostenere l&#8217;acconto, gli acquirenti che si affacciano per la prima volta al mercato si trovano spesso ad affrontare valutazioni di accessibilit\u00e0 pi\u00f9 rigide.<\/li>\n\n\n\n<li><strong>Rapporti prestito\/valore pi\u00f9 alti<\/strong>: Chi acquista per la prima volta richiede generalmente un rapporto prestito\/valore (LTV) pi\u00f9 elevato, il che significa che prende in prestito una percentuale maggiore del valore dell&#8217;immobile. Questo pu\u00f2 influire sulle condizioni ipotecarie offerte dagli istituti di credito. <\/li>\n\n\n\n<li><strong>Orientarsi nel sistema svizzero<\/strong>: Il mercato svizzero delle ipoteche ha requisiti specifici e offre diversi tipi di ipoteche, per cui \u00e8 fondamentale che gli acquirenti che si affacciano per la prima volta sul mercato capiscano quali sono le loro opzioni e i loro obblighi.<\/li>\n<\/ul>\n\n<div style=\"height:36px\" aria-hidden=\"true\" class=\"wp-block-spacer\"><\/div>\n\n<h2 class=\"wp-block-heading has-black-color has-text-color has-link-color wp-elements-06db7afe941407af612047124f9512ee\" style=\"font-size:27px\">I passi per ottenere un&#8217;ipoteca per la prima casa<\/h2>\n\n<h3 class=\"wp-block-heading\">1. Valuta la tua preparazione finanziaria<\/h3>\n\n<p class=\"has-black-color has-text-color has-link-color wp-elements-408b2a26a5134d2cd659a628550bba17\" style=\"font-size:15px\">Prima di tuffarti nel mercato immobiliare, \u00e8 fondamentale valutare la tua preparazione finanziaria.\nQuesto significa valutare il tuo reddito, i tuoi risparmi, i debiti esistenti e capire come questi fattori influiscono sulla tua capacit\u00e0 di ottenere un prestito. <\/p>\n\n<ul style=\"font-size:15px\" class=\"has-black-color has-text-color has-link-color wp-elements-ee2d17761b173466995fc2be293f2001\">\n<li><strong>Risparmi<\/strong>: Punta a risparmiare almeno il 20% del prezzo di acquisto dell&#8217;immobile.\nQuesto acconto \u00e8 un requisito fondamentale in Svizzera: almeno il 10% deve essere in contanti (liquidit\u00e0). <\/li>\n\n\n\n<li><strong>Fondo pensione<\/strong>: Prendi in considerazione la possibilit\u00e0 di utilizzare i fondi del secondo pilastro (pensione professionale) per contribuire alla copertura dell&#8217;acconto.\nTuttavia, tieni presente che il prelievo dalla pensione pu\u00f2 avere un impatto sui tuoi risparmi per la pensione. <\/li>\n\n\n\n<li><strong>Merito creditizio<\/strong>: Gli istituti di credito valutano il tuo punteggio di credito e la tua storia finanziaria.\n\u00c8 importante avere una fedina penale pulita e risolvere eventuali debiti in sospeso prima di fare domanda. <\/li>\n<\/ul>\n\n<h3 class=\"wp-block-heading\">2. Comprendere le regole di accessibilit\u00e0<\/h3>\n\n<p class=\"has-black-color has-text-color has-link-color wp-elements-7cfbc7c5dc3cd2079662d2200ac99da9\" style=\"font-size:15px\">Gli istituti di credito svizzeri sono tenuti per legge ad attenersi a rigidi calcoli di convenienza economica. In genere, i costi di propriet\u00e0 della casa &#8211; compresi i pagamenti dell&#8217;ipoteca, la manutenzione e le utenze &#8211; non devono superare un terzo del tuo reddito annuo lordo. <\/p>\n\n<ul>\n<li class=\"wp-elements-9a8605982d452fd0828285dfe4259651\" style=\"font-size:15px\"><strong>Stress Test<\/strong>: Gli istituti di credito possono anche applicare uno stress test per assicurarsi che tu possa permetterti di pagare le rate dell&#8217;ipoteca anche in caso di aumento dei tassi di interesse. Ci\u00f2 significa che il tuo reddito deve essere sufficiente a coprire i pagamenti anche con un tasso di interesse pi\u00f9 alto, spesso fissato intorno al 5%. <\/li>\n<\/ul>\n\n<h3 class=\"wp-block-heading\">3. Esplorare i programmi e gli incentivi per gli acquirenti della prima ora<\/h3>\n\n<p class=\"has-black-color has-text-color has-link-color wp-elements-5ad64a036068e69500de8e074a795eaa\" style=\"font-size:15px\">Sebbene la Svizzera non disponga di ampi programmi governativi per gli acquirenti alle prime armi come altri paesi, esistono comunque dei modi per alleggerire l&#8217;onere finanziario:<\/p>\n\n<ul style=\"font-size:15px\" class=\"has-black-color has-text-color has-link-color wp-elements-99a1e8891e1dbf2724ed54136e923ba5\">\n<li><strong>Contributi del <a href=\"https:\/\/www.ch.ch\/en\/retirement\/old-age-pension\/the-3rd-pillar\/\" data-type=\"link\" data-id=\"https:\/\/www.ch.ch\/en\/retirement\/old-age-pension\/the-3rd-pillar\/\" target=\"_blank\" rel=\"noopener\"><span style=\"text-decoration: underline;\">Pillar 3a<\/span><\/a>:<\/strong> Puoi utilizzare i fondi del tuo pilastro 3a (pensione privata) per ridurre il debito ipotecario o per integrare l&#8217;anticipo.<\/li>\n\n\n\n<li><strong>Negoziare condizioni migliori<\/strong>: Alcuni istituti di credito possono offrire condizioni pi\u00f9 favorevoli a chi acquista per la prima volta, come tassi di interesse ridotti per il periodo iniziale o flessibilit\u00e0 nelle strutture di rimborso.<\/li>\n<\/ul>\n\n<h3 class=\"wp-block-heading\">4. Ottenere la pre-autorizzazione per un&#8217;ipoteca<\/h3>\n\n<p class=\"has-black-color has-text-color has-link-color wp-elements-7811e7aef4a09a968e6d5d86c24af486\" style=\"font-size:15px\">Ottenere una pre-approvazione del&#8217;ipoteca \u00e8 un passo fondamentale che ti permette di capire chiaramente quanto puoi prendere in prestito e a quale tasso di interesse. Questo processo prevede la presentazione di informazioni finanziarie dettagliate ai potenziali istituti di credito, i quali rilasceranno una lettera di pre-approvazione indicando la loro disponibilit\u00e0 a finanziare l&#8217;acquisto della tua casa. <\/p>\n\n<ul style=\"font-size:15px\" class=\"has-black-color has-text-color has-link-color wp-elements-df44156b49e5847186a3a2a1f2f1a82a\">\n<li><strong>I vantaggi della pre-approvazione<\/strong>: Rafforza la tua posizione negoziale con i venditori e accelera il processo di chiusura una volta trovata la casa.<\/li>\n\n\n\n<li><strong>Validit\u00e0<\/strong>: Le pre-approvazioni sono solitamente valide per alcuni mesi, dandoti il tempo di cercare un immobile con la sicurezza di sapere che il tuo finanziamento \u00e8 pronto.<\/li>\n<\/ul>\n\n<h3 class=\"wp-block-heading\">5. Scegli il prodotto ipotecario giusto per la tua prima casa<\/h3>\n\n<p class=\"has-black-color has-text-color has-link-color wp-elements-fe4061892fa02e3dcf585f438288dcf6\" style=\"font-size:15px\">La scelta del prodotto ipotecario giusto \u00e8 una delle decisioni pi\u00f9 critiche che prenderai. In quanto acquirente per la prima volta, dovrai soppesare i pro e i contro dei diversi tipi di ipoteche, considerando fattori come la stabilit\u00e0 dei tassi d&#8217;interesse, la flessibilit\u00e0 dei pagamenti e il tuo futuro finanziario. <\/p>\n\n<ul style=\"font-size:15px\" class=\"has-black-color has-text-color has-link-color wp-elements-44c014dc6fd4ca924f26d8da2822b8ca\">\n<li><span style=\"text-decoration: underline;\"><a href=\"https:\/\/fasthypo.ch\/it\/mutui-a-tasso-fisso-in-svizzera-una-guida-completa\/\" data-type=\"page\" data-id=\"5032\"><strong>Ipoteca a tasso fisso<\/strong><\/a><\/span>: Offre la prevedibilit\u00e0 di pagamenti stabili per un periodo di tempo prestabilito, ed \u00e8 ideale per gli acquirenti che preferiscono la certezza del budget.<\/li>\n\n\n\n<li><a href=\"https:\/\/fasthypo.ch\/it\/mutuo-saron-cose-e-come-funziona\/\" data-type=\"page\" data-id=\"5171\"><span style=\"text-decoration: underline;\"><strong>Ipoteca SARON<\/strong><\/span><\/a>: Offre tassi iniziali pi\u00f9 bassi legati allo Swiss Average Rate Overnight, ma con il rischio di oscillazioni dei pagamenti.<\/li>\n\n\n\n<li><a href=\"https:\/\/fasthypo.ch\/it\/mutui-a-tasso-variabile-in-svizzera-guida-completa\/\" data-type=\"page\" data-id=\"5078\"><span style=\"text-decoration: underline;\"><strong>Ipoteca a tasso variabile<\/strong><\/span><\/a>: In genere offre tassi pi\u00f9 bassi ma con il rischio di un aumento dei pagamenti in caso di aumento dei tassi di interesse.<\/li>\n<\/ul>\n\n<h3 class=\"wp-block-heading\">6. Considerare i costi aggiuntivi<\/h3>\n\n<p class=\"has-black-color has-text-color has-link-color wp-elements-effbd8fe422f8f28abc2679cb5a9a0cf\" style=\"font-size:15px\">Oltre all&#8217;ipoteca, quando si acquista la prima casa entrano in gioco diversi altri costi:<\/p>\n\n<ul style=\"font-size:15px\" class=\"has-black-color has-text-color has-link-color wp-elements-30662d79ff35f0697573632403594046\">\n<li><strong>Spese notarili e catastali<\/strong>: In Svizzera, queste spese variano solitamente dall&#8217;1-2% del prezzo di acquisto dell&#8217;immobile. Coprono il trasferimento legale della propriet\u00e0 dell&#8217;immobile e la registrazione dell&#8217;ipoteca. <\/li>\n\n\n\n<li><strong>Tasse di propriet\u00e0<\/strong>: Queste variano a seconda del cantone, ma sono un costo costante che devi mettere in preventivo.<\/li>\n\n\n\n<li><strong>Manutenzione della casa<\/strong>: Prevede di destinare ogni anno circa l&#8217;1% del valore della tua propriet\u00e0 alla manutenzione.\nChi acquista per la prima volta spesso sottovaluta questi costi. <\/li>\n<\/ul>\n\n<h3 class=\"wp-block-heading\">7. Pianificare a lungo termine<\/h3>\n\n<p class=\"has-black-color has-text-color has-link-color wp-elements-8525137acaabb4484daf837e100d75d4\" style=\"font-size:15px\">Quando acquisti la tua prima casa, \u00e8 importante considerare i tuoi piani a lungo termine.\nChiediti: <\/p>\n\n<ul style=\"font-size:15px\" class=\"has-black-color has-text-color has-link-color wp-elements-992b3fe4a205b44249bb69e74164c994\">\n<li><strong>Per quanto tempo pensi di rimanere nella casa?<\/strong>: Questo pu\u00f2 influenzare la scelta di un&#8217;ipoteca a tasso fisso o variabile.<\/li>\n\n\n\n<li><strong>Ti aspetti cambiamenti significativi nella tua vita?<\/strong>: Considera come i cambiamenti nella tua vita personale o professionale (ad esempio, avere figli, cambiare lavoro) potrebbero influire sulla tua capacit\u00e0 di pagare l&#8217;ipoteca in futuro.<\/li>\n<\/ul>\n\n<h3 class=\"wp-block-heading\">8. Completa l&#8217;acquisto<\/h3>\n\n<p class=\"has-black-color has-text-color has-link-color wp-elements-3f2e8dbdafc498ec91734166e688b50b\" style=\"font-size:15px\">Dopo aver trovato l&#8217;immobile ideale e aver ottenuto un&#8217;ipoteca, gli ultimi passi riguardano il completamento dell&#8217;acquisto:<\/p>\n\n<ul style=\"font-size:15px\" class=\"has-black-color has-text-color has-link-color wp-elements-c5ce089f001db5193e2285365350e0d0\">\n<li><strong>Firma il Contratto d&#8217;Acquisto<\/strong>: Questo documento legalmente vincolante delinea i termini della vendita. Viene firmato davanti a un notaio e di solito include un acconto. <\/li>\n\n\n\n<li><strong>Approvazione finale dell&#8217;ipoteca<\/strong>: Dopo aver firmato il contratto di acquisto, il tuo creditore finalizzer\u00e0 l&#8217;ipoteca, erogando i fondi per completare la transazione immobiliare.<\/li>\n\n\n\n<li><strong>Trasferimento di propriet\u00e0<\/strong>: Il notaio si occupa del trasferimento legale della propriet\u00e0, registrando l&#8217;immobile a tuo nome.<\/li>\n<\/ul>\n\n<div style=\"height:36px\" aria-hidden=\"true\" class=\"wp-block-spacer\"><\/div>\n\n<h2 class=\"wp-block-heading has-black-color has-text-color has-link-color wp-elements-a2b6715496a6bb70392072aaa4c876be\" style=\"font-size:27px\">Le insidie pi\u00f9 comuni per gli acquirenti alle prime armi<\/h2>\n\n<h3 class=\"wp-block-heading\">Sottostimare i costi totali<\/h3>\n\n<p class=\"has-black-color has-text-color has-link-color wp-elements-f07c77a12e691cf7432e4290df2170dd\" style=\"font-size:15px\">\u00c8 facile concentrarsi sul prezzo di acquisto e sull&#8217;ipoteca, ma non dimenticare di tenere conto di altri costi come le tasse, l&#8217;assicurazione e la manutenzione.<\/p>\n\n<h3 class=\"wp-block-heading\">Scegliere il tipo di ipoteca sbagliato<\/h3>\n\n<p class=\"has-black-color has-text-color has-link-color wp-elements-daf9a028c4d55cbd1fce26cd7f2ea673\" style=\"font-size:15px\">Gli acquirenti alle prime armi potrebbero essere tentati dai bassi tassi iniziali, ma questi possono aumentare nel tempo.\nValuta attentamente se sei in grado di gestire potenziali aumenti dei tassi. <\/p>\n\n<h3 class=\"wp-block-heading\">Esagerare con il budget<\/h3>\n\n<p class=\"has-black-color has-text-color has-link-color wp-elements-b60bba7c61749f3ff616083f84cc1498\" style=\"font-size:15px\">Evita di esaurire il tuo budget con il prezzo d&#8217;acquisto.\nTieni un cuscinetto finanziario per le spese impreviste. <\/p>\n\n<h3 class=\"wp-block-heading\">Affrettare il processo<\/h3>\n\n<p class=\"has-black-color has-text-color has-link-color wp-elements-c2943ea19d3bcb2d4a307b141a309078\" style=\"font-size:15px\">Prenditi il tempo necessario per comprendere a fondo ogni fase, dalla pre-approvazione alla conclusione dell&#8217;acquisto.\nLa fretta pu\u00f2 portare a costosi errori. <\/p>\n\n<h3 class=\"wp-block-heading\">Non chiedere il parere di un esperto<\/h3>\n\n<p class=\"has-black-color has-text-color has-link-color wp-elements-a04889995d78fa0bede18bf6f959c75d\" style=\"font-size:15px\">La consulenza di un consulente finanziario o di un esperto ipotecario pu\u00f2 fornire indicazioni preziose in base alla tua situazione specifica.<\/p>\n\n<div style=\"height:36px\" aria-hidden=\"true\" class=\"wp-block-spacer\"><\/div>\n\n<h2 class=\"wp-block-heading has-black-color has-text-color has-link-color wp-elements-60ada831954e86d0bb3d42d94ab33dc6\" style=\"font-size:27px\">Conclusione<\/h2>\n\n<p class=\"has-black-color has-text-color has-link-color wp-elements-45ebb69c740295ea1ffd2dd011835c01\" style=\"font-size:15px\">Ottenere un&#8217;ipoteca per la prima casa in Svizzera \u00e8 un processo complesso, ma con un&#8217;attenta pianificazione e decisioni informate puoi affrontarlo con successo. Comprendendo le sfide uniche che devono affrontare gli acquirenti per la prima volta, preparandoti finanziariamente e scegliendo il prodotto ipotecario giusto, sarai ben posizionato per fare un investimento intelligente nel tuo futuro. <\/p>\n\n<p class=\"has-black-color has-text-color has-link-color wp-elements-7f86688176b590175ce44c22255b8a6c\" style=\"font-size:15px\">FastHypo \u00e8 qui per supportarti in ogni fase del processo, offrendoti gli strumenti e le competenze necessarie per confrontare le opzioni ipotecarie e trovare l&#8217;offerta migliore in base alle tue esigenze. Con la giusta preparazione e guida, l&#8217;acquisto della prima casa pu\u00f2 essere un&#8217;esperienza gratificante, che getta le basi per un futuro sicuro e prospero. <\/p>\n","protected":false},"excerpt":{"rendered":"<p>L&#8217;acquisto della prima casa \u00e8 un traguardo importante, ma orientarsi nel processo ipotecario pu\u00f2 essere difficile, soprattutto per chi acquista per la prima volta. Comprendere le complessit\u00e0 di un&#8217;ipoteca per la prima casa in Svizzera \u00e8 fondamentale per prendere decisioni informate che ti consentano di ottenere una stabilit\u00e0 finanziaria a lungo termine. Perch\u00e9 l&#8217;ipoteca per<\/p>\n<a class=\"read-more\" href=\"https:\/\/fasthypo.ch\/it\/mutuo-prima-casa-guida-facile-allacquisto-di-un-primo-immobile-in-svizzera\/\">Read More<\/a>","protected":false},"author":1,"featured_media":0,"parent":0,"menu_order":0,"comment_status":"closed","ping_status":"closed","template":"","meta":{"footnotes":""},"_links":{"self":[{"href":"https:\/\/fasthypo.ch\/it\/wp-json\/wp\/v2\/pages\/5303"}],"collection":[{"href":"https:\/\/fasthypo.ch\/it\/wp-json\/wp\/v2\/pages"}],"about":[{"href":"https:\/\/fasthypo.ch\/it\/wp-json\/wp\/v2\/types\/page"}],"author":[{"embeddable":true,"href":"https:\/\/fasthypo.ch\/it\/wp-json\/wp\/v2\/users\/1"}],"replies":[{"embeddable":true,"href":"https:\/\/fasthypo.ch\/it\/wp-json\/wp\/v2\/comments?post=5303"}],"version-history":[{"count":0,"href":"https:\/\/fasthypo.ch\/it\/wp-json\/wp\/v2\/pages\/5303\/revisions"}],"wp:attachment":[{"href":"https:\/\/fasthypo.ch\/it\/wp-json\/wp\/v2\/media?parent=5303"}],"curies":[{"name":"wp","href":"https:\/\/api.w.org\/{rel}","templated":true}]}}