{"id":7078,"date":"2024-09-21T13:25:43","date_gmt":"2024-09-21T13:25:43","guid":{"rendered":"https:\/\/fasthypo.ch\/un-operateur-vous-appellera-dans-les-plus-brefs-delais\/"},"modified":"2024-09-21T13:33:01","modified_gmt":"2024-09-21T13:33:01","slug":"un-operateur-vous-appellera-dans-les-plus-brefs-delais","status":"publish","type":"page","link":"https:\/\/fasthypo.ch\/fr\/un-operateur-vous-appellera-dans-les-plus-brefs-delais\/","title":{"rendered":"Un op\u00e9rateur vous appellera dans les plus brefs d\u00e9lais"},"content":{"rendered":"\t\t<div data-elementor-type=\"wp-page\" data-elementor-id=\"7078\" class=\"elementor elementor-7078 elementor-7071\" data-elementor-post-type=\"page\">\n\t\t\t\t<div class=\"elementor-element elementor-element-43a82907 e-flex e-con-boxed e-con e-parent\" data-id=\"43a82907\" data-element_type=\"container\">\n\t\t\t\t\t<div class=\"e-con-inner\">\n\t\t\t\t<div class=\"elementor-element elementor-element-1a6af70e elementor-view-default elementor-widget elementor-widget-icon\" data-id=\"1a6af70e\" data-element_type=\"widget\" data-widget_type=\"icon.default\">\n\t\t\t\t<div class=\"elementor-widget-container\">\n\t\t\t\t\t\t\t<div class=\"elementor-icon-wrapper\">\n\t\t\t<div class=\"elementor-icon\">\n\t\t\t<svg aria-hidden=\"true\" class=\"e-font-icon-svg e-fas-check\" viewBox=\"0 0 512 512\" xmlns=\"http:\/\/www.w3.org\/2000\/svg\"><path d=\"M173.898 439.404l-166.4-166.4c-9.997-9.997-9.997-26.206 0-36.204l36.203-36.204c9.997-9.998 26.207-9.998 36.204 0L192 312.69 432.095 72.596c9.997-9.997 26.207-9.997 36.204 0l36.203 36.204c9.997 9.997 9.997 26.206 0 36.204l-294.4 294.401c-9.998 9.997-26.207 9.997-36.204-.001z\"><\/path><\/svg>\t\t\t<\/div>\n\t\t<\/div>\n\t\t\t\t\t\t<\/div>\n\t\t\t\t<\/div>\n\t\t\t\t<div class=\"elementor-element elementor-element-1a6dab64 elementor-hidden-mobile elementor-widget elementor-widget-heading\" data-id=\"1a6dab64\" data-element_type=\"widget\" data-widget_type=\"heading.default\">\n\t\t\t\t<div class=\"elementor-widget-container\">\n\t\t\t\t\t<h1 class=\"elementor-heading-title elementor-size-default\">Votre demande a \u00e9t\u00e9 re\u00e7ue!<\/h1>\t\t\t\t<\/div>\n\t\t\t\t<\/div>\n\t\t\t\t<div class=\"elementor-element elementor-element-4117ab0c elementor-hidden-desktop elementor-hidden-tablet elementor-widget elementor-widget-heading\" data-id=\"4117ab0c\" data-element_type=\"widget\" data-widget_type=\"heading.default\">\n\t\t\t\t<div class=\"elementor-widget-container\">\n\t\t\t\t\t<h1 class=\"elementor-heading-title elementor-size-default\">Votre demande a \u00e9t\u00e9 prise en charge par un expert!<\/h1>\t\t\t\t<\/div>\n\t\t\t\t<\/div>\n\t\t\t\t<div class=\"elementor-element elementor-element-2ef68e38 elementor-widget elementor-widget-text-editor\" data-id=\"2ef68e38\" data-element_type=\"widget\" data-widget_type=\"text-editor.default\">\n\t\t\t\t<div class=\"elementor-widget-container\">\n\t\t\t\t\t\t\t\t\t<p>Un op\u00e9rateur vous appellera dans les plus brefs d\u00e9lais<br \/>pour trouver les meilleurs taux pour votre hypoth\u00e8que!<\/p>\n\t\t\t\t\t\t\t\t<\/div>\n\t\t\t\t<\/div>\n\t\t<div class=\"elementor-element elementor-element-55729523 e-con-full e-flex e-con e-child\" data-id=\"55729523\" data-element_type=\"container\" data-settings=\"{&quot;background_background&quot;:&quot;classic&quot;}\">\n\t\t\t\t<div class=\"elementor-element elementor-element-38d98549 elementor-widget elementor-widget-heading\" data-id=\"38d98549\" data-element_type=\"widget\" data-widget_type=\"heading.default\">\n\t\t\t\t<div class=\"elementor-widget-container\">\n\t\t\t\t\t<h2 class=\"elementor-heading-title elementor-size-default\">Gardez votre t\u00e9l\u00e9phone<br>\u00e0 port\u00e9e de main<\/h2>\t\t\t\t<\/div>\n\t\t\t\t<\/div>\n\t\t\t\t<div class=\"elementor-element elementor-element-76d4d530 elementor-widget elementor-widget-text-editor\" data-id=\"76d4d530\" data-element_type=\"widget\" data-widget_type=\"text-editor.default\">\n\t\t\t\t<div class=\"elementor-widget-container\">\n\t\t\t\t\t\t\t\t\t<p>Dans les heures qui suivent, vous serez rappel\u00e9 par l&rsquo;un de nos conseillers. Assurez-vous de pouvoir parler au t\u00e9l\u00e9phone <\/p>\n\t\t\t\t\t\t\t\t<\/div>\n\t\t\t\t<\/div>\n\t\t\t\t<div class=\"elementor-element elementor-element-26105391 elementor-widget elementor-widget-image\" data-id=\"26105391\" data-element_type=\"widget\" data-widget_type=\"image.default\">\n\t\t\t\t<div class=\"elementor-widget-container\">\n\t\t\t\t\t\t\t\t\t\t\t\t\t\t\t<img decoding=\"async\" width=\"150\" height=\"150\" src=\"https:\/\/fasthypo.ch\/wp-content\/uploads\/2024\/09\/mail-150x150.png?wsr\" class=\"attachment-thumbnail size-thumbnail wp-image-5983\" alt=\"\" srcset=\"https:\/\/fasthypo.ch\/wp-content\/uploads\/2024\/09\/mail-150x150.png 150w, https:\/\/fasthypo.ch\/wp-content\/uploads\/2024\/09\/mail-300x300.png 300w, https:\/\/fasthypo.ch\/wp-content\/uploads\/2024\/09\/mail.png 512w\" sizes=\"(max-width: 150px) 100vw, 150px\" \/>\t\t\t\t\t\t\t\t\t\t\t\t\t\t\t<\/div>\n\t\t\t\t<\/div>\n\t\t\t\t<\/div>\n\t\t\t\t<div class=\"elementor-element elementor-element-7d910e0a elementor-align-center elementor-widget elementor-widget-button\" data-id=\"7d910e0a\" data-element_type=\"widget\" data-widget_type=\"button.default\">\n\t\t\t\t<div class=\"elementor-widget-container\">\n\t\t\t\t\t\t\t\t\t<div class=\"elementor-button-wrapper\">\n\t\t\t\t\t<a class=\"elementor-button elementor-button-link elementor-size-sm\" href=\"https:\/\/fasthypo.ch\/fr\/\">\n\t\t\t\t\t\t<span class=\"elementor-button-content-wrapper\">\n\t\t\t\t\t\t\t\t\t<span class=\"elementor-button-text\">Retour \u00e0 la page d'accueil<\/span>\n\t\t\t\t\t<\/span>\n\t\t\t\t\t<\/a>\n\t\t\t\t<\/div>\n\t\t\t\t\t\t\t\t<\/div>\n\t\t\t\t<\/div>\n\t\t\t\t\t<\/div>\n\t\t\t\t<\/div>\n\t\t\t\t<\/div>\n\t\t","protected":false},"excerpt":{"rendered":"<p>Votre demande a \u00e9t\u00e9 re\u00e7ue! Votre demande a \u00e9t\u00e9 prise en charge par un expert! Un op\u00e9rateur vous appellera dans les plus brefs d\u00e9laispour trouver les meilleurs taux pour votre hypoth\u00e8que! Gardez votre t\u00e9l\u00e9phone\u00e0 port\u00e9e de main Dans les heures qui suivent, vous serez rappel\u00e9 par l&rsquo;un de nos conseillers. Assurez-vous de pouvoir parler au<\/p>\n<a class=\"read-more\" href=\"https:\/\/fasthypo.ch\/fr\/un-operateur-vous-appellera-dans-les-plus-brefs-delais\/\">Read More<\/a>","protected":false},"author":1,"featured_media":0,"parent":0,"menu_order":0,"comment_status":"closed","ping_status":"closed","template":"elementor_header_footer","meta":{"footnotes":""},"_links":{"self":[{"href":"https:\/\/fasthypo.ch\/fr\/wp-json\/wp\/v2\/pages\/7078"}],"collection":[{"href":"https:\/\/fasthypo.ch\/fr\/wp-json\/wp\/v2\/pages"}],"about":[{"href":"https:\/\/fasthypo.ch\/fr\/wp-json\/wp\/v2\/types\/page"}],"author":[{"embeddable":true,"href":"https:\/\/fasthypo.ch\/fr\/wp-json\/wp\/v2\/users\/1"}],"replies":[{"embeddable":true,"href":"https:\/\/fasthypo.ch\/fr\/wp-json\/wp\/v2\/comments?post=7078"}],"version-history":[{"count":0,"href":"https:\/\/fasthypo.ch\/fr\/wp-json\/wp\/v2\/pages\/7078\/revisions"}],"wp:attachment":[{"href":"https:\/\/fasthypo.ch\/fr\/wp-json\/wp\/v2\/media?parent=7078"}],"curies":[{"name":"wp","href":"https:\/\/api.w.org\/{rel}","templated":true}]}}