{"id":7030,"date":"2024-09-15T03:16:53","date_gmt":"2024-09-15T03:16:53","guid":{"rendered":"https:\/\/fasthypo.ch\/?page_id=7030"},"modified":"2024-09-19T18:42:55","modified_gmt":"2024-09-19T18:42:55","slug":"formidabletestfr","status":"publish","type":"page","link":"https:\/\/fasthypo.ch\/fr\/formidabletestfr\/","title":{"rendered":"formidabletestfr"},"content":{"rendered":"<div class=\"frm_forms  with_frm_style frm_style_formidable-style\" id=\"frm_form_21_container\" data-token=\"6978bd53bdd17352fcf7c1f7f281ab18\">\n<form enctype=\"multipart\/form-data\" method=\"post\" class=\"frm-show-form  frm_js_validate  frm_ajax_submit  frm_pro_form  frm_slidein \" id=\"form_lead-main-form3\" data-token=\"6978bd53bdd17352fcf7c1f7f281ab18\">\n<div class=\"frm_form_fields  frm_page_num_1\">\n<fieldset>\n<legend class=\"frm_screen_reader\">Main<\/legend>\r\n\r\n<div class=\"frm_fields_container\">\n<div class=\"frm_rootline_group\" role=\"group\" tabindex=\"0\" aria-label=\"Page 1 sur 3\" ><ul class=\"frm_page_bar frm_rootline_3 frm_rootline frm_rootline_line  frm_show_lines \"><li class=\"frm_rootline_single frm_current_page\"><input type=\"button\" value=\"1\" data-page=\"\" class=\" frm_page_1\" aria-disabled=\"true\" data-field=\"0\" aria-label=\"Page 1\"  \/><\/li><li class=\"frm_rootline_single\"><input type=\"button\" value=\"2\" data-page=\"15\" class=\"frm_page_skip frm_page_2\" data-field=\"362\" aria-label=\"Next\"  \/><\/li><li class=\"frm_rootline_single\"><input type=\"button\" value=\"3\" data-page=\"21\" class=\"frm_page_skip frm_page_3\" data-field=\"366\" aria-label=\"Next\"  \/><\/li><\/ul><div class=\"frm_clearfix\"><\/div><\/div><input type=\"hidden\" name=\"frm_action\" value=\"create\" \/>\n<input type=\"hidden\" name=\"form_id\" value=\"21\" \/>\n<input type=\"hidden\" name=\"frm_hide_fields_21\" id=\"frm_hide_fields_21\" value=\"\" \/>\n<input type=\"hidden\" name=\"form_key\" value=\"lead-main-form3\" \/>\n<input type=\"hidden\" name=\"item_meta[0]\" value=\"\" \/>\n<input type=\"hidden\" id=\"frm_submit_entry_21\" name=\"frm_submit_entry_21\" value=\"7f8fbcd227\" \/><input type=\"hidden\" name=\"_wp_http_referer\" value=\"\/fr\/wp-json\/wp\/v2\/pages\/7030\" \/><input type=\"hidden\" name=\"item_meta[475]\" id=\"field_v1nox\" value=\"fr\"  data-frmval=\"fr\"   \/>\n<div id=\"frm_field_382_container\" class=\"frm_form_field  frm12 frm_first frm_html_container form-field\">\n<h1 style=\"font-family: Poppins, sans-serif;font-weight: bold;text-align: center\">\n    L'un de nos <span style=\"color: #fd6000\">experts<\/span> examinera vos informations et <span style=\"color: #fd6000\">vous contactera gratuitement<\/span> <span style=\"text-decoration: underline\">sous 24 heures<\/span>.<br \/>\n<\/h1>\n<\/div>\n<div id=\"frm_field_363_container\" class=\"frm_form_field form-field  frm_required_field frm_top_container\">\r\n    <div id=\"field_silfn4_label\" class=\"frm_primary_label\">Nom\r\n        <span class=\"frm_required\" aria-hidden=\"true\">*<\/span>\r\n    <\/div>\r\n    <fieldset aria-labelledby=\"field_silfn4_label\">\n\t<legend class=\"frm_screen_reader frm_hidden\">\n\t\tNom\t<\/legend>\n\n\t<div  class=\"frm_combo_inputs_container\" id=\"frm_combo_inputs_container_363\" data-name-layout=\"first_last\">\n\t\t\t\t\t<div\n\t\t\t\tid=\"frm_field_363-first_container\"\n\t\t\t\tclass=\"frm_form_field form-field frm_form_subfield-first  frm6\"\n\t\t\t\tdata-sub-field-name=\"first\"\n\t\t\t>\n\t\t\t\t<label for=\"field_silfn4_first\" class=\"frm_screen_reader frm_hidden\">\n\t\t\t\t\tNom\t\t\t\t<\/label>\n\n\t\t\t\t\t\t\t\t\t\t<input\n\t\t\t\t\t\t\ttype=\"text\"\n\t\t\t\t\t\t\tid=\"field_silfn4_first\"\n\t\t\t\t\t\t\tvalue=\"\"\n\t\t\t\t\t\t\tname=\"item_meta[363][first]\"  data-reqmsg=\"Le champ Nom ne peut pas \u00eatre vide.\" aria-required=\"true\" data-invmsg=\"Nom est invalide\" aria-invalid=\"false\"  \t\t\t\t\t\t\/>\n\t\t\t\t\t\t<div class=\"frm_description\" id=\"frm_field_363_first_desc\">Nom<\/div>\t\t\t<\/div>\n\t\t\t\t\t\t<div\n\t\t\t\tid=\"frm_field_363-last_container\"\n\t\t\t\tclass=\"frm_form_field form-field frm_form_subfield-last  frm6\"\n\t\t\t\tdata-sub-field-name=\"last\"\n\t\t\t>\n\t\t\t\t<label for=\"field_silfn4_last\" class=\"frm_screen_reader frm_hidden\">\n\t\t\t\t\tNom de famille\t\t\t\t<\/label>\n\n\t\t\t\t\t\t\t\t\t\t<input\n\t\t\t\t\t\t\ttype=\"text\"\n\t\t\t\t\t\t\tid=\"field_silfn4_last\"\n\t\t\t\t\t\t\tvalue=\"\"\n\t\t\t\t\t\t\tname=\"item_meta[363][last]\"  data-reqmsg=\"Le champ Nom ne peut pas \u00eatre vide.\" aria-required=\"true\" data-invmsg=\"Nom est invalide\" aria-invalid=\"false\"  \t\t\t\t\t\t\/>\n\t\t\t\t\t\t<div class=\"frm_description\" id=\"frm_field_363_last_desc\">Nom de famille<\/div>\t\t\t<\/div>\n\t\t\t\t<\/div>\n<\/fieldset>\n\r\n    \r\n    \r\n<\/div>\n<div id=\"frm_field_364_container\" class=\"frm_form_field form-field  frm_required_field frm_top_container frm6 frm_first\">\r\n    <label for=\"field_pot0q4\" id=\"field_pot0q4_label\" class=\"frm_primary_label\">Email\r\n        <span class=\"frm_required\" aria-hidden=\"true\">*<\/span>\r\n    <\/label>\r\n    <input type=\"email\" id=\"field_pot0q4\" name=\"item_meta[364]\" value=\"\"  data-reqmsg=\"Le champ Email ne peut pas \u00eatre vide.\" aria-required=\"true\" data-invmsg=\"Email n&#039;est pas valide\" aria-invalid=\"false\"  \/>\r\n    \r\n    \r\n<\/div>\n<div id=\"frm_field_365_container\" class=\"frm_form_field form-field  frm_required_field frm_top_container frm6\">\r\n\t<label for=\"field_8r7p14\" id=\"field_8r7p14_label\" class=\"frm_primary_label\">Num\u00e9ro de t\u00e9l\u00e9phone\r\n\t\t<span class=\"frm_required\" aria-hidden=\"true\">*<\/span>\r\n\t<\/label>\r\n\t<input type=\"tel\" id=\"field_8r7p14\" name=\"item_meta[365]\" value=\"\"  data-reqmsg=\"Le champ Num\u00e9ro de t\u00e9l\u00e9phone ne peut pas \u00eatre vide.\" aria-required=\"true\" data-invmsg=\"Num\u00e9ro de t\u00e9l\u00e9phone n&#039;est pas valide\" aria-invalid=\"false\" pattern=\"((\\+\\d{1,3}(-|.| )?\\(?\\d\\)?(-| |.)?\\d{1,5})|(\\(?\\d{2,6}\\)?))(-|.| )?(\\d{3,4})(-|.| )?(\\d{4})(( x| ext)\\d{1,5}){0,1}$\"  \/>\r\n\t\r\n\t\r\n<\/div>\n<div id=\"frm_field_397_container\" class=\"frm_form_field  frm_html_container form-field\"><img fetchpriority=\"high\" decoding=\"async\" class=\"responsive-image alignnone size-large wp-image-6053\" src=\"https:\/\/fasthypo.com\/wp-content\/uploads\/2024\/09\/after-few-question-FRA-2.png\" alt=\"\" width=\"640\" height=\"304\" \/>\n<\/div>\n<div id=\"frm_field_385_container\" class=\"frm_form_field  frm_html_container form-field\"><img decoding=\"async\" class=\"wp-image-1652 aligncenter\" src=\"https:\/\/fasthypo.ch\/wp-content\/uploads\/2024\/07\/rating-1024x124.png\" alt=\"\" width=\"272\" height=\"33\" style=\"margin-top: -10px;\" srcset=\"https:\/\/fasthypo.ch\/wp-content\/uploads\/2024\/07\/rating-1024x124.png 1024w, https:\/\/fasthypo.ch\/wp-content\/uploads\/2024\/07\/rating-300x36.png 300w, https:\/\/fasthypo.ch\/wp-content\/uploads\/2024\/07\/rating-768x93.png 768w, https:\/\/fasthypo.ch\/wp-content\/uploads\/2024\/07\/rating-1536x186.png 1536w, https:\/\/fasthypo.ch\/wp-content\/uploads\/2024\/07\/rating-2048x249.png 2048w\" sizes=\"(max-width: 272px) 100vw, 272px\" \/>\n<\/div>\n<input type=\"hidden\" name=\"frm_page_order_21\" id=\"frm_page_order_21\" value=\"15\" \/><input type=\"hidden\" name=\"item_meta[379]\" id=\"field_vkg1n-0\" value=\"\"     \/>\n<input type=\"hidden\" name=\"item_meta[366]\" id=\"field_as9nz3\" value=\"\"     \/>\n<input type=\"hidden\" name=\"item_meta[491]\" id=\"field_7rja6\" value=\"\"     \/>\n<input type=\"hidden\" name=\"item_meta[369]\" id=\"field_xp71d4\" value=\"\"     \/>\n\t<input type=\"hidden\" name=\"item_key\" value=\"\" \/>\n\t\t\t\t<div class=\"frm__669e896d83928\">\n\t\t\t\t<label for=\"frm_email_21\" >\n\t\t\t\t\tSi vous \u00eates un \u00eatre humain, laissez ce champ vide.\t\t\t\t<\/label>\n\t\t\t\t<input  id=\"frm_email_21\" type=\"text\" class=\"frm_verify\" name=\"frm__669e896d83928\" value=\"\" autocomplete=\"off\"  \/>\n\t\t\t<\/div>\n\t\t<input name=\"frm_state\" type=\"hidden\" value=\"hI7dafMgqyqckvfUUjzI9xknG8Rtkz8XC85qxhWfalg=\" \/><div class=\"frm_submit\">\r\n\r\n<button class=\"frm_button_submit\" type=\"submit\"  formnovalidate=\"formnovalidate\">Suivant : D\u00e9tails<\/button>\r\n\r\n\r\n<\/div><\/div>\n<\/fieldset>\n<\/div>\n\n<\/form>\n<\/div>\n\n","protected":false},"excerpt":{"rendered":"<a class=\"read-more\" href=\"https:\/\/fasthypo.ch\/fr\/formidabletestfr\/\">Read More<\/a>","protected":false},"author":2,"featured_media":0,"parent":0,"menu_order":0,"comment_status":"closed","ping_status":"closed","template":"","meta":{"footnotes":""},"_links":{"self":[{"href":"https:\/\/fasthypo.ch\/fr\/wp-json\/wp\/v2\/pages\/7030"}],"collection":[{"href":"https:\/\/fasthypo.ch\/fr\/wp-json\/wp\/v2\/pages"}],"about":[{"href":"https:\/\/fasthypo.ch\/fr\/wp-json\/wp\/v2\/types\/page"}],"author":[{"embeddable":true,"href":"https:\/\/fasthypo.ch\/fr\/wp-json\/wp\/v2\/users\/2"}],"replies":[{"embeddable":true,"href":"https:\/\/fasthypo.ch\/fr\/wp-json\/wp\/v2\/comments?post=7030"}],"version-history":[{"count":0,"href":"https:\/\/fasthypo.ch\/fr\/wp-json\/wp\/v2\/pages\/7030\/revisions"}],"wp:attachment":[{"href":"https:\/\/fasthypo.ch\/fr\/wp-json\/wp\/v2\/media?parent=7030"}],"curies":[{"name":"wp","href":"https:\/\/api.w.org\/{rel}","templated":true}]}}