{"id":5333,"date":"2024-08-14T16:44:41","date_gmt":"2024-08-14T16:44:41","guid":{"rendered":"https:\/\/fasthypo.ch\/hypotheque-saron-le-guide-ultime-de-lacheteur-de-maison\/"},"modified":"2024-08-29T14:58:56","modified_gmt":"2024-08-29T14:58:56","slug":"hypotheque-saron-le-guide-ultime-de-lacheteur-de-maison","status":"publish","type":"page","link":"https:\/\/fasthypo.ch\/fr\/hypotheque-saron-le-guide-ultime-de-lacheteur-de-maison\/","title":{"rendered":"Hypoth\u00e8que Saron : le guide ultime de l&rsquo;acheteur de maison"},"content":{"rendered":"\n<p class=\"has-black-color has-text-color has-link-color wp-elements-aa1e1719e400ccbdbbbc3659764338d0\" style=\"font-size:16px\">Dans le monde complexe des hypoth\u00e8ques suisses, le choix du mod\u00e8le de taux d&rsquo;int\u00e9r\u00eat est crucial. L&rsquo;hypoth\u00e8que SARON (Swiss Average Rate Overnight) s&rsquo;est impos\u00e9e comme un choix populaire parmi les acheteurs suisses, rempla\u00e7ant le <a href=\"https:\/\/fasthypo.ch\/fr\/hypotheque-libor-guide-complet-pour-les-emprunteurs-suisses\/\" data-type=\"page\" data-id=\"5140\">LIBOR (London Interbank Offered Rate)<\/a> apr\u00e8s son retrait progressif. <\/p>\n\n<figure class=\"wp-block-image size-large\"><img decoding=\"async\" src=\"https:\/\/fasthypo.ch\/wp-content\/uploads\/2024\/08\/Saron-mortgage-FRA-1024x582.webp\" alt=\"\" class=\"wp-image-5172\"\/><\/figure>\n\n<div style=\"height:45px\" aria-hidden=\"true\" class=\"wp-block-spacer\"><\/div>\n\n<h2 class=\"wp-block-heading has-black-color has-text-color has-link-color wp-elements-2f49d095e3d76293b48488568068be2b\" style=\"font-size:27px\">Qu&rsquo;est-ce que SARON ?<\/h2>\n\n<p class=\"has-black-color has-text-color has-link-color wp-elements-111f6d200c3ef3e6d8bc989f7753c8af\" style=\"font-size:16px\">SARON est l&rsquo;abr\u00e9viation de <strong>Swiss Average Rate Overnight (taux moyen suisse au jour le jour)<\/strong>.\nIl s&rsquo;agit d&rsquo;un taux d&rsquo;int\u00e9r\u00eat calcul\u00e9 quotidiennement sur la base des transactions effectives sur le march\u00e9 mon\u00e9taire suisse.\nIntroduit par la SIX Swiss Exchange en 2009, SARON s&rsquo;est impos\u00e9 comme une r\u00e9f\u00e9rence fiable et transparente, notamment apr\u00e8s l&rsquo;abandon du LIBOR en 2021.  <\/p>\n\n<h3 class=\"wp-block-heading has-black-color has-text-color has-link-color wp-elements-5dbc45cec1a3862d39ee8e48ee784419\" style=\"font-size:20px\">Comment le SARON est-il calcul\u00e9 ?<\/h3>\n\n<p class=\"has-black-color has-text-color has-link-color wp-elements-96c1cba761449dcb4044de885a47ad66\" style=\"font-size:16px\">Le SARON est bas\u00e9 sur les transactions et les cotations sur le march\u00e9 suisse des pensions, o\u00f9 les banques se pr\u00eatent de l&rsquo;argent \u00e0 court terme.\nLe taux refl\u00e8te le taux d&rsquo;int\u00e9r\u00eat moyen pour les pr\u00eats garantis au jour le jour.\nContrairement au LIBOR, qui \u00e9tait bas\u00e9 sur des estimations des banques, le SARON est bas\u00e9 sur des transactions r\u00e9elles, ce qui le rend plus r\u00e9sistant \u00e0 la manipulation et refl\u00e8te mieux les conditions du march\u00e9.  <\/p>\n\n<h3 class=\"wp-block-heading has-black-color has-text-color has-link-color wp-elements-3090645f21e4c5397bcec86209bde5aa\" style=\"font-size:20px\">Pourquoi le SARON a-t-il remplac\u00e9 le LIBOR ?<\/h3>\n\n<p class=\"has-black-color has-text-color has-link-color wp-elements-32d01868d560bd9ca03a528a4acb9b1a\" style=\"font-size:16px\"><span style=\"text-decoration: underline;\"><a href=\"https:\/\/www.investopedia.com\/terms\/l\/libor-scandal.asp\" data-type=\"link\" data-id=\"https:\/\/www.investopedia.com\/terms\/l\/libor-scandal.asp\" target=\"_blank\" rel=\"noopener\">Le scandale du LIBOR<\/a><\/span> o\u00f9 les banques manipulaient les taux pour en tirer profit, a entra\u00een\u00e9 sa chute. SARON a \u00e9t\u00e9 choisi pour le remplacer en Suisse en raison de sa transparence, de sa robustesse et de son alignement sur le syst\u00e8me financier suisse. La transition entre le LIBOR et SARON s&rsquo;est faite sans heurts, la plupart des institutions financi\u00e8res suisses adoptant pleinement les produits bas\u00e9s sur SARON.  <\/p>\n\n<div style=\"height:45px\" aria-hidden=\"true\" class=\"wp-block-spacer\"><\/div>\n\n<h2 class=\"wp-block-heading has-black-color has-text-color has-link-color wp-elements-e7bc1d8e1789f866714c1ddd41304d94\" style=\"font-size:27px\">Comment fonctionne une hypoth\u00e8que SARON ?<\/h2>\n\n<p class=\"has-black-color has-text-color has-link-color wp-elements-7e616ab57210807bf53d95d6998b69fb\" style=\"font-size:16px\">Un pr\u00eat hypoth\u00e9caire SARON est un type de pr\u00eat hypoth\u00e9caire \u00e0 taux variable dont le taux d&rsquo;int\u00e9r\u00eat est li\u00e9 au taux SARON.\nLes int\u00e9r\u00eats sont recalcul\u00e9s p\u00e9riodiquement, g\u00e9n\u00e9ralement tous les trois mois, sur la base du taux SARON en vigueur, major\u00e9 d&rsquo;une marge fixe fix\u00e9e par le pr\u00eateur.\nCela signifie que vos paiements hypoth\u00e9caires peuvent varier en fonction de l&rsquo;\u00e9volution du taux SARON.  <\/p>\n\n<h3 class=\"wp-block-heading has-black-color has-text-color has-link-color wp-elements-730826390f661df233dd6605cafc2445\" style=\"font-size:20px\">Principales caract\u00e9ristiques d&rsquo;une hypoth\u00e8que SARON<\/h3>\n\n<ul>\n<li class=\"wp-elements-81dac265f46a5972107c451bfd9e7fc2\" style=\"font-size:16px\"><strong>Transparence<\/strong>: Le SARON est bas\u00e9 sur les transactions r\u00e9elles du march\u00e9, ce qui constitue une r\u00e9f\u00e9rence claire et transparente.<\/li>\n\n\n\n<li class=\"wp-elements-f2c7cdbe7a1c869d8ccb65f5181ff7fb\" style=\"font-size:16px\"><strong>Flexibilit\u00e9<\/strong>: Le taux d&rsquo;int\u00e9r\u00eat est variable et s&rsquo;adapte r\u00e9guli\u00e8rement aux conditions actuelles du march\u00e9.<\/li>\n\n\n\n<li class=\"wp-elements-88550a28693b9ab2b115a8e2bcd7db75\" style=\"font-size:16px\"><strong>Un potentiel de r\u00e9duction des co\u00fbts<\/strong>: Lorsque les taux d&rsquo;int\u00e9r\u00eat sont bas, une hypoth\u00e8que SARON peut \u00eatre plus rentable que les alternatives \u00e0 taux fixe.<\/li>\n<\/ul>\n\n<h3 class=\"wp-block-heading has-black-color has-text-color has-link-color wp-elements-f441fc56ac36dfd358e0d63187b3872a\" style=\"font-size:20px\">\u00c0 quelle fr\u00e9quence le taux de SARON change-t-il ?<\/h3>\n\n<p class=\"has-black-color has-text-color has-link-color wp-elements-f4a059c0efa96bcebb99de7cfcf6eeac\" style=\"font-size:16px\">Le taux SARON est recalcul\u00e9 quotidiennement, mais les taux d&rsquo;int\u00e9r\u00eat hypoth\u00e9caires li\u00e9s au SARON sont g\u00e9n\u00e9ralement ajust\u00e9s tous les trois mois.\nCertains pr\u00eateurs proposent des hypoth\u00e8ques SARON avec des fr\u00e9quences d&rsquo;ajustement diff\u00e9rentes, il est donc essentiel de comprendre les conditions sp\u00e9cifiques de votre contrat hypoth\u00e9caire. <\/p>\n\n<div style=\"height:45px\" aria-hidden=\"true\" class=\"wp-block-spacer\"><\/div>\n\n<h2 class=\"wp-block-heading has-black-color has-text-color has-link-color wp-elements-3a02b3745dc9cd990ab21bfb61c341f4\" style=\"font-size:27px\">Avantages des hypoth\u00e8ques SARON<\/h2>\n\n<h3 class=\"wp-block-heading has-black-color has-text-color has-link-color wp-elements-78967440d84a2038f6f2de876a41749d\" style=\"font-size:20px\">1. Potentiel de baisse des taux d&rsquo;int\u00e9r\u00eat<\/h3>\n\n<p class=\"has-black-color has-text-color has-link-color wp-elements-b0cde656074e7605931e3f6c80299a81\" style=\"font-size:16px\">Les pr\u00eats hypoth\u00e9caires SARON peuvent \u00eatre plus abordables lorsque les taux d&rsquo;int\u00e9r\u00eat sont bas.\nComme le taux est variable, les emprunteurs b\u00e9n\u00e9ficient directement de tout mouvement \u00e0 la baisse des taux d&rsquo;int\u00e9r\u00eat, ce qui peut se traduire par des mensualit\u00e9s moins \u00e9lev\u00e9es que pour les pr\u00eats hypoth\u00e9caires \u00e0 taux fixe. <\/p>\n\n<h3 class=\"wp-block-heading has-black-color has-text-color has-link-color wp-elements-7ec0eb09bcccf7e186de87b75d7af85e\" style=\"font-size:20px\">2. La flexibilit\u00e9<\/h3>\n\n<p class=\"has-black-color has-text-color has-link-color wp-elements-b5e06b410070348e8a73cb269c6e3ed4\" style=\"font-size:16px\">Les pr\u00eats hypoth\u00e9caires SARON offrent une certaine flexibilit\u00e9, en particulier pour les emprunteurs qui pr\u00e9voient de rembourser leur pr\u00eat hypoth\u00e9caire ou de le refinancer \u00e0 court ou moyen terme.\nL&rsquo;absence d&rsquo;engagement \u00e0 long terme sur un taux fixe permet aux emprunteurs de profiter des conditions du march\u00e9. <\/p>\n\n<h3 class=\"wp-block-heading has-black-color has-text-color has-link-color wp-elements-3c4f91868a428343eee8a50760b332e0\" style=\"font-size:20px\">3. Transparence et confiance<\/h3>\n\n<p class=\"has-black-color has-text-color has-link-color wp-elements-d3317800b815a4e87bdb853aed48c7d8\" style=\"font-size:16px\">SARON, bas\u00e9 sur les transactions r\u00e9elles du march\u00e9, est consid\u00e9r\u00e9 comme plus transparent et plus fiable que son pr\u00e9d\u00e9cesseur, le LIBOR.\nLes emprunteurs peuvent suivre le taux eux-m\u00eames, ce qui leur donne une plus grande confiance dans la mani\u00e8re dont les int\u00e9r\u00eats de leur pr\u00eat hypoth\u00e9caire sont calcul\u00e9s. <\/p>\n\n<h3 class=\"wp-block-heading has-black-color has-text-color has-link-color wp-elements-fc3ffd1c4fe211571e8cf67c07191208\" style=\"font-size:20px\">4. Des p\u00e9riodes contractuelles plus courtes<\/h3>\n\n<p class=\"has-black-color has-text-color has-link-color wp-elements-c8c3df711750572c4b26e8edc34c6fd7\" style=\"font-size:16px\">Les pr\u00eats hypoth\u00e9caires SARON sont souvent assortis de p\u00e9riodes contractuelles plus courtes, de trois mois ou d&rsquo;un an, ce qui permet aux emprunteurs de r\u00e9\u00e9valuer leur strat\u00e9gie hypoth\u00e9caire plus fr\u00e9quemment.<\/p>\n\n<div style=\"height:45px\" aria-hidden=\"true\" class=\"wp-block-spacer\"><\/div>\n\n<h2 class=\"wp-block-heading has-black-color has-text-color has-link-color wp-elements-279bae11ad5b90da03f07bb7ab061bd0\" style=\"font-size:27px\">Risques des hypoth\u00e8ques SARON<\/h2>\n\n<h3 class=\"wp-block-heading has-black-color has-text-color has-link-color wp-elements-c78d3e06b0fd478f88768f658a271b73\" style=\"font-size:20px\">1. Volatilit\u00e9 des taux d&rsquo;int\u00e9r\u00eat<\/h3>\n\n<p class=\"has-black-color has-text-color has-link-color wp-elements-a5d6e3f0571775b42adb7f138ec275e7\" style=\"font-size:16px\">Le principal risque d&rsquo;un pr\u00eat hypoth\u00e9caire SARON est la possibilit\u00e9 d&rsquo;une augmentation des taux d&rsquo;int\u00e9r\u00eat.\nLe taux SARON \u00e9tant variable, toute hausse des taux d&rsquo;int\u00e9r\u00eat du march\u00e9 aura un impact direct sur vos paiements hypoth\u00e9caires.\nLes emprunteurs doivent \u00eatre financi\u00e8rement pr\u00e9par\u00e9s aux fluctuations potentielles.  <\/p>\n\n<h3 class=\"wp-block-heading has-black-color has-text-color has-link-color wp-elements-5e8d8f54b5d345a7d529bef258856dc0\" style=\"font-size:20px\">2. L&rsquo;incertitude dans la planification \u00e0 long terme<\/h3>\n\n<p class=\"has-black-color has-text-color has-link-color wp-elements-a3fcb52221bd25be71d35c3bf4b50648\" style=\"font-size:16px\">Pour ceux qui pr\u00e9f\u00e8rent la stabilit\u00e9 dans leur planification financi\u00e8re, la variabilit\u00e9 d&rsquo;une hypoth\u00e8que SARON peut \u00eatre un inconv\u00e9nient.\nLes hypoth\u00e8ques \u00e0 taux fixe offrent une certaine pr\u00e9visibilit\u00e9, ce qui peut \u00eatre rassurant pour la planification budg\u00e9taire \u00e0 long terme. <\/p>\n\n<h3 class=\"wp-block-heading has-black-color has-text-color has-link-color wp-elements-b2d92bd35fa9216b64863760840f4562\" style=\"font-size:20px\">3. D\u00e9pendance \u00e0 l&rsquo;\u00e9gard du march\u00e9<\/h3>\n\n<p class=\"has-black-color has-text-color has-link-color wp-elements-ffb20b178c66c301a0aa29037c9bb252\" style=\"font-size:16px\">Le taux SARON est influenc\u00e9 par les conditions du march\u00e9, y compris la politique mon\u00e9taire de la Banque nationale suisse.\nLes \u00e9v\u00e9nements \u00e9conomiques qui affectent le march\u00e9 mon\u00e9taire peuvent entra\u00eener des changements impr\u00e9visibles du taux SARON, ce qui a une incidence sur votre pr\u00eat hypoth\u00e9caire. <\/p>\n\n<div style=\"height:45px\" aria-hidden=\"true\" class=\"wp-block-spacer\"><\/div>\n\n<h2 class=\"wp-block-heading has-black-color has-text-color has-link-color wp-elements-8203d45ef4ed2b858cc9cf9af2c838e3\" style=\"font-size:27px\">Comparaison des hypoth\u00e8ques SARON et des hypoth\u00e8ques \u00e0 taux fixe<\/h2>\n\n<p class=\"has-black-color has-text-color has-link-color wp-elements-a0bbb8328ca5b9c358577218e80aa6b4\" style=\"font-size:16px\">Pour choisir entre une hypoth\u00e8que SARON et une <span style=\"text-decoration: underline;\"><a href=\"https:\/\/fasthypo.ch\/fr\/hypotheque-a-taux-fixe-en-suisse-un-guide-complet\/\" data-type=\"page\" data-id=\"5032\">hypoth\u00e8que \u00e0 taux fixe<\/a><\/span>, il est essentiel de tenir compte de votre situation financi\u00e8re, de votre tol\u00e9rance au risque et des perspectives du march\u00e9.<\/p>\n\n<ul>\n<li class=\"wp-elements-2129286e80e49106544e98acf43028aa\" style=\"font-size:16px\">Les <strong>hypoth\u00e8ques \u00e0 taux fixe<\/strong> offrent stabilit\u00e9 et pr\u00e9visibilit\u00e9, ce qui les rend id\u00e9ales pour les emprunteurs averses au risque.\nCependant, ils sont g\u00e9n\u00e9ralement assortis de taux d&rsquo;int\u00e9r\u00eat initiaux plus \u00e9lev\u00e9s que les hypoth\u00e8ques SARON. <\/li>\n\n\n\n<li class=\"wp-elements-55b788f44122da5a2469dc0e9fdffa32\" style=\"font-size:16px\">Les <strong>hypoth\u00e8ques SARON<\/strong> offrent la possibilit\u00e9 de r\u00e9duire les co\u00fbts et de b\u00e9n\u00e9ficier d&rsquo;une plus grande flexibilit\u00e9, mais elles s&rsquo;accompagnent d&rsquo;un risque de hausse des taux d&rsquo;int\u00e9r\u00eat.\nIls conviennent mieux aux personnes ayant une plus grande tol\u00e9rance au risque et un horizon d&rsquo;investissement plus court. <\/li>\n<\/ul>\n\n<div style=\"height:45px\" aria-hidden=\"true\" class=\"wp-block-spacer\"><\/div>\n\n<h2 class=\"wp-block-heading has-black-color has-text-color has-link-color wp-elements-6de8773952d3a1c81f4c585ae675cbdf\" style=\"font-size:27px\">Qui devrait envisager une hypoth\u00e8que SARON ?<\/h2>\n\n<p class=\"has-black-color has-text-color has-link-color wp-elements-7ae04785e81f0e083ef7ebf7282f63b2\" style=\"font-size:16px\">Une hypoth\u00e8que SARON peut \u00eatre appropri\u00e9e si :<\/p>\n\n<ul>\n<li class=\"wp-elements-56ca553711346ee03e0d6fe76669eab6\" style=\"font-size:16px\"><strong>Vous anticipez une stabilit\u00e9 ou une baisse des taux d&rsquo;int\u00e9r\u00eat<\/strong>: Si vous pensez que les taux d&rsquo;int\u00e9r\u00eat resteront stables ou diminueront \u00e0 l&rsquo;avenir, une hypoth\u00e8que SARON pourrait vous permettre de r\u00e9aliser d&rsquo;importantes \u00e9conomies.<\/li>\n\n\n\n<li class=\"wp-elements-308aac464340a0940c5c6302a7effe1d\" style=\"font-size:16px\"><strong>Vous appr\u00e9ciez la flexibilit\u00e9<\/strong>: Si vous pr\u00e9voyez de vendre votre propri\u00e9t\u00e9, de refinancer ou de rembourser votre hypoth\u00e8que \u00e0 court terme, la flexibilit\u00e9 d&rsquo;une hypoth\u00e8que SARON peut \u00eatre avantageuse.<\/li>\n\n\n\n<li class=\"wp-elements-f12237360c38218576366cce6e572a80\" style=\"font-size:16px\"><strong>Vous \u00eates financi\u00e8rement pr\u00eat \u00e0 faire face \u00e0 d&rsquo;\u00e9ventuelles fluctuations<\/strong>: Si vous avez un revenu stable et que vous pouvez faire face \u00e0 des augmentations potentielles de vos paiements mensuels, les avantages d&rsquo;une hypoth\u00e8que SARON peuvent l&#8217;emporter sur les risques.<\/li>\n<\/ul>\n\n<div style=\"height:45px\" aria-hidden=\"true\" class=\"wp-block-spacer\"><\/div>\n\n<h2 class=\"wp-block-heading has-black-color has-text-color has-link-color wp-elements-21c94329ffcac72d74d801edab2933c3\" style=\"font-size:27px\">Comment obtenir la meilleure offre d&rsquo;hypoth\u00e8que SARON ?<\/h2>\n\n<h3 class=\"wp-block-heading has-black-color has-text-color has-link-color wp-elements-3b12dbf828ab64e6d7a5fcf1a79d7e33\" style=\"font-size:20px\">1. Comparez les offres de plusieurs pr\u00eateurs<\/h3>\n\n<p class=\"has-black-color has-text-color has-link-color wp-elements-b8d698016e8099f93056c311452232a0\" style=\"font-size:16px\">Les diff\u00e9rents pr\u00eateurs offrent des marges et des conditions variables sur les hypoth\u00e8ques SARON. Utilisez les outils de <span style=\"text-decoration: underline;\"><a href=\"https:\/\/fasthypo.ch\/fr\/comparer-les-taux-dinteret\/\" data-type=\"page\" data-id=\"5419\">comparaison d&rsquo;hypoth\u00e8ques<\/a><\/span> comme FastHypo, pour comparer les offres de diff\u00e9rents pr\u00eateurs et trouver l&rsquo;offre la plus comp\u00e9titive. <\/p>\n\n<h3 class=\"wp-block-heading has-black-color has-text-color has-link-color wp-elements-4850a0e8868c05372715783491253aaa\" style=\"font-size:20px\">2. N\u00e9gocier la marge<\/h3>\n\n<p class=\"has-black-color has-text-color has-link-color wp-elements-ec72809cce5da5b4cd3ae5f638f3c122\" style=\"font-size:16px\">La marge est la composante fixe ajout\u00e9e au taux SARON pour d\u00e9terminer vos int\u00e9r\u00eats hypoth\u00e9caires.\nN\u00e9gocier une marge plus faible avec votre pr\u00eateur peut vous permettre de r\u00e9aliser d&rsquo;importantes \u00e9conomies sur la dur\u00e9e de votre pr\u00eat hypoth\u00e9caire. <\/p>\n\n<h3 class=\"wp-block-heading has-black-color has-text-color has-link-color wp-elements-0193667e5d91a897cd1a486d59626592\" style=\"font-size:20px\">3. Comprendre les termes<\/h3>\n\n<p class=\"has-black-color has-text-color has-link-color wp-elements-4f1be577d41ac5f966337c6f0362038f\" style=\"font-size:16px\">Assurez-vous de bien comprendre les conditions de votre pr\u00eat hypoth\u00e9caire SARON, y compris la fr\u00e9quence des ajustements de taux et les frais \u00e9ventuels.\nVous \u00e9viterez ainsi des surprises inattendues. <\/p>\n\n<h3 class=\"wp-block-heading has-black-color has-text-color has-link-color wp-elements-6dbda5235dcacb0a68b029366fcf9407\" style=\"font-size:20px\">4. Consultez un expert hypoth\u00e9caire<\/h3>\n\n<p class=\"has-black-color has-text-color has-link-color wp-elements-be64bc3fd08c67c25a4fc891ee0d2107\" style=\"font-size:16px\">Compte tenu de la complexit\u00e9 des hypoth\u00e8ques SARON, la consultation d&rsquo;un expert en hypoth\u00e8ques peut vous apporter des informations pr\u00e9cieuses et vous aider \u00e0 prendre une d\u00e9cision \u00e9clair\u00e9e.<\/p>\n\n<div style=\"height:45px\" aria-hidden=\"true\" class=\"wp-block-spacer\"><\/div>\n\n<h2 class=\"wp-block-heading has-black-color has-text-color has-link-color wp-elements-2d800443b1bd56633a278a17c942830c\" style=\"font-size:27px\">Conclusion<\/h2>\n\n<p class=\"has-black-color has-text-color has-link-color wp-elements-222c09ce13ea8a0e7dfbf0da9d94108e\" style=\"font-size:16px\">L&rsquo;hypoth\u00e8que SARON est une option convaincante pour les acheteurs suisses qui recherchent une alternative transparente et potentiellement rentable aux hypoth\u00e8ques \u00e0 taux fixe.\nCependant, elle n&rsquo;est pas sans risques, notamment celui de la volatilit\u00e9 des taux d&rsquo;int\u00e9r\u00eat.\nEn \u00e9valuant soigneusement votre situation financi\u00e8re, en comparant les offres et en comprenant les conditions, vous pouvez d\u00e9terminer si une hypoth\u00e8que SARON correspond \u00e0 vos besoins et \u00e0 votre tol\u00e9rance au risque.  <\/p>\n\n<p class=\"has-black-color has-text-color has-link-color wp-elements-bac377c1d1790b8ac85ed14c3643a28b\" style=\"font-size:16px\">Si vous envisagez de contracter une hypoth\u00e8que SARON, prenez le temps de comparer vos options \u00e0 l&rsquo;aide des outils complets de comparaison d&rsquo;hypoth\u00e8ques de FastHypo, et consultez un expert pour vous assurer que vous prenez la meilleure d\u00e9cision pour votre avenir financier.<\/p>\n\n<div style=\"height:45px\" aria-hidden=\"true\" class=\"wp-block-spacer\"><\/div>\n\n<h3 class=\"wp-block-heading has-black-color has-text-color has-link-color wp-elements-24b78a63c13557f724821f2894c9cf0a\" style=\"font-size:27px\">FAQs<\/h3>\n\n<p class=\"has-black-color has-text-color has-link-color wp-elements-94568114f2bd525033ca669ee5f386f4\" style=\"font-size:16px\"><strong>1. \u00c0 quelle fr\u00e9quence le taux de SARON change-t-il ?<\/strong><br\/>Le taux SARON est calcul\u00e9 quotidiennement, mais les taux d&rsquo;int\u00e9r\u00eat hypoth\u00e9caires li\u00e9s au SARON sont g\u00e9n\u00e9ralement ajust\u00e9s tous les trois mois.<\/p>\n\n<p class=\"has-black-color has-text-color has-link-color wp-elements-ddc86bb7231cf8528b478e49b04206c2\" style=\"font-size:16px\"><strong>2. Puis-je passer d&rsquo;une hypoth\u00e8que SARON \u00e0 une hypoth\u00e8que \u00e0 taux fixe ?<\/strong><br\/>Oui, de nombreux pr\u00eateurs vous permettent de passer d&rsquo;une hypoth\u00e8que SARON \u00e0 une hypoth\u00e8que \u00e0 taux fixe, m\u00eame si cela peut entra\u00eener des frais ou des p\u00e9nalit\u00e9s.<\/p>\n\n<p class=\"has-black-color has-text-color has-link-color wp-elements-d1f9d22e1e3c46e315602c0e749a358b\" style=\"font-size:16px\"><strong>3. Qu&rsquo;advient-il de mes paiements hypoth\u00e9caires si le taux SARON augmente ?<\/strong><br\/>Si le taux du SARON augmente, vos paiements hypoth\u00e9caires augmenteront probablement aussi, selon les termes de votre contrat hypoth\u00e9caire.<\/p>\n\n<p class=\"has-black-color has-text-color has-link-color wp-elements-529471fb488bcb9e10adf9656f797970\" style=\"font-size:16px\"><strong>4. Y a-t-il des p\u00e9nalit\u00e9s en cas de remboursement anticip\u00e9 d&rsquo;une hypoth\u00e8que SARON ?<\/strong><br\/>Cela d\u00e9pend du pr\u00eateur et des conditions sp\u00e9cifiques de votre pr\u00eat hypoth\u00e9caire.\nIl est important de revoir le contrat ou de consulter votre pr\u00eateur pour comprendre les p\u00e9nalit\u00e9s \u00e9ventuelles. <\/p>\n\n<p class=\"has-black-color has-text-color has-link-color wp-elements-a638213220942dd3d570efcede156170\" style=\"font-size:16px\"><strong>5. Le pr\u00eat hypoth\u00e9caire SARON convient-il aux acheteurs d&rsquo;une premi\u00e8re maison ?<\/strong><br\/>Un pr\u00eat hypoth\u00e9caire SARON peut convenir aux acheteurs d&rsquo;un premier logement qui sont financi\u00e8rement stables et qui ont une bonne compr\u00e9hension des risques li\u00e9s aux taux d&rsquo;int\u00e9r\u00eat.\nToutefois, il est essentiel d&rsquo;\u00e9valuer les avantages potentiels par rapport aux risques avant de prendre une d\u00e9cision. <\/p>\n","protected":false},"excerpt":{"rendered":"<p>Dans le monde complexe des hypoth\u00e8ques suisses, le choix du mod\u00e8le de taux d&rsquo;int\u00e9r\u00eat est crucial. L&rsquo;hypoth\u00e8que SARON (Swiss Average Rate Overnight) s&rsquo;est impos\u00e9e comme un choix populaire parmi les acheteurs suisses, rempla\u00e7ant le LIBOR (London Interbank Offered Rate) apr\u00e8s son retrait progressif. Qu&rsquo;est-ce que SARON ? SARON est l&rsquo;abr\u00e9viation de Swiss Average Rate Overnight<\/p>\n<a class=\"read-more\" href=\"https:\/\/fasthypo.ch\/fr\/hypotheque-saron-le-guide-ultime-de-lacheteur-de-maison\/\">Read More<\/a>","protected":false},"author":1,"featured_media":0,"parent":0,"menu_order":0,"comment_status":"closed","ping_status":"closed","template":"","meta":{"footnotes":""},"_links":{"self":[{"href":"https:\/\/fasthypo.ch\/fr\/wp-json\/wp\/v2\/pages\/5333"}],"collection":[{"href":"https:\/\/fasthypo.ch\/fr\/wp-json\/wp\/v2\/pages"}],"about":[{"href":"https:\/\/fasthypo.ch\/fr\/wp-json\/wp\/v2\/types\/page"}],"author":[{"embeddable":true,"href":"https:\/\/fasthypo.ch\/fr\/wp-json\/wp\/v2\/users\/1"}],"replies":[{"embeddable":true,"href":"https:\/\/fasthypo.ch\/fr\/wp-json\/wp\/v2\/comments?post=5333"}],"version-history":[{"count":0,"href":"https:\/\/fasthypo.ch\/fr\/wp-json\/wp\/v2\/pages\/5333\/revisions"}],"wp:attachment":[{"href":"https:\/\/fasthypo.ch\/fr\/wp-json\/wp\/v2\/media?parent=5333"}],"curies":[{"name":"wp","href":"https:\/\/api.w.org\/{rel}","templated":true}]}}