{"id":5317,"date":"2024-08-15T11:12:58","date_gmt":"2024-08-15T11:12:58","guid":{"rendered":"https:\/\/fasthypo.ch\/hypotheque-pour-residence-secondaire-en-suisse-un-guide-complet\/"},"modified":"2024-08-29T15:20:05","modified_gmt":"2024-08-29T15:20:05","slug":"hypotheque-pour-residence-secondaire-en-suisse-un-guide-complet","status":"publish","type":"page","link":"https:\/\/fasthypo.ch\/fr\/hypotheque-pour-residence-secondaire-en-suisse-un-guide-complet\/","title":{"rendered":"Hypoth\u00e8que pour r\u00e9sidence secondaire en Suisse : Un guide complet"},"content":{"rendered":"\n<p class=\"has-black-color has-text-color has-link-color wp-elements-da5e9c88e78f7cb323428360cdf4e76f\" style=\"font-size:16px\">Poss\u00e9der une r\u00e9sidence secondaire en Suisse, qu&rsquo;il s&rsquo;agisse d&rsquo;un chalet de vacances dans les Alpes ou d&rsquo;un pied-\u00e0-terre en ville, est un r\u00eave pour beaucoup.\nToutefois, le financement de ce r\u00eave n\u00e9cessite une planification minutieuse, en particulier lorsqu&rsquo;il s&rsquo;agit d&rsquo;obtenir un pr\u00eat hypoth\u00e9caire pour une r\u00e9sidence secondaire.   <\/p>\n\n<figure class=\"wp-block-image size-full\"><img fetchpriority=\"high\" decoding=\"async\" width=\"838\" height=\"490\" src=\"https:\/\/fasthypo.ch\/wp-content\/uploads\/2024\/08\/second-home-mortgage.webp\" alt=\"\" class=\"wp-image-5235\" srcset=\"https:\/\/fasthypo.ch\/wp-content\/uploads\/2024\/08\/second-home-mortgage.webp 838w, https:\/\/fasthypo.ch\/wp-content\/uploads\/2024\/08\/second-home-mortgage-300x175.webp 300w, https:\/\/fasthypo.ch\/wp-content\/uploads\/2024\/08\/second-home-mortgage-768x449.webp 768w\" sizes=\"(max-width: 838px) 100vw, 838px\" \/><\/figure>\n\n<div style=\"height:29px\" aria-hidden=\"true\" class=\"wp-block-spacer\"><\/div>\n\n<h2 class=\"wp-block-heading has-black-color has-text-color has-link-color wp-elements-c75f8ee28109f79f2258849b1fcb6e08\" style=\"font-size:27px\">Qu&rsquo;est-ce qu&rsquo;une deuxi\u00e8me hypoth\u00e8que immobili\u00e8re ?<\/h2>\n\n<p class=\"has-black-color has-text-color has-link-color wp-elements-44789bed9435c6c81f148b6ec74d198e\" style=\"font-size:16px\">Un pr\u00eat hypoth\u00e9caire pour r\u00e9sidence secondaire est un pr\u00eat sp\u00e9cialement con\u00e7u pour financer l&rsquo;achat d&rsquo;une r\u00e9sidence secondaire.\nContrairement \u00e0 l&rsquo;hypoth\u00e8que sur la r\u00e9sidence principale, ce type d&rsquo;hypoth\u00e8que est utilis\u00e9 pour des biens qui ne sont pas votre r\u00e9sidence principale.\nEn Suisse, les r\u00e9sidences secondaires sont g\u00e9n\u00e9ralement utilis\u00e9es comme r\u00e9sidences de vacances, immeubles locatifs ou simplement comme investissement.  <\/p>\n\n<h3 class=\"wp-block-heading\">Diff\u00e9rences entre un pr\u00eat hypoth\u00e9caire principal et un pr\u00eat hypoth\u00e9caire secondaire<\/h3>\n\n<p class=\"has-black-color has-text-color has-link-color wp-elements-53363f013533b31ff9a4717eb3a673c1\" style=\"font-size:16px\">Si les principes de base de l&rsquo;obtention d&rsquo;un pr\u00eat hypoth\u00e9caire restent les m\u00eames, il existe des diff\u00e9rences notables en ce qui concerne les pr\u00eats hypoth\u00e9caires pour r\u00e9sidences secondaires :<\/p>\n\n<ul style=\"font-size:16px\" class=\"has-black-color has-text-color has-link-color wp-elements-96c83f60013abcd4243149a3a899aa4e\">\n<li><strong>Des taux d&rsquo;int\u00e9r\u00eat plus \u00e9lev\u00e9s :<\/strong> Les pr\u00eateurs exigent souvent des taux d&rsquo;int\u00e9r\u00eat plus \u00e9lev\u00e9s pour les pr\u00eats hypoth\u00e9caires sur les r\u00e9sidences secondaires en raison du risque accru associ\u00e9 aux r\u00e9sidences non principales.<\/li>\n\n\n\n<li><strong>Exigences plus \u00e9lev\u00e9es en mati\u00e8re d&rsquo;acompte :<\/strong> En r\u00e8gle g\u00e9n\u00e9rale, un acompte plus \u00e9lev\u00e9 est exig\u00e9 pour une r\u00e9sidence secondaire &#8211; souvent de l&rsquo;ordre de 30 \u00e0 40 %, contre 20 % pour une r\u00e9sidence principale.<\/li>\n\n\n\n<li><strong>Crit\u00e8res de pr\u00eat plus stricts :<\/strong> Les pr\u00eateurs peuvent imposer des crit\u00e8res plus stricts, notamment des exigences de revenus plus \u00e9lev\u00e9es et des v\u00e9rifications de solvabilit\u00e9 plus rigoureuses.<\/li>\n<\/ul>\n\n<div style=\"height:45px\" aria-hidden=\"true\" class=\"wp-block-spacer\"><\/div>\n\n<h2 class=\"wp-block-heading has-black-color has-text-color has-link-color wp-elements-d1e66b03770e91c82a3ffe70e4bfcbf4\" style=\"font-size:27px\">Pourquoi envisager une r\u00e9sidence secondaire en Suisse ?<\/h2>\n\n<p class=\"has-black-color has-text-color has-link-color wp-elements-7bee673075bb54f477d94c16c777e978\" style=\"font-size:16px\">L&rsquo;\u00e9conomie stable de la Suisse, ses paysages magnifiques et sa qualit\u00e9 de vie \u00e9lev\u00e9e en font un pays attrayant pour l&rsquo;achat d&rsquo;une r\u00e9sidence secondaire.\nQue vous soyez \u00e0 la recherche d&rsquo;une retraite en montagne ou d&rsquo;une \u00e9chapp\u00e9e en ville, l&rsquo;achat d&rsquo;une r\u00e9sidence secondaire en Suisse peut \u00eatre un excellent investissement. <\/p>\n\n<h3 class=\"wp-block-heading\">Les avantages d&rsquo;une r\u00e9sidence secondaire en Suisse<\/h3>\n\n<ul style=\"font-size:16px\" class=\"has-black-color has-text-color has-link-color wp-elements-79d21c8fc506c0f0afbfdec88dd64352\">\n<li><strong>Potentiel d&rsquo;investissement :<\/strong> L&rsquo;immobilier suisse a toujours connu une appr\u00e9ciation constante de sa valeur, ce qui en fait un investissement judicieux.<\/li>\n\n\n\n<li><strong>Am\u00e9lioration du mode de vie :<\/strong> profitez de la souplesse d&rsquo;un logement situ\u00e9 dans l&rsquo;un des plus beaux pays du monde, avec un acc\u00e8s facile aux stations de ski, aux sentiers de randonn\u00e9e et aux centres culturels.<\/li>\n\n\n\n<li><strong>Revenus locatifs :<\/strong> La location de votre r\u00e9sidence secondaire lorsqu&rsquo;elle n&rsquo;est pas utilis\u00e9e peut g\u00e9n\u00e9rer des revenus suppl\u00e9mentaires et contribuer \u00e0 compenser les frais d&rsquo;hypoth\u00e8que.<\/li>\n<\/ul>\n\n<h3 class=\"wp-block-heading\">Points \u00e0 prendre en consid\u00e9ration avant d&rsquo;acheter une r\u00e9sidence secondaire<\/h3>\n\n<p class=\"has-black-color has-text-color has-link-color wp-elements-d7ea75db882e65f90587c76d2ded63db\" style=\"font-size:16px\">Avant de plonger dans le march\u00e9 immobilier suisse, il est essentiel de prendre en compte les \u00e9l\u00e9ments suivants :<\/p>\n\n<ul style=\"font-size:16px\" class=\"has-black-color has-text-color has-link-color wp-elements-03def2ece2e84481c36a6aca906c457b\">\n<li><strong>L&rsquo;accessibilit\u00e9 financi\u00e8re :<\/strong> Pouvez-vous vous permettre de payer les mensualit\u00e9s du pr\u00eat hypoth\u00e9caire en plus des d\u00e9penses li\u00e9es \u00e0 votre r\u00e9sidence principale ?<\/li>\n\n\n\n<li><strong>Conditions du march\u00e9 :<\/strong> Il est essentiel de comprendre le march\u00e9 immobilier local pour r\u00e9aliser un investissement judicieux.<\/li>\n\n\n\n<li><strong>Implications fiscales :<\/strong> La possession d&rsquo;une r\u00e9sidence secondaire en Suisse s&rsquo;accompagne d&rsquo;obligations fiscales sp\u00e9cifiques, qui varient selon les cantons.<\/li>\n<\/ul>\n\n<div style=\"height:45px\" aria-hidden=\"true\" class=\"wp-block-spacer\"><\/div>\n\n<h2 class=\"wp-block-heading has-black-color has-text-color has-link-color wp-elements-2b2c98f3b0d85f446e68204549b26336\" style=\"font-size:27px\">Comment obtenir une hypoth\u00e8que pour une r\u00e9sidence secondaire en Suisse ?<\/h2>\n\n<p class=\"has-black-color has-text-color has-link-color wp-elements-8cc4be8f6b1ad05ae54f1d145681e845\" style=\"font-size:16px\">Pour obtenir un pr\u00eat hypoth\u00e9caire pour une r\u00e9sidence secondaire en Suisse, il faut r\u00e9pondre \u00e0 des crit\u00e8res sp\u00e9cifiques qui peuvent \u00eatre diff\u00e9rents de ceux d&rsquo;un pr\u00eat hypoth\u00e9caire pour une r\u00e9sidence principale.<\/p>\n\n<h3 class=\"wp-block-heading\">Exigences en mati\u00e8re d&rsquo;acompte<\/h3>\n\n<p class=\"has-black-color has-text-color has-link-color wp-elements-73a6c0c41a79e87d0ec3d08d23e5412e\" style=\"font-size:16px\">Comme nous l&rsquo;avons d\u00e9j\u00e0 mentionn\u00e9, le versement initial pour un pr\u00eat hypoth\u00e9caire sur une r\u00e9sidence secondaire est g\u00e9n\u00e9ralement plus \u00e9lev\u00e9, allant de 30 \u00e0 40 % de la valeur du bien.\nCela s&rsquo;explique par le fait que les pr\u00eateurs consid\u00e8rent les r\u00e9sidences secondaires comme des investissements plus risqu\u00e9s. <\/p>\n\n<h3 class=\"wp-block-heading\">Consid\u00e9rations relatives aux revenus et \u00e0 l&rsquo;endettement<\/h3>\n\n<p class=\"has-black-color has-text-color has-link-color wp-elements-b1e02c5ccad6c45094802e9d762aa1e6\" style=\"font-size:16px\">Les pr\u00eateurs \u00e9valueront votre stabilit\u00e9 financi\u00e8re en examinant vos revenus, vos dettes existantes et votre sant\u00e9 financi\u00e8re globale.\nEn r\u00e8gle g\u00e9n\u00e9rale, le montant total de vos dettes mensuelles, y compris l&rsquo;hypoth\u00e8que de la r\u00e9sidence secondaire, ne doit pas d\u00e9passer un tiers de vos revenus mensuels bruts. <\/p>\n\n<h3 class=\"wp-block-heading\">\u00c9valuation de la propri\u00e9t\u00e9<\/h3>\n\n<p class=\"has-black-color has-text-color has-link-color wp-elements-54f5133143e23ab8d72aa0dbff36120d\" style=\"font-size:16px\">Une \u00e9valuation professionnelle du bien est n\u00e9cessaire pour d\u00e9terminer sa valeur marchande, qui aura une incidence sur le montant que vous pouvez emprunter.\nLes pr\u00eateurs financeront un pourcentage de cette valeur estim\u00e9e, g\u00e9n\u00e9ralement jusqu&rsquo;\u00e0 60-70%. <\/p>\n\n<div style=\"height:45px\" aria-hidden=\"true\" class=\"wp-block-spacer\"><\/div>\n\n<h2 class=\"wp-block-heading has-black-color has-text-color has-link-color wp-elements-93c95378b1f3086930b7be754bd3db3a\" style=\"font-size:27px\">Types d&rsquo;hypoth\u00e8ques disponibles pour les r\u00e9sidences secondaires<\/h2>\n\n<p class=\"has-black-color has-text-color has-link-color wp-elements-6050abc68a811fa5793e52dc17731046\" style=\"font-size:16px\">La Suisse propose diverses options hypoth\u00e9caires qui r\u00e9pondent \u00e0 diff\u00e9rents besoins financiers et \u00e0 diff\u00e9rentes propensions au risque.<\/p>\n\n<h3 class=\"wp-block-heading\">Hypoth\u00e8que \u00e0 taux fixe<\/h3>\n\n<p class=\"has-black-color has-text-color has-link-color wp-elements-407d0a12b73461522e1909f711c8f46b\" style=\"font-size:16px\">Un <a href=\"https:\/\/fasthypo.ch\/fr\/hypotheque-a-taux-fixe-en-suisse-un-guide-complet\/\" data-type=\"page\" data-id=\"5032\"><span style=\"text-decoration: underline;\">pr\u00eat hypoth\u00e9caire \u00e0 taux fixe<\/span><\/a> offre une certaine stabilit\u00e9, avec un taux d&rsquo;int\u00e9r\u00eat fixe pour toute la dur\u00e9e du pr\u00eat. C&rsquo;est la solution id\u00e9ale pour les personnes qui pr\u00e9f\u00e8rent que leurs paiements mensuels soient pr\u00e9visibles. <\/p>\n\n<h3 class=\"wp-block-heading\">Hypoth\u00e8que \u00e0 taux variable<\/h3>\n\n<p class=\"has-black-color has-text-color has-link-color wp-elements-a8501c9cf764e190709471e9b8ecd5a2\" style=\"font-size:16px\">Un <a href=\"https:\/\/fasthypo.ch\/fr\/prets-hypothecaires-a-taux-variable-en-suisse-guide-complet\/\" data-type=\"page\" data-id=\"5078\"><span style=\"text-decoration: underline;\">pr\u00eat hypoth\u00e9caire \u00e0 taux variable<\/span><\/a> est assorti d&rsquo;un taux d&rsquo;int\u00e9r\u00eat qui fluctue en fonction du march\u00e9. Cette option peut \u00eatre avantageuse si vous anticipez une baisse des taux d&rsquo;int\u00e9r\u00eat, mais elle comporte plus de risques en cas de hausse des taux. <\/p>\n\n<h3 class=\"wp-block-heading\">Hypoth\u00e8que Saron<\/h3>\n\n<p class=\"has-black-color has-text-color has-link-color wp-elements-f231221b02b38a97ebfde86def7373df\" style=\"font-size:16px\">L&rsquo;<a href=\"https:\/\/fasthypo.ch\/fr\/hypotheque-saron-le-guide-ultime-de-lacheteur-de-maison\/\" data-type=\"page\" data-id=\"5171\"><span style=\"text-decoration: underline;\">hypoth\u00e8que Saron (Swiss Average Rate Overnight)<\/span><\/a> est un type d&rsquo;hypoth\u00e8que \u00e0 taux variable li\u00e9 au taux Saron, qui est influenc\u00e9 par la politique mon\u00e9taire de la Banque nationale suisse. Elle convient aux personnes ayant une plus grande tol\u00e9rance au risque. <\/p>\n\n<h3 class=\"wp-block-heading\">Hypoth\u00e8que Libor<\/h3>\n\n<p class=\"has-black-color has-text-color has-link-color wp-elements-2890da7d37444cf9d428436adb5de612\" style=\"font-size:16px\">Bien qu&rsquo;en voie de disparition, l&rsquo;<a href=\"https:\/\/fasthypo.ch\/fr\/hypotheque-libor-guide-complet-pour-les-emprunteurs-suisses\/\" data-type=\"page\" data-id=\"5140\"><span style=\"text-decoration: underline;\">hypoth\u00e8que Libor<\/span><\/a> \u00e9tait historiquement populaire. Elle est remplac\u00e9e par l&rsquo;hypoth\u00e8que Saron, mais il est essentiel de la comprendre si vous avez ou envisagez d&rsquo;avoir des produits hypoth\u00e9caires plus anciens. <\/p>\n\n<div style=\"height:45px\" aria-hidden=\"true\" class=\"wp-block-spacer\"><\/div>\n\n<h2 class=\"wp-block-heading has-black-color has-text-color has-link-color wp-elements-b89e39afb7a85495ca23d602682b739f\" style=\"font-size:27px\">\u00c9tapes \u00e0 suivre pour obtenir un pr\u00eat hypoth\u00e9caire pour une r\u00e9sidence secondaire<\/h2>\n\n<h3 class=\"wp-block-heading\">1. \u00c9valuez votre situation financi\u00e8re<\/h3>\n\n<p class=\"has-black-color has-text-color has-link-color wp-elements-8905a97c135fd942e9e98282a4a1fc52\" style=\"font-size:16px\">Avant d&rsquo;approcher les pr\u00eateurs, faites un examen approfondi de votre situation financi\u00e8re.\nAssurez-vous d&rsquo;avoir suffisamment d&rsquo;\u00e9conomies pour l&rsquo;acompte et de pouvoir g\u00e9rer sans difficult\u00e9 les mensualit\u00e9s suppl\u00e9mentaires. <\/p>\n\n<h3 class=\"wp-block-heading\">2. Recherchez et comparez les pr\u00eateurs<\/h3>\n\n<p class=\"has-black-color has-text-color has-link-color wp-elements-d00fdaeb621f0893525a35278727c373\" style=\"font-size:16px\">Les pr\u00eateurs proposent des conditions et des taux d&rsquo;int\u00e9r\u00eat diff\u00e9rents pour les hypoth\u00e8ques sur les r\u00e9sidences secondaires.\nUtilisez un outil de comparaison, comme FastHypo, pour trouver les meilleures offres de pr\u00eat hypoth\u00e9caire adapt\u00e9es \u00e0 vos besoins. <\/p>\n\n<h3 class=\"wp-block-heading\">3. Obtenez une pr\u00e9-approbation<\/h3>\n\n<p class=\"has-black-color has-text-color has-link-color wp-elements-1e338133ed87d39fb58495d718d1299a\" style=\"font-size:16px\">L&rsquo;obtention d&rsquo;une pr\u00e9-approbation hypoth\u00e9caire vous donnera une id\u00e9e pr\u00e9cise du montant que vous pouvez vous permettre et montrera aux vendeurs que vous \u00eates un acheteur s\u00e9rieux.<\/p>\n\n<h3 class=\"wp-block-heading\">4. Choisissez le bon type d&rsquo;hypoth\u00e8que<\/h3>\n\n<p class=\"has-black-color has-text-color has-link-color wp-elements-dffa3490088f7516a94bd4bab7e0f6f1\" style=\"font-size:16px\">Choisissez le type de pr\u00eat hypoth\u00e9caire qui correspond le mieux \u00e0 votre situation financi\u00e8re et \u00e0 votre tol\u00e9rance au risque.\nPensez \u00e0 consulter un conseiller hypoth\u00e9caire pour prendre une d\u00e9cision en connaissance de cause. <\/p>\n\n<h3 class=\"wp-block-heading\">5. Compl\u00e9tez le processus de candidature<\/h3>\n\n<p class=\"has-black-color has-text-color has-link-color wp-elements-3479afb5d07a82a753655026f1d2019d\" style=\"font-size:16px\">Une fois que vous avez choisi un pr\u00eateur, compl\u00e9tez la proc\u00e9dure de demande en fournissant les documents n\u00e9cessaires, y compris les justificatifs de revenus, d&rsquo;actifs et de propri\u00e9t\u00e9.<\/p>\n\n<h3 class=\"wp-block-heading\">6. Finaliser l&rsquo;hypoth\u00e8que<\/h3>\n\n<p class=\"has-black-color has-text-color has-link-color wp-elements-2aa2e1c375f1dddda49f68456aeea48e\" style=\"font-size:16px\">Apr\u00e8s approbation, examinez attentivement les conditions du pr\u00eat hypoth\u00e9caire avant de signer le contrat.\nAssurez-vous que toutes les conditions correspondent \u00e0 vos attentes et \u00e0 vos capacit\u00e9s financi\u00e8res. <\/p>\n\n<div style=\"height:45px\" aria-hidden=\"true\" class=\"wp-block-spacer\"><\/div>\n\n<h2 class=\"wp-block-heading has-black-color has-text-color has-link-color wp-elements-46ea4d4663253c751a6d03670edf2f00\" style=\"font-size:27px\">Implications fiscales de la possession d&rsquo;une r\u00e9sidence secondaire en Suisse<\/h2>\n\n<p class=\"has-black-color has-text-color has-link-color wp-elements-c23a5529cb48f741560aa6a7090219dd\" style=\"font-size:16px\">La possession d&rsquo;une r\u00e9sidence secondaire en Suisse a des implications fiscales sp\u00e9cifiques, qui varient en fonction de la localisation et de l&rsquo;utilisation de la propri\u00e9t\u00e9.<\/p>\n\n<h3 class=\"wp-block-heading\">Imp\u00f4t sur la fortune<\/h3>\n\n<p class=\"has-black-color has-text-color has-link-color wp-elements-a2242795ede9afca5b60504223fb5c73\" style=\"font-size:16px\">Les r\u00e9sidences secondaires contribuent \u00e0 votre patrimoine global, qui est soumis \u00e0 l&rsquo;imp\u00f4t sur la fortune en Suisse.\nLa valeur imposable est bas\u00e9e sur la valeur marchande du bien ou sur une valeur imposable r\u00e9duite selon le canton. <\/p>\n\n<h3 class=\"wp-block-heading\">Imp\u00f4t sur le revenu sur la valeur locative imput\u00e9e<\/h3>\n\n<p class=\"has-black-color has-text-color has-link-color wp-elements-a601d8ce62d4371c60395743c97ca264\" style=\"font-size:16px\">Si vous ne louez pas votre r\u00e9sidence secondaire, les autorit\u00e9s fiscales suisses peuvent calculer une valeur locative, qui est ajout\u00e9e \u00e0 votre revenu imposable.\nCela peut avoir une incidence consid\u00e9rable sur vos obligations en mati\u00e8re d&rsquo;imp\u00f4t sur le revenu. <\/p>\n\n<h3 class=\"wp-block-heading\">Imp\u00f4t sur les plus-values<\/h3>\n\n<p class=\"has-black-color has-text-color has-link-color wp-elements-ee8b442f03149d4c1ca2a891c30f2d6a\" style=\"font-size:16px\">Si vous d\u00e9cidez de vendre votre r\u00e9sidence secondaire, tout b\u00e9n\u00e9fice r\u00e9alis\u00e9 est soumis \u00e0 l<a href=\"https:\/\/www.etoro.com\/investing\/capital-gains-tax-switzerland\/\" data-type=\"link\" data-id=\"https:\/\/www.etoro.com\/investing\/capital-gains-tax-switzerland\/\" target=\"_blank\" rel=\"noopener\">&lsquo;imp\u00f4t sur les plus-values<\/a>. Le taux varie selon le canton et la dur\u00e9e de d\u00e9tention du bien. <\/p>\n\n<h3 class=\"wp-block-heading\">D\u00e9ductions fiscales<\/h3>\n\n<p class=\"has-black-color has-text-color has-link-color wp-elements-1f8ced17cf8d1d7bf2afad571e45a746\" style=\"font-size:16px\">Certaines d\u00e9penses li\u00e9es \u00e0 votre r\u00e9sidence secondaire, telles que les int\u00e9r\u00eats hypoth\u00e9caires et les frais d&rsquo;entretien, peuvent \u00eatre d\u00e9duites de votre revenu imposable.<\/p>\n\n<div style=\"height:45px\" aria-hidden=\"true\" class=\"wp-block-spacer\"><\/div>\n\n<h2 class=\"wp-block-heading has-black-color has-text-color has-link-color wp-elements-cce2d80aafb65f8bae62600e09fad471\" style=\"font-size:27px\">Louer votre r\u00e9sidence secondaire<\/h2>\n\n<p class=\"has-black-color has-text-color has-link-color wp-elements-04e1a47211af46f1bec8d87e2507f687\" style=\"font-size:16px\">Si vous envisagez de louer votre r\u00e9sidence secondaire, vous devez tenir compte d&rsquo;autres facteurs.<\/p>\n\n<h3 class=\"wp-block-heading\">Revenus locatifs<\/h3>\n\n<p class=\"has-black-color has-text-color has-link-color wp-elements-7bc570e49541266e0a410eac02117c86\" style=\"font-size:16px\">Les revenus locatifs de votre r\u00e9sidence secondaire sont imposables en Suisse.\nAssurez-vous que le rendement locatif couvre les paiements hypoth\u00e9caires, les frais d&rsquo;entretien et les imp\u00f4ts. <\/p>\n\n<h3 class=\"wp-block-heading\">Gestion immobili\u00e8re<\/h3>\n\n<p class=\"has-black-color has-text-color has-link-color wp-elements-8238077e65b762081414a51d7434d4d5\" style=\"font-size:16px\">La gestion d&rsquo;un bien locatif, surtout s&rsquo;il est situ\u00e9 dans un endroit diff\u00e9rent de votre r\u00e9sidence principale, peut s&rsquo;av\u00e9rer difficile.\nEnvisagez de faire appel \u00e0 une soci\u00e9t\u00e9 de gestion immobili\u00e8re qui s&rsquo;occupera des relations avec les locataires, de l&rsquo;entretien et des questions juridiques. <\/p>\n\n<h3 class=\"wp-block-heading\">Consid\u00e9rations juridiques<\/h3>\n\n<p class=\"has-black-color has-text-color has-link-color wp-elements-0778e1c838c4167543d95b1b249777bd\" style=\"font-size:16px\">Familiarisez-vous avec les lois locales concernant les locations de courte dur\u00e9e, en particulier si vous envisagez d&rsquo;utiliser des plateformes comme Airbnb.\nCertains cantons ont des r\u00e9glementations strictes sur les locations de vacances. <\/p>\n\n<div style=\"height:45px\" aria-hidden=\"true\" class=\"wp-block-spacer\"><\/div>\n\n<h2 class=\"wp-block-heading has-black-color has-text-color has-link-color wp-elements-29c7142e396f71f5a433ca5b27764deb\" style=\"font-size:27px\">D\u00e9fis communs et comment les surmonter<\/h2>\n\n<h3 class=\"wp-block-heading\">Faire face \u00e0 l&rsquo;augmentation du montant de l&rsquo;acompte<\/h3>\n\n<p class=\"has-black-color has-text-color has-link-color wp-elements-fac4b8e5e4f4e255af290b7d8f48909b\" style=\"font-size:16px\">Si le versement initial plus \u00e9lev\u00e9 vous pose probl\u00e8me, envisagez d&rsquo;\u00e9pargner davantage ou de rechercher des options de financement permettant un versement initial moins \u00e9lev\u00e9, bien que ces options soient rares et s&rsquo;accompagnent de taux d&rsquo;int\u00e9r\u00eat plus \u00e9lev\u00e9s.<\/p>\n\n<h3 class=\"wp-block-heading\">Gestion des d\u00e9penses li\u00e9es \u00e0 la double propri\u00e9t\u00e9<\/h3>\n\n<p class=\"has-black-color has-text-color has-link-color wp-elements-80809245bcc71e940070b51fd04d2365\" style=\"font-size:16px\">Poss\u00e9der deux propri\u00e9t\u00e9s signifie faire face \u00e0 deux fois plus de d\u00e9penses, qu&rsquo;il s&rsquo;agisse des services publics ou de l&rsquo;entretien.\n\u00c9tablissez soigneusement votre budget et envisagez de cr\u00e9er un fonds de pr\u00e9voyance pour faire face aux d\u00e9penses impr\u00e9vues. <\/p>\n\n<h3 class=\"wp-block-heading\">Naviguer dans les lois fiscales complexes<\/h3>\n\n<p class=\"has-black-color has-text-color has-link-color wp-elements-afdb7a8764983aafb25cc44a4d5598a2\" style=\"font-size:16px\">La l\u00e9gislation fiscale suisse peut \u00eatre complexe, en particulier lorsqu&rsquo;il s&rsquo;agit de r\u00e9sidences secondaires.\nConsulter un conseiller fiscal connaissant bien l&rsquo;immobilier suisse peut vous aider \u00e0 naviguer dans ces complexit\u00e9s et \u00e0 optimiser votre situation fiscale. <\/p>\n\n<div style=\"height:45px\" aria-hidden=\"true\" class=\"wp-block-spacer\"><\/div>\n\n<h2 class=\"wp-block-heading has-black-color has-text-color has-link-color wp-elements-2d800443b1bd56633a278a17c942830c\" style=\"font-size:27px\">Conclusion<\/h2>\n\n<p class=\"has-black-color has-text-color has-link-color wp-elements-c8cd37ffc9e776ccfe52c27339776842\" style=\"font-size:16px\">Obtenir un pr\u00eat hypoth\u00e9caire pour une r\u00e9sidence secondaire en Suisse est un engagement financier important, mais avec une planification minutieuse et les conseils d&rsquo;un expert, il peut s&rsquo;agir d&rsquo;un investissement gratifiant.\nEn comprenant les diff\u00e9rences entre les hypoth\u00e8ques pour r\u00e9sidences principales et secondaires, en r\u00e9pondant aux crit\u00e8res du pr\u00eateur et en \u00e9tant conscient des implications fiscales, vous pouvez prendre une d\u00e9cision \u00e9clair\u00e9e qui correspond \u00e0 vos objectifs financiers. <\/p>\n\n<p class=\"has-black-color has-text-color has-link-color wp-elements-61382d13f8bec9fd4ab850c71154dca3\" style=\"font-size:16px\">Que vous achetiez une r\u00e9sidence secondaire \u00e0 des fins personnelles, locatives ou d&rsquo;investissement, ce guide complet vous fournira les connaissances n\u00e9cessaires pour naviguer efficacement dans le paysage hypoth\u00e9caire suisse.<\/p>\n\n<p class=\"has-black-color has-text-color has-link-color wp-elements-4bef0e5243eff9b12d336acbb74fd8cd\" style=\"font-size:16px\">Pour des conseils hypoth\u00e9caires personnalis\u00e9s et pour comparer les meilleures offres de pr\u00eats hypoth\u00e9caires pour r\u00e9sidences secondaires, visitez FastHypo et commencez d\u00e8s aujourd&rsquo;hui votre voyage vers la propri\u00e9t\u00e9 suisse de vos r\u00eaves.<\/p>\n","protected":false},"excerpt":{"rendered":"<p>Poss\u00e9der une r\u00e9sidence secondaire en Suisse, qu&rsquo;il s&rsquo;agisse d&rsquo;un chalet de vacances dans les Alpes ou d&rsquo;un pied-\u00e0-terre en ville, est un r\u00eave pour beaucoup. Toutefois, le financement de ce r\u00eave n\u00e9cessite une planification minutieuse, en particulier lorsqu&rsquo;il s&rsquo;agit d&rsquo;obtenir un pr\u00eat hypoth\u00e9caire pour une r\u00e9sidence secondaire. Qu&rsquo;est-ce qu&rsquo;une deuxi\u00e8me hypoth\u00e8que immobili\u00e8re ? Un pr\u00eat<\/p>\n<a class=\"read-more\" href=\"https:\/\/fasthypo.ch\/fr\/hypotheque-pour-residence-secondaire-en-suisse-un-guide-complet\/\">Read More<\/a>","protected":false},"author":1,"featured_media":0,"parent":0,"menu_order":0,"comment_status":"closed","ping_status":"closed","template":"","meta":{"footnotes":""},"_links":{"self":[{"href":"https:\/\/fasthypo.ch\/fr\/wp-json\/wp\/v2\/pages\/5317"}],"collection":[{"href":"https:\/\/fasthypo.ch\/fr\/wp-json\/wp\/v2\/pages"}],"about":[{"href":"https:\/\/fasthypo.ch\/fr\/wp-json\/wp\/v2\/types\/page"}],"author":[{"embeddable":true,"href":"https:\/\/fasthypo.ch\/fr\/wp-json\/wp\/v2\/users\/1"}],"replies":[{"embeddable":true,"href":"https:\/\/fasthypo.ch\/fr\/wp-json\/wp\/v2\/comments?post=5317"}],"version-history":[{"count":0,"href":"https:\/\/fasthypo.ch\/fr\/wp-json\/wp\/v2\/pages\/5317\/revisions"}],"wp:attachment":[{"href":"https:\/\/fasthypo.ch\/fr\/wp-json\/wp\/v2\/media?parent=5317"}],"curies":[{"name":"wp","href":"https:\/\/api.w.org\/{rel}","templated":true}]}}