{"id":5309,"date":"2024-08-16T06:48:57","date_gmt":"2024-08-16T06:48:57","guid":{"rendered":"https:\/\/fasthypo.ch\/hypotheque-jeunesse-guide-complet-des-hypotheques-pour-les-jeunes-en-suisse\/"},"modified":"2024-08-29T16:05:24","modified_gmt":"2024-08-29T16:05:24","slug":"hypotheque-jeunesse-guide-complet-des-hypotheques-pour-les-jeunes-en-suisse","status":"publish","type":"page","link":"https:\/\/fasthypo.ch\/fr\/hypotheque-jeunesse-guide-complet-des-hypotheques-pour-les-jeunes-en-suisse\/","title":{"rendered":"Hypoth\u00e8que pour les jeunes: Guide complet des hypoth\u00e8ques pour les jeunes en Suisse"},"content":{"rendered":"\n<p class=\"has-black-color has-text-color has-link-color wp-elements-acac5c4af765e916d348193960d7033f\" style=\"font-size:16px\">L&rsquo;achat d&rsquo;un logement est l&rsquo;une des \u00e9tapes les plus importantes dans la vie d&rsquo;une personne, mais pour les jeunes, cela peut sembler un d\u00e9fi insurmontable.\nCependant, avec le bon pr\u00eat hypoth\u00e9caire, m\u00eame les jeunes peuvent transformer leur r\u00eave de devenir propri\u00e9taire en r\u00e9alit\u00e9.\nCet article examine tout ce que vous devez savoir sur les hypoth\u00e8ques pour les jeunes en Suisse, en offrant des conseils pratiques et des informations d\u00e9taill\u00e9es pour vous aider \u00e0 naviguer dans le processus.  <\/p>\n\n<figure class=\"wp-block-image size-large\"><img fetchpriority=\"high\" decoding=\"async\" width=\"1024\" height=\"640\" src=\"https:\/\/fasthypo.ch\/wp-content\/uploads\/2024\/08\/youth-mortgage-1024x640.webp\" alt=\"\" class=\"wp-image-5277\" srcset=\"https:\/\/fasthypo.ch\/wp-content\/uploads\/2024\/08\/youth-mortgage-1024x640.webp 1024w, https:\/\/fasthypo.ch\/wp-content\/uploads\/2024\/08\/youth-mortgage-300x188.webp 300w, https:\/\/fasthypo.ch\/wp-content\/uploads\/2024\/08\/youth-mortgage-768x480.webp 768w, https:\/\/fasthypo.ch\/wp-content\/uploads\/2024\/08\/youth-mortgage-1536x960.webp 1536w, https:\/\/fasthypo.ch\/wp-content\/uploads\/2024\/08\/youth-mortgage.webp 1600w\" sizes=\"(max-width: 1024px) 100vw, 1024px\" \/><\/figure>\n\n<div style=\"height:40px\" aria-hidden=\"true\" class=\"wp-block-spacer\"><\/div>\n\n<h2 class=\"wp-block-heading\">Qu&rsquo;est-ce qu&rsquo;un pr\u00eat hypoth\u00e9caire pour la jeunesse ?<\/h2>\n\n<p class=\"has-black-color has-text-color has-link-color wp-elements-751d4d1a2493ef93d440bbf9bca95ea3\" style=\"font-size:16px\">Un pr\u00eat hypoth\u00e9caire pour jeunes est un type de pr\u00eat immobilier sp\u00e9cialement con\u00e7u pour les personnes \u00e2g\u00e9es de moins de 35 ans.\nCe type d&rsquo;hypoth\u00e8que peut offrir des conditions favorables, telles que des taux d&rsquo;int\u00e9r\u00eat r\u00e9duits et un capital initial moins important, afin de permettre aux jeunes d&rsquo;acqu\u00e9rir plus facilement leur premier logement.\nLes banques suisses font souvent la promotion de ces hypoth\u00e8ques pour attirer les jeunes clients, en leur apportant un soutien concret pendant une \u00e9tape cruciale de leur vie financi\u00e8re.  <\/p>\n\n<div style=\"height:10px\" aria-hidden=\"true\" class=\"wp-block-spacer\"><\/div>\n\n<h3 class=\"wp-block-heading\">Avantages d&rsquo;un pr\u00eat hypoth\u00e9caire pour les jeunes<\/h3>\n\n<ol style=\"font-size:16px\" class=\"has-black-color has-text-color has-link-color wp-elements-3619c0d711c962f54e99f310e0d7b832\">\n<li><strong>Des taux d&rsquo;int\u00e9r\u00eat plus bas :<\/strong> De nombreuses banques proposent des taux d&rsquo;int\u00e9r\u00eat r\u00e9duits pour les pr\u00eats hypoth\u00e9caires aux jeunes, ce qui rend les paiements mensuels plus faciles \u00e0 g\u00e9rer.<\/li>\n\n\n\n<li><strong>Un capital initial r\u00e9duit :<\/strong> Certaines institutions financi\u00e8res permettent aux jeunes d&rsquo;acc\u00e9der \u00e0 un pr\u00eat hypoth\u00e9caire avec un acompte inf\u00e9rieur \u00e0 l&rsquo;exigence habituelle de 20 %.<\/li>\n\n\n\n<li><strong>Soutien financier :<\/strong> Conseils personnalis\u00e9s et montages financiers sur mesure pour les jeunes acheteurs.<\/li>\n<\/ol>\n\n<div style=\"height:40px\" aria-hidden=\"true\" class=\"wp-block-spacer\"><\/div>\n\n<h2 class=\"wp-block-heading\">Conditions \u00e0 remplir pour b\u00e9n\u00e9ficier d&rsquo;un pr\u00eat hypoth\u00e9caire pour les jeunes<\/h2>\n\n<div style=\"height:21px\" aria-hidden=\"true\" class=\"wp-block-spacer\"><\/div>\n\n<h3 class=\"wp-block-heading\">L&rsquo;\u00e2ge<\/h3>\n\n<p class=\"has-black-color has-text-color has-link-color wp-elements-5705226e96d9c7882abd1075fa48dc07\" style=\"font-size:16px\">En g\u00e9n\u00e9ral, pour \u00eatre consid\u00e9r\u00e9 comme \u00ab\u00a0jeune\u00a0\u00bb aux fins de l&rsquo;acc\u00e8s \u00e0 un pr\u00eat hypoth\u00e9caire sp\u00e9cifique, vous devez \u00eatre \u00e2g\u00e9 de 18 \u00e0 35 ans.\nCertaines banques peuvent appliquer des crit\u00e8res d&rsquo;\u00e2ge diff\u00e9rents, mais il s&rsquo;agit l\u00e0 de la fourchette commun\u00e9ment admise. <\/p>\n\n<h3 class=\"wp-block-heading\">Capacit\u00e9 de remboursement<\/h3>\n\n<p class=\"has-black-color has-text-color has-link-color wp-elements-edc8e17a1d6991d107f2cda9ec66fe05\" style=\"font-size:16px\">Les banques suisses \u00e9valuent soigneusement la capacit\u00e9 du demandeur \u00e0 rembourser le pr\u00eat hypoth\u00e9caire.\nPour les jeunes, cela signifie disposer d&rsquo;un revenu stable et suffisant.\nDans de nombreux cas, la croissance future des revenus est \u00e9galement prise en compte, compte tenu des possibilit\u00e9s d&rsquo;\u00e9volution de carri\u00e8re.  <\/p>\n\n<h3 class=\"wp-block-heading\">Capital propre<\/h3>\n\n<p class=\"has-black-color has-text-color has-link-color wp-elements-321edd26e70965f20d6e62da4a9aa411\" style=\"font-size:16px\">M\u00eame si certaines hypoth\u00e8ques jeunes offrent la possibilit\u00e9 d&rsquo;acc\u00e9der au pr\u00eat avec un apport r\u00e9duit, il est toujours n\u00e9cessaire de disposer d&rsquo;un certain montant de capital propre.\nSouvent, les jeunes peuvent utiliser les fonds de leur deuxi\u00e8me pilier (caisse de pension) ou de leur troisi\u00e8me pilier (\u00e9pargne retraite individuelle) pour couvrir une partie de ce capital. <\/p>\n\n<div style=\"height:40px\" aria-hidden=\"true\" class=\"wp-block-spacer\"><\/div>\n\n<h2 class=\"wp-block-heading\">Types de pr\u00eats hypoth\u00e9caires disponibles pour les jeunes<\/h2>\n\n<p class=\"has-black-color has-text-color has-link-color wp-elements-be77a04bfda99782436c857aa6ef5c75\" style=\"font-size:16px\">Les jeunes acheteurs de logements en Suisse ont acc\u00e8s \u00e0 diff\u00e9rents types d&rsquo;hypoth\u00e8ques, chacune avec des caract\u00e9ristiques uniques.\nEn voici les principales : <\/p>\n\n<h3 class=\"wp-block-heading\">Hypoth\u00e8que \u00e0 taux fixe<\/h3>\n\n<p class=\"has-black-color has-text-color has-link-color wp-elements-9a916415242266ad3bf62216f539474b\" style=\"font-size:16px\">L<a href=\"https:\/\/fasthypo.ch\/fr\/hypotheque-a-taux-fixe-en-suisse-un-guide-complet\/\" data-type=\"page\" data-id=\"5032\"><span style=\"text-decoration: underline;\">&lsquo;hypoth\u00e8que \u00e0 taux fixe<\/span><\/a> est l&rsquo;une des options les plus populaires, en particulier chez les jeunes qui pr\u00e9f\u00e8rent \u00eatre s\u00fbrs de leurs d\u00e9penses futures. Avec une hypoth\u00e8que \u00e0 taux fixe, le taux d&rsquo;int\u00e9r\u00eat reste inchang\u00e9 pendant toute la dur\u00e9e du contrat, ce qui offre une stabilit\u00e9 des paiements mensuels. <\/p>\n\n<p class=\"has-black-color has-text-color has-link-color wp-elements-9ee6432da58bdcd4eeb6b84277c4c60e\" style=\"font-size:16px\"><strong>Avantages :<\/strong> Stabilit\u00e9 et pr\u00e9visibilit\u00e9.<br\/><strong>Inconv\u00e9nients :<\/strong> Moins de flexibilit\u00e9 en cas de baisse des taux d&rsquo;int\u00e9r\u00eat<strong>.<\/strong> <\/p>\n\n<h3 class=\"wp-block-heading\">Hypoth\u00e8que \u00e0 taux variable<\/h3>\n\n<p class=\"has-black-color has-text-color has-link-color wp-elements-9c1da6d2eba60046e42c1fcbfa02eac3\" style=\"font-size:16px\">L&rsquo;<span style=\"text-decoration: underline;\"><a href=\"https:\/\/fasthypo.ch\/fr\/prets-hypothecaires-a-taux-variable-en-suisse-guide-complet\/\" data-type=\"page\" data-id=\"5078\">hypoth\u00e8que \u00e0 taux variable<\/a><\/span> offre un taux d&rsquo;int\u00e9r\u00eat qui peut fluctuer dans le temps en fonction des conditions du march\u00e9. Cela peut \u00eatre avantageux en cas de baisse des taux, mais cela comporte aussi le risque d&rsquo;une augmentation des mensualit\u00e9s. <\/p>\n\n<p class=\"has-black-color has-text-color has-link-color wp-elements-826f2f604cad41dccdee7033d1450c3a\" style=\"font-size:16px\"><strong>Avantages :<\/strong> Possibilit\u00e9 de b\u00e9n\u00e9ficier de taux plus bas.<br\/><strong>Inconv\u00e9nients :<\/strong> risque d&rsquo;augmentation des co\u00fbts au fil du temps.<\/p>\n\n<h3 class=\"wp-block-heading\">Hypoth\u00e8que SARON<\/h3>\n\n<p class=\"has-black-color has-text-color has-link-color wp-elements-e55e6e0dfe4bbb4d93c03d7e8dc1b427\" style=\"font-size:16px\">L<a href=\"https:\/\/fasthypo.ch\/fr\/hypotheque-saron-le-guide-ultime-de-lacheteur-de-maison\/\" data-type=\"page\" data-id=\"5171\"><span style=\"text-decoration: underline;\">&lsquo;hypoth\u00e8que SARON<\/span><\/a> est un type d&rsquo;hypoth\u00e8que \u00e0 taux variable index\u00e9 sur le taux de r\u00e9f\u00e9rence SARON (<a href=\"https:\/\/www.global-rates.com\/en\/interest-rates\/saron\/\" data-type=\"link\" data-id=\"https:\/\/www.global-rates.com\/en\/interest-rates\/saron\/\" target=\"_blank\" rel=\"noopener\">Swiss Average Rate Overnight<\/a>). C&rsquo;est l&rsquo;une des options les plus modernes et elle peut s&rsquo;av\u00e9rer rentable en p\u00e9riode de taux d&rsquo;int\u00e9r\u00eat bas. <\/p>\n\n<p class=\"has-black-color has-text-color has-link-color wp-elements-2ef80638e5198f539acfedce5691929e\" style=\"font-size:16px\"><strong>Avantages :<\/strong> Taux g\u00e9n\u00e9ralement plus bas que les hypoth\u00e8ques \u00e0 taux fixe.<br\/><strong>Inconv\u00e9nients :<\/strong> plus grande incertitude quant aux co\u00fbts futurs.<\/p>\n\n<div style=\"height:40px\" aria-hidden=\"true\" class=\"wp-block-spacer\"><\/div>\n\n<h2 class=\"wp-block-heading\">Conseils pour les jeunes acheteurs de logement en Suisse<\/h2>\n\n<div style=\"height:21px\" aria-hidden=\"true\" class=\"wp-block-spacer\"><\/div>\n\n<h3 class=\"wp-block-heading\">Planification financi\u00e8re<\/h3>\n\n<p class=\"has-black-color has-text-color has-link-color wp-elements-7c5c439bf2dc90677dd7d9dca8f3bee1\" style=\"font-size:16px\">Avant de vous engager dans un pr\u00eat hypoth\u00e9caire, il est essentiel de proc\u00e9der \u00e0 une planification financi\u00e8re d\u00e9taill\u00e9e.\nTenez compte de vos revenus actuels, de vos perspectives de croissance et de vos d\u00e9penses courantes pour d\u00e9terminer le montant que vous pouvez vous permettre de consacrer mensuellement au pr\u00eat hypoth\u00e9caire. <\/p>\n\n<h3 class=\"wp-block-heading\">Explorer toutes les options<\/h3>\n\n<p class=\"has-black-color has-text-color has-link-color wp-elements-6c61e70c99c7293f810149af88cace61\" style=\"font-size:16px\">Ne vous arr\u00eatez pas \u00e0 la premi\u00e8re offre que vous recevez.\nComparez diff\u00e9rentes options hypoth\u00e9caires \u00e0 l&rsquo;aide d&rsquo;outils de comparaison en ligne tels que FastHypo pour trouver le pr\u00eat hypoth\u00e9caire qui r\u00e9pond le mieux \u00e0 vos besoins. <\/p>\n\n<h3 class=\"wp-block-heading\">Tenez compte des co\u00fbts suppl\u00e9mentaires<\/h3>\n\n<p class=\"has-black-color has-text-color has-link-color wp-elements-65480833733df3953788014044714b1e\" style=\"font-size:16px\">N&rsquo;oubliez pas que l&rsquo;achat d&rsquo;un logement implique \u00e9galement des frais suppl\u00e9mentaires tels que les frais de notaire, les droits d&rsquo;enregistrement et les frais de r\u00e9novation ou d&rsquo;entretien.\nAssurez-vous que votre budget couvre \u00e9galement ces d\u00e9penses. <\/p>\n\n<div style=\"height:40px\" aria-hidden=\"true\" class=\"wp-block-spacer\"><\/div>\n\n<h2 class=\"wp-block-heading\">Conclusion<\/h2>\n\n<p class=\"has-black-color has-text-color has-link-color wp-elements-a8c5079209edbd69385d7dd6f063f111\" style=\"font-size:16px\">L&rsquo;achat d&rsquo;un logement par un jeune en Suisse est un r\u00eave r\u00e9alisable, surtout s&rsquo;il est assorti d&rsquo;une hypoth\u00e8que appropri\u00e9e.\nLes hypoth\u00e8ques pour jeunes offrent des conditions favorables, mais il est essentiel de choisir avec soin et de planifier de mani\u00e8re ad\u00e9quate.\nUtilisez les outils disponibles pour comparer les options et assurez-vous que vous disposez d&rsquo;une base financi\u00e8re solide avant de vous lancer.\nAvec la bonne pr\u00e9paration et les bons conseils, le r\u00eave de devenir propri\u00e9taire peut devenir une r\u00e9alit\u00e9, m\u00eame pour les plus jeunes acheteurs.   <\/p>\n","protected":false},"excerpt":{"rendered":"<p>L&rsquo;achat d&rsquo;un logement est l&rsquo;une des \u00e9tapes les plus importantes dans la vie d&rsquo;une personne, mais pour les jeunes, cela peut sembler un d\u00e9fi insurmontable. Cependant, avec le bon pr\u00eat hypoth\u00e9caire, m\u00eame les jeunes peuvent transformer leur r\u00eave de devenir propri\u00e9taire en r\u00e9alit\u00e9. Cet article examine tout ce que vous devez savoir sur les hypoth\u00e8ques<\/p>\n<a class=\"read-more\" href=\"https:\/\/fasthypo.ch\/fr\/hypotheque-jeunesse-guide-complet-des-hypotheques-pour-les-jeunes-en-suisse\/\">Read More<\/a>","protected":false},"author":1,"featured_media":0,"parent":0,"menu_order":0,"comment_status":"closed","ping_status":"closed","template":"","meta":{"footnotes":""},"_links":{"self":[{"href":"https:\/\/fasthypo.ch\/fr\/wp-json\/wp\/v2\/pages\/5309"}],"collection":[{"href":"https:\/\/fasthypo.ch\/fr\/wp-json\/wp\/v2\/pages"}],"about":[{"href":"https:\/\/fasthypo.ch\/fr\/wp-json\/wp\/v2\/types\/page"}],"author":[{"embeddable":true,"href":"https:\/\/fasthypo.ch\/fr\/wp-json\/wp\/v2\/users\/1"}],"replies":[{"embeddable":true,"href":"https:\/\/fasthypo.ch\/fr\/wp-json\/wp\/v2\/comments?post=5309"}],"version-history":[{"count":0,"href":"https:\/\/fasthypo.ch\/fr\/wp-json\/wp\/v2\/pages\/5309\/revisions"}],"wp:attachment":[{"href":"https:\/\/fasthypo.ch\/fr\/wp-json\/wp\/v2\/media?parent=5309"}],"curies":[{"name":"wp","href":"https:\/\/api.w.org\/{rel}","templated":true}]}}