{"id":4870,"date":"2024-07-13T15:14:45","date_gmt":"2024-07-13T15:14:45","guid":{"rendered":"https:\/\/fasthypo.ch\/exigences-en-matiere-dhypotheque-un-guide-complet\/"},"modified":"2024-08-29T16:58:59","modified_gmt":"2024-08-29T16:58:59","slug":"exigences-en-matiere-dhypotheque-un-guide-complet","status":"publish","type":"page","link":"https:\/\/fasthypo.ch\/fr\/exigences-en-matiere-dhypotheque-un-guide-complet\/","title":{"rendered":"Exigences en mati\u00e8re d&rsquo;hypoth\u00e8que : Un guide complet"},"content":{"rendered":"\n<figure class=\"wp-block-image size-large\"><img fetchpriority=\"high\" decoding=\"async\" width=\"1024\" height=\"683\" src=\"https:\/\/fasthypo.ch\/wp-content\/uploads\/2024\/07\/mortgage-requirements-1024x683.webp\" alt=\"\" class=\"wp-image-4414\" srcset=\"https:\/\/fasthypo.ch\/wp-content\/uploads\/2024\/07\/mortgage-requirements-1024x683.webp 1024w, https:\/\/fasthypo.ch\/wp-content\/uploads\/2024\/07\/mortgage-requirements-300x200.webp 300w, https:\/\/fasthypo.ch\/wp-content\/uploads\/2024\/07\/mortgage-requirements-768x512.webp 768w, https:\/\/fasthypo.ch\/wp-content\/uploads\/2024\/07\/mortgage-requirements-1536x1024.webp 1536w, https:\/\/fasthypo.ch\/wp-content\/uploads\/2024\/07\/mortgage-requirements.webp 1999w\" sizes=\"(max-width: 1024px) 100vw, 1024px\" \/><\/figure>\n\n<div style=\"height:40px\" aria-hidden=\"true\" class=\"wp-block-spacer\"><\/div>\n\n<h2 class=\"wp-block-heading\" style=\"font-size:27px\">Introduction aux exigences en mati\u00e8re d&rsquo;hypoth\u00e8que<\/h2>\n\n<p class=\"has-black-color has-text-color has-link-color wp-elements-5d1b15260db3f56502e00b9c722da2d0\" style=\"font-size:16px\">Pour obtenir un pr\u00eat hypoth\u00e9caire, il faut r\u00e9pondre \u00e0 des exigences sp\u00e9cifiques que les pr\u00eateurs utilisent pour \u00e9valuer la capacit\u00e9 de l&#8217;emprunteur \u00e0 rembourser le pr\u00eat.\nCes crit\u00e8res garantissent que le pr\u00eateur et l&#8217;emprunteur sont pr\u00eats \u00e0 assumer l&rsquo;engagement financier qu&rsquo;ils prennent.\nComprendre ces crit\u00e8res peut contribuer \u00e0 simplifier la proc\u00e9dure de demande et \u00e0 am\u00e9liorer vos chances d&rsquo;approbation.  <\/p>\n\n<div style=\"height:36px\" aria-hidden=\"true\" class=\"wp-block-spacer\"><\/div>\n\n<div style=\"height:36px\" aria-hidden=\"true\" class=\"wp-block-spacer\"><\/div>\n\n<h2 class=\"wp-block-heading\" style=\"font-size:27px\">Stabilit\u00e9 financi\u00e8re et solvabilit\u00e9<\/h2>\n\n<div style=\"height:36px\" aria-hidden=\"true\" class=\"wp-block-spacer\"><\/div>\n\n<h3 class=\"wp-block-heading has-black-color has-text-color has-link-color wp-elements-828c63a24fc2c5247712507662fdf41c\" style=\"font-size:22px;font-style:normal;font-weight:600\">V\u00e9rification des revenus<\/h3>\n\n<p class=\"has-black-color has-text-color has-link-color wp-elements-f17a407629999005a1acdae51d5d9726\" style=\"font-size:16px\">Pour d\u00e9terminer votre capacit\u00e9 \u00e0 rembourser le pr\u00eat hypoth\u00e9caire, les pr\u00eateurs exigent une preuve de revenus stables et suffisants.\nIl s&rsquo;agit g\u00e9n\u00e9ralement des \u00e9l\u00e9ments suivants <\/p>\n\n<ul>\n<li class=\"wp-elements-63e48efb12df49306aaea4d853ab8e8f\" style=\"font-size:16px\"><strong>Des bulletins de salaire r\u00e9cents<\/strong>: Ces documents indiquent vos revenus actuels et votre situation professionnelle.<\/li>\n\n\n\n<li class=\"wp-elements-d7e3a8cb28b299f9f0aa2717ab0dbcc2\" style=\"font-size:16px\"><strong>D\u00e9clarations fiscales<\/strong>: Pour les travailleurs ind\u00e9pendants, les d\u00e9clarations de revenus fournissent une vue d\u00e9taill\u00e9e des revenus au fil du temps.<\/li>\n\n\n\n<li class=\"wp-elements-25f81d16268ac9a9f8f7f01d9491d199\" style=\"font-size:16px\"><strong>Relev\u00e9s bancaires<\/strong>: Ces relev\u00e9s confirment la r\u00e9gularit\u00e9 des d\u00e9p\u00f4ts de revenus et la stabilit\u00e9 financi\u00e8re globale.<\/li>\n<\/ul>\n\n<div style=\"height:36px\" aria-hidden=\"true\" class=\"wp-block-spacer\"><\/div>\n\n<h3 class=\"wp-block-heading has-black-color has-text-color has-link-color wp-elements-8778c14b8404e41e08769755efcd87bd\" style=\"font-size:22px;font-style:normal;font-weight:600\">Score de cr\u00e9dit<\/h3>\n\n<p class=\"has-black-color has-text-color has-link-color wp-elements-5c6f56bd0c715073b7ed9221807f8a9d\" style=\"font-size:16px\">Votre cote de cr\u00e9dit est un facteur cl\u00e9 dans l&rsquo;approbation d&rsquo;un pr\u00eat hypoth\u00e9caire et influe sur le taux d&rsquo;int\u00e9r\u00eat offert.\nUne meilleure cote de cr\u00e9dit se traduit g\u00e9n\u00e9ralement par de meilleures conditions de pr\u00eat.\nAm\u00e9liorez votre cote de cr\u00e9dit en :  <\/p>\n\n<ul>\n<li class=\"wp-elements-27308b36c2d7b7e31fc943a2865c668d\" style=\"font-size:16px\"><strong>Payer les factures \u00e0 temps<\/strong>: Veillez \u00e0 ce que toutes les dettes et tous les services publics soient pay\u00e9s \u00e0 temps.<\/li>\n\n\n\n<li class=\"wp-elements-6f819c534e8dc02154d47277eb234da5\" style=\"font-size:16px\"><strong>R\u00e9duction de la dette existante<\/strong>: r\u00e9duisez le solde de vos cartes de cr\u00e9dit et de vos emprunts afin d&rsquo;am\u00e9liorer votre ratio dette\/revenu.<\/li>\n\n\n\n<li class=\"wp-elements-910a0f128cd377a59419fcf38b562b0f\" style=\"font-size:16px\"><strong>V\u00e9rifier votre dossier de cr\u00e9dit<\/strong>: V\u00e9rifiez r\u00e9guli\u00e8rement votre dossier de cr\u00e9dit et corrigez toute erreur qui pourrait s&rsquo;y trouver.<\/li>\n<\/ul>\n\n<div style=\"height:36px\" aria-hidden=\"true\" class=\"wp-block-spacer\"><\/div>\n\n<h3 class=\"wp-block-heading has-black-color has-text-color has-link-color wp-elements-4a306da2e87baa2d9327cdaac215873f\" style=\"font-size:22px;font-style:normal;font-weight:600\">Ratio dette\/revenu<\/h3>\n\n<p class=\"has-black-color has-text-color has-link-color wp-elements-8130cfbfe93371986ec38a76b9d754bf\" style=\"font-size:16px\">Le ratio dette\/revenu (DTI) \u00e9value le total de vos remboursements mensuels par rapport \u00e0 votre revenu mensuel brut.\nCe ratio aide les pr\u00eateurs \u00e0 d\u00e9terminer votre capacit\u00e9 \u00e0 g\u00e9rer des dettes suppl\u00e9mentaires.\nLe ratio DTI id\u00e9al est g\u00e9n\u00e9ralement inf\u00e9rieur \u00e0 36 % :  <\/p>\n\n<ul>\n<li class=\"wp-elements-57ea469e8cb9ded20ef9c029bacf963d\" style=\"font-size:16px\"><strong>Ratio d&rsquo;entr\u00e9e<\/strong>: Le pourcentage du revenu consacr\u00e9 aux frais de logement (paiements hypoth\u00e9caires, imp\u00f4ts fonciers, assurances).<\/li>\n\n\n\n<li class=\"wp-elements-4d7bf9ebdbe6006210703144892fbcdd\" style=\"font-size:16px\"><strong>Ratio d&rsquo;endettement<\/strong>: Le pourcentage du revenu utilis\u00e9 pour le remboursement de toutes les dettes, y compris le pr\u00eat hypoth\u00e9caire.<\/li>\n<\/ul>\n\n<div style=\"height:36px\" aria-hidden=\"true\" class=\"wp-block-spacer\"><\/div>\n\n<div style=\"height:36px\" aria-hidden=\"true\" class=\"wp-block-spacer\"><\/div>\n\n<h2 class=\"wp-block-heading\" style=\"font-size:27px\">Exigences en mati\u00e8re d&rsquo;acompte<\/h2>\n\n<div style=\"height:36px\" aria-hidden=\"true\" class=\"wp-block-spacer\"><\/div>\n\n<h3 class=\"wp-block-heading has-black-color has-text-color has-link-color wp-elements-276feb8116178a17b8d3c309c0b0ff16\" style=\"font-size:22px;font-style:normal;font-weight:600\">Montant de l&rsquo;acompte<\/h3>\n\n<p class=\"has-black-color has-text-color has-link-color wp-elements-68a22b835ae9131797310f796b376577\" style=\"font-size:16px\">L&rsquo;acompte est un co\u00fbt initial important lors de l&rsquo;achat d&rsquo;un bien immobilier.\nLes exigences les plus courantes sont les suivantes : <\/p>\n\n<ul>\n<li class=\"wp-elements-02e94b7d349a3da5f51c7effc0f0c8b6\" style=\"font-size:16px\"><strong>Hypoth\u00e8ques conventionnelles<\/strong>: G\u00e9n\u00e9ralement, un acompte de 20 % est exig\u00e9 pour \u00e9viter l&rsquo;assurance hypoth\u00e9caire priv\u00e9e (PMI).<\/li>\n\n\n\n<li class=\"wp-elements-95245c82e9a0c987ceee183266a16008\" style=\"font-size:16px\"><strong>Pr\u00eats FHA<\/strong>: Permettent des acomptes moins \u00e9lev\u00e9s, souvent autour de 3,5 %.<\/li>\n\n\n\n<li class=\"wp-elements-33ca352b8aa97c16f8b510a723ee8932\" style=\"font-size:16px\"><strong>Pr\u00eats VA et USDA<\/strong>: Peuvent offrir des options sans acompte pour les emprunteurs \u00e9ligibles.<\/li>\n<\/ul>\n\n<div style=\"height:36px\" aria-hidden=\"true\" class=\"wp-block-spacer\"><\/div>\n\n<h3 class=\"wp-block-heading has-black-color has-text-color has-link-color wp-elements-34b6e30f1ece50ec30a67bdd3ccbbfc8\" style=\"font-size:22px;font-style:normal;font-weight:600\">Source de l&rsquo;acompte<\/h3>\n\n<p class=\"has-black-color has-text-color has-link-color wp-elements-6e61985d516e4f9d6c21d793a9aff898\" style=\"font-size:16px\">Les pr\u00eateurs doivent v\u00e9rifier que les fonds de l&rsquo;acompte proviennent de sources acceptables.\nLes sources les plus courantes sont les suivantes : <\/p>\n\n<ul>\n<li class=\"wp-elements-0fc8b19791f867447bac934a3ed96c63\" style=\"font-size:16px\"><strong>Comptes d&rsquo;\u00e9pargne<\/strong>: Fonds accumul\u00e9s gr\u00e2ce \u00e0 l&rsquo;\u00e9pargne personnelle.<\/li>\n\n\n\n<li class=\"wp-elements-43dd4d840d2c636181bd3a457d5a084b\" style=\"font-size:16px\"><strong>Fonds de donation<\/strong>: Argent re\u00e7u de la famille, justifi\u00e9 par une lettre de donation.<\/li>\n\n\n\n<li class=\"wp-elements-1f0fb64d380b72954f8a1f2185323fe3\" style=\"font-size:16px\"><strong>Comptes de retraite<\/strong>: Retraits de l&rsquo;\u00e9pargne-retraite, sous r\u00e9serve de r\u00e9glementations sp\u00e9cifiques.<\/li>\n<\/ul>\n\n<div style=\"height:36px\" aria-hidden=\"true\" class=\"wp-block-spacer\"><\/div>\n\n<div style=\"height:36px\" aria-hidden=\"true\" class=\"wp-block-spacer\"><\/div>\n\n<h2 class=\"wp-block-heading\" style=\"font-size:27px\">Exigences en mati\u00e8re de documentation<\/h2>\n\n<div style=\"height:36px\" aria-hidden=\"true\" class=\"wp-block-spacer\"><\/div>\n\n<h3 class=\"wp-block-heading has-black-color has-text-color has-link-color wp-elements-a4f0118f2b7bdc129f8e7728c00d7625\" style=\"font-size:22px;font-style:normal;font-weight:600\">Preuve d&rsquo;identit\u00e9<\/h3>\n\n<p class=\"has-black-color has-text-color has-link-color wp-elements-dea359cf29b404b86ce4316a9d4bbbde\" style=\"font-size:16px\">Pour v\u00e9rifier votre identit\u00e9, les pr\u00eateurs demandent g\u00e9n\u00e9ralement :<\/p>\n\n<ul style=\"font-size:16px\" class=\"has-black-color has-text-color has-link-color wp-elements-d257bf0f6a3099fbba10d05282a93e03\">\n<li class=\"wp-elements-a66a5ad915b5a25b226df71d37245d07\" style=\"font-size:16px\"><strong>Pi\u00e8ce d&rsquo;identit\u00e9 d\u00e9livr\u00e9e par le gouvernement<\/strong>: passeport ou permis de conduire, par exemple.<\/li>\n\n\n\n<li class=\"wp-elements-099b0fa475dca86168092b3500dca16d\" style=\"font-size:16px\"><strong>Num\u00e9ro de s\u00e9curit\u00e9 sociale<\/strong>: Ou identification \u00e9quivalente dans d&rsquo;autres pays.<\/li>\n<\/ul>\n\n<div style=\"height:36px\" aria-hidden=\"true\" class=\"wp-block-spacer\"><\/div>\n\n<h3 class=\"wp-block-heading has-black-color has-text-color has-link-color wp-elements-23506ceada6153d67a257e40c4f75eb1\" style=\"font-size:22px;font-style:normal;font-weight:600\">Preuve de r\u00e9sidence<\/h3>\n\n<p class=\"has-black-color has-text-color has-link-color wp-elements-c7798368a6a5eea46020664427d396a8\" style=\"font-size:16px\">Pour confirmer votre statut de r\u00e9sident, fournissez :<\/p>\n\n<ul>\n<li class=\"wp-elements-d3d31be949123dfab280b22699c75abb\" style=\"font-size:16px\"><strong>Factures de services publics<\/strong>: Factures r\u00e9centes indiquant votre adresse actuelle.<\/li>\n\n\n\n<li class=\"wp-elements-00c48865594d83d6dd0b46cb2a96b8dc\" style=\"font-size:16px\"><strong>Contrat de bail ou acte de propri\u00e9t\u00e9<\/strong>: Preuve de votre statut de r\u00e9sident.<\/li>\n<\/ul>\n\n<div style=\"height:36px\" aria-hidden=\"true\" class=\"wp-block-spacer\"><\/div>\n\n<h3 class=\"wp-block-heading has-black-color has-text-color has-link-color wp-elements-52a0340cf0e5516841f2a9d303e73128\" style=\"font-size:22px;font-style:normal;font-weight:600\">V\u00e9rification de l&#8217;emploi<\/h3>\n\n<p class=\"has-black-color has-text-color has-link-color wp-elements-d1babfe83decb679a31a7a204be6af7b\" style=\"font-size:16px\">Pour confirmer votre situation professionnelle et vos revenus, vous pouvez \u00eatre amen\u00e9 \u00e0 fournir des informations :<\/p>\n\n<ul style=\"font-size:16px\" class=\"has-black-color has-text-color has-link-color wp-elements-eb0cac9e3d6cbb8008e69aad653a1fab\">\n<li class=\"wp-elements-4e46091b6ec33e02a841b7451bdb7b4f\" style=\"font-size:16px\"><strong>Lettres d&#8217;emploi<\/strong>: Confirmation de votre employeur concernant votre emploi et votre salaire.<\/li>\n\n\n\n<li class=\"wp-elements-6cee7b4a4e18a2ba20b701477ce388a1\" style=\"font-size:16px\"><strong>Des bulletins de salaire r\u00e9cents<\/strong>: Pour indiquer vos revenus actuels.<\/li>\n<\/ul>\n\n<div style=\"height:36px\" aria-hidden=\"true\" class=\"wp-block-spacer\"><\/div>\n\n<div style=\"height:36px\" aria-hidden=\"true\" class=\"wp-block-spacer\"><\/div>\n\n<h2 class=\"wp-block-heading\" style=\"font-size:27px\">Conditions sp\u00e9cifiques et crit\u00e8res du pr\u00eateur<\/h2>\n\n<div style=\"height:36px\" aria-hidden=\"true\" class=\"wp-block-spacer\"><\/div>\n\n<h3 class=\"wp-block-heading has-black-color has-text-color has-link-color wp-elements-bce9d602104629024a52f8836f8da40a\" style=\"font-size:22px;font-style:normal;font-weight:600\">Type de propri\u00e9t\u00e9<\/h3>\n\n<p class=\"has-black-color has-text-color has-link-color wp-elements-b4d0db73815c7b4cd86acdbf599853da\" style=\"font-size:16px\">Les exigences en mati\u00e8re de pr\u00eat hypoth\u00e9caire varient en fonction du type de bien immobilier :<\/p>\n\n<ul>\n<li class=\"wp-elements-2190995f75b22d65a1b51727d56dd92b\" style=\"font-size:16px\"><strong>R\u00e9sidences principales<\/strong>: Les restrictions sont g\u00e9n\u00e9ralement moins nombreuses et les taux d&rsquo;int\u00e9r\u00eat moins \u00e9lev\u00e9s.<\/li>\n\n\n\n<li class=\"wp-elements-3df7fb7b88e478d6a6d5fdf0bdaba6b6\" style=\"font-size:16px\"><strong>Les r\u00e9sidences secondaires et les biens d&rsquo;investissement<\/strong>: Exigent souvent des acomptes plus \u00e9lev\u00e9s et des crit\u00e8res de cr\u00e9dit plus stricts.<\/li>\n<\/ul>\n\n<div style=\"height:36px\" aria-hidden=\"true\" class=\"wp-block-spacer\"><\/div>\n\n<h3 class=\"wp-block-heading has-black-color has-text-color has-link-color wp-elements-c7937c16fe6bba4f556f53f7813dfd2a\" style=\"font-size:22px;font-style:normal;font-weight:600\">Type d&rsquo;hypoth\u00e8que<\/h3>\n\n<p class=\"has-black-color has-text-color has-link-color wp-elements-5c68c954c4b0d59d4e7051afdb23a7ac\" style=\"font-size:16px\">Le type de pr\u00eat hypoth\u00e9caire a une incidence sur les exigences et les conditions :<\/p>\n\n<ul>\n<li class=\"wp-elements-153a22ef2c2705727d9800faf4f64820\" style=\"font-size:16px\"><strong>Hypoth\u00e8ques \u00e0 taux fixe<\/strong>: Ils offrent des taux d&rsquo;int\u00e9r\u00eat stables et des conditions standard.<\/li>\n\n\n\n<li class=\"wp-elements-e169265338fbda7bdb0f8f6ab4015e24\" style=\"font-size:16px\"><strong>Hypoth\u00e8ques \u00e0 taux variable (ARM)<\/strong>: Des crit\u00e8res suppl\u00e9mentaires peuvent s&rsquo;appliquer en raison de la fluctuation des taux d&rsquo;int\u00e9r\u00eat.<\/li>\n\n\n\n<li class=\"wp-elements-4efec5fc6e4d8d5d513597d7e28da632\" style=\"font-size:16px\"><strong>Pr\u00eats garantis par le gouvernement<\/strong>: Les pr\u00eats FHA, VA et USDA sont assortis de crit\u00e8res d&rsquo;\u00e9ligibilit\u00e9 et d&rsquo;exigences sp\u00e9cifiques en mati\u00e8re de documentation.<\/li>\n<\/ul>\n\n<div style=\"height:36px\" aria-hidden=\"true\" class=\"wp-block-spacer\"><\/div>\n\n<div style=\"height:36px\" aria-hidden=\"true\" class=\"wp-block-spacer\"><\/div>\n\n<h2 class=\"wp-block-heading\" style=\"font-size:27px\">Exigences en mati\u00e8re d&rsquo;hypoth\u00e8que pour les acheteurs \u00e9trangers<\/h2>\n\n<div style=\"height:36px\" aria-hidden=\"true\" class=\"wp-block-spacer\"><\/div>\n\n<h3 class=\"wp-block-heading has-black-color has-text-color has-link-color wp-elements-91dc55cabdc3a2278961322ac3e5b6dd\" style=\"font-size:22px;font-style:normal;font-weight:600\">Documentation compl\u00e9mentaire<\/h3>\n\n<p class=\"has-black-color has-text-color has-link-color wp-elements-544f5bfc67e0c8af4a9cbfa3273592e5\" style=\"font-size:16px\">Les acheteurs \u00e9trangers peuvent \u00eatre soumis \u00e0 des exigences suppl\u00e9mentaires en mati\u00e8re de documentation :<\/p>\n\n<ul>\n<li class=\"wp-elements-b6c537427c13d1c08e1ad6e96a171c7f\" style=\"font-size:16px\"><strong>Preuve de revenus et d&rsquo;actifs<\/strong>: Documents internationaux permettant de v\u00e9rifier la stabilit\u00e9 financi\u00e8re.<\/li>\n\n\n\n<li class=\"wp-elements-ecda43370f508cc93e09b927da272a84\" style=\"font-size:16px\"><strong>Statut de r\u00e9sident<\/strong>: V\u00e9rification du visa ou du statut de r\u00e9sident.<\/li>\n\n\n\n<li class=\"wp-elements-d9144dde29a8dbea88c9b1256d090730\" style=\"font-size:16px\"><strong>Ant\u00e9c\u00e9dents de cr\u00e9dit international<\/strong>: Certains pr\u00eateurs peuvent exiger un rapport de cr\u00e9dit \u00e9tranger ou une preuve \u00e9quivalente de solvabilit\u00e9.<\/li>\n<\/ul>\n\n<div style=\"height:36px\" aria-hidden=\"true\" class=\"wp-block-spacer\"><\/div>\n\n<h3 class=\"wp-block-heading has-black-color has-text-color has-link-color wp-elements-571a753647c04ff9a6d9490ded7b992a\" style=\"font-size:22px;font-style:normal;font-weight:600\">Des acomptes plus \u00e9lev\u00e9s<\/h3>\n\n<p class=\"has-black-color has-text-color has-link-color wp-elements-fdd1adc03ec63821f4356bd8f169d883\" style=\"font-size:16px\">Les acheteurs \u00e9trangers doivent souvent verser un acompte plus important, allant de 25 \u00e0 40 % de la valeur du bien, en raison de facteurs de risque accrus.<\/p>\n\n<div style=\"height:36px\" aria-hidden=\"true\" class=\"wp-block-spacer\"><\/div>\n\n<div style=\"height:36px\" aria-hidden=\"true\" class=\"wp-block-spacer\"><\/div>\n\n<h2 class=\"wp-block-heading\" style=\"font-size:27px\">Consid\u00e9rations finales<\/h2>\n\n<p class=\"has-black-color has-text-color has-link-color wp-elements-b9f0ea70392c606e2737ac1ed4f54d70\" style=\"font-size:16px\">Il est essentiel de comprendre les exigences en mati\u00e8re d&rsquo;hypoth\u00e8que pour obtenir un pr\u00eat et prendre des d\u00e9cisions en connaissance de cause.\nEn remplissant les crit\u00e8res financiers, en pr\u00e9parant les documents n\u00e9cessaires et en respectant les conditions sp\u00e9cifiques du pr\u00eateur, <strong>vous augmentez vos chances d&rsquo;approbation<\/strong>.\nPour des conseils personnalis\u00e9s et une assistance d&rsquo;experts, FastHypo est l\u00e0 pour vous aider. <a href=\"https:\/\/fasthypo.ch\">Explorez vos options hypoth\u00e9caires avec FastHypo<\/a> et passez \u00e0 l&rsquo;\u00e9tape suivante pour obtenir votre pr\u00eat hypoth\u00e9caire id\u00e9al.  <\/p>\n","protected":false},"excerpt":{"rendered":"<p>Introduction aux exigences en mati\u00e8re d&rsquo;hypoth\u00e8que Pour obtenir un pr\u00eat hypoth\u00e9caire, il faut r\u00e9pondre \u00e0 des exigences sp\u00e9cifiques que les pr\u00eateurs utilisent pour \u00e9valuer la capacit\u00e9 de l&#8217;emprunteur \u00e0 rembourser le pr\u00eat. Ces crit\u00e8res garantissent que le pr\u00eateur et l&#8217;emprunteur sont pr\u00eats \u00e0 assumer l&rsquo;engagement financier qu&rsquo;ils prennent. Comprendre ces crit\u00e8res peut contribuer \u00e0 simplifier<\/p>\n<a class=\"read-more\" href=\"https:\/\/fasthypo.ch\/fr\/exigences-en-matiere-dhypotheque-un-guide-complet\/\">Read More<\/a>","protected":false},"author":1,"featured_media":0,"parent":0,"menu_order":0,"comment_status":"closed","ping_status":"closed","template":"","meta":{"footnotes":""},"_links":{"self":[{"href":"https:\/\/fasthypo.ch\/fr\/wp-json\/wp\/v2\/pages\/4870"}],"collection":[{"href":"https:\/\/fasthypo.ch\/fr\/wp-json\/wp\/v2\/pages"}],"about":[{"href":"https:\/\/fasthypo.ch\/fr\/wp-json\/wp\/v2\/types\/page"}],"author":[{"embeddable":true,"href":"https:\/\/fasthypo.ch\/fr\/wp-json\/wp\/v2\/users\/1"}],"replies":[{"embeddable":true,"href":"https:\/\/fasthypo.ch\/fr\/wp-json\/wp\/v2\/comments?post=4870"}],"version-history":[{"count":0,"href":"https:\/\/fasthypo.ch\/fr\/wp-json\/wp\/v2\/pages\/4870\/revisions"}],"wp:attachment":[{"href":"https:\/\/fasthypo.ch\/fr\/wp-json\/wp\/v2\/media?parent=4870"}],"curies":[{"name":"wp","href":"https:\/\/api.w.org\/{rel}","templated":true}]}}