{"id":6064,"date":"2024-09-02T15:43:04","date_gmt":"2024-09-02T15:43:04","guid":{"rendered":"https:\/\/fasthypo.ch\/ein-mitarbeiter-wird-sie-in-kuerze-anrufen-um-das-beste-hypothekenangebot-zu-finden\/"},"modified":"2024-09-05T19:37:10","modified_gmt":"2024-09-05T19:37:10","slug":"ein-mitarbeiter-wird-sie-in-kuerze-anrufen-um-das-beste-hypothekenangebot-zu-finden","status":"publish","type":"page","link":"https:\/\/fasthypo.ch\/de\/ein-mitarbeiter-wird-sie-in-kuerze-anrufen-um-das-beste-hypothekenangebot-zu-finden\/","title":{"rendered":"Ein Mitarbeiter wird Sie in K\u00fcrze anrufen, um das beste Hypothekenangebot zu finden."},"content":{"rendered":"\t\t<div data-elementor-type=\"wp-page\" data-elementor-id=\"6064\" class=\"elementor elementor-6064 elementor-5964\" data-elementor-post-type=\"page\">\n\t\t\t\t<div class=\"elementor-element elementor-element-a492af2 e-flex e-con-boxed e-con e-parent\" data-id=\"a492af2\" data-element_type=\"container\">\n\t\t\t\t\t<div class=\"e-con-inner\">\n\t\t\t\t<div class=\"elementor-element elementor-element-f47da5d elementor-view-default elementor-widget elementor-widget-icon\" data-id=\"f47da5d\" data-element_type=\"widget\" data-widget_type=\"icon.default\">\n\t\t\t\t<div class=\"elementor-widget-container\">\n\t\t\t\t\t\t\t<div class=\"elementor-icon-wrapper\">\n\t\t\t<div class=\"elementor-icon\">\n\t\t\t<svg xmlns=\"http:\/\/www.w3.org\/2000\/svg\" xmlns:xlink=\"http:\/\/www.w3.org\/1999\/xlink\" fill=\"#FC6409\" id=\"Capa_1\" width=\"185px\" height=\"185px\" viewBox=\"0 0 45.854 45.854\" xml:space=\"preserve\" stroke=\"#FC6409\"><g id=\"SVGRepo_bgCarrier\" stroke-width=\"0\"><\/g><g id=\"SVGRepo_tracerCarrier\" stroke-linecap=\"round\" stroke-linejoin=\"round\"><\/g><g id=\"SVGRepo_iconCarrier\"> <g> <path d=\"M31.751,26.057l-3.572-0.894c1.507-1.339,2.736-3.181,3.559-5.2c1.152-0.255,2.209-1.214,2.383-3.327 c0.164-1.99-0.444-2.877-1.26-3.264c-0.01-0.237-0.021-0.469-0.035-0.696c1.049-5.812-3.103-7.843-3.426-7.941 c-0.541-0.822-4.207-5.821-10.858-1.763c-0.974,0.594-2.519,1.764-3.344,2.942c-0.992,1.246-1.713,3.049-2.009,5.655 c-0.205,0.022-0.409,0.054-0.611,0.1c-0.054-1.279,0.017-5.048,2.405-7.728c1.766-1.981,4.448-2.986,7.968-2.986 c3.526,0,6.263,1.013,8.135,3.009c3.075,3.28,2.797,8.175,2.794,8.224c-0.018,0.262,0.182,0.489,0.443,0.506 c0.012,0.001,0.021,0.001,0.033,0.001c0.248,0,0.457-0.193,0.475-0.445c0.015-0.217,0.312-5.345-3.045-8.933 C29.727,1.116,26.754,0,22.95,0c-3.808,0-6.73,1.114-8.686,3.312c-2.859,3.213-2.706,7.66-2.625,8.695 c-1.113,0.595-1.917,1.89-1.689,4.662c0.301,3.653,2.422,4.926,4.428,4.926c0.39,0,0.734-0.084,1.038-0.239 c1.148,0.743,2.991,1.387,5.944,1.507c0.29,0.436,0.896,0.735,1.6,0.735c0.982,0,1.779-0.586,1.779-1.309 c0-0.723-0.797-1.309-1.779-1.309c-0.801,0-1.478,0.389-1.701,0.924c-1.937-0.092-3.324-0.421-4.315-0.836 c-1.353-1.819-1.996-4.907-1.996-6.671c0-0.653,0.021-1.26,0.059-1.825c6.256,0.21,9.975-2.319,12.007-4.516 c2.617,2.608,3.548,6.138,3.858,7.825c-0.606,4.628-3.906,9.54-7.912,9.54c-1.723,0-3.316-0.909-4.62-2.313 c-1.332-0.278-2.441-0.713-3.323-1.303c0.72,1.287,1.614,2.438,2.645,3.352l-3.58,0.898c-4.889,1.225-8.28,5.598-8.28,10.637v6.033 c0,1.711,1.347,3.129,3.058,3.129h28.09c1.711,0,3.102-1.418,3.102-3.129v-6.033C40.053,31.654,36.64,27.279,31.751,26.057z M30.272,27.652l-4.65,3.183l-1.416-3.622c0.64-0.12,1.259-0.33,1.853-0.617L30.272,27.652z M19.786,26.589 c0.583,0.28,1.194,0.488,1.827,0.61l-1.422,3.637l-4.651-3.184L19.786,26.589z M18.753,43.896h-5.352v-2.533 c0-0.264-0.211-0.477-0.475-0.477c-0.263,0-0.475,0.213-0.475,0.477v2.533h-3.59c-0.66,0-1.159-0.512-1.159-1.172v-6.031 c0-4.088,2.702-7.646,6.624-8.73l5.872,4.025c0.06,0.615,0.572,1.119,1.229,1.137L18.753,43.896z M22.149,28.463l0.446-1.145 c0.121,0.006,0.542,0.008,0.631,0.004l0.445,1.141H22.149z M38.153,42.725c0,0.66-0.543,1.172-1.203,1.172h-3.605v-2.533 c0-0.264-0.211-0.477-0.475-0.477s-0.476,0.213-0.476,0.477v2.533h-5.343l-2.674-10.771c0.652-0.017,1.162-0.515,1.229-1.123 l5.9-4.039c3.922,1.083,6.645,4.642,6.645,8.729v6.031H38.153z\"><\/path> <\/g> <\/g><\/svg>\t\t\t<\/div>\n\t\t<\/div>\n\t\t\t\t\t\t<\/div>\n\t\t\t\t<\/div>\n\t\t\t\t<div class=\"elementor-element elementor-element-5fda132 elementor-widget elementor-widget-heading\" data-id=\"5fda132\" data-element_type=\"widget\" data-widget_type=\"heading.default\">\n\t\t\t\t<div class=\"elementor-widget-container\">\n\t\t\t\t\t<h1 class=\"elementor-heading-title elementor-size-default\">Ihre Anfrage <br> wurde gesendet!<\/h1>\t\t\t\t<\/div>\n\t\t\t\t<\/div>\n\t\t\t\t<div class=\"elementor-element elementor-element-0a8cbc0 elementor-widget elementor-widget-text-editor\" data-id=\"0a8cbc0\" data-element_type=\"widget\" data-widget_type=\"text-editor.default\">\n\t\t\t\t<div class=\"elementor-widget-container\">\n\t\t\t\t\t\t\t\t\t<h4><span style=\"color: var(--ltn__heading-color);\">Ein Mitarbeiter wird Sie in K\u00fcrze anrufen <br \/>, um die besten Tarife f\u00fcr Ihre Hypothek zu finden!<\/span><\/h4>\n\t\t\t\t\t\t\t\t<\/div>\n\t\t\t\t<\/div>\n\t\t\t\t<div class=\"elementor-element elementor-element-e15b95f elementor-widget elementor-widget-heading\" data-id=\"e15b95f\" data-element_type=\"widget\" data-widget_type=\"heading.default\">\n\t\t\t\t<div class=\"elementor-widget-container\">\n\t\t\t\t\t<h2 class=\"elementor-heading-title elementor-size-default\">Pr\u00fcfen Sie Ihren Posteingang<\/h2>\t\t\t\t<\/div>\n\t\t\t\t<\/div>\n\t\t\t\t<div class=\"elementor-element elementor-element-efbd743 elementor-widget elementor-widget-text-editor\" data-id=\"efbd743\" data-element_type=\"widget\" data-widget_type=\"text-editor.default\">\n\t\t\t\t<div class=\"elementor-widget-container\">\n\t\t\t\t\t\t\t\t\t<p>Wir haben Ihnen eine Best\u00e4tigungs-E-Mail <br \/>f\u00fcr Ihre Anfrage geschickt.<\/p>\n\t\t\t\t\t\t\t\t<\/div>\n\t\t\t\t<\/div>\n\t\t\t\t<div class=\"elementor-element elementor-element-404673d elementor-widget elementor-widget-image\" data-id=\"404673d\" data-element_type=\"widget\" data-widget_type=\"image.default\">\n\t\t\t\t<div class=\"elementor-widget-container\">\n\t\t\t\t\t\t\t\t\t\t\t\t\t\t\t<img decoding=\"async\" width=\"150\" height=\"150\" src=\"https:\/\/fasthypo.ch\/wp-content\/uploads\/2024\/09\/mail-150x150.png?wsr\" class=\"attachment-thumbnail size-thumbnail wp-image-5984\" alt=\"\" srcset=\"https:\/\/fasthypo.ch\/wp-content\/uploads\/2024\/09\/mail-150x150.png 150w, https:\/\/fasthypo.ch\/wp-content\/uploads\/2024\/09\/mail-300x300.png 300w, https:\/\/fasthypo.ch\/wp-content\/uploads\/2024\/09\/mail.png 512w\" sizes=\"(max-width: 150px) 100vw, 150px\" \/>\t\t\t\t\t\t\t\t\t\t\t\t\t\t\t<\/div>\n\t\t\t\t<\/div>\n\t\t\t\t<div class=\"elementor-element elementor-element-7826ca5 elementor-align-center elementor-widget elementor-widget-button\" data-id=\"7826ca5\" data-element_type=\"widget\" data-widget_type=\"button.default\">\n\t\t\t\t<div class=\"elementor-widget-container\">\n\t\t\t\t\t\t\t\t\t<div class=\"elementor-button-wrapper\">\n\t\t\t\t\t<a class=\"elementor-button elementor-button-link elementor-size-sm\" href=\"https:\/\/fasthypo.ch\/de\/\">\n\t\t\t\t\t\t<span class=\"elementor-button-content-wrapper\">\n\t\t\t\t\t\t\t\t\t<span class=\"elementor-button-text\">Zur\u00fcck zur Home Page<\/span>\n\t\t\t\t\t<\/span>\n\t\t\t\t\t<\/a>\n\t\t\t\t<\/div>\n\t\t\t\t\t\t\t\t<\/div>\n\t\t\t\t<\/div>\n\t\t\t\t\t<\/div>\n\t\t\t\t<\/div>\n\t\t\t\t<\/div>\n\t\t","protected":false},"excerpt":{"rendered":"<p>Ihre Anfrage wurde gesendet! Ein Mitarbeiter wird Sie in K\u00fcrze anrufen , um die besten Tarife f\u00fcr Ihre Hypothek zu finden! Pr\u00fcfen Sie Ihren Posteingang Wir haben Ihnen eine Best\u00e4tigungs-E-Mail f\u00fcr Ihre Anfrage geschickt. Zur\u00fcck zur Home Page<\/p>\n<a class=\"read-more\" href=\"https:\/\/fasthypo.ch\/de\/ein-mitarbeiter-wird-sie-in-kuerze-anrufen-um-das-beste-hypothekenangebot-zu-finden\/\">Read More<\/a>","protected":false},"author":1,"featured_media":0,"parent":0,"menu_order":0,"comment_status":"closed","ping_status":"closed","template":"elementor_header_footer","meta":{"footnotes":""},"_links":{"self":[{"href":"https:\/\/fasthypo.ch\/de\/wp-json\/wp\/v2\/pages\/6064"}],"collection":[{"href":"https:\/\/fasthypo.ch\/de\/wp-json\/wp\/v2\/pages"}],"about":[{"href":"https:\/\/fasthypo.ch\/de\/wp-json\/wp\/v2\/types\/page"}],"author":[{"embeddable":true,"href":"https:\/\/fasthypo.ch\/de\/wp-json\/wp\/v2\/users\/1"}],"replies":[{"embeddable":true,"href":"https:\/\/fasthypo.ch\/de\/wp-json\/wp\/v2\/comments?post=6064"}],"version-history":[{"count":0,"href":"https:\/\/fasthypo.ch\/de\/wp-json\/wp\/v2\/pages\/6064\/revisions"}],"wp:attachment":[{"href":"https:\/\/fasthypo.ch\/de\/wp-json\/wp\/v2\/media?parent=6064"}],"curies":[{"name":"wp","href":"https:\/\/api.w.org\/{rel}","templated":true}]}}