{"id":5337,"date":"2024-08-15T16:55:34","date_gmt":"2024-08-15T16:55:34","guid":{"rendered":"https:\/\/fasthypo.ch\/hypotheken-fuer-grenzueberschreitende-arbeitnehmer-unverzichtbarer-leitfaden-tipps\/"},"modified":"2024-08-29T15:42:42","modified_gmt":"2024-08-29T15:42:42","slug":"hypotheken-fuer-grenzueberschreitende-arbeitnehmer-unverzichtbarer-leitfaden-tipps","status":"publish","type":"page","link":"https:\/\/fasthypo.ch\/de\/hypotheken-fuer-grenzueberschreitende-arbeitnehmer-unverzichtbarer-leitfaden-tipps\/","title":{"rendered":"Hypotheken f\u00fcr grenz\u00fcberschreitende Arbeitnehmer: Unverzichtbarer Leitfaden &amp; Tipps"},"content":{"rendered":"\n<p class=\"has-black-color has-text-color has-link-color wp-elements-9f251239f67eb0dc48c7bc14cd3d51b8\" style=\"font-size:16px\">Grenzg\u00e4nger, oft auch als Frontaliers oder Grenzg\u00e4nger bezeichnet, stellen ein einzigartiges Segment des Hypothekenmarktes in der Schweiz dar.\nDiese Personen leben in Nachbarl\u00e4ndern wie Frankreich, Deutschland oder Italien, arbeiten aber in der Schweiz.\nDiese Situation bringt besondere Herausforderungen und Chancen mit sich, wenn es um die Sicherung einer Hypothek geht.    <\/p>\n\n<figure class=\"wp-block-image size-large is-resized\"><img fetchpriority=\"high\" decoding=\"async\" width=\"1024\" height=\"768\" src=\"https:\/\/fasthypo.ch\/wp-content\/uploads\/2024\/08\/mortgages-for-cross-border-workers-1024x768.webp\" alt=\"\" class=\"wp-image-5267\" style=\"width:706px;height:auto\" srcset=\"https:\/\/fasthypo.ch\/wp-content\/uploads\/2024\/08\/mortgages-for-cross-border-workers-1024x768.webp 1024w, https:\/\/fasthypo.ch\/wp-content\/uploads\/2024\/08\/mortgages-for-cross-border-workers-300x225.webp 300w, https:\/\/fasthypo.ch\/wp-content\/uploads\/2024\/08\/mortgages-for-cross-border-workers-768x576.webp 768w, https:\/\/fasthypo.ch\/wp-content\/uploads\/2024\/08\/mortgages-for-cross-border-workers.webp 1200w\" sizes=\"(max-width: 1024px) 100vw, 1024px\" \/><\/figure>\n\n<div style=\"height:30px\" aria-hidden=\"true\" class=\"wp-block-spacer\"><\/div>\n\n<h2 class=\"wp-block-heading\">Der Status des Grenzg\u00e4ngers verstehen<\/h2>\n\n<div style=\"height:20px\" aria-hidden=\"true\" class=\"wp-block-spacer\"><\/div>\n\n<h3 class=\"wp-block-heading\">Wer qualifiziert sich als Grenzg\u00e4nger?<\/h3>\n\n<p class=\"has-black-color has-text-color has-link-color wp-elements-e2763d6cb15c248fed1166d78c96855b\" style=\"font-size:16px\">Grenzg\u00e4nger sind Personen, die in einem Land wohnen, aber regelm\u00e4\u00dfig zur Arbeit in ein anderes Land pendeln. In der Schweiz handelt es sich dabei in der Regel um Personen mit Wohnsitz in Frankreich, Deutschland, Italien oder \u00d6sterreich, die in grenznahen Schweizer Kantonen arbeiten. Diese Arbeitnehmer verf\u00fcgen oft \u00fcber spezielle Genehmigungen, wie z. B. die <a href=\"https:\/\/www.sem.admin.ch\/sem\/en\/home\/themen\/aufenthalt\/nicht_eu_efta\/ausweis_g__grenzgaengerbewilligung.html\" data-type=\"link\" data-id=\"https:\/\/www.sem.admin.ch\/sem\/en\/home\/themen\/aufenthalt\/nicht_eu_efta\/ausweis_g__grenzgaengerbewilligung.html\" target=\"_blank\" rel=\"noopener\">G-Genehmigung<\/a>, die es ihnen erlaubt, in der Schweiz zu arbeiten und gleichzeitig in einem Nachbarland zu leben.  <\/p>\n\n<h3 class=\"wp-block-heading\">Warum Hypotheken f\u00fcr Grenzg\u00e4nger anders sind<\/h3>\n\n<p class=\"has-black-color has-text-color has-link-color wp-elements-0b7738c160d75179dccc8c1a140e0b57\" style=\"font-size:16px\">Hypotheken f\u00fcr Grenzg\u00e4nger unterscheiden sich von denen f\u00fcr in der Schweiz ans\u00e4ssige Personen vor allem aufgrund der Komplexit\u00e4t grenz\u00fcberschreitender Finanzvereinbarungen.\nFaktoren wie Wechselkursrisiken, unterschiedliche Steuervorschriften und unterschiedliche rechtliche Rahmenbedingungen in den einzelnen L\u00e4ndern k\u00f6nnen die Bedingungen f\u00fcr Hypotheken und die Anspruchsberechtigung erheblich beeinflussen. <\/p>\n\n<div style=\"height:40px\" aria-hidden=\"true\" class=\"wp-block-spacer\"><\/div>\n\n<h2 class=\"wp-block-heading\">Wichtige \u00dcberlegungen f\u00fcr Hypotheken f\u00fcr grenz\u00fcberschreitende Arbeitnehmer<\/h2>\n\n<div style=\"height:25px\" aria-hidden=\"true\" class=\"wp-block-spacer\"><\/div>\n\n<h3 class=\"wp-block-heading\">1. Management des W\u00e4hrungsrisikos<\/h3>\n\n<h4 class=\"wp-block-heading\">Das W\u00e4hrungsrisiko verstehen<\/h4>\n\n<p class=\"has-black-color has-text-color has-link-color wp-elements-3cd2cc019105a6d8b6320e371dd92f4d\" style=\"font-size:16px\">Eine der gr\u00f6\u00dften Herausforderungen f\u00fcr Grenzg\u00e4nger ist das Management des W\u00e4hrungsrisikos.\nDa sie in der Regel ein Einkommen in Schweizer Franken (CHF) erzielen, aber m\u00f6glicherweise Ausgaben oder Ersparnisse in Euro (EUR) haben, besteht das Risiko, dass Wechselkursschwankungen ihre F\u00e4higkeit zur R\u00fcckzahlung einer Hypothek beeintr\u00e4chtigen k\u00f6nnten. <\/p>\n\n<h4 class=\"wp-block-heading\">Minderung des W\u00e4hrungsrisikos<\/h4>\n\n<p class=\"has-black-color has-text-color has-link-color wp-elements-0fb6903787373a05337150303b909e47\" style=\"font-size:16px\">Um dieses Risiko zu mindern, bieten einige Kreditgeber Hypotheken in zwei W\u00e4hrungen an, bei denen der Kredit zwischen CHF und EUR aufgeteilt wird.\nDiese Struktur kann dazu beitragen, die Auswirkungen von W\u00e4hrungsschwankungen auszugleichen.\nAlternativ k\u00f6nnen Grenzg\u00e4nger auch eine Hypothek in CHF aufnehmen, um sich an ihr Einkommen anzupassen. Dies kann jedoch bei der Umwandlung anderer Verm\u00f6genswerte oder der Verwaltung von Ausgaben zu Problemen f\u00fchren.  <\/p>\n\n<div style=\"height:25px\" aria-hidden=\"true\" class=\"wp-block-spacer\"><\/div>\n\n<h3 class=\"wp-block-heading\">2. Kriterien f\u00fcr die Eignung<\/h3>\n\n<h4 class=\"wp-block-heading\">Einkommensanforderungen<\/h4>\n\n<p class=\"has-black-color has-text-color has-link-color wp-elements-4e9e5e60fecb5b962fc0948604c5bf7e\" style=\"font-size:16px\">Schweizer Kreditgeber bewerten das Einkommen von Grenzg\u00e4ngern anders als das von in der Schweiz ans\u00e4ssigen Personen.\nKreditgeber verlangen in der Regel eine h\u00f6here Einkommensgrenze f\u00fcr Grenzg\u00e4nger, da sie das Risiko von W\u00e4hrungsschwankungen und grenz\u00fcberschreitender Besch\u00e4ftigung h\u00f6her einsch\u00e4tzen.\nDer Nachweis eines stabilen und ausreichenden Einkommens in CHF ist entscheidend.  <\/p>\n\n<h4 class=\"wp-block-heading\">Stabilit\u00e4t der Besch\u00e4ftigung<\/h4>\n\n<p class=\"has-black-color has-text-color has-link-color wp-elements-c2a22f189f90865c4f5098a48b0b56f8\" style=\"font-size:16px\">Die Stabilit\u00e4t der Besch\u00e4ftigung ist ein entscheidender Faktor.\nKreditgeber bevorzugen Bewerber mit einem langfristigen, stabilen Arbeitsverh\u00e4ltnis in der Schweiz.\nGrenzg\u00e4nger sollten darauf vorbereitet sein, umfangreiche Unterlagen vorzulegen, die ihre Besch\u00e4ftigungsgeschichte und Arbeitsplatzsicherheit belegen.  <\/p>\n\n<div style=\"height:25px\" aria-hidden=\"true\" class=\"wp-block-spacer\"><\/div>\n\n<h3 class=\"wp-block-heading\">3. Anforderungen f\u00fcr die Anzahlung<\/h3>\n\n<h4 class=\"wp-block-heading\">H\u00f6here Anzahlungserwartungen<\/h4>\n\n<p class=\"has-black-color has-text-color has-link-color wp-elements-3ab29dc505a3a209b83a332b61767906\" style=\"font-size:16px\">Das Schweizer Recht schreibt eine Mindestanzahlung von 20% des Kaufpreises der Immobilie vor.\nF\u00fcr Grenzg\u00e4nger gelten jedoch m\u00f6glicherweise strengere Anforderungen. Einige Kreditgeber verlangen eine Anzahlung von bis zu 30%, um die vermeintlichen zus\u00e4tzlichen Risiken auszugleichen. <\/p>\n\n<h4 class=\"wp-block-heading\">Grenz\u00fcberschreitende Rentenbeitr\u00e4ge<\/h4>\n\n<p class=\"has-black-color has-text-color has-link-color wp-elements-a5f65019b07c21fbdd55f33e450781aa\" style=\"font-size:16px\">Grenzg\u00e4nger zahlen in das Schweizer Rentensystem ein, und diese Beitr\u00e4ge k\u00f6nnen manchmal zur Finanzierung eines Teils der Anzahlung verwendet werden.\nEs ist wichtig, einen Finanzberater oder Hypothekenmakler zu konsultieren, der mit grenz\u00fcberschreitenden Finanzprodukten vertraut ist, um die Verwendung von Rentengeldern in diesem Zusammenhang zu maximieren. <\/p>\n\n<div style=\"height:25px\" aria-hidden=\"true\" class=\"wp-block-spacer\"><\/div>\n\n<h3 class=\"wp-block-heading\">4. Steuerliche Implikationen<\/h3>\n\n<h4 class=\"wp-block-heading\">Doppelbesteuerungsabkommen verstehen<\/h4>\n\n<p class=\"has-black-color has-text-color has-link-color wp-elements-ac902f7db770e34960fdedd7c119fc8c\" style=\"font-size:16px\">Grenzg\u00e4nger unterliegen den Steuervorschriften sowohl in ihrem Wohnsitzland als auch in der Schweiz.\nEs gibt Doppelbesteuerungsabkommen, die verhindern sollen, dass Arbeitnehmer f\u00fcr dasselbe Einkommen doppelt besteuert werden. Es ist jedoch wichtig, diese Abkommen zu verstehen und zu wissen, wie sie auf Hypothekenzinsen und Grundsteuern anzuwenden sind. <\/p>\n\n<h4 class=\"wp-block-heading\">\u00dcberlegungen zur Grundsteuer<\/h4>\n\n<p class=\"has-black-color has-text-color has-link-color wp-elements-0a63fe9ad9dcaf9a1a11a50cc9ef5372\" style=\"font-size:16px\">Immobilienbesitz in der Schweiz bringt auch besondere steuerliche Verpflichtungen mit sich, die je nach Kanton variieren.\nGrenzg\u00e4nger m\u00fcssen sowohl die Grundsteuer in der Schweiz als auch die relevanten Steuern in ihrem Heimatland ber\u00fccksichtigen.\nEs wird dringend empfohlen, einen Steuerfachmann mit Erfahrung im Bereich der grenz\u00fcberschreitenden Besteuerung zu konsultieren.  <\/p>\n\n<div style=\"height:25px\" aria-hidden=\"true\" class=\"wp-block-spacer\"><\/div>\n\n<h3 class=\"wp-block-heading\">5. Rechtliche und regulatorische Unterschiede<\/h3>\n\n<h4 class=\"wp-block-heading\">Navigieren durch verschiedene Rechtssysteme<\/h4>\n\n<p class=\"has-black-color has-text-color has-link-color wp-elements-3e911b0610045d7694a3e3897518c794\" style=\"font-size:16px\">Das schweizerische Immobilienrecht und die Vorschriften f\u00fcr Hypotheken k\u00f6nnen sich erheblich von denen im Heimatland des Grenzg\u00e4ngers unterscheiden.\nEs ist wichtig, diese Unterschiede zu verstehen, insbesondere in Bezug auf Eigentumsrechte, Erbrecht und Regeln f\u00fcr die Zwangsvollstreckung von Hypotheken. <\/p>\n\n<h4 class=\"wp-block-heading\">Zusammenarbeit mit doppelt lizenzierten Fachleuten<\/h4>\n\n<p class=\"has-black-color has-text-color has-link-color wp-elements-b6726c1060d67ad159b4e2edfbf4ba73\" style=\"font-size:16px\">Angesichts der Komplexit\u00e4t grenz\u00fcberschreitender Hypotheken ist es von gro\u00dfem Vorteil, mit Immobilienmaklern, Hypothekenvermittlern und Rechtsexperten zusammenzuarbeiten, die sowohl in der Schweiz als auch im Heimatland des Grenzg\u00e4ngers zugelassen sind und sich auskennen.\nDiese Fachleute k\u00f6nnen Ihnen helfen, sich in den rechtlichen Verwicklungen zurechtzufinden und die Einhaltung aller relevanten Vorschriften zu gew\u00e4hrleisten. <\/p>\n\n<div style=\"height:25px\" aria-hidden=\"true\" class=\"wp-block-spacer\"><\/div>\n\n<h3 class=\"wp-block-heading\">6. Arten von Hypotheken, die Grenzg\u00e4ngern zur Verf\u00fcgung stehen<\/h3>\n\n<h4 class=\"wp-block-heading\">Festhypothek<\/h4>\n\n<p class=\"has-black-color has-text-color has-link-color wp-elements-86f5f9418c7164564bc63ef8684ebe66\" style=\"font-size:16px\"><a href=\"https:\/\/fasthypo.ch\/de\/festhypothek-in-der-schweiz-ein-umfassender-leitfaden\/\" data-type=\"page\" data-id=\"5032\"><span style=\"text-decoration: underline;\">Festhypotheken<\/span><\/a> sind bei Grenzg\u00e4ngern sehr beliebt, da sie ihnen Stabilit\u00e4t bei den monatlichen Zahlungen bieten. In Anbetracht der m\u00f6glichen W\u00e4hrungsschwankungen kann ein fester Zahlungsplan in CHF f\u00fcr Sicherheit sorgen. <\/p>\n\n<h4 class=\"wp-block-heading\">Variable Hypotheken<\/h4>\n\n<p class=\"has-black-color has-text-color has-link-color wp-elements-dde0df68449172115bff06163c03ade2\" style=\"font-size:16px\"><a href=\"https:\/\/fasthypo.ch\/de\/was-ist-ein-hypothekendarlehen-mit-variablem-zinssatz\/\" data-type=\"page\" data-id=\"5078\"><span style=\"text-decoration: underline;\">Hypotheken mit variablem Zinssatz<\/span><\/a> sind zwar aufgrund m\u00f6glicher Zins\u00e4nderungen risikoreicher, k\u00f6nnen aber f\u00fcr Grenzg\u00e4nger mit flexibler finanzieller Situation oder f\u00fcr diejenigen, die im Laufe der Zeit einen R\u00fcckgang der Zinss\u00e4tze erwarten, geeignet sein. Eine sorgf\u00e4ltige Abw\u00e4gung der Risiken ist jedoch notwendig, insbesondere in einem volatilen wirtschaftlichen Umfeld. <\/p>\n\n<h4 class=\"wp-block-heading\">Libor und SARON-Hypotheken<\/h4>\n\n<p class=\"has-black-color has-text-color has-link-color wp-elements-8559dce93d607e29753e2671b2e81278\" style=\"font-size:16px\">Libor- (London Interbank Offered Rate) und <a href=\"https:\/\/fasthypo.ch\/de\/saron-mortgage-der-ultimative-leitfaden-fuer-hauskaeufer\/\" data-type=\"page\" data-id=\"5171\"><span style=\"text-decoration: underline;\">SARON-Hypotheken (Swiss Average Rate Overnight)<\/span><\/a> bieten variable Zinss\u00e4tze, die an bestimmte Referenzwerte gebunden sind. Diese Optionen k\u00f6nnen f\u00fcr Grenzg\u00e4nger komplizierter zu handhaben sein, insbesondere in Verbindung mit dem W\u00e4hrungsrisiko. Sie k\u00f6nnen jedoch niedrigere Anfangss\u00e4tze bieten, was sie unter bestimmten Bedingungen attraktiv macht.  <\/p>\n\n<div style=\"height:25px\" aria-hidden=\"true\" class=\"wp-block-spacer\"><\/div>\n\n<h3 class=\"wp-block-heading\">7. Die Wahl des richtigen Kreditgebers<\/h3>\n\n<h4 class=\"wp-block-heading\">Spezialisierte Kreditgeber f\u00fcr grenz\u00fcberschreitende Arbeitnehmer<\/h4>\n\n<p class=\"has-black-color has-text-color has-link-color wp-elements-e728118232275b3daac557068a118f5b\" style=\"font-size:16px\">Nicht alle Schweizer Banken sind gleicherma\u00dfen mit den Bed\u00fcrfnissen von Grenzg\u00e4ngern vertraut.\nEs ist wichtig, einen Kreditgeber mit Erfahrung in diesem Nischenmarkt zu w\u00e4hlen.\nDiese spezialisierten Kreditgeber verstehen die einzigartigen Risiken und k\u00f6nnen ma\u00dfgeschneiderte Hypothekenprodukte anbieten.  <\/p>\n\n<h4 class=\"wp-block-heading\">Angebote vergleichen<\/h4>\n\n<p class=\"has-black-color has-text-color has-link-color wp-elements-4d0291eb38db5c178597a21f1a30a80c\" style=\"font-size:16px\">Angesichts der damit verbundenen Komplexit\u00e4t sollten Grenzg\u00e4nger die Angebote mehrerer Kreditgeber vergleichen.\nZu den wichtigsten Faktoren, die Sie dabei ber\u00fccksichtigen sollten, geh\u00f6ren die Zinss\u00e4tze, die Anzahlungsanforderungen, die Optionen f\u00fcr das W\u00e4hrungsrisikomanagement und die Erfahrung des Kreditgebers im Umgang mit grenz\u00fcberschreitenden Kunden. <\/p>\n\n<div style=\"height:25px\" aria-hidden=\"true\" class=\"wp-block-spacer\"><\/div>\n\n<h3 class=\"wp-block-heading\">8. Das Bewerbungsverfahren<\/h3>\n\n<h4 class=\"wp-block-heading\">Anforderungen an die Dokumentation<\/h4>\n\n<p class=\"has-black-color has-text-color has-link-color wp-elements-6e6feaa5c8c0ff21ec4c1d65b529c932\" style=\"font-size:16px\">Grenzg\u00e4nger m\u00fcssen bereit sein, ein umfassendes Paket von Dokumenten vorzulegen, darunter Einkommensnachweise in CHF, Arbeitsvertr\u00e4ge, G-Permit, Steuererkl\u00e4rungen und Angaben zu bestehenden Schulden oder finanziellen Verpflichtungen in ihrem Heimatland.<\/p>\n\n<h4 class=\"wp-block-heading\">Vorabgenehmigung und bedingte Angebote<\/h4>\n\n<p class=\"has-black-color has-text-color has-link-color wp-elements-6551632b0eb8b966e4245a4fbfe084cb\" style=\"font-size:16px\">Eine Vorabgenehmigung f\u00fcr eine Hypothek als Grenzg\u00e4nger zu erhalten, kann schwieriger sein als f\u00fcr in der Schweiz ans\u00e4ssige Personen.\nEinige Kreditgeber bieten eine bedingte Genehmigung an, die von zus\u00e4tzlichen Unterlagen oder der Erf\u00fcllung bestimmter finanzieller Kriterien abh\u00e4ngig ist. <\/p>\n\n<div style=\"height:25px\" aria-hidden=\"true\" class=\"wp-block-spacer\"><\/div>\n\n<h3 class=\"wp-block-heading\">9. \u00dcberlegungen nach der Hypothek<\/h3>\n\n<h4 class=\"wp-block-heading\">Verwaltung der Hypothek nach der Bewilligung<\/h4>\n\n<p class=\"has-black-color has-text-color has-link-color wp-elements-b6dd42af091e26f860a03a487ff9787f\" style=\"font-size:16px\">Sobald eine Hypothek bewilligt ist, m\u00fcssen Grenzg\u00e4nger weiterhin auf W\u00e4hrungsrisiken, \u00c4nderungen des Besch\u00e4ftigungsstatus und steuerliche Verpflichtungen achten.\nRegelm\u00e4\u00dfige \u00dcberpr\u00fcfungen mit einem Finanzberater werden empfohlen, um sicherzustellen, dass die Hypothek weiterhin mit ihren finanziellen Zielen \u00fcbereinstimmt. <\/p>\n\n<h4 class=\"wp-block-heading\">Refinanzierungsm\u00f6glichkeiten<\/h4>\n\n<p class=\"has-black-color has-text-color has-link-color wp-elements-8c05a198c8dd1f916551632dbcf70d0a\" style=\"font-size:16px\">Wenn sich die Umst\u00e4nde \u00e4ndern, k\u00f6nnten Grenzg\u00e4nger eine Refinanzierung ihrer Hypothek in Betracht ziehen.\nEs ist wichtig, die Kosten und Vorteile einer Refinanzierung zu verstehen, insbesondere im Zusammenhang mit Wechselkursen und grenz\u00fcberschreitenden Vorschriften. <\/p>\n\n<div style=\"height:45px\" aria-hidden=\"true\" class=\"wp-block-spacer\"><\/div>\n\n<h2 class=\"wp-block-heading\">Fazit<\/h2>\n\n<p class=\"has-black-color has-text-color has-link-color wp-elements-78a553ee81f5acaf5901690df5fe19ea\" style=\"font-size:16px\">Wenn Sie als Grenzg\u00e4nger in der Schweiz eine Hypothek aufnehmen wollen, m\u00fcssen Sie sich durch eine komplexe Landschaft aus W\u00e4hrungsrisiken, rechtlichen Unterschieden und strengen finanziellen Anforderungen bewegen.\nWenn Sie diese Herausforderungen verstehen und mit spezialisierten Fachleuten zusammenarbeiten, k\u00f6nnen Grenzg\u00e4nger ihre Immobilie in der Schweiz erfolgreich finanzieren. <\/p>\n\n<p class=\"has-black-color has-text-color has-link-color wp-elements-17e49d5428151aeca4cabc5695450777\" style=\"font-size:16px\">Wir von FastHypo haben es uns zur Aufgabe gemacht, Grenzg\u00e4ngern zu helfen, die besten Hypothekenoptionen zu finden, die auf ihre individuellen Bed\u00fcrfnisse zugeschnitten sind.\nGanz gleich, ob Sie gerade erst mit der Hypothekenaufnahme beginnen oder eine Refinanzierung anstreben, unser Expertenteam steht Ihnen bei jedem Schritt zur Seite.\nKontaktieren Sie uns noch heute, um mehr dar\u00fcber zu erfahren, wie wir Ihnen helfen k\u00f6nnen, die ideale Hypothek f\u00fcr Ihre Situation zu finden.  <\/p>\n","protected":false},"excerpt":{"rendered":"<p>Grenzg\u00e4nger, oft auch als Frontaliers oder Grenzg\u00e4nger bezeichnet, stellen ein einzigartiges Segment des Hypothekenmarktes in der Schweiz dar. Diese Personen leben in Nachbarl\u00e4ndern wie Frankreich, Deutschland oder Italien, arbeiten aber in der Schweiz. Diese Situation bringt besondere Herausforderungen und Chancen mit sich, wenn es um die Sicherung einer Hypothek geht. Der Status des Grenzg\u00e4ngers verstehen<\/p>\n<a class=\"read-more\" href=\"https:\/\/fasthypo.ch\/de\/hypotheken-fuer-grenzueberschreitende-arbeitnehmer-unverzichtbarer-leitfaden-tipps\/\">Read More<\/a>","protected":false},"author":1,"featured_media":0,"parent":0,"menu_order":0,"comment_status":"closed","ping_status":"closed","template":"","meta":{"footnotes":""},"_links":{"self":[{"href":"https:\/\/fasthypo.ch\/de\/wp-json\/wp\/v2\/pages\/5337"}],"collection":[{"href":"https:\/\/fasthypo.ch\/de\/wp-json\/wp\/v2\/pages"}],"about":[{"href":"https:\/\/fasthypo.ch\/de\/wp-json\/wp\/v2\/types\/page"}],"author":[{"embeddable":true,"href":"https:\/\/fasthypo.ch\/de\/wp-json\/wp\/v2\/users\/1"}],"replies":[{"embeddable":true,"href":"https:\/\/fasthypo.ch\/de\/wp-json\/wp\/v2\/comments?post=5337"}],"version-history":[{"count":0,"href":"https:\/\/fasthypo.ch\/de\/wp-json\/wp\/v2\/pages\/5337\/revisions"}],"wp:attachment":[{"href":"https:\/\/fasthypo.ch\/de\/wp-json\/wp\/v2\/media?parent=5337"}],"curies":[{"name":"wp","href":"https:\/\/api.w.org\/{rel}","templated":true}]}}