{"id":5331,"date":"2024-08-14T16:44:41","date_gmt":"2024-08-14T16:44:41","guid":{"rendered":"https:\/\/fasthypo.ch\/saron-mortgage-der-ultimative-leitfaden-fuer-hauskaeufer\/"},"modified":"2024-08-29T14:56:51","modified_gmt":"2024-08-29T14:56:51","slug":"saron-mortgage-der-ultimative-leitfaden-fuer-hauskaeufer","status":"publish","type":"page","link":"https:\/\/fasthypo.ch\/de\/saron-mortgage-der-ultimative-leitfaden-fuer-hauskaeufer\/","title":{"rendered":"Saron Mortgage: der ultimative Leitfaden f\u00fcr Hausk\u00e4ufer"},"content":{"rendered":"\n<p class=\"has-black-color has-text-color has-link-color wp-elements-efb47c644d0cd09ee9d44481baa20aab\" style=\"font-size:16px\">Bei der Navigation durch die komplexe Welt der Schweizer Hypotheken ist die Wahl des Zinsmodells entscheidend. Die SARON-Hypothek (Swiss Average Rate Overnight) hat sich bei den Schweizer Hausk\u00e4ufern zu einer beliebten Wahl entwickelt und ersetzt den <a href=\"https:\/\/fasthypo.ch\/de\/libor-hypothek-umfassender-leitfaden-fuer-schweizer-kreditnehmer\/\" data-type=\"page\" data-id=\"5140\">LIBOR (London Interbank Offered Rate)<\/a> ersetzt, nachdem dieser aus dem Verkehr gezogen wurde. <\/p>\n\n<figure class=\"wp-block-image size-large\"><img decoding=\"async\" src=\"https:\/\/fasthypo.ch\/wp-content\/uploads\/2024\/08\/Saron-mortgage-GER-1024x582.webp\" alt=\"\" class=\"wp-image-5172\"\/><\/figure>\n\n<div style=\"height:45px\" aria-hidden=\"true\" class=\"wp-block-spacer\"><\/div>\n\n<h2 class=\"wp-block-heading has-black-color has-text-color has-link-color wp-elements-11221ede0169502d79ff969ac2f4c7a3\" style=\"font-size:27px\">Was ist SARON?<\/h2>\n\n<p class=\"has-black-color has-text-color has-link-color wp-elements-32ed4e18a8cb96bd0cf4e8f12b9e890d\" style=\"font-size:16px\">SARON steht f\u00fcr <strong>Swiss Average Rate Overnight<\/strong>.\nEs handelt sich um einen Zinssatz, der t\u00e4glich auf der Grundlage tats\u00e4chlicher Transaktionen auf dem Schweizer Geldmarkt berechnet wird.\nDer SARON wurde 2009 von der SIX Swiss Exchange eingef\u00fchrt und hat sich als zuverl\u00e4ssige und transparente Benchmark etabliert, insbesondere nach der Einstellung des LIBOR im Jahr 2021.  <\/p>\n\n<h3 class=\"wp-block-heading has-black-color has-text-color has-link-color wp-elements-480084a7aadceb2a87e878fdaad6b5e2\" style=\"font-size:20px\">Wie wird der SARON berechnet?<\/h3>\n\n<p class=\"has-black-color has-text-color has-link-color wp-elements-5fb6058f20ff2b1019eaf0896107f720\" style=\"font-size:16px\">Der SARON basiert auf Transaktionen und Notierungen am Schweizer Repo-Markt, wo sich die Banken gegenseitig kurzfristig Geld leihen.\nDer Satz spiegelt den durchschnittlichen Zinssatz f\u00fcr besicherte \u00dcbernachtkredite wider.\nIm Gegensatz zum LIBOR, der auf Sch\u00e4tzungen der Banken beruht, basiert der SARON auf tats\u00e4chlichen Transaktionen, was ihn resistenter gegen Manipulationen macht und die Marktbedingungen besser widerspiegelt.  <\/p>\n\n<h3 class=\"wp-block-heading has-black-color has-text-color has-link-color wp-elements-4258b36e7a902336cadc2cbdf2f949b5\" style=\"font-size:20px\">Warum hat SARON den LIBOR ersetzt?<\/h3>\n\n<p class=\"has-black-color has-text-color has-link-color wp-elements-1a6e5338513bf24461049f9f6e75597c\" style=\"font-size:16px\"><span style=\"text-decoration: underline;\"><a href=\"https:\/\/www.investopedia.com\/terms\/l\/libor-scandal.asp\" data-type=\"link\" data-id=\"https:\/\/www.investopedia.com\/terms\/l\/libor-scandal.asp\" target=\"_blank\" rel=\"noopener\">Der LIBOR-Skandal<\/a><\/span> in dem die Banken die Zinss\u00e4tze aus Profitgr\u00fcnden manipulierten, f\u00fchrte zu seinem Untergang. SARON wurde in der Schweiz aufgrund seiner Transparenz, Robustheit und Anpassung an das Schweizer Finanzsystem als Ersatz gew\u00e4hlt. Der \u00dcbergang von LIBOR zu SARON verlief reibungslos, und die meisten Finanzinstitute in der Schweiz haben die SARON-basierten Produkte vollst\u00e4ndig \u00fcbernommen.  <\/p>\n\n<div style=\"height:45px\" aria-hidden=\"true\" class=\"wp-block-spacer\"><\/div>\n\n<h2 class=\"wp-block-heading has-black-color has-text-color has-link-color wp-elements-b9df1738dae5da9d7772bfcb48c59421\" style=\"font-size:27px\">Wie funktioniert eine SARON-Hypothek?<\/h2>\n\n<p class=\"has-black-color has-text-color has-link-color wp-elements-61fcca3c510f0dc6537c87b28c07635a\" style=\"font-size:16px\">Eine SARON-Hypothek ist eine Art von Hypothek mit variablem Zinssatz, bei der der Zinssatz an den SARON-Satz gekoppelt ist.\nDie Zinsen werden in regelm\u00e4\u00dfigen Abst\u00e4nden, in der Regel alle drei Monate, auf der Grundlage des aktuellen SARON-Satzes zuz\u00fcglich einer vom Kreditgeber festgelegten Marge neu berechnet.\nDas bedeutet, dass Ihre Hypothekenzahlungen in Abh\u00e4ngigkeit von der Entwicklung des SARON-Satzes variieren k\u00f6nnen.  <\/p>\n\n<h3 class=\"wp-block-heading has-black-color has-text-color has-link-color wp-elements-ce44d6f4f869ec6be59b7608dbe7b251\" style=\"font-size:20px\">Die wichtigsten Merkmale einer SARON-Hypothek<\/h3>\n\n<ul>\n<li class=\"wp-elements-7f40916fc55d4a03f93f9ad974cb656d\" style=\"font-size:16px\"><strong>Transparenz<\/strong>: SARON basiert auf tats\u00e4chlichen Markttransaktionen und bietet somit eine klare und transparente Benchmark.<\/li>\n\n\n\n<li class=\"wp-elements-e97972cb5a9fee6df47f31a016ac7c91\" style=\"font-size:16px\"><strong>Flexibilit\u00e4t<\/strong>: Der Zinssatz ist variabel und wird regelm\u00e4\u00dfig an die aktuellen Marktbedingungen angepasst.<\/li>\n\n\n\n<li class=\"wp-elements-961b836bf8e90e70116709207c1efdfc\" style=\"font-size:16px\"><strong>Potenzial f\u00fcr niedrigere Kosten<\/strong>: Wenn die Zinsen niedrig sind, kann eine SARON-Hypothek kosteng\u00fcnstiger sein als Alternativen mit festem Zinssatz.<\/li>\n<\/ul>\n\n<h3 class=\"wp-block-heading has-black-color has-text-color has-link-color wp-elements-0ef3e1c9ccacbffd3dd7b577b54712db\" style=\"font-size:20px\">Wie oft \u00e4ndert sich der SARON Kurs?<\/h3>\n\n<p class=\"has-black-color has-text-color has-link-color wp-elements-e7fbda8592a1d133cc5cb3445c1c42d0\" style=\"font-size:16px\">Der SARON-Satz wird t\u00e4glich neu berechnet, aber die an den SARON gekoppelten Hypothekenzinss\u00e4tze werden in der Regel alle drei Monate angepasst.\nEinige Kreditgeber bieten SARON-Hypotheken mit unterschiedlichen Anpassungsintervallen an. Daher ist es wichtig, dass Sie die spezifischen Bedingungen Ihres Hypothekenvertrags kennen. <\/p>\n\n<div style=\"height:45px\" aria-hidden=\"true\" class=\"wp-block-spacer\"><\/div>\n\n<h2 class=\"wp-block-heading has-black-color has-text-color has-link-color wp-elements-c41510b993715d79925f5bf0c5efa115\" style=\"font-size:27px\">Vorteile der SARON-Hypotheken<\/h2>\n\n<h3 class=\"wp-block-heading has-black-color has-text-color has-link-color wp-elements-6e5dbbe723385cb5ba842e8bfa763942\" style=\"font-size:20px\">1. Potenzial f\u00fcr niedrigere Zinss\u00e4tze<\/h3>\n\n<p class=\"has-black-color has-text-color has-link-color wp-elements-d5ca91d92040c64b501f41e776f20e96\" style=\"font-size:16px\">SARON-Hypotheken k\u00f6nnen erschwinglicher sein, wenn die Zinss\u00e4tze niedrig sind.\nDa der Zinssatz variabel ist, profitieren Kreditnehmer direkt von jeder Abw\u00e4rtsbewegung der Zinss\u00e4tze, was zu niedrigeren monatlichen Zahlungen im Vergleich zu Hypotheken mit festem Zinssatz f\u00fchren kann. <\/p>\n\n<h3 class=\"wp-block-heading has-black-color has-text-color has-link-color wp-elements-0a8a47e96d0b5ebdf6902b3e5ba75b2b\" style=\"font-size:20px\">2. Flexibilit\u00e4t<\/h3>\n\n<p class=\"has-black-color has-text-color has-link-color wp-elements-79d3eb9c0ecf117db454d15e72b1e392\" style=\"font-size:16px\">SARON-Hypotheken bieten Flexibilit\u00e4t, insbesondere f\u00fcr Kreditnehmer, die ihre Hypothek kurz- bis mittelfristig abbezahlen oder refinanzieren m\u00f6chten.\nDa Sie sich nicht langfristig an einen festen Zinssatz binden m\u00fcssen, k\u00f6nnen Sie von den Marktbedingungen profitieren. <\/p>\n\n<h3 class=\"wp-block-heading has-black-color has-text-color has-link-color wp-elements-60e0c514f5c60ea69c566bd4dbeae7fe\" style=\"font-size:20px\">3. Transparenz und Vertrauen<\/h3>\n\n<p class=\"has-black-color has-text-color has-link-color wp-elements-0c8190d8c14206372d0b870f2336ab46\" style=\"font-size:16px\">Da der SARON auf tats\u00e4chlichen Markttransaktionen basiert, gilt er als transparenter und vertrauensw\u00fcrdiger als sein Vorg\u00e4nger, der LIBOR.\nKreditnehmer k\u00f6nnen den Zinssatz selbst verfolgen, was zu einem gr\u00f6\u00dferen Vertrauen in die Berechnung ihrer Hypothekenzinsen f\u00fchrt. <\/p>\n\n<h3 class=\"wp-block-heading has-black-color has-text-color has-link-color wp-elements-a9dabee06e0a060fe2c451713b5c63cb\" style=\"font-size:20px\">4. K\u00fcrzere Vertragslaufzeiten<\/h3>\n\n<p class=\"has-black-color has-text-color has-link-color wp-elements-0ab875645ea5d5afe5c9c4306d418272\" style=\"font-size:16px\">SARON-Hypotheken werden oft mit k\u00fcrzeren Vertragslaufzeiten angeboten, z.B. drei Monate oder ein Jahr, so dass Kreditnehmer die M\u00f6glichkeit haben, ihre Hypothekenstrategie h\u00e4ufiger zu \u00fcberpr\u00fcfen.<\/p>\n\n<div style=\"height:45px\" aria-hidden=\"true\" class=\"wp-block-spacer\"><\/div>\n\n<h2 class=\"wp-block-heading has-black-color has-text-color has-link-color wp-elements-0f20e2c9c626530e869ab34a3abcdb28\" style=\"font-size:27px\">Risiken der SARON-Hypotheken<\/h2>\n\n<h3 class=\"wp-block-heading has-black-color has-text-color has-link-color wp-elements-c0c7e23d1cd89453678a8d60fbbe438e\" style=\"font-size:20px\">1. Volatilit\u00e4t der Zinss\u00e4tze<\/h3>\n\n<p class=\"has-black-color has-text-color has-link-color wp-elements-19298eeda9431f548858d048c1ef889f\" style=\"font-size:16px\">Das Hauptrisiko einer SARON-Hypothek ist das Potenzial f\u00fcr Zinserh\u00f6hungen.\nDa der SARON-Satz variabel ist, wirkt sich jeder Anstieg der Marktzinsen direkt auf Ihre Hypothekenzahlungen aus.\nDarlehensnehmer m\u00fcssen finanziell auf m\u00f6gliche Schwankungen vorbereitet sein.  <\/p>\n\n<h3 class=\"wp-block-heading has-black-color has-text-color has-link-color wp-elements-58f0137a9ae3dcde446a8ba5bb1da2b7\" style=\"font-size:20px\">2. Ungewissheit bei langfristiger Planung<\/h3>\n\n<p class=\"has-black-color has-text-color has-link-color wp-elements-95444e193876ae3d31d2b87d5f5d028c\" style=\"font-size:16px\">F\u00fcr diejenigen, die Stabilit\u00e4t in ihrer Finanzplanung bevorzugen, kann die Variabilit\u00e4t einer SARON-Hypothek ein Nachteil sein.\nHypotheken mit festem Zinssatz bieten Vorhersehbarkeit, was f\u00fcr die langfristige Budgetplanung beruhigend sein kann. <\/p>\n\n<h3 class=\"wp-block-heading has-black-color has-text-color has-link-color wp-elements-3bc61ea738481dedd43b262c29fd0389\" style=\"font-size:20px\">3. Marktabh\u00e4ngigkeit<\/h3>\n\n<p class=\"has-black-color has-text-color has-link-color wp-elements-854598e55766b304fa387675113d0e9d\" style=\"font-size:16px\">Der SARON-Satz wird von den Marktbedingungen, einschlie\u00dflich der Geldpolitik der Schweizerischen Nationalbank, beeinflusst.\nWirtschaftliche Ereignisse, die sich auf den Geldmarkt auswirken, k\u00f6nnen zu unvorhersehbaren \u00c4nderungen des SARON-Satzes f\u00fchren und sich auf Ihre Hypothek auswirken. <\/p>\n\n<div style=\"height:45px\" aria-hidden=\"true\" class=\"wp-block-spacer\"><\/div>\n\n<h2 class=\"wp-block-heading has-black-color has-text-color has-link-color wp-elements-4eb596c06fed70e1fe234b26f3507f97\" style=\"font-size:27px\">Vergleich zwischen SARON-Hypotheken und Festzins-Hypotheken<\/h2>\n\n<p class=\"has-black-color has-text-color has-link-color wp-elements-23370f368635e723c3cbf59b6b008a30\" style=\"font-size:16px\">Bei der Wahl zwischen einer SARON-Hypothek und einer <span style=\"text-decoration: underline;\"><a href=\"https:\/\/fasthypo.ch\/de\/festhypothek-in-der-schweiz-ein-umfassender-leitfaden\/\" data-type=\"page\" data-id=\"5032\">Festzinshypothek<\/a><\/span> m\u00fcssen Sie unbedingt Ihre finanzielle Situation, Ihre Risikotoleranz und Ihre Marktaussichten ber\u00fccksichtigen.<\/p>\n\n<ul>\n<li class=\"wp-elements-4a0ba64c63b09385fb8ce1656d699829\" style=\"font-size:16px\"><strong>Festzins-Hypotheken<\/strong> bieten Stabilit\u00e4t und Vorhersehbarkeit und sind daher ideal f\u00fcr risikoscheue Kreditnehmer.\nAllerdings sind sie im Vergleich zu SARON-Hypotheken in der Regel mit h\u00f6heren anf\u00e4nglichen Zinss\u00e4tzen verbunden. <\/li>\n\n\n\n<li class=\"wp-elements-d894251d5f56293cb6efc795688b3d10\" style=\"font-size:16px\"><strong>SARON-Hypotheken<\/strong> bieten das Potenzial f\u00fcr niedrigere Kosten und gr\u00f6\u00dfere Flexibilit\u00e4t, sind aber mit dem Risiko steigender Zinsen verbunden.\nSie sind besser geeignet f\u00fcr Personen mit einer h\u00f6heren Risikotoleranz und einem k\u00fcrzeren Anlagehorizont. <\/li>\n<\/ul>\n\n<div style=\"height:45px\" aria-hidden=\"true\" class=\"wp-block-spacer\"><\/div>\n\n<h2 class=\"wp-block-heading has-black-color has-text-color has-link-color wp-elements-6a8922be2b7a25bc9ee5cc5b9d913a22\" style=\"font-size:27px\">Wer sollte eine SARON-Hypothek in Betracht ziehen?<\/h2>\n\n<p class=\"has-black-color has-text-color has-link-color wp-elements-a7175c1d8b70cc2536a8e929c2a46fea\" style=\"font-size:16px\">Eine SARON-Hypothek kann geeignet sein, wenn:<\/p>\n\n<ul>\n<li class=\"wp-elements-80533c303c5db562d493be84ceb9bd3b\" style=\"font-size:16px\"><strong>Sie rechnen mit stabilen oder sinkenden Zinss\u00e4tzen<\/strong>: Wenn Sie glauben, dass die Zinss\u00e4tze in Zukunft stabil bleiben oder sinken werden, k\u00f6nnte eine SARON-Hypothek erhebliche Einsparungen bieten.<\/li>\n\n\n\n<li class=\"wp-elements-146692e7e1e7fa91414fcadd9e3fe883\" style=\"font-size:16px\"><strong>Sie sch\u00e4tzen Flexibilit\u00e4t<\/strong>: Wenn Sie planen, Ihre Immobilie zu verkaufen, zu refinanzieren oder Ihre Hypothek kurzfristig abzuzahlen, kann die Flexibilit\u00e4t einer SARON-Hypothek von Vorteil sein.<\/li>\n\n\n\n<li class=\"wp-elements-8c0bda70f58bfbfaf9474045049d48b1\" style=\"font-size:16px\"><strong>Sie sind finanziell auf m\u00f6gliche Schwankungen vorbereitet<\/strong>: Wenn Sie \u00fcber ein stabiles Einkommen verf\u00fcgen und m\u00f6gliche Erh\u00f6hungen Ihrer monatlichen Zahlungen verkraften k\u00f6nnen, \u00fcberwiegen die Vorteile einer SARON-Hypothek m\u00f6glicherweise die Risiken.<\/li>\n<\/ul>\n\n<div style=\"height:45px\" aria-hidden=\"true\" class=\"wp-block-spacer\"><\/div>\n\n<h2 class=\"wp-block-heading has-black-color has-text-color has-link-color wp-elements-8b759c3d31f25379bcecc123bd9bda34\" style=\"font-size:27px\">Wie Sie den besten SARON-Hypothekenvertrag erhalten<\/h2>\n\n<h3 class=\"wp-block-heading has-black-color has-text-color has-link-color wp-elements-1cb1a80f1be1c9a5bc42756df23c7b94\" style=\"font-size:20px\">1. Vergleichen Sie Angebote von mehreren Kreditgebern<\/h3>\n\n<p class=\"has-black-color has-text-color has-link-color wp-elements-15e422bb3f512df5d6f09329d162a66b\" style=\"font-size:16px\">Verschiedene Kreditgeber bieten unterschiedliche Margen und Bedingungen f\u00fcr SARON-Hypotheken an. Nutzen Sie <span style=\"text-decoration: underline;\"><a href=\"https:\/\/fasthypo.ch\/de\/zinssaetze-vergleichen\/\" data-type=\"page\" data-id=\"5419\">Hypothekenvergleichstools<\/a><\/span> wie FastHypo, um Angebote verschiedener Kreditgeber zu vergleichen und das g\u00fcnstigste Angebot zu finden. <\/p>\n\n<h3 class=\"wp-block-heading has-black-color has-text-color has-link-color wp-elements-a6a1de34e605597eff5d6f0f5dd8de01\" style=\"font-size:20px\">2. Verhandeln Sie die Marge<\/h3>\n\n<p class=\"has-black-color has-text-color has-link-color wp-elements-5258ba83f09970941a8701d5192d24b1\" style=\"font-size:16px\">Die Marge ist die feste Komponente, die zum SARON-Satz addiert wird, um Ihre Hypothekenzinsen zu bestimmen.\nWenn Sie mit Ihrem Kreditgeber eine niedrigere Marge aushandeln, k\u00f6nnen Sie \u00fcber die gesamte Laufzeit Ihrer Hypothek erhebliche Einsparungen erzielen. <\/p>\n\n<h3 class=\"wp-block-heading has-black-color has-text-color has-link-color wp-elements-1b51f97c42d8aa9d4653437af198ac04\" style=\"font-size:20px\">3. Verstehen Sie die Begriffe<\/h3>\n\n<p class=\"has-black-color has-text-color has-link-color wp-elements-4ef5df3f5f36121211349939bb9598d1\" style=\"font-size:16px\">Vergewissern Sie sich, dass Sie die Bedingungen Ihrer SARON-Hypothek verstehen, einschlie\u00dflich der H\u00e4ufigkeit von Zinsanpassungen und m\u00f6glicher Geb\u00fchren.\nDies wird Ihnen helfen, unerwartete \u00dcberraschungen im Nachhinein zu vermeiden. <\/p>\n\n<h3 class=\"wp-block-heading has-black-color has-text-color has-link-color wp-elements-ff78e097daa10836d1ab5867da4dc2ec\" style=\"font-size:20px\">4. Konsultieren Sie einen Hypothekenexperten<\/h3>\n\n<p class=\"has-black-color has-text-color has-link-color wp-elements-5c289844d06df8c92eab786899df4808\" style=\"font-size:16px\">Angesichts der Komplexit\u00e4t der SARON-Hypotheken kann die Beratung durch einen Hypothekenexperten wertvolle Erkenntnisse liefern und Ihnen helfen, eine fundierte Entscheidung zu treffen.<\/p>\n\n<div style=\"height:45px\" aria-hidden=\"true\" class=\"wp-block-spacer\"><\/div>\n\n<h2 class=\"wp-block-heading has-black-color has-text-color has-link-color wp-elements-9cff5d9f4ae41ad77a3e2e8ccc9d172e\" style=\"font-size:27px\">Fazit<\/h2>\n\n<p class=\"has-black-color has-text-color has-link-color wp-elements-43eb621188efe294cba1db312d67c491\" style=\"font-size:16px\">Die SARON-Hypothek ist eine \u00fcberzeugende Option f\u00fcr Schweizer Hausk\u00e4ufer, die eine transparente und potenziell kosteng\u00fcnstige Alternative zu Festzinskrediten suchen.\nSie ist jedoch nicht risikolos, insbesondere was die m\u00f6gliche Volatilit\u00e4t der Zinss\u00e4tze betrifft.\nWenn Sie Ihre finanzielle Situation sorgf\u00e4ltig pr\u00fcfen, Angebote vergleichen und die Bedingungen verstehen, k\u00f6nnen Sie feststellen, ob eine SARON-Hypothek Ihren Bed\u00fcrfnissen und Ihrer Risikobereitschaft entspricht.  <\/p>\n\n<p class=\"has-black-color has-text-color has-link-color wp-elements-4fd8de19d7f374d2cc7f32e06a7387ee\" style=\"font-size:16px\">Wenn Sie eine SARON-Hypothek in Erw\u00e4gung ziehen, nehmen Sie sich die Zeit, Ihre Optionen mit den umfassenden Hypotheken-Vergleichstools von FastHypo zu vergleichen, und lassen Sie sich von einem Experten beraten, um sicherzustellen, dass Sie die beste Entscheidung f\u00fcr Ihre finanzielle Zukunft treffen.<\/p>\n\n<div style=\"height:45px\" aria-hidden=\"true\" class=\"wp-block-spacer\"><\/div>\n\n<h3 class=\"wp-block-heading has-black-color has-text-color has-link-color wp-elements-fb5f0ce01c3fdce27453b05b2ca0cdbc\" style=\"font-size:27px\">H\u00e4ufig gestellte Fragen<\/h3>\n\n<p class=\"has-black-color has-text-color has-link-color wp-elements-fa34bcbe4c782acca93e1d6569bcb6b0\" style=\"font-size:16px\"><strong>1. Wie oft \u00e4ndert sich der SARON-Kurs?<\/strong><br\/>Der SARON-Satz wird t\u00e4glich berechnet, aber die an den SARON gekoppelten Hypothekenzinss\u00e4tze werden normalerweise alle drei Monate angepasst.<\/p>\n\n<p class=\"has-black-color has-text-color has-link-color wp-elements-e0c654bb19ff63b1a3800f6b5dddc60d\" style=\"font-size:16px\"><strong>2. Kann ich von einer SARON-Hypothek zu einer Festzinshypothek wechseln?<\/strong><br\/>Ja, viele Kreditgeber erlauben Ihnen den Wechsel von einer SARON-Hypothek zu einer Festzinshypothek, auch wenn dies mit Geb\u00fchren oder Vertragsstrafen verbunden sein kann.<\/p>\n\n<p class=\"has-black-color has-text-color has-link-color wp-elements-a764243e12391f12591ded3b37c12737\" style=\"font-size:16px\"><strong>3. Was passiert mit meinen Hypothekenzahlungen, wenn der SARON-Satz steigt?<\/strong><br\/>Wenn der SARON-Satz steigt, werden Ihre Hypothekenzahlungen je nach den Bedingungen Ihres Hypothekenvertrags wahrscheinlich ebenfalls steigen.<\/p>\n\n<p class=\"has-black-color has-text-color has-link-color wp-elements-2d7e7453a36786d8d79cbc46b876b944\" style=\"font-size:16px\"><strong>4. Gibt es Strafen f\u00fcr die vorzeitige R\u00fcckzahlung einer SARON-Hypothek?<\/strong><br\/>Dies h\u00e4ngt von Ihrem Kreditgeber und den spezifischen Bedingungen Ihrer Hypothek ab.\nEs ist wichtig, den Vertrag zu pr\u00fcfen oder Ihren Kreditgeber zu konsultieren, um m\u00f6gliche Strafen zu verstehen. <\/p>\n\n<p class=\"has-black-color has-text-color has-link-color wp-elements-6dd06f02d82118d342945ad3f4c5963d\" style=\"font-size:16px\"><strong>5. Ist eine SARON-Hypothek f\u00fcr Erstk\u00e4ufer von Wohneigentum geeignet?<\/strong><br\/>Eine SARON-Hypothek kann f\u00fcr Erstk\u00e4ufer von Wohneigentum geeignet sein, die finanziell stabil sind und ein gutes Verst\u00e4ndnis f\u00fcr Zinsrisiken haben.\nEs ist jedoch wichtig, die potenziellen Vorteile gegen die Risiken abzuw\u00e4gen, bevor Sie eine Entscheidung treffen. <\/p>\n","protected":false},"excerpt":{"rendered":"<p>Bei der Navigation durch die komplexe Welt der Schweizer Hypotheken ist die Wahl des Zinsmodells entscheidend. Die SARON-Hypothek (Swiss Average Rate Overnight) hat sich bei den Schweizer Hausk\u00e4ufern zu einer beliebten Wahl entwickelt und ersetzt den LIBOR (London Interbank Offered Rate) ersetzt, nachdem dieser aus dem Verkehr gezogen wurde. Was ist SARON? SARON steht f\u00fcr<\/p>\n<a class=\"read-more\" href=\"https:\/\/fasthypo.ch\/de\/saron-mortgage-der-ultimative-leitfaden-fuer-hauskaeufer\/\">Read More<\/a>","protected":false},"author":1,"featured_media":0,"parent":0,"menu_order":0,"comment_status":"closed","ping_status":"closed","template":"","meta":{"footnotes":""},"_links":{"self":[{"href":"https:\/\/fasthypo.ch\/de\/wp-json\/wp\/v2\/pages\/5331"}],"collection":[{"href":"https:\/\/fasthypo.ch\/de\/wp-json\/wp\/v2\/pages"}],"about":[{"href":"https:\/\/fasthypo.ch\/de\/wp-json\/wp\/v2\/types\/page"}],"author":[{"embeddable":true,"href":"https:\/\/fasthypo.ch\/de\/wp-json\/wp\/v2\/users\/1"}],"replies":[{"embeddable":true,"href":"https:\/\/fasthypo.ch\/de\/wp-json\/wp\/v2\/comments?post=5331"}],"version-history":[{"count":0,"href":"https:\/\/fasthypo.ch\/de\/wp-json\/wp\/v2\/pages\/5331\/revisions"}],"wp:attachment":[{"href":"https:\/\/fasthypo.ch\/de\/wp-json\/wp\/v2\/media?parent=5331"}],"curies":[{"name":"wp","href":"https:\/\/api.w.org\/{rel}","templated":true}]}}