{"id":5325,"date":"2024-08-14T15:02:37","date_gmt":"2024-08-14T15:02:37","guid":{"rendered":"https:\/\/fasthypo.ch\/libor-hypothek-umfassender-leitfaden-fuer-schweizer-kreditnehmer\/"},"modified":"2024-08-29T14:46:10","modified_gmt":"2024-08-29T14:46:10","slug":"libor-hypothek-umfassender-leitfaden-fuer-schweizer-kreditnehmer","status":"publish","type":"page","link":"https:\/\/fasthypo.ch\/de\/libor-hypothek-umfassender-leitfaden-fuer-schweizer-kreditnehmer\/","title":{"rendered":"Libor-Hypothek: Umfassender Leitfaden f\u00fcr Schweizer Kreditnehmer"},"content":{"rendered":"\n<p class=\"has-black-color has-text-color has-link-color wp-elements-6d04ebe144473332b35e593d466e83e2\" style=\"font-size:16px\"><\/p>\n\n<figure class=\"wp-block-image size-large\"><img decoding=\"async\" src=\"https:\/\/fasthypo.ch\/wp-content\/uploads\/2024\/08\/libor-mortgage-GER-1024x582.webp\" alt=\"\" class=\"wp-image-5141\"\/><\/figure>\n\n<div style=\"height:35px\" aria-hidden=\"true\" class=\"wp-block-spacer\"><\/div>\n\n<h2 class=\"wp-block-heading has-black-color has-text-color has-link-color wp-elements-f56ffd5e2e44e777d20bdb388d4adbe3\" style=\"font-size:27px\">Was ist eine Libor-Hypothek?<\/h2>\n\n<p class=\"has-black-color has-text-color has-link-color wp-elements-d594698064b699f27e5af1876ec61620\" style=\"font-size:16px\">Eine Libor-Hypothek ist eine Art von Hypothek mit <span style=\"text-decoration: underline;\"><a href=\"https:\/\/fasthypo.ch\/de\/was-ist-ein-hypothekendarlehen-mit-variablem-zinssatz\/\" data-type=\"page\" data-id=\"5078\">variablem Zinssatz<\/a><\/span> die historisch an den <a href=\"https:\/\/www.global-rates.com\/en\/interest-rates\/libor\/\" data-type=\"link\" data-id=\"https:\/\/www.global-rates.com\/en\/interest-rates\/libor\/\" target=\"_blank\" rel=\"noopener\">London Interbank Offered Rate<\/a> (Libor) gebunden war. Der Zinssatz einer Libor-Hypothek schwankt in Abh\u00e4ngigkeit von den Ver\u00e4nderungen des Libor-Satzes, der als weltweiter Referenzzinssatz f\u00fcr die Kreditvergabe der Banken untereinander diente. In der Schweiz wurde der Libor-Satz \u00fcblicherweise zur Festlegung der Hypothekenzinsen f\u00fcr Kreditnehmer verwendet, was bedeutete, dass sich die Kosten f\u00fcr einen Kredit je nach Entwicklung des Libor-Satzes periodisch \u00e4ndern konnten.  <\/p>\n\n<div style=\"height:35px\" aria-hidden=\"true\" class=\"wp-block-spacer\"><\/div>\n\n<h2 class=\"wp-block-heading has-black-color has-text-color has-link-color wp-elements-24582c3da1e4a9feb3f8045192ce97ab\" style=\"font-size:27px\">Wie funktioniert eine Libor-Hypothek?<\/h2>\n\n<p class=\"has-black-color has-text-color has-link-color wp-elements-6324053ae7168e71c767040c2e3e73fc\" style=\"font-size:16px\">Libor-Hypotheken waren so strukturiert, dass sie regelm\u00e4\u00dfig auf der Grundlage des Libor-Satzes angepasst wurden.\nIn der Regel wird im Hypothekenvertrag eine R\u00fccksetzungsperiode festgelegt, z.B. alle 3 oder 6 Monate, in der sich der Zinssatz \u00e4ndern kann.\nDer neue Zinssatz wird berechnet, indem die vereinbarte Marge (ein fester Prozentsatz) auf den aktuellen Libor-Satz aufgeschlagen wird.\nWenn der Libor-Satz beispielsweise 0,5 % und Ihre Marge 1,5 % betr\u00e4gt, w\u00fcrde Ihr Hypothekenzinssatz f\u00fcr die n\u00e4chste Periode 2,0 % betragen.   <\/p>\n\n<div style=\"height:10px\" aria-hidden=\"true\" class=\"wp-block-spacer\"><\/div>\n\n<h3 class=\"wp-block-heading\">Wichtige Merkmale:<\/h3>\n\n<ul>\n<li class=\"wp-elements-399be5a3e896a141bc338ce980ab3c92\" style=\"font-size:16px\"><strong>Zinssatzschwankungen<\/strong>: Der Zinssatz ist nicht festgelegt, was zu m\u00f6glichen \u00c4nderungen der monatlichen Zahlungen f\u00fchrt.<\/li>\n\n\n\n<li class=\"wp-elements-7567e76bdab5a81aaeeac6d04204de7a\" style=\"font-size:16px\"><strong>R\u00fccksetzungsperioden<\/strong>: Die Zinss\u00e4tze werden in regelm\u00e4\u00dfigen Abst\u00e4nden angepasst (z.B. alle 3 oder 6 Monate).<\/li>\n\n\n\n<li class=\"wp-elements-efd93678a1d8707449a2a2be32234981\" style=\"font-size:16px\"><strong>Marge<\/strong>: Ein fester Prozentsatz, der zum Libor-Satz addiert wird, um den Gesamtzinssatz zu bestimmen.<\/li>\n<\/ul>\n\n<div style=\"height:35px\" aria-hidden=\"true\" class=\"wp-block-spacer\"><\/div>\n\n<h2 class=\"wp-block-heading has-black-color has-text-color has-link-color wp-elements-25b9a40798c241cb2b5deb6aaec08017\" style=\"font-size:27px\">\u00dcbergang von Libor zu SARON<\/h2>\n\n<p class=\"has-black-color has-text-color has-link-color wp-elements-a4999b33dbf5d5f5e75dec598e777055\" style=\"font-size:16px\">Der globale Finanzmarkt hat sich aufgrund von Bedenken hinsichtlich seiner Zuverl\u00e4ssigkeit und Manipulationsanf\u00e4lligkeit vom Libor abgewendet. In der Schweiz bedeutet dieser \u00dcbergang, dass die <span style=\"text-decoration: underline;\"><a href=\"https:\/\/fasthypo.ch\/de\/saron-mortgage-der-ultimative-leitfaden-fuer-hauskaeufer\/\" data-type=\"page\" data-id=\"5171\">Swiss Average Rate Overnight<\/a><\/span> (SARON) die neue Benchmark f\u00fcr variabel verzinste Hypotheken geworden ist. <\/p>\n\n<div style=\"height:35px\" aria-hidden=\"true\" class=\"wp-block-spacer\"><\/div>\n\n<h2 class=\"wp-block-heading has-black-color has-text-color has-link-color wp-elements-5e8d778b3bd28059441a4d9247bd0a7c\" style=\"font-size:27px\">SARON vs. Libor: Was ist der Unterschied?<\/h2>\n\n<ul>\n<li class=\"wp-elements-7da9b8165d6433abbc087daeec31b123\" style=\"font-size:16px\"><strong>Berechnungsmethode<\/strong>: Der SARON basiert auf tats\u00e4chlichen Transaktionsdaten des Schweizer Geldmarktes und ist damit ein robusterer und transparenterer Satz als der Libor, der auf Sch\u00e4tzungen beruht.<\/li>\n\n\n\n<li class=\"wp-elements-d18e173ea8697e0edfe07a584d6b5094\" style=\"font-size:16px\"><strong>H\u00e4ufigkeit der Anpassung<\/strong>: SARON spiegelt die Tagesgeldzinsen wider, w\u00e4hrend die Libor-S\u00e4tze mehrere Laufzeiten hatten (Tagesgeld, 3 Monate, 6 Monate, etc.).<\/li>\n\n\n\n<li class=\"wp-elements-c547c1a820ebeaa30d5d3a2ca505105b\" style=\"font-size:16px\"><strong>Marktvertrauen<\/strong>: SARON gilt als zuverl\u00e4ssiger und weniger anf\u00e4llig f\u00fcr Manipulationen.<\/li>\n<\/ul>\n\n<div style=\"height:35px\" aria-hidden=\"true\" class=\"wp-block-spacer\"><\/div>\n\n<h2 class=\"wp-block-heading has-black-color has-text-color has-link-color wp-elements-b70138e66976e2aff8f7b07153b46062\" style=\"font-size:27px\">Vorteile und Nachteile von Libor-Hypotheken<\/h2>\n\n<p class=\"has-black-color has-text-color has-link-color wp-elements-89da1e4a0c4373a05f34aaa366b3bc35\" style=\"font-size:16px\">F\u00fcr Kreditnehmer ist es wichtig, die Vor- und Nachteile von Libor-Hypotheken zu verstehen, auch wenn diese zugunsten von SARON-gebundenen Produkten auslaufen.<\/p>\n\n<h4 class=\"wp-block-heading\">Vorteile:<\/h4>\n\n<ul>\n<li class=\"wp-elements-1fddd1727d1ddc8f78de4cf0107a6805\" style=\"font-size:16px\"><strong>Potenziell niedrigere Anfangss\u00e4tze<\/strong>: In Zeiten niedriger Libor-S\u00e4tze k\u00f6nnen Kreditnehmer von niedrigeren Zinszahlungen im Vergleich zu Festzinskrediten profitieren.<\/li>\n\n\n\n<li class=\"wp-elements-73ce439390c71efd06da9e47e675f2d9\" style=\"font-size:16px\"><strong>Flexibilit\u00e4t<\/strong>: Libor-Hypotheken boten Flexibilit\u00e4t in Bezug auf Zinsanpassungen, was in einem Umfeld sinkender Zinss\u00e4tze von Vorteil sein k\u00f6nnte.<\/li>\n<\/ul>\n\n<h4 class=\"wp-block-heading\">Nachteilig:<\/h4>\n\n<ul>\n<li class=\"wp-elements-3aa465475e304850cbb8e5d4c512c54c\" style=\"font-size:16px\"><strong>Ungewissheit<\/strong>: Der gr\u00f6\u00dfte Nachteil war die Unsicherheit aufgrund der schwankenden Zinss\u00e4tze, die eine Vorhersage der langfristigen Hypothekenkosten erschwert.<\/li>\n\n\n\n<li class=\"wp-elements-55c942b234791bd4859a8afe9a6c8c7e\" style=\"font-size:16px\"><strong>Anf\u00e4lligkeit f\u00fcr Zinserh\u00f6hungen<\/strong>: Wenn der Libor-Satz steigt, w\u00fcrden auch die Zinszahlungen steigen, was zu einer finanziellen Belastung f\u00fchren k\u00f6nnte.<\/li>\n\n\n\n<li class=\"wp-elements-1ff1805946ab772ea225c0c0f59644a9\" style=\"font-size:16px\"><strong>\u00dcbergangsrisiko<\/strong>: Kreditnehmer, die an Libor-Hypotheken gebunden sind, stehen nun vor der Herausforderung, auf SARON oder andere Hypothekenprodukte umzusteigen.<\/li>\n<\/ul>\n\n<div style=\"height:35px\" aria-hidden=\"true\" class=\"wp-block-spacer\"><\/div>\n\n<h2 class=\"wp-block-heading has-black-color has-text-color has-link-color wp-elements-e606396d06cdab7853bbbc685602f33b\" style=\"font-size:27px\">Was sollten die derzeitigen Kreditnehmer tun?<\/h2>\n\n<p class=\"has-black-color has-text-color has-link-color wp-elements-9bb1f95aedf1e276c74608e1380e0646\" style=\"font-size:16px\">Wenn Sie derzeit eine Libor-Hypothek haben, sollten Sie einige Schritte beachten:<\/p>\n\n<ol style=\"font-size:16px\" class=\"has-black-color has-text-color has-link-color wp-elements-48c2d564b1e76b5d9448dfd7b65b1bf1\">\n<li><strong>Pr\u00fcfen Sie Ihren Hypothekenvertrag<\/strong>: Informieren Sie sich \u00fcber die spezifischen Bedingungen Ihrer Libor-Hypothek, einschlie\u00dflich der R\u00fccksetzungszeitr\u00e4ume, der Marge und dar\u00fcber, wie Ihr Kreditgeber den \u00dcbergang zu SARON zu handhaben gedenkt.<\/li>\n\n\n\n<li><strong>Diskutieren Sie mit Ihrem Kreditgeber<\/strong>: Sprechen Sie proaktiv mit Ihrem Kreditgeber \u00fcber den \u00dcbergang.\nDie meisten Schweizer Banken haben Pl\u00e4ne f\u00fcr einen reibungslosen \u00dcbergang von Kreditnehmern zu SARON-basierten Produkten. <\/li>\n\n\n\n<li><strong>Erw\u00e4gen Sie eine Refinanzierung<\/strong>: Dies k\u00f6nnte ein g\u00fcnstiger Zeitpunkt sein, um Ihre Hypothek zu refinanzieren, insbesondere wenn Sie die Stabilit\u00e4t einer Festzinshypothek bevorzugen oder \u00fcber weitere Zinsschwankungen besorgt sind.<\/li>\n\n\n\n<li><strong>Beobachten Sie die Markttrends<\/strong>: Behalten Sie die Zinsentwicklung und die wirtschaftlichen Bedingungen im Auge, da diese sowohl die SARON-S\u00e4tze als auch die Angebote f\u00fcr Festhypotheken beeinflussen werden.<\/li>\n<\/ol>\n\n<div style=\"height:35px\" aria-hidden=\"true\" class=\"wp-block-spacer\"><\/div>\n\n<h2 class=\"wp-block-heading has-black-color has-text-color has-link-color wp-elements-fd0e2101a8bb62cee7bf95b775a8a72d\" style=\"font-size:27px\">Die Zukunft der Schweizer Hypotheken nach dem Libor<\/h2>\n\n<p class=\"has-black-color has-text-color has-link-color wp-elements-2eef6010ee52b5b00aac41274da4aa2e\" style=\"font-size:16px\">Die Abkehr vom Libor stellt eine bedeutende Ver\u00e4nderung in der Schweizer Hypothekenlandschaft dar.\nDa SARON an seine Stelle tritt, werden Kreditnehmer eine andere Dynamik erleben, was die Berechnung der Zinss\u00e4tze und deren Auswirkungen auf die Hypothekenzahlungen betrifft.\nDie grundlegenden Prinzipien der Verwaltung von Hypothekarkosten und der Bewertung der mit variablen Zinss\u00e4tzen verbundenen Risiken bleiben jedoch entscheidend.  <\/p>\n\n<p><strong>Wichtige \u00dcberlegungen:<\/strong><\/p>\n\n<ul>\n<li class=\"wp-elements-ac26f79d66aceecde13dacdaa0c8dcd5\" style=\"font-size:16px\"><strong>Umfeld der Zinss\u00e4tze<\/strong>: Verstehen Sie das aktuelle und prognostizierte Zinsumfeld in der Schweiz, um fundierte Entscheidungen \u00fcber Hypothekenarten zu treffen.<\/li>\n\n\n\n<li class=\"wp-elements-b4d133123245590b743f3c0bcd5ba976\" style=\"font-size:16px\"><strong>Langfristige Finanzplanung<\/strong>: \u00dcberlegen Sie, wie die verschiedenen Hypothekenoptionen zu Ihren langfristigen finanziellen Zielen passen, einschlie\u00dflich Ihrer Risikotoleranz und Budgetflexibilit\u00e4t.<\/li>\n\n\n\n<li class=\"wp-elements-4e2a000cff23d8d46a8590acccb081d7\" style=\"font-size:16px\"><strong>Expertenrat<\/strong>: Lassen Sie sich von Hypothekenexperten oder Finanzberatern beraten, um die beste Hypothekenstrategie f\u00fcr Ihre Situation zu ermitteln.<\/li>\n<\/ul>\n\n<div style=\"height:35px\" aria-hidden=\"true\" class=\"wp-block-spacer\"><\/div>\n\n<h2 class=\"wp-block-heading has-black-color has-text-color has-link-color wp-elements-763841eed746236c6e6cd16799b0ce8d\" style=\"font-size:27px\">Fazit<\/h2>\n\n<p class=\"has-black-color has-text-color has-link-color wp-elements-677a67a69571bbcf3d996609d0d44eab\" style=\"font-size:16px\">W\u00e4hrend die Libor-Hypothek viele Jahre lang eine wichtige Rolle auf dem Schweizer Hypothekenmarkt gespielt hat, bedeutet der \u00dcbergang zu SARON eine neue \u00c4ra der finanziellen Stabilit\u00e4t und Transparenz.\nF\u00fcr Kreditnehmer ist es wichtig, diese \u00c4nderungen zu verstehen, um fundierte Entscheidungen \u00fcber ihre Hypothekenoptionen zu treffen.\nEgal, ob Sie von einer Libor-Hypothek umsteigen oder ein neues Hypothekenprodukt in Erw\u00e4gung ziehen: Informieren Sie sich und lassen Sie sich von Experten beraten, um g\u00fcnstige Hypothekenkonditionen zu erhalten, die Ihren finanziellen Zielen entsprechen.  <\/p>\n","protected":false},"excerpt":{"rendered":"<p>Was ist eine Libor-Hypothek? Eine Libor-Hypothek ist eine Art von Hypothek mit variablem Zinssatz die historisch an den London Interbank Offered Rate (Libor) gebunden war. Der Zinssatz einer Libor-Hypothek schwankt in Abh\u00e4ngigkeit von den Ver\u00e4nderungen des Libor-Satzes, der als weltweiter Referenzzinssatz f\u00fcr die Kreditvergabe der Banken untereinander diente. In der Schweiz wurde der Libor-Satz \u00fcblicherweise<\/p>\n<a class=\"read-more\" href=\"https:\/\/fasthypo.ch\/de\/libor-hypothek-umfassender-leitfaden-fuer-schweizer-kreditnehmer\/\">Read More<\/a>","protected":false},"author":1,"featured_media":0,"parent":0,"menu_order":0,"comment_status":"closed","ping_status":"closed","template":"","meta":{"footnotes":""},"_links":{"self":[{"href":"https:\/\/fasthypo.ch\/de\/wp-json\/wp\/v2\/pages\/5325"}],"collection":[{"href":"https:\/\/fasthypo.ch\/de\/wp-json\/wp\/v2\/pages"}],"about":[{"href":"https:\/\/fasthypo.ch\/de\/wp-json\/wp\/v2\/types\/page"}],"author":[{"embeddable":true,"href":"https:\/\/fasthypo.ch\/de\/wp-json\/wp\/v2\/users\/1"}],"replies":[{"embeddable":true,"href":"https:\/\/fasthypo.ch\/de\/wp-json\/wp\/v2\/comments?post=5325"}],"version-history":[{"count":0,"href":"https:\/\/fasthypo.ch\/de\/wp-json\/wp\/v2\/pages\/5325\/revisions"}],"wp:attachment":[{"href":"https:\/\/fasthypo.ch\/de\/wp-json\/wp\/v2\/media?parent=5325"}],"curies":[{"name":"wp","href":"https:\/\/api.w.org\/{rel}","templated":true}]}}