{"id":5319,"date":"2024-08-15T11:12:58","date_gmt":"2024-08-15T11:12:58","guid":{"rendered":"https:\/\/fasthypo.ch\/zweitwohnungshypothek-in-der-schweiz-ein-umfassender-leitfaden\/"},"modified":"2024-08-29T15:17:53","modified_gmt":"2024-08-29T15:17:53","slug":"zweitwohnungshypothek-in-der-schweiz-ein-umfassender-leitfaden","status":"publish","type":"page","link":"https:\/\/fasthypo.ch\/de\/zweitwohnungshypothek-in-der-schweiz-ein-umfassender-leitfaden\/","title":{"rendered":"Zweitwohnungshypothek in der Schweiz: Ein umfassender Leitfaden"},"content":{"rendered":"\n<p class=\"has-black-color has-text-color has-link-color wp-elements-5a48d618506581cc7fb5d65c678a727f\" style=\"font-size:16px\">Der Besitz eines Zweitwohnsitzes in der Schweiz, sei es ein Ferienchalet in den Alpen oder ein Pied-\u00e0-Terre in der Stadt, ist f\u00fcr viele ein Traum.\nDie Finanzierung dieses Traums erfordert jedoch eine sorgf\u00e4ltige Planung, insbesondere wenn es darum geht, eine Hypothek f\u00fcr die Zweitwohnung aufzunehmen.   <\/p>\n\n<figure class=\"wp-block-image size-full\"><img fetchpriority=\"high\" decoding=\"async\" width=\"838\" height=\"490\" src=\"https:\/\/fasthypo.ch\/wp-content\/uploads\/2024\/08\/second-home-mortgage.webp\" alt=\"\" class=\"wp-image-5235\" srcset=\"https:\/\/fasthypo.ch\/wp-content\/uploads\/2024\/08\/second-home-mortgage.webp 838w, https:\/\/fasthypo.ch\/wp-content\/uploads\/2024\/08\/second-home-mortgage-300x175.webp 300w, https:\/\/fasthypo.ch\/wp-content\/uploads\/2024\/08\/second-home-mortgage-768x449.webp 768w\" sizes=\"(max-width: 838px) 100vw, 838px\" \/><\/figure>\n\n<div style=\"height:29px\" aria-hidden=\"true\" class=\"wp-block-spacer\"><\/div>\n\n<h2 class=\"wp-block-heading has-black-color has-text-color has-link-color wp-elements-8e16aa6a0b491b84fa0879d1b0e5915d\" style=\"font-size:27px\">Was ist eine Zweitwohnungshypothek?<\/h2>\n\n<p class=\"has-black-color has-text-color has-link-color wp-elements-7f8f9f5755b02319f2b40b9ae90c62a4\" style=\"font-size:16px\">Eine Zweitwohnungshypothek ist ein Kredit, der speziell f\u00fcr die Finanzierung des Kaufs eines Zweitwohnsitzes gedacht ist.\nIm Gegensatz zu einer Hypothek f\u00fcr ein Haupthaus wird diese Art von Hypothek f\u00fcr Immobilien verwendet, die nicht Ihr Hauptwohnsitz sind.\nIn der Schweiz werden Zweitwohnungen in der Regel als Ferienh\u00e4user, Mietobjekte oder einfach als Investition genutzt.  <\/p>\n\n<h3 class=\"wp-block-heading\">Unterschiede zwischen einer Erst- und einer Zweithypothek<\/h3>\n\n<p class=\"has-black-color has-text-color has-link-color wp-elements-4d8d9e417a453949682dc82163c920d9\" style=\"font-size:16px\">W\u00e4hrend die Grundprinzipien f\u00fcr die Aufnahme einer Hypothek dieselben sind, gibt es bei Zweitwohnungshypotheken erhebliche Unterschiede:<\/p>\n\n<ul style=\"font-size:16px\" class=\"has-black-color has-text-color has-link-color wp-elements-acf58a1a55b895c42cb588c353771288\">\n<li><strong>H\u00f6here Zinss\u00e4tze:<\/strong> Kreditgeber verlangen oft h\u00f6here Zinss\u00e4tze f\u00fcr Zweitwohnungshypotheken aufgrund des erh\u00f6hten Risikos, das mit Nicht-Prim\u00e4rwohnsitzen verbunden ist.<\/li>\n\n\n\n<li><strong>H\u00f6here Anforderungen an die Anzahlung:<\/strong> In der Regel ist f\u00fcr eine Zweitwohnung eine h\u00f6here Anzahlung erforderlich &#8211; oft etwa 30-40% im Vergleich zu 20% f\u00fcr einen Erstwohnsitz.<\/li>\n\n\n\n<li><strong>Strengere Kreditvergabekriterien:<\/strong> Kreditgeber k\u00f6nnen strengere Kriterien aufstellen, einschlie\u00dflich h\u00f6herer Einkommensanforderungen und strengerer Kreditpr\u00fcfungen.<\/li>\n<\/ul>\n\n<div style=\"height:45px\" aria-hidden=\"true\" class=\"wp-block-spacer\"><\/div>\n\n<h2 class=\"wp-block-heading has-black-color has-text-color has-link-color wp-elements-eb2f254dc795e99b55f5ce35f83a5a17\" style=\"font-size:27px\">Warum sollten Sie einen Zweitwohnsitz in der Schweiz in Betracht ziehen?<\/h2>\n\n<p class=\"has-black-color has-text-color has-link-color wp-elements-957e908faf100bf396a5b5a992cca867\" style=\"font-size:16px\">Die stabile Wirtschaft, die atemberaubenden Landschaften und die hohe Lebensqualit\u00e4t machen die Schweiz zu einem attraktiven Standort f\u00fcr den Erwerb eines Zweitwohnsitzes.\nGanz gleich, ob Sie einen R\u00fcckzugsort in den Bergen oder eine Flucht aus der Stadt suchen, eine Zweitimmobilie in der Schweiz kann eine gro\u00dfartige Investition sein. <\/p>\n\n<h3 class=\"wp-block-heading\">Vorteile eines Zweitwohnsitzes in der Schweiz<\/h3>\n\n<ul style=\"font-size:16px\" class=\"has-black-color has-text-color has-link-color wp-elements-152a6cd6f018cd44a81fa88e5dd9ca5d\">\n<li><strong>Investitionspotenzial:<\/strong> Schweizer Immobilien haben in der Vergangenheit best\u00e4ndige Wertsteigerungen gezeigt, was sie zu einer soliden Investition macht.<\/li>\n\n\n\n<li><strong>Lifestyle Upgrade:<\/strong> Genie\u00dfen Sie die Flexibilit\u00e4t eines Hauses in einem der sch\u00f6nsten L\u00e4nder der Welt, mit einfachem Zugang zu Skigebieten, Wanderwegen und kulturellen Zentren.<\/li>\n\n\n\n<li><strong>Mieteinnahmen:<\/strong> Wenn Sie Ihre Zweitwohnung vermieten, wenn sie nicht genutzt wird, k\u00f6nnen Sie zus\u00e4tzliche Einnahmen erzielen und so die Hypothekenkosten ausgleichen.<\/li>\n<\/ul>\n\n<h3 class=\"wp-block-heading\">\u00dcberlegungen vor dem Kauf einer Zweitwohnung<\/h3>\n\n<p class=\"has-black-color has-text-color has-link-color wp-elements-2535290df4580b4d87992d73ec8a4f79\" style=\"font-size:16px\">Bevor Sie sich auf den Schweizer Immobilienmarkt st\u00fcrzen, sollten Sie unbedingt Folgendes beachten:<\/p>\n\n<ul style=\"font-size:16px\" class=\"has-black-color has-text-color has-link-color wp-elements-1dc3ea2859b61c2615187e64e3c13999\">\n<li><strong>Erschwinglichkeit:<\/strong> K\u00f6nnen Sie sich die Hypothekenzahlungen zus\u00e4tzlich zu den Ausgaben f\u00fcr Ihren Hauptwohnsitz leisten?<\/li>\n\n\n\n<li><strong>Marktbedingungen:<\/strong> Das Verst\u00e4ndnis des lokalen Immobilienmarktes ist f\u00fcr eine solide Investition unerl\u00e4sslich.<\/li>\n\n\n\n<li><strong>Steuerliche Implikationen:<\/strong> Der Besitz einer Zweitwohnung in der Schweiz ist mit bestimmten steuerlichen Verpflichtungen verbunden, die je nach Kanton variieren.<\/li>\n<\/ul>\n\n<div style=\"height:45px\" aria-hidden=\"true\" class=\"wp-block-spacer\"><\/div>\n\n<h2 class=\"wp-block-heading has-black-color has-text-color has-link-color wp-elements-ed52eb8ab72c73d3af1db8f259c2809a\" style=\"font-size:27px\">Wie Sie sich f\u00fcr eine Zweitwohnungshypothek in der Schweiz qualifizieren<\/h2>\n\n<p class=\"has-black-color has-text-color has-link-color wp-elements-31e7a38fa712d5f293f9c81295b4995e\" style=\"font-size:16px\">Um sich f\u00fcr eine Zweitwohnungshypothek in der Schweiz zu qualifizieren, m\u00fcssen Sie bestimmte Kriterien erf\u00fcllen, die sich von denen f\u00fcr eine Erstwohnungshypothek unterscheiden k\u00f6nnen.<\/p>\n\n<h3 class=\"wp-block-heading\">Anforderungen f\u00fcr die Anzahlung<\/h3>\n\n<p class=\"has-black-color has-text-color has-link-color wp-elements-3a0e2f2c0922df2f1a40415ddd4769a3\" style=\"font-size:16px\">Wie bereits erw\u00e4hnt, ist die Anzahlung f\u00fcr eine Zweitwohnungshypothek in der Regel h\u00f6her und liegt bei 30-40% des Immobilienwerts.\nDies liegt daran, dass Kreditgeber Zweitwohnungen als risikoreichere Investitionen ansehen. <\/p>\n\n<h3 class=\"wp-block-heading\">\u00dcberlegungen zum Einkommen und zur Verschuldung<\/h3>\n\n<p class=\"has-black-color has-text-color has-link-color wp-elements-4f4334bddce579449ae499be5f1dacd0\" style=\"font-size:16px\">Die Kreditgeber beurteilen Ihre finanzielle Stabilit\u00e4t, indem sie Ihr Einkommen, Ihre bestehenden Schulden und Ihre allgemeine finanzielle Gesundheit bewerten.\nIm Allgemeinen sollten Ihre gesamten monatlichen Schulden, einschlie\u00dflich der Hypothek f\u00fcr die Zweitwohnung, ein Drittel Ihres monatlichen Bruttoeinkommens nicht \u00fcberschreiten. <\/p>\n\n<h3 class=\"wp-block-heading\">Bewertung von Immobilien<\/h3>\n\n<p class=\"has-black-color has-text-color has-link-color wp-elements-2f0fe76d4464bf1b61228cdda7510400\" style=\"font-size:16px\">Eine professionelle Bewertung der Immobilie ist erforderlich, um den Marktwert zu ermitteln, der sich auf den Betrag auswirkt, den Sie leihen k\u00f6nnen.\nKreditgeber finanzieren einen bestimmten Prozentsatz des gesch\u00e4tzten Wertes, in der Regel bis zu 60-70%. <\/p>\n\n<div style=\"height:45px\" aria-hidden=\"true\" class=\"wp-block-spacer\"><\/div>\n\n<h2 class=\"wp-block-heading has-black-color has-text-color has-link-color wp-elements-63e15854a3408628c78eb80db9cfb3ef\" style=\"font-size:27px\">Verf\u00fcgbare Arten von Zweitwohnungshypotheken<\/h2>\n\n<p class=\"has-black-color has-text-color has-link-color wp-elements-53a4e6b33a1a7536318680c85a3de55f\" style=\"font-size:16px\">Die Schweiz bietet verschiedene Hypothekenoptionen an, die auf unterschiedliche finanzielle Bed\u00fcrfnisse und Risikobereitschaft abgestimmt sind.<\/p>\n\n<h3 class=\"wp-block-heading\">Festverzinsliche Hypothek<\/h3>\n\n<p class=\"has-black-color has-text-color has-link-color wp-elements-5f2179db9c301432b21eafb28a2cbaf7\" style=\"font-size:16px\">Eine <a href=\"https:\/\/fasthypo.ch\/de\/festhypothek-in-der-schweiz-ein-umfassender-leitfaden\/\" data-type=\"page\" data-id=\"5032\"><span style=\"text-decoration: underline;\">Festhypothek<\/span><\/a> bietet Stabilit\u00e4t mit einem festen Zinssatz f\u00fcr die gesamte Laufzeit des Kredits. Dies ist ideal f\u00fcr alle, die ihre monatlichen Zahlungen vorhersehbar gestalten m\u00f6chten.<br\/><br\/> <\/p>\n\n<h3 class=\"wp-block-heading\">Hypothek mit variablem Zinssatz<\/h3>\n\n<p class=\"has-black-color has-text-color has-link-color wp-elements-58cb8c21315a9b973e3d576d4970e668\" style=\"font-size:16px\">Eine <a href=\"https:\/\/fasthypo.ch\/de\/was-ist-ein-hypothekendarlehen-mit-variablem-zinssatz\/\" data-type=\"page\" data-id=\"5078\"><span style=\"text-decoration: underline;\">Hypothek mit variablem Zinssatz<\/span><\/a> hat einen Zinssatz, der mit dem Markt schwankt. Diese Option kann vorteilhaft sein, wenn Sie mit sinkenden Zinsen rechnen, birgt aber ein h\u00f6heres Risiko, wenn die Zinsen steigen. <\/p>\n\n<h3 class=\"wp-block-heading\">Saron Hypothek<\/h3>\n\n<p class=\"has-black-color has-text-color has-link-color wp-elements-fab7425af41025a4925f99234ac93962\" style=\"font-size:16px\">Die <a href=\"https:\/\/fasthypo.ch\/de\/saron-mortgage-der-ultimative-leitfaden-fuer-hauskaeufer\/\" data-type=\"page\" data-id=\"5171\"><span style=\"text-decoration: underline;\">Saron-Hypothek (Swiss Average Rate Overnight)<\/span><\/a> ist eine variable Hypothek, die an den Saron-Satz gebunden ist, der von der Geldpolitik der Schweizerischen Nationalbank beeinflusst wird. Sie eignet sich f\u00fcr Personen mit einer h\u00f6heren Risikotoleranz. <\/p>\n\n<h3 class=\"wp-block-heading\">Libor-Hypothek<\/h3>\n\n<p class=\"has-black-color has-text-color has-link-color wp-elements-172c4b98161a002327f5b482c1d84428\" style=\"font-size:16px\">Die <a href=\"https:\/\/fasthypo.ch\/de\/libor-hypothek-umfassender-leitfaden-fuer-schweizer-kreditnehmer\/\" data-type=\"page\" data-id=\"5140\"><span style=\"text-decoration: underline;\">Libor-Hypothek<\/span><\/a> war in der Vergangenheit sehr beliebt, wird aber nicht mehr verwendet. Sie wird durch die Saron-Hypothek ersetzt, aber es ist wichtig, sie zu verstehen, wenn Sie \u00e4ltere Hypothekenprodukte haben oder in Erw\u00e4gung ziehen. <\/p>\n\n<div style=\"height:45px\" aria-hidden=\"true\" class=\"wp-block-spacer\"><\/div>\n\n<h2 class=\"wp-block-heading has-black-color has-text-color has-link-color wp-elements-137ac785e76b8728c991f5a66089c1ce\" style=\"font-size:27px\">Schritte zur Sicherung einer Zweitwohnungshypothek<\/h2>\n\n<h3 class=\"wp-block-heading\">1. Beurteilen Sie Ihre finanzielle Situation<\/h3>\n\n<p class=\"has-black-color has-text-color has-link-color wp-elements-c4bb6a3579689dbf4f26735dc301d67e\" style=\"font-size:16px\">Bevor Sie sich an Kreditgeber wenden, sollten Sie Ihre finanzielle Situation gr\u00fcndlich \u00fcberpr\u00fcfen.\nVergewissern Sie sich, dass Sie gen\u00fcgend Ersparnisse f\u00fcr die Anzahlung haben und die zus\u00e4tzlichen monatlichen Zahlungen ohne Belastung bew\u00e4ltigen k\u00f6nnen. <\/p>\n\n<h3 class=\"wp-block-heading\">2. Kreditgeber recherchieren und vergleichen<\/h3>\n\n<p class=\"has-black-color has-text-color has-link-color wp-elements-1cf7b5c8bf5609e48b71c8cb023db461\" style=\"font-size:16px\">Verschiedene Darlehensgeber bieten unterschiedliche Konditionen und Zinss\u00e4tze f\u00fcr Zweitwohnungshypotheken an.\nNutzen Sie ein Vergleichstool wie FastHypo, um die besten, auf Ihre Bed\u00fcrfnisse zugeschnittenen Hypothekenangebote zu finden. <\/p>\n\n<h3 class=\"wp-block-heading\">3. Erhalten Sie eine Vorabgenehmigung<\/h3>\n\n<p class=\"has-black-color has-text-color has-link-color wp-elements-f6790652a99da00c787d37e8ac3e69d8\" style=\"font-size:16px\">Wenn Sie eine Vorabgenehmigung f\u00fcr eine Hypothek einholen, haben Sie eine klare Vorstellung davon, wie viel Sie sich leisten k\u00f6nnen und zeigen den Verk\u00e4ufern, dass Sie ein ernsthafter K\u00e4ufer sind.<\/p>\n\n<h3 class=\"wp-block-heading\">4. W\u00e4hlen Sie die richtige Hypothekenart<\/h3>\n\n<p class=\"has-black-color has-text-color has-link-color wp-elements-3310946ec20ca47919036ab74447105e\" style=\"font-size:16px\">W\u00e4hlen Sie die Hypothekenart, die am besten zu Ihrer finanziellen Situation und Risikotoleranz passt.\nZiehen Sie in Erw\u00e4gung, einen Hypothekenberater zu konsultieren, um eine fundierte Entscheidung zu treffen. <\/p>\n\n<h3 class=\"wp-block-heading\">5. Schlie\u00dfen Sie den Bewerbungsprozess ab<\/h3>\n\n<p class=\"has-black-color has-text-color has-link-color wp-elements-824ab26d0f73512a5e926398d69147da\" style=\"font-size:16px\">Sobald Sie sich f\u00fcr einen Kreditgeber entschieden haben, f\u00fcllen Sie den Antrag aus, indem Sie die erforderlichen Unterlagen einreichen, einschlie\u00dflich Einkommens- und Verm\u00f6gensnachweise sowie Angaben zur Immobilie.<\/p>\n\n<h3 class=\"wp-block-heading\">6. Schlie\u00dfen Sie die Hypothek ab<\/h3>\n\n<p class=\"has-black-color has-text-color has-link-color wp-elements-011dd44dfca0b1eee68d2c96e4b22892\" style=\"font-size:16px\">Nach der Genehmigung sollten Sie die Hypothekenbedingungen sorgf\u00e4ltig pr\u00fcfen, bevor Sie den Vertrag unterschreiben.\nStellen Sie sicher, dass alle Bedingungen mit Ihren Erwartungen und finanziellen M\u00f6glichkeiten \u00fcbereinstimmen. <\/p>\n\n<div style=\"height:45px\" aria-hidden=\"true\" class=\"wp-block-spacer\"><\/div>\n\n<h2 class=\"wp-block-heading has-black-color has-text-color has-link-color wp-elements-8dd9d13b32149f47fe1c5e83d8382eff\" style=\"font-size:27px\">Steuerliche Auswirkungen des Besitzes eines Zweitwohnsitzes in der Schweiz<\/h2>\n\n<p class=\"has-black-color has-text-color has-link-color wp-elements-1d6988cad9b219ceebf0cac913f78923\" style=\"font-size:16px\">Der Besitz eines Zweitwohnsitzes in der Schweiz hat spezifische steuerliche Auswirkungen, die je nach Standort und Nutzung der Immobilie variieren.<\/p>\n\n<h3 class=\"wp-block-heading\">Verm\u00f6genssteuer<\/h3>\n\n<p class=\"has-black-color has-text-color has-link-color wp-elements-211c5f9d3f4e137cab8b0dd95d852b39\" style=\"font-size:16px\">Zweitwohnungen tragen zu Ihrem Gesamtverm\u00f6gen bei, das in der Schweiz der Verm\u00f6genssteuer unterliegt.\nDer steuerpflichtige Wert basiert auf dem Marktwert der Immobilie oder einem reduzierten Steuerwert, je nach Kanton. <\/p>\n\n<h3 class=\"wp-block-heading\">Einkommensteuer auf den Eigenmietwert<\/h3>\n\n<p class=\"has-black-color has-text-color has-link-color wp-elements-b36abdbee64af5cc1c4efe55f44de9fa\" style=\"font-size:16px\">Wenn Sie Ihren Zweitwohnsitz nicht vermieten, k\u00f6nnen die Schweizer Steuerbeh\u00f6rden einen unterstellten Mietwert berechnen, der zu Ihrem steuerpflichtigen Einkommen hinzukommt.\nDies kann sich erheblich auf Ihre Einkommensteuerpflichten auswirken. <\/p>\n\n<h3 class=\"wp-block-heading\">Kapitalertragssteuer<\/h3>\n\n<p class=\"has-black-color has-text-color has-link-color wp-elements-660e50d509863364d5f60094b0a5aeb0\" style=\"font-size:16px\">Wenn Sie sich entscheiden, Ihre Zweitwohnung zu verkaufen, unterliegt der erzielte Gewinn der <a href=\"https:\/\/www.etoro.com\/investing\/capital-gains-tax-switzerland\/\" data-type=\"link\" data-id=\"https:\/\/www.etoro.com\/investing\/capital-gains-tax-switzerland\/\" target=\"_blank\" rel=\"noopener\">Kapitalgewinnsteuer.<\/a> Der Steuersatz variiert je nach Kanton und Dauer des Besitzes der Immobilie. <\/p>\n\n<h3 class=\"wp-block-heading\">Steuerabz\u00fcge<\/h3>\n\n<p class=\"has-black-color has-text-color has-link-color wp-elements-409e5560ababa55a0bcad84d38b1defc\" style=\"font-size:16px\">Bestimmte Ausgaben im Zusammenhang mit Ihrer Zweitwohnung, wie Hypothekenzinsen und Unterhaltskosten, k\u00f6nnen von Ihrem steuerpflichtigen Einkommen abgezogen werden.<\/p>\n\n<div style=\"height:45px\" aria-hidden=\"true\" class=\"wp-block-spacer\"><\/div>\n\n<h2 class=\"wp-block-heading has-black-color has-text-color has-link-color wp-elements-4c999fd345e0ef2d97d0d85d6fbc6fbc\" style=\"font-size:27px\">Vermietung Ihres Zweitwohnsitzes<\/h2>\n\n<p class=\"has-black-color has-text-color has-link-color wp-elements-9fbd5d83a1a58a7f9f8d661d8f0efe41\" style=\"font-size:16px\">Wenn Sie planen, Ihre Zweitwohnung zu vermieten, gibt es zus\u00e4tzliche Faktoren zu ber\u00fccksichtigen.<\/p>\n\n<h3 class=\"wp-block-heading\">Mieteinnahmen<\/h3>\n\n<p class=\"has-black-color has-text-color has-link-color wp-elements-d5f4ba5ddb3c5932924704adcd75c345\" style=\"font-size:16px\">Mieteinnahmen aus Ihrem Zweitwohnsitz sind in der Schweiz steuerpflichtig.\nStellen Sie sicher, dass die Mieteinnahmen die Hypothekenzahlungen, Unterhaltskosten und Steuern decken. <\/p>\n\n<h3 class=\"wp-block-heading\">Immobilienverwaltung<\/h3>\n\n<p class=\"has-black-color has-text-color has-link-color wp-elements-e02cfd13f9fe4d5ac7a0150c799134d4\" style=\"font-size:16px\">Die Verwaltung einer Mietimmobilie kann eine Herausforderung sein, vor allem wenn sie sich an einem anderen Ort als Ihrem Hauptwohnsitz befindet.\nZiehen Sie in Erw\u00e4gung, eine Hausverwaltungsfirma zu beauftragen, die sich um die Beziehungen zu den Mietern, die Instandhaltung und rechtliche Fragen k\u00fcmmert. <\/p>\n\n<h3 class=\"wp-block-heading\">Rechtliche \u00dcberlegungen<\/h3>\n\n<p class=\"has-black-color has-text-color has-link-color wp-elements-bd7520aa142951eb5c51fb90f638665e\" style=\"font-size:16px\">Machen Sie sich mit den \u00f6rtlichen Gesetzen zur Kurzzeitvermietung vertraut, insbesondere wenn Sie Plattformen wie Airbnb nutzen m\u00f6chten.\nEinige Kantone haben strenge Vorschriften f\u00fcr Ferienvermietungen. <\/p>\n\n<div style=\"height:45px\" aria-hidden=\"true\" class=\"wp-block-spacer\"><\/div>\n\n<h2 class=\"wp-block-heading has-black-color has-text-color has-link-color wp-elements-c8038cfe943a0558ee1265b739e0c9a2\" style=\"font-size:27px\">H\u00e4ufige Herausforderungen und wie man sie \u00fcberwindet<\/h2>\n\n<h3 class=\"wp-block-heading\">Erf\u00fcllen Sie die h\u00f6here Anzahlung<\/h3>\n\n<p class=\"has-black-color has-text-color has-link-color wp-elements-e52ad502eff9a9f8057f7b36c6c79de8\" style=\"font-size:16px\">Wenn die h\u00f6here Anzahlung eine Herausforderung darstellt, sollten Sie aggressiver sparen oder sich nach Finanzierungsoptionen umsehen, die eine niedrigere Anfangszahlung erm\u00f6glichen, auch wenn diese selten sind und mit h\u00f6heren Zinss\u00e4tzen verbunden sein k\u00f6nnen.<\/p>\n\n<h3 class=\"wp-block-heading\">Verwaltung der Ausgaben f\u00fcr zwei Immobilien<\/h3>\n\n<p class=\"has-black-color has-text-color has-link-color wp-elements-1a0453eec0122b24b29f511cf5d871dd\" style=\"font-size:16px\">Zwei Immobilien zu besitzen bedeutet, dass Sie doppelt so viele Ausgaben haben, von den Versorgungsleistungen bis zur Instandhaltung.\nPlanen Sie Ihr Budget sorgf\u00e4ltig und \u00fcberlegen Sie, ob Sie einen Notfallfonds f\u00fcr unerwartete Kosten einrichten wollen. <\/p>\n\n<h3 class=\"wp-block-heading\">Komplexe Steuergesetze navigieren<\/h3>\n\n<p class=\"has-black-color has-text-color has-link-color wp-elements-930779b14e8ce6b8d4cb520e35b255d3\" style=\"font-size:16px\">Die Schweizer Steuergesetze k\u00f6nnen sehr komplex sein, insbesondere wenn es um Zweitwohnungen geht.\nDie Beratung durch einen Steuerberater, der mit Schweizer Immobilien vertraut ist, kann Ihnen helfen, diese Komplexit\u00e4t zu bew\u00e4ltigen und Ihre Steuersituation zu optimieren. <\/p>\n\n<div style=\"height:45px\" aria-hidden=\"true\" class=\"wp-block-spacer\"><\/div>\n\n<h2 class=\"wp-block-heading has-black-color has-text-color has-link-color wp-elements-9cff5d9f4ae41ad77a3e2e8ccc9d172e\" style=\"font-size:27px\">Fazit<\/h2>\n\n<p class=\"has-black-color has-text-color has-link-color wp-elements-43ef0277dedbcefa6883dfcf0de256d5\" style=\"font-size:16px\">Die Aufnahme einer Hypothek f\u00fcr einen Zweitwohnsitz in der Schweiz ist eine bedeutende finanzielle Verpflichtung. Bei sorgf\u00e4ltiger Planung und fachkundiger Beratung kann sie jedoch eine lohnende Investition sein.\nWenn Sie die Unterschiede zwischen Erst- und Zweitwohnungshypotheken kennen, die Kriterien des Kreditgebers erf\u00fcllen und sich der steuerlichen Auswirkungen bewusst sind, k\u00f6nnen Sie eine fundierte Entscheidung treffen, die mit Ihren finanziellen Zielen \u00fcbereinstimmt. <\/p>\n\n<p class=\"has-black-color has-text-color has-link-color wp-elements-b4300ef4ddc830c1a6e9299a807a82ff\" style=\"font-size:16px\">Ganz gleich, ob Sie eine Zweitwohnung zur Eigennutzung, zur Vermietung oder zu Investitionszwecken kaufen m\u00f6chten, dieser umfassende Leitfaden vermittelt Ihnen das n\u00f6tige Wissen, um sich in der Schweizer Hypothekenlandschaft zurechtzufinden.<\/p>\n\n<p class=\"has-black-color has-text-color has-link-color wp-elements-da79489972647236a10768df66457a47\" style=\"font-size:16px\">F\u00fcr eine pers\u00f6nliche Hypothekenberatung und den Vergleich der besten Zweitwohnungshypotheken besuchen Sie FastHypo und beginnen Sie noch heute Ihre Reise zu Ihrer Traumimmobilie in der Schweiz.<\/p>\n","protected":false},"excerpt":{"rendered":"<p>Der Besitz eines Zweitwohnsitzes in der Schweiz, sei es ein Ferienchalet in den Alpen oder ein Pied-\u00e0-Terre in der Stadt, ist f\u00fcr viele ein Traum. Die Finanzierung dieses Traums erfordert jedoch eine sorgf\u00e4ltige Planung, insbesondere wenn es darum geht, eine Hypothek f\u00fcr die Zweitwohnung aufzunehmen. Was ist eine Zweitwohnungshypothek? Eine Zweitwohnungshypothek ist ein Kredit, der<\/p>\n<a class=\"read-more\" href=\"https:\/\/fasthypo.ch\/de\/zweitwohnungshypothek-in-der-schweiz-ein-umfassender-leitfaden\/\">Read More<\/a>","protected":false},"author":1,"featured_media":0,"parent":0,"menu_order":0,"comment_status":"closed","ping_status":"closed","template":"","meta":{"footnotes":""},"_links":{"self":[{"href":"https:\/\/fasthypo.ch\/de\/wp-json\/wp\/v2\/pages\/5319"}],"collection":[{"href":"https:\/\/fasthypo.ch\/de\/wp-json\/wp\/v2\/pages"}],"about":[{"href":"https:\/\/fasthypo.ch\/de\/wp-json\/wp\/v2\/types\/page"}],"author":[{"embeddable":true,"href":"https:\/\/fasthypo.ch\/de\/wp-json\/wp\/v2\/users\/1"}],"replies":[{"embeddable":true,"href":"https:\/\/fasthypo.ch\/de\/wp-json\/wp\/v2\/comments?post=5319"}],"version-history":[{"count":0,"href":"https:\/\/fasthypo.ch\/de\/wp-json\/wp\/v2\/pages\/5319\/revisions"}],"wp:attachment":[{"href":"https:\/\/fasthypo.ch\/de\/wp-json\/wp\/v2\/media?parent=5319"}],"curies":[{"name":"wp","href":"https:\/\/api.w.org\/{rel}","templated":true}]}}