{"id":5313,"date":"2024-08-15T15:41:39","date_gmt":"2024-08-15T15:41:39","guid":{"rendered":"https:\/\/fasthypo.ch\/hypothek-fuer-nicht-residenten-in-der-schweiz-ein-umfassender-leitfaden\/"},"modified":"2024-08-29T15:30:27","modified_gmt":"2024-08-29T15:30:27","slug":"hypothek-fuer-nicht-residenten-in-der-schweiz-ein-umfassender-leitfaden","status":"publish","type":"page","link":"https:\/\/fasthypo.ch\/de\/hypothek-fuer-nicht-residenten-in-der-schweiz-ein-umfassender-leitfaden\/","title":{"rendered":"Hypothek f\u00fcr Nicht-Residenten in der Schweiz: Ein umfassender Leitfaden"},"content":{"rendered":"\n<figure class=\"wp-block-image size-full\"><img fetchpriority=\"high\" decoding=\"async\" width=\"958\" height=\"538\" src=\"https:\/\/fasthypo.ch\/wp-content\/uploads\/2024\/08\/mortgage-for-non-resident.webp\" alt=\"Hypotheken f&#xFC;r Nichtans&#xE4;ssige\" class=\"wp-image-5256\" srcset=\"https:\/\/fasthypo.ch\/wp-content\/uploads\/2024\/08\/mortgage-for-non-resident.webp 958w, https:\/\/fasthypo.ch\/wp-content\/uploads\/2024\/08\/mortgage-for-non-resident-300x168.webp 300w, https:\/\/fasthypo.ch\/wp-content\/uploads\/2024\/08\/mortgage-for-non-resident-768x431.webp 768w, https:\/\/fasthypo.ch\/wp-content\/uploads\/2024\/08\/mortgage-for-non-resident-640x360.webp 640w\" sizes=\"(max-width: 958px) 100vw, 958px\" \/><\/figure>\n\n<h2 class=\"wp-block-heading has-black-color has-text-color has-link-color wp-elements-61a6ed30f0e7c0c33ef0d3c1be1279ee\" style=\"font-size:27px\">Den Schweizer Hypothekenmarkt verstehen<\/h2>\n\n<p class=\"has-black-color has-text-color has-link-color wp-elements-52094c02429ce329cddab87f6643c323\" style=\"font-size:16px\">Der Schweizer Hypothekenmarkt ist f\u00fcr seine Stabilit\u00e4t, seine wettbewerbsf\u00e4higen Zinss\u00e4tze und seinen strengen Regulierungsrahmen bekannt.\nGebietsfremde stehen jedoch vor besonderen Herausforderungen und Chancen, wenn sie in der Schweiz eine Immobilie erwerben m\u00f6chten.\nDieser Leitfaden bietet Ihnen einen tiefen Einblick in die Feinheiten des Hypothekenerwerbs als Nichtans\u00e4ssiger und stellt sicher, dass Sie die notwendigen Informationen haben, um den Prozess erfolgreich zu durchlaufen.  <\/p>\n\n<div style=\"height:25px\" aria-hidden=\"true\" class=\"wp-block-spacer\"><\/div>\n\n<h3 class=\"wp-block-heading has-black-color has-text-color has-link-color wp-elements-bf90e50e60d56a35f098592d5a70dee8\" style=\"font-size:21px\">Die wichtigsten Akteure auf dem Schweizer Hypothekenmarkt  <\/h3>\n\n<p class=\"has-black-color has-text-color has-link-color wp-elements-7fda459dace6f0e605c37d40f851ba83\" style=\"font-size:16px\">Der Schweizer Hypothekenmarkt wird von einigen wenigen Hauptakteuren beherrscht, darunter Gro\u00dfbanken wie UBS, Credit Suisse und Raiffeisen sowie verschiedene Regionalbanken, Versicherungsgesellschaften und Hypothekenmakler.\nJedes dieser Institute bietet verschiedene Produkte an, die auf spezifische Bed\u00fcrfnisse zugeschnitten sind, auch auf die von Nicht-Einwohnern. <\/p>\n\n<div style=\"height:25px\" aria-hidden=\"true\" class=\"wp-block-spacer\"><\/div>\n\n<h3 class=\"wp-block-heading has-black-color has-text-color has-link-color wp-elements-0518d1bcda13be11c85bd4584f21d917\" style=\"font-size:21px\">Arten von Hypotheken f\u00fcr Nicht-Residenten<\/h3>\n\n<p class=\"has-black-color has-text-color has-link-color wp-elements-0ae10b3fcf04699ed067af0cbfc7c759\" style=\"font-size:16px\">Gebietsfremde k\u00f6nnen in der Schweiz mehrere Arten von Hypotheken aufnehmen, darunter:<\/p>\n\n<ul style=\"font-size:16px\" class=\"has-black-color has-text-color has-link-color wp-elements-7dfb9181bede6f870180ceccca3f6564\">\n<li><a href=\"https:\/\/fasthypo.ch\/de\/festhypothek-in-der-schweiz-ein-umfassender-leitfaden\/\" data-type=\"page\" data-id=\"5032\"><span style=\"text-decoration: underline;\"><strong>Festhypothek:<\/strong><\/span><\/a> Bieten Stabilit\u00e4t mit einem festen Zinssatz f\u00fcr einen bestimmten Zeitraum, der in der Regel zwischen 5 und 15 Jahren liegt.<\/li>\n\n\n\n<li><a href=\"https:\/\/fasthypo.ch\/de\/was-ist-ein-hypothekendarlehen-mit-variablem-zinssatz\/\" data-type=\"page\" data-id=\"5078\"><span style=\"text-decoration: underline;\"><strong>Hypotheken mit variablem Zinssatz:<\/strong><\/span><\/a> Diese Hypotheken haben Zinss\u00e4tze, die je nach Marktbedingungen schwanken k\u00f6nnen. Sie bieten Flexibilit\u00e4t, sind aber mit einem h\u00f6heren Risiko verbunden.<\/li>\n\n\n\n<li><a href=\"https:\/\/fasthypo.ch\/de\/saron-mortgage-der-ultimative-leitfaden-fuer-hauskaeufer\/\" data-type=\"page\" data-id=\"5171\"><span style=\"text-decoration: underline;\"><strong>LIBOR\/SARON-Hypotheken<\/strong><\/span><\/a>: Diese Hypotheken sind an den Swiss Average Rate Overnight (SARON) gekoppelt und haben variable Zinss\u00e4tze, die an die kurzfristigen Markts\u00e4tze gebunden sind.<\/li>\n\n\n\n<li><strong><a href=\"https:\/\/fasthypo.ch\/de\/erste-hypothek-fuer-ihr-haus-einfache-anleitung-zum-kauf-einer-ersten-immobilie-in-der-schweiz\/\" data-type=\"page\" data-id=\"5220\">Hypotheken f\u00fcr Erst<\/a>&#8211; und Zweitwohnsitze<\/strong>: Nicht-Residenten k\u00f6nnen sowohl Erstwohnsitze als auch Ferienh\u00e4user finanzieren, wobei sich die Bedingungen erheblich unterscheiden.<\/li>\n<\/ul>\n\n<div style=\"height:60px\" aria-hidden=\"true\" class=\"wp-block-spacer\"><\/div>\n\n<h2 class=\"wp-block-heading has-black-color has-text-color has-link-color wp-elements-97f6edc5b7d162ebdd0b6a2101e91275\" style=\"font-size:27px\">K\u00f6nnen Nicht-Residenten in der Schweiz Immobilien kaufen?<\/h2>\n\n<div style=\"height:25px\" aria-hidden=\"true\" class=\"wp-block-spacer\"><\/div>\n\n<h3 class=\"wp-block-heading has-black-color has-text-color has-link-color wp-elements-73ff7c39b656629a3b204a0c963839c6\" style=\"font-size:21px\">Rechtlicher Rahmen: Das Verst\u00e4ndnis der Lex Koller und ihre Auswirkungen<\/h3>\n\n<p class=\"has-black-color has-text-color has-link-color wp-elements-056bd4bafb09becf85e1524eecf5b413\" style=\"font-size:16px\">Einer der wichtigsten Aspekte beim Erwerb von Immobilien in der Schweiz als Nichtans\u00e4ssiger ist das Verst\u00e4ndnis der rechtlichen Beschr\u00e4nkungen, die durch die <a href=\"https:\/\/en.wikipedia.org\/wiki\/Lex_Koller\" data-type=\"link\" data-id=\"https:\/\/en.wikipedia.org\/wiki\/Lex_Koller\" target=\"_blank\" rel=\"noopener\"><span style=\"text-decoration: underline;\">\u201eLex Koller\u201c<\/span><\/a> auferlegt werden. Dieses Gesetz schr\u00e4nkt den Erwerb von Schweizer Immobilien durch Ausl\u00e4nder ein und enth\u00e4lt je nach Art der Immobilie und ihrer Lage spezifische Bestimmungen. <\/p>\n\n<h4 class=\"wp-block-heading\">Was ist Lex Koller?<\/h4>\n\n<p class=\"has-black-color has-text-color has-link-color wp-elements-9e5cacce4727be8799f95755a90ef404\" style=\"font-size:16px\">Die Lex Koller verbietet Gebietsfremden den Erwerb von Wohnimmobilien in der Schweiz, insbesondere von Erstwohnsitzen, ohne besondere Genehmigung.\nEs gibt jedoch Ausnahmen, insbesondere in touristischen Gebieten und f\u00fcr Gewerbeimmobilien. <\/p>\n\n<div style=\"height:25px\" aria-hidden=\"true\" class=\"wp-block-spacer\"><\/div>\n\n<h3 class=\"wp-block-heading has-black-color has-text-color has-link-color wp-elements-4c9ae292ac2f351a5c4d0aa14f9105de\" style=\"font-size:21px\">Ausnahmen und Sondergenehmigungen<\/h3>\n\n<p class=\"has-black-color has-text-color has-link-color wp-elements-057c22c327a6ca36068796abf34e4ab8\" style=\"font-size:16px\">Es gibt spezielle Ausnahmen und Genehmigungen im Rahmen der Lex Koller, die es Gebietsfremden erm\u00f6glichen, in der Schweiz Immobilien zu erwerben:<\/p>\n\n<ul style=\"font-size:16px\" class=\"has-black-color has-text-color has-link-color wp-elements-61bd9613cfcd7a166850c5ebe7e1471a\">\n<li><strong>Ferienh\u00e4user:<\/strong> Nicht-Residenten k\u00f6nnen in ausgewiesenen Touristenregionen Ferienh\u00e4user mit Gr\u00f6\u00dfen- und Nutzungsbeschr\u00e4nkungen kaufen.<\/li>\n\n\n\n<li><strong>Anlageimmobilien:<\/strong> Wohngeb\u00e4ude mit mehreren Einheiten, die zu Mietzwecken bestimmt sind, k\u00f6nnen mit weniger Einschr\u00e4nkungen erworben werden.<\/li>\n\n\n\n<li><strong>Erbschaft:<\/strong> Geerbte Immobilien unterliegen nicht dem sofortigen Verkauf, aber der Erwerb zus\u00e4tzlicher Immobilien als Nichtans\u00e4ssiger f\u00e4llt immer noch unter die Regeln der Lex Koller.<\/li>\n<\/ul>\n\n<div style=\"height:25px\" aria-hidden=\"true\" class=\"wp-block-spacer\"><\/div>\n\n<h3 class=\"wp-block-heading has-black-color has-text-color has-link-color wp-elements-480bb7e7edf7f28bc2a9faf9a33e8e9f\" style=\"font-size:21px\">Regionale Unterschiede bei der Durchsetzung der Lex Koller<\/h3>\n\n<p class=\"has-black-color has-text-color has-link-color wp-elements-e0113d2a8a5910f9436410401b91124b\" style=\"font-size:16px\">Die Durchsetzung der Lex Koller variiert je nach Kanton.\nEinige Kantone, vor allem jene mit einem starken Tourismussektor, k\u00f6nnen den Erwerb von Immobilien durch Gebietsfremde lockerer handhaben, w\u00e4hrend andere das ausl\u00e4ndische Eigentum streng kontrollieren. <\/p>\n\n<div style=\"height:60px\" aria-hidden=\"true\" class=\"wp-block-spacer\"><\/div>\n\n<h2 class=\"wp-block-heading has-black-color has-text-color has-link-color wp-elements-65c07c631a0f92284acbc996fe9185d9\" style=\"font-size:27px\">Navigieren durch den Hypothekenprozess als Nicht-Resident<\/h2>\n\n<div style=\"height:25px\" aria-hidden=\"true\" class=\"wp-block-spacer\"><\/div>\n\n<h3 class=\"wp-block-heading has-black-color has-text-color has-link-color wp-elements-b9ac792f3235f47de367597f0a7880ba\" style=\"font-size:21px\">Zulassungskriterien f\u00fcr Nicht-Einwohner<\/h3>\n\n<p class=\"has-black-color has-text-color has-link-color wp-elements-6ff8020c6b63abd4d790335f59d68725\" style=\"font-size:16px\">Nichtans\u00e4ssige m\u00fcssen bestimmte Kriterien erf\u00fcllen, um sich f\u00fcr eine Schweizer Hypothek zu qualifizieren:<\/p>\n\n<ul style=\"font-size:16px\" class=\"has-black-color has-text-color has-link-color wp-elements-119e984afba899a116268d734e527cfe\">\n<li><strong>Aufenthaltsstatus:<\/strong> F\u00fcr Personen mit einer Aufenthaltsgenehmigung B oder C gelten andere Bedingungen als f\u00fcr Nicht-Einwohner ohne eine solche Genehmigung.<\/li>\n\n\n\n<li><strong>Kreditw\u00fcrdigkeit und finanzielle Leistungsf\u00e4higkeit:<\/strong> Die Kreditgeber pr\u00fcfen Ihre finanzielle Stabilit\u00e4t, einschlie\u00dflich Einkommen, Verschuldung und Kreditgeschichte.<\/li>\n<\/ul>\n\n<div style=\"height:25px\" aria-hidden=\"true\" class=\"wp-block-spacer\"><\/div>\n\n<h3 class=\"wp-block-heading has-black-color has-text-color has-link-color wp-elements-d7885b1faa84db4dad71188b303616c4\" style=\"font-size:21px\">Erforderliche Unterlagen f\u00fcr Hypothekenantr\u00e4ge<\/h3>\n\n<p class=\"has-black-color has-text-color has-link-color wp-elements-3c17ed61615275e01fbc74ae3b779cbb\" style=\"font-size:16px\">Nicht-Residenten m\u00fcssen umfassende Unterlagen vorlegen, darunter:<\/p>\n\n<ul style=\"font-size:16px\" class=\"has-black-color has-text-color has-link-color wp-elements-69728baabdc1d1a3fb7f8789690bff3f\">\n<li><strong>Einkommensnachweis:<\/strong> Aktuelle Gehaltsabrechnungen oder Steuererkl\u00e4rungen.<\/li>\n\n\n\n<li><strong>Identit\u00e4tsnachweis und Wohnsitznachweis:<\/strong> Reisepass, Aufenthaltsgenehmigung und Nachweis der Adresse.<\/li>\n\n\n\n<li><strong>Details zur Immobilie:<\/strong> Dokumentation \u00fcber die zu erwerbende Immobilie, einschlie\u00dflich Wertgutachten.<\/li>\n<\/ul>\n\n<div style=\"height:25px\" aria-hidden=\"true\" class=\"wp-block-spacer\"><\/div>\n\n<h3 class=\"wp-block-heading has-black-color has-text-color has-link-color wp-elements-49db90f4ef42dae533b056c39732bcba\" style=\"font-size:21px\">Hypothekenbedingungen und Konditionen<\/h3>\n\n<p class=\"has-black-color has-text-color has-link-color wp-elements-f8c32b05db4759715a2daef053829527\" style=\"font-size:16px\">Die Bedingungen f\u00fcr Hypotheken f\u00fcr Gebietsfremde unterscheiden sich oft von denen, die f\u00fcr in der Schweiz ans\u00e4ssige Personen gelten.\nDazu k\u00f6nnen geh\u00f6ren: <\/p>\n\n<ul style=\"font-size:16px\" class=\"has-black-color has-text-color has-link-color wp-elements-9a0f15b1a230af1a71e009c276b60c49\">\n<li><strong>Anforderungen an die Anzahlung:<\/strong> Nicht-Residenten m\u00fcssen in der Regel eine gr\u00f6\u00dfere Anzahlung leisten, oft bis zu 40% des Immobilienwerts.<\/li>\n\n\n\n<li><strong>Zinss\u00e4tze:<\/strong> Die Zinss\u00e4tze f\u00fcr Gebietsfremde k\u00f6nnen h\u00f6her sein, was das von den Kreditgebern wahrgenommene h\u00f6here Risiko widerspiegelt.<\/li>\n\n\n\n<li><strong>R\u00fcckzahlungsbedingungen:<\/strong> Kreditgeber k\u00f6nnen Gebietsfremden k\u00fcrzere R\u00fcckzahlungsfristen anbieten, was sich auf die H\u00f6he der monatlichen Zahlungen auswirkt.<\/li>\n<\/ul>\n\n<div style=\"height:60px\" aria-hidden=\"true\" class=\"wp-block-spacer\"><\/div>\n\n<h2 class=\"wp-block-heading has-black-color has-text-color has-link-color wp-elements-d86f8ef0d3a22504053d04c1681d4219\" style=\"font-size:27px\">Erlaubte Immobilienarten f\u00fcr Nicht-Residenten<\/h2>\n\n<div style=\"height:25px\" aria-hidden=\"true\" class=\"wp-block-spacer\"><\/div>\n\n<h3 class=\"wp-block-heading has-black-color has-text-color has-link-color wp-elements-2509a838055015a789101f02e7914627\" style=\"font-size:21px\">Ferienh\u00e4user und Zweitwohnsitze<\/h3>\n\n<p class=\"has-black-color has-text-color has-link-color wp-elements-be86b2741f6666d0b5d5058e5caae789\" style=\"font-size:16px\">Nicht-Residenten k\u00f6nnen in bestimmten Touristenregionen Ferienh\u00e4user kaufen, allerdings mit strengen Einschr\u00e4nkungen:<\/p>\n\n<ul style=\"font-size:16px\" class=\"has-black-color has-text-color has-link-color wp-elements-fcd6a47e5167fc12c990dc69b3392345\">\n<li><strong>Kauf in touristischen Zonen:<\/strong> Nur Immobilien in ausgewiesenen touristischen Zonen sind f\u00f6rderf\u00e4hig.<\/li>\n\n\n\n<li><strong>Gr\u00f6\u00dfenbeschr\u00e4nkungen:<\/strong> Ferienh\u00e4user sind auf eine Wohnfl\u00e4che von 200 Quadratmetern begrenzt.<\/li>\n\n\n\n<li><strong>Bedingungen f\u00fcr die Nutzung:<\/strong> Die Immobilie kann nicht als Hauptwohnsitz vermietet werden und ist haupts\u00e4chlich f\u00fcr Ferienzwecke gedacht.<\/li>\n<\/ul>\n\n<div style=\"height:25px\" aria-hidden=\"true\" class=\"wp-block-spacer\"><\/div>\n\n<h3 class=\"wp-block-heading has-black-color has-text-color has-link-color wp-elements-8d57a91403990a802922a61579e3d66e\" style=\"font-size:21px\">Gewerbliche und als Kapitalanlage gehaltene Immobilien<\/h3>\n\n<p class=\"has-black-color has-text-color has-link-color wp-elements-3639f65a2339945def22f8c6d4d3b01e\" style=\"font-size:16px\">Nicht-Residenten haben mehr Flexibilit\u00e4t beim Kauf von Gewerbeimmobilien:<\/p>\n\n<ul style=\"font-size:16px\" class=\"has-black-color has-text-color has-link-color wp-elements-4ad59b2ef8999991774276202a327c89\">\n<li><strong>B\u00fcrogeb\u00e4ude:<\/strong> Verf\u00fcgbar f\u00fcr Nicht-Residenten, wenn sie f\u00fcr kommerzielle Zwecke genutzt werden.<\/li>\n\n\n\n<li><strong>Einzelhandelsfl\u00e4chen:<\/strong> In der Regel ohne die strengen Anforderungen, die f\u00fcr Wohnimmobilien gelten.<\/li>\n\n\n\n<li><strong>Wohngeb\u00e4ude mit mehreren Wohneinheiten:<\/strong> K\u00f6nnen zu Vermietungszwecken erworben werden, wobei die Regeln je nach Kanton variieren k\u00f6nnen.<\/li>\n<\/ul>\n\n<div style=\"height:25px\" aria-hidden=\"true\" class=\"wp-block-spacer\"><\/div>\n\n<h3 class=\"wp-block-heading has-black-color has-text-color has-link-color wp-elements-801e0e50bbd810eac2e557a14ca096dc\" style=\"font-size:21px\">Landwirtschaftliches Land<\/h3>\n\n<p class=\"has-black-color has-text-color has-link-color wp-elements-b0c155ec5eb7cbf18874498348b15b7d\" style=\"font-size:16px\">Der Erwerb von landwirtschaftlichen Fl\u00e4chen als Nichtans\u00e4ssiger ist aufgrund von Bundesvorschriften, die Schweizer Landwirte bevorzugen, stark eingeschr\u00e4nkt.<\/p>\n\n<div style=\"height:60px\" aria-hidden=\"true\" class=\"wp-block-spacer\"><\/div>\n\n<h2 class=\"wp-block-heading has-black-color has-text-color has-link-color wp-elements-87d0384859f02329c097e7d2bf51270a\" style=\"font-size:27px\">Rechtliche und regulatorische H\u00fcrden \u00fcberwinden<\/h2>\n\n<div style=\"height:25px\" aria-hidden=\"true\" class=\"wp-block-spacer\"><\/div>\n\n<h3 class=\"wp-block-heading has-black-color has-text-color has-link-color wp-elements-215acd294981eafd53dba5e08c735063\" style=\"font-size:21px\">Lex Koller navigieren<\/h3>\n\n<p class=\"has-black-color has-text-color has-link-color wp-elements-4feffb9e7697a3ab065d12265c64b0cc\" style=\"font-size:16px\">Ein erfolgreicher Immobilienerwerb als Nichtans\u00e4ssiger erfordert eine sorgf\u00e4ltige Planung und ein Verst\u00e4ndnis der Lex Koller.\nDie Beratung durch Rechtsexperten und lokale Beh\u00f6rden kann dazu beitragen, die Einhaltung der Vorschriften sicherzustellen und den Kaufprozess zu erleichtern. <\/p>\n\n<div style=\"height:25px\" aria-hidden=\"true\" class=\"wp-block-spacer\"><\/div>\n\n<h3 class=\"wp-block-heading has-black-color has-text-color has-link-color wp-elements-6ccf89eff5343ffba77aea6a9772c7c8\" style=\"font-size:21px\">M\u00f6gliche Schlupfl\u00f6cher und Risiken<\/h3>\n\n<p class=\"has-black-color has-text-color has-link-color wp-elements-7b74454627180f03fed7f494021c0ef1\" style=\"font-size:16px\">Einige Gebietsfremde versuchen zwar, die Lex Koller mit Hilfe von rechtlichen Strukturen oder Vollmachten zu umgehen, doch ist dieser Ansatz riskant und kann zu schweren Strafen f\u00fchren, einschlie\u00dflich des Zwangsverkaufs der Immobilie.<\/p>\n\n<div style=\"height:60px\" aria-hidden=\"true\" class=\"wp-block-spacer\"><\/div>\n\n<h2 class=\"wp-block-heading has-black-color has-text-color has-link-color wp-elements-9cff5d9f4ae41ad77a3e2e8ccc9d172e\" style=\"font-size:27px\">Fazit<\/h2>\n\n<p class=\"has-black-color has-text-color has-link-color wp-elements-1f8216481fce48730bce22daca7c26c1\" style=\"font-size:16px\">Der Kauf einer Immobilie und die Aufnahme einer Hypothek in der Schweiz als Nichtans\u00e4ssiger ist m\u00f6glich, erfordert aber die Navigation durch eine komplexe Rechtslandschaft und die Erf\u00fcllung strenger finanzieller Kriterien.\nWenn Sie die Vorschriften verstehen, sich mit Experten vor Ort austauschen und Ihre Investition sorgf\u00e4ltig planen, k\u00f6nnen Sie Ihre Immobilienziele in einem der begehrtesten Immobilienm\u00e4rkte der Welt erreichen. <\/p>\n","protected":false},"excerpt":{"rendered":"<p>Den Schweizer Hypothekenmarkt verstehen Der Schweizer Hypothekenmarkt ist f\u00fcr seine Stabilit\u00e4t, seine wettbewerbsf\u00e4higen Zinss\u00e4tze und seinen strengen Regulierungsrahmen bekannt. Gebietsfremde stehen jedoch vor besonderen Herausforderungen und Chancen, wenn sie in der Schweiz eine Immobilie erwerben m\u00f6chten. Dieser Leitfaden bietet Ihnen einen tiefen Einblick in die Feinheiten des Hypothekenerwerbs als Nichtans\u00e4ssiger und stellt sicher, dass Sie<\/p>\n<a class=\"read-more\" href=\"https:\/\/fasthypo.ch\/de\/hypothek-fuer-nicht-residenten-in-der-schweiz-ein-umfassender-leitfaden\/\">Read More<\/a>","protected":false},"author":1,"featured_media":0,"parent":0,"menu_order":0,"comment_status":"closed","ping_status":"closed","template":"","meta":{"footnotes":""},"_links":{"self":[{"href":"https:\/\/fasthypo.ch\/de\/wp-json\/wp\/v2\/pages\/5313"}],"collection":[{"href":"https:\/\/fasthypo.ch\/de\/wp-json\/wp\/v2\/pages"}],"about":[{"href":"https:\/\/fasthypo.ch\/de\/wp-json\/wp\/v2\/types\/page"}],"author":[{"embeddable":true,"href":"https:\/\/fasthypo.ch\/de\/wp-json\/wp\/v2\/users\/1"}],"replies":[{"embeddable":true,"href":"https:\/\/fasthypo.ch\/de\/wp-json\/wp\/v2\/comments?post=5313"}],"version-history":[{"count":0,"href":"https:\/\/fasthypo.ch\/de\/wp-json\/wp\/v2\/pages\/5313\/revisions"}],"wp:attachment":[{"href":"https:\/\/fasthypo.ch\/de\/wp-json\/wp\/v2\/media?parent=5313"}],"curies":[{"name":"wp","href":"https:\/\/api.w.org\/{rel}","templated":true}]}}