{"id":5307,"date":"2024-08-16T06:48:57","date_gmt":"2024-08-16T06:48:57","guid":{"rendered":"https:\/\/fasthypo.ch\/jugend-hypothek-ein-kompletter-leitfaden-fuer-hypotheken-fuer-junge-leute-in-der-schweiz\/"},"modified":"2024-08-29T16:04:18","modified_gmt":"2024-08-29T16:04:18","slug":"jugend-hypothek-ein-kompletter-leitfaden-fuer-hypotheken-fuer-junge-leute-in-der-schweiz","status":"publish","type":"page","link":"https:\/\/fasthypo.ch\/de\/jugend-hypothek-ein-kompletter-leitfaden-fuer-hypotheken-fuer-junge-leute-in-der-schweiz\/","title":{"rendered":"Jugend-Hypothek: Ein kompletter Leitfaden f\u00fcr Hypotheken f\u00fcr junge Leute in der Schweiz"},"content":{"rendered":"\n<p class=\"has-black-color has-text-color has-link-color wp-elements-cd53da67f9726c86b26603ca7220b9eb\" style=\"font-size:16px\">Der Kauf eines Eigenheims ist einer der wichtigsten Schritte im Leben eines Menschen, aber f\u00fcr junge Menschen kann er wie eine \u00fcberw\u00e4ltigende Herausforderung erscheinen.\nMit der richtigen Hypothek k\u00f6nnen jedoch auch junge Menschen den Traum vom Eigenheim verwirklichen.\nIn diesem Artikel erfahren Sie alles, was Sie \u00fcber Hypotheken f\u00fcr junge Leute in der Schweiz wissen m\u00fcssen. Wir bieten Ihnen praktische Ratschl\u00e4ge und detaillierte Informationen, die Ihnen helfen, den Prozess zu meistern.  <\/p>\n\n<figure class=\"wp-block-image size-large\"><img fetchpriority=\"high\" decoding=\"async\" width=\"1024\" height=\"640\" src=\"https:\/\/fasthypo.ch\/wp-content\/uploads\/2024\/08\/youth-mortgage-1024x640.webp\" alt=\"\" class=\"wp-image-5277\" srcset=\"https:\/\/fasthypo.ch\/wp-content\/uploads\/2024\/08\/youth-mortgage-1024x640.webp 1024w, https:\/\/fasthypo.ch\/wp-content\/uploads\/2024\/08\/youth-mortgage-300x188.webp 300w, https:\/\/fasthypo.ch\/wp-content\/uploads\/2024\/08\/youth-mortgage-768x480.webp 768w, https:\/\/fasthypo.ch\/wp-content\/uploads\/2024\/08\/youth-mortgage-1536x960.webp 1536w, https:\/\/fasthypo.ch\/wp-content\/uploads\/2024\/08\/youth-mortgage.webp 1600w\" sizes=\"(max-width: 1024px) 100vw, 1024px\" \/><\/figure>\n\n<div style=\"height:40px\" aria-hidden=\"true\" class=\"wp-block-spacer\"><\/div>\n\n<h2 class=\"wp-block-heading\">Was ist eine Jugendhypothek?<\/h2>\n\n<p class=\"has-black-color has-text-color has-link-color wp-elements-39ed3df367c94cc2b9f40be925b49e07\" style=\"font-size:16px\">Eine Jugendhypothek ist eine Art von Wohnungsbaudarlehen, das speziell f\u00fcr Personen unter 35 Jahren gedacht ist.\nDiese Art von Hypothek kann g\u00fcnstige Konditionen bieten, wie z.B. reduzierte Zinss\u00e4tze und geringere Anforderungen an das Anfangskapital, um jungen Menschen den Erwerb ihres ersten Eigenheims zu erleichtern.\nSchweizer Banken werben oft f\u00fcr diese Hypotheken, um junge Kunden zu gewinnen und ihnen in einer entscheidenden Phase ihres finanziellen Lebens konkrete Unterst\u00fctzung zu bieten.  <\/p>\n\n<div style=\"height:10px\" aria-hidden=\"true\" class=\"wp-block-spacer\"><\/div>\n\n<h3 class=\"wp-block-heading\">Vorteile einer Jugendhypothek<\/h3>\n\n<ol style=\"font-size:16px\" class=\"has-black-color has-text-color has-link-color wp-elements-240a847cd49cb24a3c5991cd4ef204c6\">\n<li><strong>Niedrigere Zinss\u00e4tze:<\/strong> Viele Banken bieten reduzierte Zinss\u00e4tze f\u00fcr Jugendhypotheken an, was die monatlichen Zahlungen ertr\u00e4glicher macht.<\/li>\n\n\n\n<li><strong>Reduziertes Anfangskapital:<\/strong> Einige Finanzinstitute erm\u00f6glichen jungen Menschen den Zugang zu einer Hypothek mit einer geringeren Anzahlung als den \u00fcblichen 20%.<\/li>\n\n\n\n<li><strong>Finanzielle Unterst\u00fctzung:<\/strong> Pers\u00f6nliche Beratung und ma\u00dfgeschneiderte Finanzpakete f\u00fcr junge K\u00e4ufer.<\/li>\n<\/ol>\n\n<div style=\"height:40px\" aria-hidden=\"true\" class=\"wp-block-spacer\"><\/div>\n\n<h2 class=\"wp-block-heading\">Voraussetzungen f\u00fcr die Qualifizierung f\u00fcr eine Jugendhypothek<\/h2>\n\n<div style=\"height:21px\" aria-hidden=\"true\" class=\"wp-block-spacer\"><\/div>\n\n<h3 class=\"wp-block-heading\">Alter<\/h3>\n\n<p class=\"has-black-color has-text-color has-link-color wp-elements-e2f4664d5c59c90f8ea377abc84f8cc1\" style=\"font-size:16px\">Im Allgemeinen m\u00fcssen Sie zwischen 18 und 35 Jahre alt sein, um als &#8222;jung&#8220; zu gelten, wenn Sie eine bestimmte Hypothek aufnehmen wollen.\nEinige Banken k\u00f6nnen andere Alterskriterien anwenden, aber dies ist die allgemein akzeptierte Spanne. <\/p>\n\n<h3 class=\"wp-block-heading\">F\u00e4higkeit zur R\u00fcckzahlung<\/h3>\n\n<p class=\"has-black-color has-text-color has-link-color wp-elements-4798204dc7937eb1573797cdaa2e0fad\" style=\"font-size:16px\">Schweizer Banken pr\u00fcfen sorgf\u00e4ltig die F\u00e4higkeit des Antragstellers, die Hypothek zur\u00fcckzuzahlen.\nF\u00fcr junge Leute bedeutet dies, dass sie \u00fcber ein stabiles und ausreichendes Einkommen verf\u00fcgen.\nIn vielen F\u00e4llen wird auch die k\u00fcnftige Einkommensentwicklung ber\u00fccksichtigt, da die M\u00f6glichkeit eines beruflichen Aufstiegs besteht.  <\/p>\n\n<h3 class=\"wp-block-heading\">Eigenes Kapital<\/h3>\n\n<p class=\"has-black-color has-text-color has-link-color wp-elements-bb05700f0b90c006b9c13ff24f32dd8c\" style=\"font-size:16px\">Auch wenn einige Jugendhypotheken die M\u00f6glichkeit bieten, das Darlehen mit einer reduzierten Anzahlung zu erhalten, ist es dennoch erforderlich, \u00fcber einen gewissen Betrag an Eigenkapital zu verf\u00fcgen.\nOft k\u00f6nnen junge Menschen Mittel aus ihrer zweiten S\u00e4ule (Pensionskasse) oder dritten S\u00e4ule (individuelle Altersvorsorge) verwenden, um einen Teil dieses Kapitals zu decken. <\/p>\n\n<div style=\"height:40px\" aria-hidden=\"true\" class=\"wp-block-spacer\"><\/div>\n\n<h2 class=\"wp-block-heading\">Arten von Hypotheken f\u00fcr junge Leute<\/h2>\n\n<p class=\"has-black-color has-text-color has-link-color wp-elements-cdc75246aa9639bdabce7d0cdce1e7fb\" style=\"font-size:16px\">Jungen Hausk\u00e4ufern in der Schweiz stehen verschiedene Arten von Hypotheken zur Verf\u00fcgung, die jeweils einzigartige Merkmale aufweisen.\nHier sind die wichtigsten davon: <\/p>\n\n<h3 class=\"wp-block-heading\">Festverzinsliche Hypothek<\/h3>\n\n<p class=\"has-black-color has-text-color has-link-color wp-elements-4661d7a09774a54d970d56215500f065\" style=\"font-size:16px\">Die <a href=\"https:\/\/fasthypo.ch\/de\/festhypothek-in-der-schweiz-ein-umfassender-leitfaden\/\" data-type=\"page\" data-id=\"5032\"><span style=\"text-decoration: underline;\">Festhypothek<\/span><\/a> ist eine der beliebtesten Optionen, vor allem bei jungen Menschen, die Gewissheit \u00fcber die k\u00fcnftigen Kosten w\u00fcnschen. Bei einer Festhypothek bleibt der Zinssatz w\u00e4hrend der gesamten Vertragslaufzeit unver\u00e4ndert und bietet Stabilit\u00e4t bei den monatlichen Zahlungen. <\/p>\n\n<p class=\"has-black-color has-text-color has-link-color wp-elements-add6a6865db110cb4540cae8b3c72bbf\" style=\"font-size:16px\"><strong>Vorteile:<\/strong> Stabilit\u00e4t und Vorhersehbarkeit.<br\/><strong>Nachteile:<\/strong> Geringere Flexibilit\u00e4t bei sinkenden Zinss\u00e4tzen.<\/p>\n\n<h3 class=\"wp-block-heading\">Hypothek mit variablem Zinssatz<\/h3>\n\n<p class=\"has-black-color has-text-color has-link-color wp-elements-555b893f832ff1c1d183913e47f5d094\" style=\"font-size:16px\">Die <span style=\"text-decoration: underline;\"><a href=\"https:\/\/fasthypo.ch\/de\/was-ist-ein-hypothekendarlehen-mit-variablem-zinssatz\/\" data-type=\"page\" data-id=\"5078\">Hypothek mit variablem Zinssatz<\/a><\/span> bietet einen Zinssatz, der im Laufe der Zeit je nach Marktbedingungen schwanken kann. Dies kann bei sinkenden Zinsen von Vorteil sein, birgt aber auch das Risiko h\u00f6herer monatlicher Zahlungen. <\/p>\n\n<p class=\"has-black-color has-text-color has-link-color wp-elements-95e99bafc199e125faefc602e31dac76\" style=\"font-size:16px\"><strong>Vorteile:<\/strong> Die M\u00f6glichkeit, von niedrigeren Raten zu profitieren.<br\/><strong>Nachteile:<\/strong> Risiko von Kostensteigerungen im Laufe der Zeit.<\/p>\n\n<h3 class=\"wp-block-heading\">SARON Hypothek<\/h3>\n\n<p class=\"has-black-color has-text-color has-link-color wp-elements-6074659bd8bd06787eaa8e6471657476\" style=\"font-size:16px\">Die <a href=\"https:\/\/fasthypo.ch\/de\/saron-mortgage-der-ultimative-leitfaden-fuer-hauskaeufer\/\" data-type=\"page\" data-id=\"5171\"><span style=\"text-decoration: underline;\">SARON-Hypothek<\/span><\/a> ist eine Hypothek mit variablem Zinssatz, die an den Referenzzinssatz SARON (<a href=\"https:\/\/www.global-rates.com\/en\/interest-rates\/saron\/\" data-type=\"link\" data-id=\"https:\/\/www.global-rates.com\/en\/interest-rates\/saron\/\" target=\"_blank\" rel=\"noopener\">Swiss Average Rate Overnight<\/a>) gebunden ist. Sie ist eine der moderneren Varianten und kann in Zeiten niedriger Zinsen kosteng\u00fcnstig sein. <\/p>\n\n<p class=\"has-black-color has-text-color has-link-color wp-elements-7bf6d4aa55521878351a4eb94d4628ab\" style=\"font-size:16px\"><strong>Vorteile:<\/strong> Im Allgemeinen niedrigere Zinss\u00e4tze im Vergleich zu Hypotheken mit festem Zinssatz.<br\/><strong>Nachteile:<\/strong> Gr\u00f6\u00dfere Unsicherheit \u00fcber zuk\u00fcnftige Kosten.<\/p>\n\n<div style=\"height:40px\" aria-hidden=\"true\" class=\"wp-block-spacer\"><\/div>\n\n<h2 class=\"wp-block-heading\">Tipps f\u00fcr junge Hausk\u00e4ufer in der Schweiz<\/h2>\n\n<div style=\"height:21px\" aria-hidden=\"true\" class=\"wp-block-spacer\"><\/div>\n\n<h3 class=\"wp-block-heading\">Finanzplanung<\/h3>\n\n<p class=\"has-black-color has-text-color has-link-color wp-elements-7b60f7ae5a56ad3846f33ccb34b17bb3\" style=\"font-size:16px\">Bevor Sie eine Hypothek aufnehmen, sollten Sie unbedingt eine detaillierte Finanzplanung vornehmen.\nBer\u00fccksichtigen Sie Ihr aktuelles Einkommen, Ihre Wachstumsaussichten und Ihre aktuellen Ausgaben, um festzustellen, wie viel Sie sich monatlich f\u00fcr die Hypothek leisten k\u00f6nnen. <\/p>\n\n<h3 class=\"wp-block-heading\">Alle Optionen erforschen<\/h3>\n\n<p class=\"has-black-color has-text-color has-link-color wp-elements-e043338d7e1dbec1d0d38a3a951f570f\" style=\"font-size:16px\">Geben Sie sich nicht mit dem ersten Angebot zufrieden, das Sie erhalten.\nVergleichen Sie verschiedene Hypothekenoptionen mit Online-Vergleichstools wie FastHypo, um die Hypothek zu finden, die Ihren Bed\u00fcrfnissen am besten entspricht. <\/p>\n\n<h3 class=\"wp-block-heading\">Ber\u00fccksichtigen Sie zus\u00e4tzliche Kosten<\/h3>\n\n<p class=\"has-black-color has-text-color has-link-color wp-elements-08984c285143ddfedfc8ebcf2ea28e1f\" style=\"font-size:16px\">Denken Sie daran, dass der Kauf eines Hauses auch mit zus\u00e4tzlichen Kosten verbunden ist, wie z.B. Notargeb\u00fchren, Zulassungssteuern und Renovierungs- oder Wartungskosten.\nStellen Sie sicher, dass Sie ein Budget haben, das auch diese Ausgaben abdeckt. <\/p>\n\n<div style=\"height:40px\" aria-hidden=\"true\" class=\"wp-block-spacer\"><\/div>\n\n<h2 class=\"wp-block-heading\">Fazit<\/h2>\n\n<p class=\"has-black-color has-text-color has-link-color wp-elements-ec26c1596dab1371b525c091a99489ba\" style=\"font-size:16px\">Als junger Mensch in der Schweiz ein Haus zu kaufen, ist ein realisierbarer Traum, besonders mit der richtigen Hypothek.\nJugendhypotheken bieten g\u00fcnstige Konditionen, aber es ist wichtig, dass Sie sorgf\u00e4ltig ausw\u00e4hlen und angemessen planen.\nNutzen Sie die verf\u00fcgbaren Tools, um die Optionen zu vergleichen und stellen Sie sicher, dass Sie \u00fcber eine solide finanzielle Grundlage verf\u00fcgen, bevor Sie den Schritt wagen.\nMit der richtigen Vorbereitung und Beratung kann der Traum vom Wohneigentum auch f\u00fcr die j\u00fcngsten K\u00e4ufer Wirklichkeit werden.   <\/p>\n","protected":false},"excerpt":{"rendered":"<p>Der Kauf eines Eigenheims ist einer der wichtigsten Schritte im Leben eines Menschen, aber f\u00fcr junge Menschen kann er wie eine \u00fcberw\u00e4ltigende Herausforderung erscheinen. Mit der richtigen Hypothek k\u00f6nnen jedoch auch junge Menschen den Traum vom Eigenheim verwirklichen. In diesem Artikel erfahren Sie alles, was Sie \u00fcber Hypotheken f\u00fcr junge Leute in der Schweiz wissen<\/p>\n<a class=\"read-more\" href=\"https:\/\/fasthypo.ch\/de\/jugend-hypothek-ein-kompletter-leitfaden-fuer-hypotheken-fuer-junge-leute-in-der-schweiz\/\">Read More<\/a>","protected":false},"author":1,"featured_media":0,"parent":0,"menu_order":0,"comment_status":"closed","ping_status":"closed","template":"","meta":{"footnotes":""},"_links":{"self":[{"href":"https:\/\/fasthypo.ch\/de\/wp-json\/wp\/v2\/pages\/5307"}],"collection":[{"href":"https:\/\/fasthypo.ch\/de\/wp-json\/wp\/v2\/pages"}],"about":[{"href":"https:\/\/fasthypo.ch\/de\/wp-json\/wp\/v2\/types\/page"}],"author":[{"embeddable":true,"href":"https:\/\/fasthypo.ch\/de\/wp-json\/wp\/v2\/users\/1"}],"replies":[{"embeddable":true,"href":"https:\/\/fasthypo.ch\/de\/wp-json\/wp\/v2\/comments?post=5307"}],"version-history":[{"count":0,"href":"https:\/\/fasthypo.ch\/de\/wp-json\/wp\/v2\/pages\/5307\/revisions"}],"wp:attachment":[{"href":"https:\/\/fasthypo.ch\/de\/wp-json\/wp\/v2\/media?parent=5307"}],"curies":[{"name":"wp","href":"https:\/\/api.w.org\/{rel}","templated":true}]}}