{"id":5301,"date":"2024-08-15T10:33:36","date_gmt":"2024-08-15T10:33:36","guid":{"rendered":"https:\/\/fasthypo.ch\/erste-hypothek-fuer-ihr-haus-einfache-anleitung-zum-kauf-einer-ersten-immobilie-in-der-schweiz\/"},"modified":"2024-08-29T15:06:18","modified_gmt":"2024-08-29T15:06:18","slug":"erste-hypothek-fuer-ihr-haus-einfache-anleitung-zum-kauf-einer-ersten-immobilie-in-der-schweiz","status":"publish","type":"page","link":"https:\/\/fasthypo.ch\/de\/erste-hypothek-fuer-ihr-haus-einfache-anleitung-zum-kauf-einer-ersten-immobilie-in-der-schweiz\/","title":{"rendered":"Erste Hypothek f\u00fcr Ihr Haus: Einfache Anleitung zum Kauf einer ersten Immobilie in der Schweiz"},"content":{"rendered":"\n<p class=\"has-black-color has-text-color has-link-color wp-elements-e1ea6183da2d46366f709fea092678e5\" style=\"font-size:15px\">Der Kauf Ihres ersten Eigenheims ist ein bedeutender Meilenstein, aber der Umgang mit der Hypothek kann eine Herausforderung sein, insbesondere f\u00fcr Erstk\u00e4ufer.\nWenn Sie die Feinheiten einer Hypothek f\u00fcr Ihr erstes Haus in der Schweiz verstehen, k\u00f6nnen Sie fundierte Entscheidungen treffen, die Ihnen eine langfristige finanzielle Stabilit\u00e4t erm\u00f6glichen.   <\/p>\n\n<figure class=\"wp-block-image size-full\"><img fetchpriority=\"high\" decoding=\"async\" width=\"940\" height=\"531\" src=\"https:\/\/fasthypo.ch\/wp-content\/uploads\/2024\/08\/first-home-mortgage.png\" alt=\"\" class=\"wp-image-5221\" srcset=\"https:\/\/fasthypo.ch\/wp-content\/uploads\/2024\/08\/first-home-mortgage.png 940w, https:\/\/fasthypo.ch\/wp-content\/uploads\/2024\/08\/first-home-mortgage-300x169.png 300w, https:\/\/fasthypo.ch\/wp-content\/uploads\/2024\/08\/first-home-mortgage-768x434.png 768w\" sizes=\"(max-width: 940px) 100vw, 940px\" \/><\/figure>\n\n<div style=\"height:35px\" aria-hidden=\"true\" class=\"wp-block-spacer\"><\/div>\n\n<h2 class=\"wp-block-heading has-black-color has-text-color has-link-color wp-elements-d2bd05117487b4e363981a920ed58e5c\" style=\"font-size:27px\">Warum eine Hypothek f\u00fcr das erste Haus anders ist<\/h2>\n\n<p class=\"has-black-color has-text-color has-link-color wp-elements-599b03f0c4aee65f81eefeb837c50dbc\" style=\"font-size:15px\">Die Aufnahme einer Hypothek f\u00fcr Ihr erstes Haus ist mit besonderen Herausforderungen verbunden, die sich von der Finanzierung sp\u00e4terer Immobilien unterscheiden.\nHier ist der Grund daf\u00fcr: <\/p>\n\n<ul style=\"font-size:15px\" class=\"has-black-color has-text-color has-link-color wp-elements-e6bd21e4e16155cb6dab370e49840cc6\">\n<li><strong>Mangelnde Erfahrung<\/strong>: Erstk\u00e4ufer sind oft nicht mit dem Hypothekenprozess vertraut, so dass sie leicht wichtige Details \u00fcbersehen oder finanzielle Verpflichtungen missverstehen k\u00f6nnen.<\/li>\n\n\n\n<li><strong>Bedenken hinsichtlich der Erschwinglichkeit<\/strong>: Ohne einen vorangegangenen Immobilienverkauf zur Aufstockung Ihrer Anzahlung m\u00fcssen Erstk\u00e4ufer oft eine strengere Bewertung ihrer Erschwinglichkeit vornehmen.<\/li>\n\n\n\n<li><strong>H\u00f6here Loan-to-Value-Ratios<\/strong>: Erstk\u00e4ufer ben\u00f6tigen in der Regel einen h\u00f6heren Beleihungsauslauf (LTV), d.h. sie m\u00fcssen einen h\u00f6heren Prozentsatz des Immobilienwerts aufnehmen.\nDies kann sich auf die von den Kreditgebern angebotenen Hypothekenkonditionen auswirken. <\/li>\n\n\n\n<li><strong>Navigieren durch das Schweizer System<\/strong>: Der Schweizer Hypothekenmarkt hat spezifische Anforderungen und bietet verschiedene Hypothekenarten an. Daher ist es f\u00fcr Erstk\u00e4ufer wichtig, ihre Optionen und Verpflichtungen zu verstehen.<\/li>\n<\/ul>\n\n<div style=\"height:36px\" aria-hidden=\"true\" class=\"wp-block-spacer\"><\/div>\n\n<h2 class=\"wp-block-heading has-black-color has-text-color has-link-color wp-elements-49742c633ceeb3e063072633be61642f\" style=\"font-size:27px\">Schritte zur Sicherung einer ersten Haushypothek<\/h2>\n\n<h3 class=\"wp-block-heading\">1. Beurteilen Sie Ihre finanzielle Bereitschaft<\/h3>\n\n<p class=\"has-black-color has-text-color has-link-color wp-elements-0e9d9f69d94cd6c90edb81a4426ff21b\" style=\"font-size:15px\">Bevor Sie sich in den Immobilienmarkt st\u00fcrzen, sollten Sie unbedingt Ihre finanzielle Bereitschaft pr\u00fcfen.\nDazu geh\u00f6rt, dass Sie Ihr Einkommen, Ihre Ersparnisse und Ihre bestehenden Schulden bewerten und verstehen, wie sich diese Faktoren auf Ihre Kreditaufnahmekapazit\u00e4t auswirken. <\/p>\n\n<ul style=\"font-size:15px\" class=\"has-black-color has-text-color has-link-color wp-elements-5ec1f0de0c8834a5c1aff092a77e00d8\">\n<li><strong>Ersparnisse<\/strong>: Streben Sie an, mindestens 20% des Kaufpreises der Immobilie zu sparen.\nDiese Anzahlung ist in der Schweiz eine wichtige Voraussetzung, wobei mindestens 10 % in bar sein m\u00fcssen (liquide Mittel). <\/li>\n\n\n\n<li><strong>Pensionskasse<\/strong>: Ziehen Sie in Erw\u00e4gung, Ihre Gelder aus der 2. S\u00e4ule (berufliche Vorsorge) zur Deckung der Anzahlung zu verwenden.\nDenken Sie jedoch daran, dass der Bezug Ihrer Rente Ihre Altersvorsorge beeintr\u00e4chtigen kann. <\/li>\n\n\n\n<li><strong>Kreditw\u00fcrdigkeit<\/strong>: Die Kreditgeber werden Ihre Kreditw\u00fcrdigkeit und Ihre finanzielle Vergangenheit pr\u00fcfen.\nEs ist wichtig, dass Sie eine saubere Kreditakte haben und alle ausstehenden Schulden begleichen, bevor Sie einen Antrag stellen. <\/li>\n<\/ul>\n\n<h3 class=\"wp-block-heading\">2. Regeln zur Erschwinglichkeit verstehen<\/h3>\n\n<p class=\"has-black-color has-text-color has-link-color wp-elements-2827a36b7d81cf8de314c94cb1034e56\" style=\"font-size:15px\">Schweizer Kreditgeber sind gesetzlich verpflichtet, sich an strenge Erschwinglichkeitsberechnungen zu halten.\nIn der Regel d\u00fcrfen die Kosten f\u00fcr Ihr Wohneigentum &#8211; einschlie\u00dflich Hypothekenzahlungen, Instandhaltung und Nebenkosten &#8211; ein Drittel Ihres j\u00e4hrlichen Bruttoeinkommens nicht \u00fcberschreiten. <\/p>\n\n<ul>\n<li class=\"wp-elements-4d03c3165f67e384c4d2a33ed44b0b87\" style=\"font-size:15px\"><strong>Stresstest<\/strong>: Kreditgeber k\u00f6nnen auch einen Stresstest durchf\u00fchren, um sicherzustellen, dass Sie sich die Hypothek leisten k\u00f6nnen, wenn die Zinss\u00e4tze steigen.\nDas bedeutet, dass Ihr Einkommen ausreichen muss, um die Zahlungen auch bei einem h\u00f6heren Zinssatz, der oft bei etwa 5 % liegt, zu decken. <\/li>\n<\/ul>\n\n<h3 class=\"wp-block-heading\">3. Erkunden Sie Programme und Anreize f\u00fcr Erstk\u00e4ufer<\/h3>\n\n<p class=\"has-black-color has-text-color has-link-color wp-elements-b7e06bbdcaeae5c03c386cedacea7fd6\" style=\"font-size:15px\">In der Schweiz gibt es zwar keine umfangreichen staatlichen Programme f\u00fcr Erstk\u00e4ufer wie in anderen L\u00e4ndern, aber es gibt dennoch M\u00f6glichkeiten, die finanzielle Belastung zu verringern:<\/p>\n\n<ul style=\"font-size:15px\" class=\"has-black-color has-text-color has-link-color wp-elements-7bba49b78cfc6814e4cc7d1b7c01e11e\">\n<li><a href=\"https:\/\/www.ch.ch\/en\/retirement\/old-age-pension\/the-3rd-pillar\/\" data-type=\"link\" data-id=\"https:\/\/www.ch.ch\/en\/retirement\/old-age-pension\/the-3rd-pillar\/\" target=\"_blank\" rel=\"noopener\"><span style=\"text-decoration: underline;\"><strong>S\u00e4ule 3a Beitr\u00e4ge<\/strong><\/span><\/a>: Sie k\u00f6nnen Gelder aus Ihrer S\u00e4ule 3a (private Vorsorge) zum Abbau Ihrer Hypothekenschulden oder zur Aufstockung Ihrer Anzahlung verwenden.<\/li>\n\n\n\n<li><strong>Bessere Konditionen aushandeln<\/strong>: Einige Kreditgeber bieten Erstk\u00e4ufern m\u00f6glicherweise g\u00fcnstigere Konditionen an, wie z.B. niedrigere Zinss\u00e4tze f\u00fcr die Anfangszeit oder Flexibilit\u00e4t bei der R\u00fcckzahlungsstruktur.<\/li>\n<\/ul>\n\n<h3 class=\"wp-block-heading\">4. Erhalten Sie eine Vorabgenehmigung f\u00fcr eine Hypothek<\/h3>\n\n<p class=\"has-black-color has-text-color has-link-color wp-elements-ae65faa797018bb7d3daf80985631ded\" style=\"font-size:15px\">Die Vorabgenehmigung einer Hypothek ist ein entscheidender Schritt, der Ihnen Klarheit dar\u00fcber verschafft, wie viel Sie leihen k\u00f6nnen und zu welchem Zinssatz.\nBei diesem Verfahren werden detaillierte Finanzinformationen an potenzielle Kreditgeber \u00fcbermittelt, die dann eine Vorabgenehmigung erteilen, in der sie ihre Bereitschaft zur Finanzierung Ihres Hauskaufs erkl\u00e4ren. <\/p>\n\n<ul style=\"font-size:15px\" class=\"has-black-color has-text-color has-link-color wp-elements-186e75624a50b05edcbbca9b5c76cb6d\">\n<li><strong>Vorteile der Vorabgenehmigung<\/strong>: Sie st\u00e4rkt Ihre Verhandlungsposition gegen\u00fcber Verk\u00e4ufern und beschleunigt den Abschlussprozess, sobald Sie Ihr Haus gefunden haben.<\/li>\n\n\n\n<li><strong>G\u00fcltigkeit<\/strong>: Vorabgenehmigungen sind in der Regel einige Monate lang g\u00fcltig. So haben Sie Zeit, sich in der Gewissheit, dass Ihre Finanzierung steht, nach einer Immobilie umzusehen.<\/li>\n<\/ul>\n\n<h3 class=\"wp-block-heading\">5. W\u00e4hlen Sie das richtige Hypothekenprodukt f\u00fcr Ihr erstes Haus<\/h3>\n\n<p class=\"has-black-color has-text-color has-link-color wp-elements-a38ad4155995d382fd245f742431ce09\" style=\"font-size:15px\">Die Auswahl des richtigen Hypothekenprodukts ist eine der wichtigsten Entscheidungen, die Sie treffen m\u00fcssen.\nAls Erstk\u00e4ufer m\u00fcssen Sie die Vor- und Nachteile der verschiedenen Hypothekenarten abw\u00e4gen und dabei Faktoren wie Zinsstabilit\u00e4t, Zahlungsflexibilit\u00e4t und Ihre finanzielle Zukunft ber\u00fccksichtigen. <\/p>\n\n<ul style=\"font-size:15px\" class=\"has-black-color has-text-color has-link-color wp-elements-2436b1cea5040b2d9da9589736c16f4d\">\n<li><span style=\"text-decoration: underline;\"><a href=\"https:\/\/fasthypo.ch\/de\/festhypothek-in-der-schweiz-ein-umfassender-leitfaden\/\" data-type=\"page\" data-id=\"5032\"><strong>Festzins-Hypothek<\/strong><\/a><\/span>: Bietet Vorhersehbarkeit mit stabilen Zahlungen \u00fcber eine bestimmte Laufzeit und ist damit ideal f\u00fcr K\u00e4ufer, die eine sichere Budgetierung bevorzugen.<\/li>\n\n\n\n<li><a href=\"https:\/\/fasthypo.ch\/de\/saron-mortgage-der-ultimative-leitfaden-fuer-hauskaeufer\/\" data-type=\"page\" data-id=\"5171\"><span style=\"text-decoration: underline;\"><strong>SARON-Hypothek<\/strong><\/span><\/a>: Bietet niedrigere anf\u00e4ngliche Zinss\u00e4tze, die an den Swiss Average Rate Overnight gebunden sind, jedoch mit dem Risiko schwankender Zahlungen.<\/li>\n\n\n\n<li><a href=\"https:\/\/fasthypo.ch\/de\/was-ist-ein-hypothekendarlehen-mit-variablem-zinssatz\/\" data-type=\"page\" data-id=\"5078\"><span style=\"text-decoration: underline;\"><strong>Hypothek mit variablem Zinssatz<\/strong><\/span><\/a>: Bietet in der Regel niedrigere Zinss\u00e4tze, birgt aber das Risiko steigender Zahlungen, wenn die Zinss\u00e4tze steigen.<\/li>\n<\/ul>\n\n<h3 class=\"wp-block-heading\">6. Zus\u00e4tzliche Kosten einkalkulieren<\/h3>\n\n<p class=\"has-black-color has-text-color has-link-color wp-elements-156e43cbb5c349f5656b3c452fdcb1a6\" style=\"font-size:15px\">Abgesehen von der Hypothek kommen beim Kauf Ihres ersten Eigenheims noch einige andere Kosten ins Spiel:<\/p>\n\n<ul style=\"font-size:15px\" class=\"has-black-color has-text-color has-link-color wp-elements-d854834f9fbe3a3c0dfbcd8183f69544\">\n<li><strong>Notar- und Grundbuchgeb\u00fchren<\/strong>: In der Schweiz belaufen sich diese Geb\u00fchren normalerweise auf 1-2% des Kaufpreises der Immobilie.\nSie decken die rechtliche \u00dcbertragung des Eigentums an der Immobilie und die Eintragung Ihrer Hypothek ab. <\/li>\n\n\n\n<li><strong>Grundsteuern<\/strong>: Diese variieren je nach Kanton, sind aber laufende Kosten, die Sie einplanen m\u00fcssen.<\/li>\n\n\n\n<li><strong>Instandhaltung Ihres Hauses<\/strong>: Rechnen Sie damit, dass Sie j\u00e4hrlich etwa 1% des Wertes Ihrer Immobilie f\u00fcr die Instandhaltung aufwenden m\u00fcssen.\nErstk\u00e4ufer untersch\u00e4tzen diese Kosten oft. <\/li>\n<\/ul>\n\n<h3 class=\"wp-block-heading\">7. Langfristig planen<\/h3>\n\n<p class=\"has-black-color has-text-color has-link-color wp-elements-fb7a2e8d6ba92a9b63dd8363fe59ea33\" style=\"font-size:15px\">Wenn Sie Ihr erstes Haus kaufen, ist es wichtig, dass Sie Ihre langfristigen Pl\u00e4ne ber\u00fccksichtigen.\nFragen Sie sich selbst: <\/p>\n\n<ul style=\"font-size:15px\" class=\"has-black-color has-text-color has-link-color wp-elements-c92644084aadb6ab5f4f2ecee233973f\">\n<li><strong>Wie lange planen Sie, in der Wohnung zu bleiben?<\/strong>: Dies kann Einfluss darauf haben, ob eine Hypothek mit festem oder variablem Zinssatz besser geeignet ist.<\/li>\n\n\n\n<li><strong>Erwarten Sie bedeutende Ver\u00e4nderungen in Ihrem Leben?<\/strong>: \u00dcberlegen Sie, wie sich Ver\u00e4nderungen in Ihrem pers\u00f6nlichen oder beruflichen Leben (z.B. Kinder, Jobwechsel) auf Ihre F\u00e4higkeit auswirken k\u00f6nnten, Ihre Hypothek in Zukunft zu bezahlen.<\/li>\n<\/ul>\n\n<h3 class=\"wp-block-heading\">8. Schlie\u00dfen Sie den Kauf ab<\/h3>\n\n<p class=\"has-black-color has-text-color has-link-color wp-elements-da5369372951999db02884bde24bc4d9\" style=\"font-size:15px\">Sobald Sie Ihre ideale Immobilie gefunden und eine Hypothek aufgenommen haben, m\u00fcssen Sie den Kauf abschlie\u00dfen:<\/p>\n\n<ul style=\"font-size:15px\" class=\"has-black-color has-text-color has-link-color wp-elements-4d90f637862ee4c1ff4324699ecdf100\">\n<li><strong>Unterzeichnen Sie den Kaufvertrag<\/strong>: Dieses rechtsverbindliche Dokument enth\u00e4lt die Bedingungen f\u00fcr den Verkauf.\nEr wird vor einem Notar unterzeichnet und enth\u00e4lt in der Regel eine Anzahlung. <\/li>\n\n\n\n<li><strong>Endg\u00fcltige Genehmigung der Hypothek<\/strong>: Nach der Unterzeichnung des Kaufvertrags wird Ihr Kreditgeber die Hypothek abschlie\u00dfen und die Mittel auszahlen, um die Immobilientransaktion abzuschlie\u00dfen.<\/li>\n\n\n\n<li><strong>Eigentums\u00fcbertragung<\/strong>: Der Notar k\u00fcmmert sich um die rechtliche \u00dcbertragung des Eigentums, indem er die Immobilie auf Ihren Namen registriert.<\/li>\n<\/ul>\n\n<div style=\"height:36px\" aria-hidden=\"true\" class=\"wp-block-spacer\"><\/div>\n\n<h2 class=\"wp-block-heading has-black-color has-text-color has-link-color wp-elements-e63c6d733eb08eeaf65c9a8a43d58665\" style=\"font-size:27px\">H\u00e4ufige Fallstricke f\u00fcr Erstk\u00e4ufer<\/h2>\n\n<h3 class=\"wp-block-heading\">Untersch\u00e4tzung der Gesamtkosten<\/h3>\n\n<p class=\"has-black-color has-text-color has-link-color wp-elements-c3cfb5d983422a679b1da372b3d9fe81\" style=\"font-size:15px\">Es ist leicht, sich auf den Kaufpreis und die Hypothek zu konzentrieren, aber vergessen Sie nicht, andere Kosten wie Steuern, Versicherungen und Instandhaltung zu ber\u00fccksichtigen.<\/p>\n\n<h3 class=\"wp-block-heading\">Die Wahl der falschen Hypothekenart<\/h3>\n\n<p class=\"has-black-color has-text-color has-link-color wp-elements-bb952ec03b5a3ca70e1bb628e4a31d71\" style=\"font-size:15px\">Erstk\u00e4ufer werden vielleicht durch niedrige Anfangsraten angelockt, aber diese k\u00f6nnen im Laufe der Zeit steigen.\n\u00dcberlegen Sie sorgf\u00e4ltig, ob Sie m\u00f6gliche Zinserh\u00f6hungen verkraften k\u00f6nnen. <\/p>\n\n<h3 class=\"wp-block-heading\">Ihr Budget \u00fcberstrapazieren<\/h3>\n\n<p class=\"has-black-color has-text-color has-link-color wp-elements-957ac5b02751ddc7666cd6b47a5fa1f9\" style=\"font-size:15px\">Vermeiden Sie es, Ihr Budget f\u00fcr den Kaufpreis auszusch\u00f6pfen.\nBehalten Sie ein finanzielles Polster f\u00fcr unerwartete Ausgaben. <\/p>\n\n<h3 class=\"wp-block-heading\">Den Prozess \u00fcberst\u00fcrzen<\/h3>\n\n<p class=\"has-black-color has-text-color has-link-color wp-elements-877e6f65c2aebbf99a1f98bb1fd20258\" style=\"font-size:15px\">Nehmen Sie sich Zeit, um jeden Schritt gr\u00fcndlich zu verstehen, von der Vorabgenehmigung bis zum Abschluss des Kaufs.\nEile kann zu kostspieligen Fehlern f\u00fchren. <\/p>\n\n<h3 class=\"wp-block-heading\">Keinen Expertenrat einholen<\/h3>\n\n<p class=\"has-black-color has-text-color has-link-color wp-elements-2fcbbc21bb016e1e5d33a6a61078d9c3\" style=\"font-size:15px\">Die Beratung durch einen Finanzberater oder Hypothekenexperten kann Ihnen wertvolle Hinweise geben, die auf Ihre spezielle Situation zugeschnitten sind.<\/p>\n\n<div style=\"height:36px\" aria-hidden=\"true\" class=\"wp-block-spacer\"><\/div>\n\n<h2 class=\"wp-block-heading has-black-color has-text-color has-link-color wp-elements-763841eed746236c6e6cd16799b0ce8d\" style=\"font-size:27px\">Fazit<\/h2>\n\n<p class=\"has-black-color has-text-color has-link-color wp-elements-9e349e4eb88f8f0f446d0f329d86f670\" style=\"font-size:15px\">Die Aufnahme einer Hypothek f\u00fcr Ihr erstes Haus in der Schweiz ist ein komplexer Prozess, aber mit sorgf\u00e4ltiger Planung und fundierten Entscheidungen k\u00f6nnen Sie ihn erfolgreich meistern.\nWenn Sie die besonderen Herausforderungen verstehen, mit denen Erstk\u00e4ufer konfrontiert sind, sich finanziell vorbereiten und das richtige Hypothekenprodukt ausw\u00e4hlen, sind Sie gut ger\u00fcstet, um eine kluge Investition in Ihre Zukunft zu t\u00e4tigen. <\/p>\n\n<p class=\"has-black-color has-text-color has-link-color wp-elements-471cbd20b3a26eaf3d1b13947181e020\" style=\"font-size:15px\">FastHypo unterst\u00fctzt Sie bei jedem Schritt. Wir bieten Ihnen die Tools und das Fachwissen, das Sie brauchen, um Hypothekenoptionen zu vergleichen und das beste Angebot f\u00fcr Ihre Bed\u00fcrfnisse zu finden.\nMit der richtigen Vorbereitung und Beratung kann Ihr erster Hauskauf zu einer lohnenden Erfahrung werden und den Grundstein f\u00fcr eine sichere und erfolgreiche Zukunft legen. <\/p>\n","protected":false},"excerpt":{"rendered":"<p>Der Kauf Ihres ersten Eigenheims ist ein bedeutender Meilenstein, aber der Umgang mit der Hypothek kann eine Herausforderung sein, insbesondere f\u00fcr Erstk\u00e4ufer. Wenn Sie die Feinheiten einer Hypothek f\u00fcr Ihr erstes Haus in der Schweiz verstehen, k\u00f6nnen Sie fundierte Entscheidungen treffen, die Ihnen eine langfristige finanzielle Stabilit\u00e4t erm\u00f6glichen. Warum eine Hypothek f\u00fcr das erste Haus<\/p>\n<a class=\"read-more\" href=\"https:\/\/fasthypo.ch\/de\/erste-hypothek-fuer-ihr-haus-einfache-anleitung-zum-kauf-einer-ersten-immobilie-in-der-schweiz\/\">Read More<\/a>","protected":false},"author":1,"featured_media":0,"parent":0,"menu_order":0,"comment_status":"closed","ping_status":"closed","template":"","meta":{"footnotes":""},"_links":{"self":[{"href":"https:\/\/fasthypo.ch\/de\/wp-json\/wp\/v2\/pages\/5301"}],"collection":[{"href":"https:\/\/fasthypo.ch\/de\/wp-json\/wp\/v2\/pages"}],"about":[{"href":"https:\/\/fasthypo.ch\/de\/wp-json\/wp\/v2\/types\/page"}],"author":[{"embeddable":true,"href":"https:\/\/fasthypo.ch\/de\/wp-json\/wp\/v2\/users\/1"}],"replies":[{"embeddable":true,"href":"https:\/\/fasthypo.ch\/de\/wp-json\/wp\/v2\/comments?post=5301"}],"version-history":[{"count":0,"href":"https:\/\/fasthypo.ch\/de\/wp-json\/wp\/v2\/pages\/5301\/revisions"}],"wp:attachment":[{"href":"https:\/\/fasthypo.ch\/de\/wp-json\/wp\/v2\/media?parent=5301"}],"curies":[{"name":"wp","href":"https:\/\/api.w.org\/{rel}","templated":true}]}}