{"id":4896,"date":"2024-07-13T15:15:04","date_gmt":"2024-07-13T15:15:04","guid":{"rendered":"https:\/\/fasthypo.ch\/vorteile-einer-hypothek-erschliessen-sie-das-wahre-potenzial-ihrer-immobilieninvestition\/"},"modified":"2024-08-11T23:33:29","modified_gmt":"2024-08-11T23:33:29","slug":"vorteile-einer-hypothek-erschliessen-sie-das-wahre-potenzial-ihrer-immobilieninvestition","status":"publish","type":"page","link":"https:\/\/fasthypo.ch\/de\/vorteile-einer-hypothek-erschliessen-sie-das-wahre-potenzial-ihrer-immobilieninvestition\/","title":{"rendered":"Vorteile einer Hypothek: Erschlie\u00dfen Sie das wahre Potenzial Ihrer Immobilieninvestition"},"content":{"rendered":"\n<div style=\"height:35px\" aria-hidden=\"true\" class=\"wp-block-spacer\"><\/div>\n\n<h3 class=\"wp-block-heading\" style=\"font-size:27px\">Einf\u00fchrung<\/h3>\n\n<p class=\"has-black-color has-text-color has-link-color wp-elements-168ad21eb8e67f94d1f4483dcf118218\" style=\"font-size:16px\">In der komplizierten Welt der Immobilien und Finanzen ist es wichtig, die Vorteile einer Hypothek zu verstehen, um fundierte Entscheidungen zu treffen.\nHypotheken k\u00f6nnen ein m\u00e4chtiges Instrument sein, das erhebliche Vorteile f\u00fcr den Erwerb und die Verwaltung von Immobilien bietet.   <\/p>\n\n<div style=\"height:35px\" aria-hidden=\"true\" class=\"wp-block-spacer\"><\/div>\n\n<h3 class=\"wp-block-heading\" style=\"font-size:22px\">Was ist eine Hypothek?<\/h3>\n\n<p class=\"has-black-color has-text-color has-link-color wp-elements-2a988e200cc93363483004c9785e191d\" style=\"font-size:16px\">Eine Hypothek ist eine Art Kredit, der speziell f\u00fcr den Kauf von Immobilien verwendet wird, wobei die Immobilie selbst als Sicherheit dient.\nEinfach ausgedr\u00fcckt ist es eine finanzielle Vereinbarung, die es Ihnen erm\u00f6glicht, ein Haus oder eine andere Immobilie zu kaufen, indem Sie sich von einem Kreditgeber Geld leihen, das Sie im Laufe der Zeit mit Zinsen zur\u00fcckzahlen. <\/p>\n\n<div style=\"height:35px\" aria-hidden=\"true\" class=\"wp-block-spacer\"><\/div>\n\n<div style=\"height:35px\" aria-hidden=\"true\" class=\"wp-block-spacer\"><\/div>\n\n<h2 class=\"wp-block-heading\" style=\"font-size:27px\">Die wichtigsten Vorteile von Hypotheken<\/h2>\n\n<div style=\"height:35px\" aria-hidden=\"true\" class=\"wp-block-spacer\"><\/div>\n\n<h3 class=\"wp-block-heading\" style=\"font-size:22px\">Zugang zu Immobilieneigentum<\/h3>\n\n<p class=\"has-black-color has-text-color has-link-color wp-elements-c20373d6cdc23694a0470e987b25ebd4\" style=\"font-size:16px\">Einer der wichtigsten Vorteile einer Hypothek ist die M\u00f6glichkeit, eine Immobilie zu erwerben, ohne den gesamten Kaufpreis im Voraus aufbringen zu m\u00fcssen.\nDiese finanzielle Flexibilit\u00e4t kann vor allem in M\u00e4rkten mit hohen Immobilienpreisen von Vorteil sein, in denen es Jahre dauern kann, den gesamten f\u00fcr ein Haus ben\u00f6tigten Betrag anzusparen.\nMit einer Hypothek k\u00f6nnen Sie sich Ihre Immobilie fr\u00fcher sichern und damit beginnen, Eigenkapital aufzubauen und m\u00f6glicherweise von der Wertsteigerung der Immobilie zu profitieren.  <\/p>\n\n<div style=\"height:35px\" aria-hidden=\"true\" class=\"wp-block-spacer\"><\/div>\n\n<h3 class=\"wp-block-heading\" style=\"font-size:22px\">Hebeln Sie Ihre Investition<\/h3>\n\n<p class=\"has-black-color has-text-color has-link-color wp-elements-1e2de7f94a9b9cabcc6e1a911a582715\" style=\"font-size:16px\">Hypotheken erm\u00f6glichen es Ihnen, Ihre Investition zu hebeln, so dass Sie mit einem relativ kleinen Betrag Ihres eigenen Geldes einen wertvollen Verm\u00f6genswert kontrollieren k\u00f6nnen.\nWenn Sie beispielsweise 20% des Kaufpreises der Immobilie anzahlen, hebeln Sie die restlichen 80% durch die Hypothek.\nDiese Hebelwirkung kann Ihre Kapitalrendite erheblich steigern, wenn die Immobilie im Laufe der Zeit an Wert gewinnt.\nKurz gesagt, eine Hypothek verst\u00e4rkt die potenziellen Vorteile Ihrer Immobilieninvestition.   <\/p>\n\n<div style=\"height:35px\" aria-hidden=\"true\" class=\"wp-block-spacer\"><\/div>\n\n<h3 class=\"wp-block-heading\" style=\"font-size:22px\">Potenzielle Steuervorteile<\/h3>\n\n<p class=\"has-black-color has-text-color has-link-color wp-elements-e11b20c8eb09f318a8097aa49bacb313\" style=\"font-size:16px\">In vielen Regionen sind die f\u00fcr eine Hypothek gezahlten Zinsen steuerlich absetzbar, was eine erhebliche finanzielle Entlastung bedeuten kann.\nIndem Sie Ihr zu versteuerndes Einkommen durch den Abzug von Hypothekenzinsen verringern, k\u00f6nnen Sie Ihre gesamte Steuerschuld senken.\nEs ist jedoch wichtig, dass Sie einen Steuerberater konsultieren, um die Besonderheiten dieser Abz\u00fcge in Ihrer Region zu verstehen und zu wissen, wie sie auf Ihre individuelle finanzielle Situation zutreffen.  <\/p>\n\n<div style=\"height:35px\" aria-hidden=\"true\" class=\"wp-block-spacer\"><\/div>\n\n<h3 class=\"wp-block-heading\" style=\"font-size:22px\">Eigenkapital aufbauen<\/h3>\n\n<p class=\"has-black-color has-text-color has-link-color wp-elements-7cc33398d83b0ff53efc814cc0b53e5a\" style=\"font-size:16px\">Wenn Sie regelm\u00e4\u00dfige Hypothekenzahlungen leisten, bauen Sie allm\u00e4hlich Eigenkapital in Ihrer Immobilie auf.\nEigenkapital ist der Teil der Immobilie, der Ihnen tats\u00e4chlich geh\u00f6rt, im Gegensatz zu dem Betrag, der noch finanziert ist.\nIm Laufe der Zeit, wenn Sie Ihre Hypothek abbezahlen und wenn die Immobilienwerte steigen, w\u00e4chst Ihr Eigenkapital.\nDieses erh\u00f6hte Eigenkapital kann f\u00fcr k\u00fcnftige finanzielle Bed\u00fcrfnisse genutzt werden, z. B. f\u00fcr die Renovierung Ihres Hauses oder andere Investitionen.   <\/p>\n\n<div style=\"height:35px\" aria-hidden=\"true\" class=\"wp-block-spacer\"><\/div>\n\n<h3 class=\"wp-block-heading\" style=\"font-size:22px\">Feste und variable Zinss\u00e4tze<\/h3>\n\n<p class=\"has-black-color has-text-color has-link-color wp-elements-b5ecee439e6fba3a2d3307a13243a402\" style=\"font-size:16px\">Hypotheken werden mit verschiedenen Zinss\u00e4tzen angeboten, die jeweils unterschiedliche Vorteile bieten.\nHypotheken mit festem Zinssatz bieten Stabilit\u00e4t mit gleichbleibenden monatlichen Zahlungen w\u00e4hrend der gesamten Laufzeit des Kredits, was die Budgetplanung erleichtert.\nHypotheken mit variablem Zinssatz bieten dagegen niedrigere anf\u00e4ngliche Zinss\u00e4tze, die im Laufe der Zeit sinken k\u00f6nnen, so dass Sie in den ersten Jahren des Darlehens m\u00f6glicherweise Geld sparen.\nDie Wahl zwischen festen und variablen Zinss\u00e4tzen h\u00e4ngt von Ihrer finanziellen Situation und den Marktbedingungen ab.   <\/p>\n\n<div style=\"height:35px\" aria-hidden=\"true\" class=\"wp-block-spacer\"><\/div>\n\n<h3 class=\"wp-block-heading\" style=\"font-size:22px\">Stabilit\u00e4t des Wohneigentums<\/h3>\n\n<p class=\"has-black-color has-text-color has-link-color wp-elements-ff6a3f9d36a9971591f9a57a9fd27ffc\" style=\"font-size:16px\">Wohneigentum bietet im Vergleich zur Miete mehr Stabilit\u00e4t.\nMit einer Hypothek sind Sie weder Mieterh\u00f6hungen noch dem Risiko ausgesetzt, aufgrund von Mietvertragsk\u00fcndigungen umziehen zu m\u00fcssen.\nEin eigenes Haus gibt Ihnen auch die Freiheit, \u00c4nderungen und Verbesserungen vorzunehmen, um Ihren Lebensraum besser an Ihre Bed\u00fcrfnisse und Vorlieben anpassen zu k\u00f6nnen.  <\/p>\n\n<div style=\"height:35px\" aria-hidden=\"true\" class=\"wp-block-spacer\"><\/div>\n\n<h3 class=\"wp-block-heading\" style=\"font-size:22px\">Potenzial f\u00fcr Mieteinnahmen<\/h3>\n\n<p class=\"has-black-color has-text-color has-link-color wp-elements-f4fbd9a39793b16be9c487f064278bf8\" style=\"font-size:16px\">Wenn Sie in Mietimmobilien investieren, k\u00f6nnen Hypotheken den Erwerb mehrerer Immobilien erleichtern, die dann zur Erzielung von Einnahmen vermietet werden k\u00f6nnen.\nDiese Mieteinnahmen k\u00f6nnen eine stetige Einnahmequelle darstellen und zu einem diversifizierten Finanzportfolio beitragen.\nAu\u00dferdem k\u00f6nnen die Einnahmen aus diesen Immobilien dazu beitragen, die Kosten f\u00fcr die Hypothek und andere immobilienbezogene Ausgaben auszugleichen.  <\/p>\n\n<div style=\"height:35px\" aria-hidden=\"true\" class=\"wp-block-spacer\"><\/div>\n\n<h3 class=\"wp-block-heading\" style=\"font-size:22px\">Kreditgeb\u00e4ude<\/h3>\n\n<p class=\"has-black-color has-text-color has-link-color wp-elements-68efb85af28061eb842ab7ed0a14bd8a\" style=\"font-size:16px\">Der verantwortungsvolle Umgang mit einer Hypothek kann sich positiv auf Ihre Kreditw\u00fcrdigkeit auswirken.\nP\u00fcnktliche Zahlungen und eine effektive Verwaltung Ihres Hypothekenkontos zeugen von finanzieller Verantwortung, die Ihr Kreditprofil verbessern kann.\nEine gute Kreditw\u00fcrdigkeit kann bei der Aufnahme k\u00fcnftiger Darlehen oder Kredite von Vorteil sein und zu g\u00fcnstigeren Konditionen f\u00fchren.  <\/p>\n\n<div style=\"height:35px\" aria-hidden=\"true\" class=\"wp-block-spacer\"><\/div>\n\n<div style=\"height:35px\" aria-hidden=\"true\" class=\"wp-block-spacer\"><\/div>\n\n<h2 class=\"wp-block-heading\" style=\"font-size:27px\">Wie Sie die Vorteile einer Hypothek maximieren<\/h2>\n\n<div style=\"height:35px\" aria-hidden=\"true\" class=\"wp-block-spacer\"><\/div>\n\n<h3 class=\"wp-block-heading\" style=\"font-size:22px\">Suchen Sie nach den besten Tarifen<\/h3>\n\n<p class=\"has-black-color has-text-color has-link-color wp-elements-17c6a137e51164f8f0d6dcb7ac58896c\" style=\"font-size:16px\">Um das Beste aus Ihrer Hypothek herauszuholen, ist es wichtig, die Angebote verschiedener Kreditgeber zu vergleichen.\nZinss\u00e4tze und Darlehensbedingungen k\u00f6nnen von Institut zu Institut sehr unterschiedlich sein. Deshalb k\u00f6nnen Sie mit Hilfe von Hypotheken-Vergleichstools wie FastHypo das beste verf\u00fcgbare Angebot ermitteln.\nDurch den Vergleich von Zinss\u00e4tzen und Konditionen k\u00f6nnen Sie eine Hypothek finden, die nicht nur zu Ihrer finanziellen Situation passt, sondern auch die g\u00fcnstigsten Konditionen bietet.\nEin niedrigerer Zinssatz kann \u00fcber die gesamte Laufzeit Ihres Kredits zu erheblichen Einsparungen f\u00fchren und ist daher ein entscheidender Faktor f\u00fcr die Maximierung der Vorteile Ihrer Hypothek.   <\/p>\n\n<div style=\"height:35px\" aria-hidden=\"true\" class=\"wp-block-spacer\"><\/div>\n\n<h3 class=\"wp-block-heading\" style=\"font-size:22px\">Verstehen Sie Ihre Darlehensbedingungen<\/h3>\n\n<p class=\"has-black-color has-text-color has-link-color wp-elements-ceffd4370a49337643b3e8f3be173abe\" style=\"font-size:16px\">F\u00fcr ein effektives Management ist es wichtig, die Bedingungen Ihrer Hypothek genau zu kennen.\nZu den Schl\u00fcsselelementen, die Sie kennen sollten, geh\u00f6ren der Tilgungsplan, aus dem hervorgeht, wie Ihre Zahlungen \u00fcber die Laufzeit des Kredits verteilt werden, und etwaige Vorf\u00e4lligkeitsentsch\u00e4digungen, die anfallen k\u00f6nnen, wenn Sie sich f\u00fcr eine vorzeitige R\u00fcckzahlung Ihres Kredits entscheiden.\nMachen Sie sich au\u00dferdem mit den Refinanzierungsoptionen und -bedingungen vertraut.\nDie Kenntnis dieser Bedingungen erm\u00f6glicht es Ihnen, fundierte Entscheidungen zu treffen, z.B. wann Sie refinanzieren oder wie Sie zus\u00e4tzliche Zahlungen strukturieren, um Ihre Hypothekenvorteile zu optimieren.   <\/p>\n\n<div style=\"height:35px\" aria-hidden=\"true\" class=\"wp-block-spacer\"><\/div>\n\n<h3 class=\"wp-block-heading\" style=\"font-size:22px\">Extra-Zahlungen leisten<\/h3>\n\n<p class=\"has-black-color has-text-color has-link-color wp-elements-e3cc3819c6c081cb49602a4d0e83869e\" style=\"font-size:16px\">Wenn Sie zus\u00e4tzliche Zahlungen auf Ihre Hypothek leisten, k\u00f6nnen Sie die finanziellen Vorteile Ihres Kredits erheblich steigern.\nWenn Sie mehr als die vorgesehene monatliche Rate zahlen, verringern Sie die ausstehende Darlehenssumme, was wiederum die Gesamtzinsen, die Sie w\u00e4hrend der Laufzeit des Kredits zahlen, reduziert.\nSelbst kleine zus\u00e4tzliche Zahlungen k\u00f6nnen sich im Laufe der Zeit ansammeln, was zu erheblichen Einsparungen f\u00fchrt und m\u00f6glicherweise die Laufzeit Ihrer Hypothek verk\u00fcrzt.\nDiese Strategie hilft Ihnen nicht nur, Ihre Hypothek schneller zu tilgen, sondern auch, schneller Eigenkapital aufzubauen.   <\/p>\n\n<div style=\"height:35px\" aria-hidden=\"true\" class=\"wp-block-spacer\"><\/div>\n\n<h3 class=\"wp-block-heading\" style=\"font-size:22px\">Behalten Sie die Zinss\u00e4tze im Auge<\/h3>\n\n<p class=\"has-black-color has-text-color has-link-color wp-elements-c2be5bdbc6c90252617044be50261a41\" style=\"font-size:16px\">Die Zinss\u00e4tze k\u00f6nnen je nach Wirtschaftslage schwanken, und das kann sich auf Ihre Hypothek auswirken.\nWenn Sie eine Hypothek mit variablem Zinssatz haben, ist eine regelm\u00e4\u00dfige \u00dcberwachung der Zinss\u00e4tze wichtig.\nWenn die Marktbedingungen g\u00fcnstig sind, sollten Sie eine Refinanzierung in Betracht ziehen, um sich einen niedrigeren Zinssatz zu sichern.\nDadurch k\u00f6nnen Sie Ihre monatlichen Zahlungen und die Gesamtkosten des Kredits senken.\nEine proaktive Refinanzierung bei sinkenden Zinsen kann Ihre Hypothekenvorteile maximieren und zu langfristigen finanziellen Einsparungen f\u00fchren.    <\/p>\n\n<div style=\"height:35px\" aria-hidden=\"true\" class=\"wp-block-spacer\"><\/div>\n\n<h3 class=\"wp-block-heading\" style=\"font-size:22px\">Beraten Sie sich mit Finanzberatern<\/h3>\n\n<p class=\"has-black-color has-text-color has-link-color wp-elements-004029684c382d8d7e563806b7e9c2dc\" style=\"font-size:16px\">Die Zusammenarbeit mit Finanz- und Immobilienberatern kann Ihnen ma\u00dfgeschneiderte Beratung bieten, um die Vorteile Ihrer Hypothek zu maximieren.\nDiese Fachleute k\u00f6nnen Ihre finanzielle Situation und die Marktbedingungen analysieren und Ihnen individuelle Strategien anbieten.\nSie k\u00f6nnen Ihnen zeigen, wie Sie Ihre Hypothek am besten verwalten, sei es durch Refinanzierung, zus\u00e4tzliche Zahlungen oder andere Finanzstrategien.\nDie Beratung durch Experten stellt sicher, dass Sie fundierte Entscheidungen treffen, die Ihren finanziellen Zielen entsprechen und Ihnen helfen, das Beste aus Ihrer Hypothekeninvestition zu machen.   <\/p>\n\n<div style=\"height:35px\" aria-hidden=\"true\" class=\"wp-block-spacer\"><\/div>\n\n<div style=\"height:35px\" aria-hidden=\"true\" class=\"wp-block-spacer\"><\/div>\n\n<h2 class=\"wp-block-heading\" style=\"font-size:27px\">Letzte \u00dcberlegungen<\/h2>\n\n<p class=\"has-black-color has-text-color has-link-color wp-elements-560c7b00624ec2cc03d3a527512dcbe1\" style=\"font-size:16px\">Hypotheken bieten eine Reihe von Vorteilen, die Ihre Immobilieninvestitionsstrategie erheblich verbessern k\u00f6nnen.\nVon der Erm\u00f6glichung von Immobilieneigentum bis hin zu potenziellen Steuervorteilen und Eigenkapitalzuwachs &#8211; das Verst\u00e4ndnis und die Nutzung dieser Vorteile k\u00f6nnen zu erheblichen finanziellen Gewinnen f\u00fchren.\nWenn Sie das richtige Hypothekenprodukt sorgf\u00e4ltig ausw\u00e4hlen, Ihre Zahlungen effektiv verwalten und sich von Experten beraten lassen, k\u00f6nnen Sie die Vorteile Ihrer Hypothek maximieren und Ihre langfristigen finanziellen Ziele erreichen.  <\/p>\n","protected":false},"excerpt":{"rendered":"<p>Einf\u00fchrung In der komplizierten Welt der Immobilien und Finanzen ist es wichtig, die Vorteile einer Hypothek zu verstehen, um fundierte Entscheidungen zu treffen. Hypotheken k\u00f6nnen ein m\u00e4chtiges Instrument sein, das erhebliche Vorteile f\u00fcr den Erwerb und die Verwaltung von Immobilien bietet. Was ist eine Hypothek? Eine Hypothek ist eine Art Kredit, der speziell f\u00fcr den<\/p>\n<a class=\"read-more\" href=\"https:\/\/fasthypo.ch\/de\/vorteile-einer-hypothek-erschliessen-sie-das-wahre-potenzial-ihrer-immobilieninvestition\/\">Read More<\/a>","protected":false},"author":1,"featured_media":0,"parent":0,"menu_order":0,"comment_status":"closed","ping_status":"closed","template":"","meta":{"footnotes":""},"_links":{"self":[{"href":"https:\/\/fasthypo.ch\/de\/wp-json\/wp\/v2\/pages\/4896"}],"collection":[{"href":"https:\/\/fasthypo.ch\/de\/wp-json\/wp\/v2\/pages"}],"about":[{"href":"https:\/\/fasthypo.ch\/de\/wp-json\/wp\/v2\/types\/page"}],"author":[{"embeddable":true,"href":"https:\/\/fasthypo.ch\/de\/wp-json\/wp\/v2\/users\/1"}],"replies":[{"embeddable":true,"href":"https:\/\/fasthypo.ch\/de\/wp-json\/wp\/v2\/comments?post=4896"}],"version-history":[{"count":0,"href":"https:\/\/fasthypo.ch\/de\/wp-json\/wp\/v2\/pages\/4896\/revisions"}],"wp:attachment":[{"href":"https:\/\/fasthypo.ch\/de\/wp-json\/wp\/v2\/media?parent=4896"}],"curies":[{"name":"wp","href":"https:\/\/api.w.org\/{rel}","templated":true}]}}