{"id":4868,"date":"2024-07-13T15:14:45","date_gmt":"2024-07-13T15:14:45","guid":{"rendered":"https:\/\/fasthypo.ch\/anforderungen-an-hypotheken-ein-umfassender-leitfaden\/"},"modified":"2024-08-29T16:49:34","modified_gmt":"2024-08-29T16:49:34","slug":"anforderungen-an-hypotheken-ein-umfassender-leitfaden","status":"publish","type":"page","link":"https:\/\/fasthypo.ch\/de\/anforderungen-an-hypotheken-ein-umfassender-leitfaden\/","title":{"rendered":"Anforderungen an Hypotheken: Ein umfassender Leitfaden"},"content":{"rendered":"\n<figure class=\"wp-block-image size-large\"><img fetchpriority=\"high\" decoding=\"async\" width=\"1024\" height=\"683\" src=\"https:\/\/fasthypo.ch\/wp-content\/uploads\/2024\/07\/mortgage-requirements-1024x683.webp\" alt=\"\" class=\"wp-image-4414\" srcset=\"https:\/\/fasthypo.ch\/wp-content\/uploads\/2024\/07\/mortgage-requirements-1024x683.webp 1024w, https:\/\/fasthypo.ch\/wp-content\/uploads\/2024\/07\/mortgage-requirements-300x200.webp 300w, https:\/\/fasthypo.ch\/wp-content\/uploads\/2024\/07\/mortgage-requirements-768x512.webp 768w, https:\/\/fasthypo.ch\/wp-content\/uploads\/2024\/07\/mortgage-requirements-1536x1024.webp 1536w, https:\/\/fasthypo.ch\/wp-content\/uploads\/2024\/07\/mortgage-requirements.webp 1999w\" sizes=\"(max-width: 1024px) 100vw, 1024px\" \/><\/figure>\n\n<div style=\"height:40px\" aria-hidden=\"true\" class=\"wp-block-spacer\"><\/div>\n\n<h2 class=\"wp-block-heading\" style=\"font-size:27px\">Einf\u00fchrung in die Hypothekenanforderungen<\/h2>\n\n<p class=\"has-black-color has-text-color has-link-color wp-elements-fc1a76003dee46556f37e65083609d5a\" style=\"font-size:16px\">Um eine Hypothek zu erhalten, m\u00fcssen bestimmte Anforderungen erf\u00fcllt werden, anhand derer die Kreditgeber die F\u00e4higkeit des Kreditnehmers zur R\u00fcckzahlung des Kredits beurteilen.\nDiese Anforderungen stellen sicher, dass sowohl der Kreditgeber als auch der Kreditnehmer auf das finanzielle Engagement vorbereitet sind.\nWenn Sie diese Kriterien verstehen, k\u00f6nnen Sie den Antragsprozess vereinfachen und Ihre Chancen auf eine Genehmigung verbessern.  <\/p>\n\n<div style=\"height:36px\" aria-hidden=\"true\" class=\"wp-block-spacer\"><\/div>\n\n<div style=\"height:36px\" aria-hidden=\"true\" class=\"wp-block-spacer\"><\/div>\n\n<h2 class=\"wp-block-heading\" style=\"font-size:27px\">Finanzielle Stabilit\u00e4t und Kreditw\u00fcrdigkeit<\/h2>\n\n<div style=\"height:36px\" aria-hidden=\"true\" class=\"wp-block-spacer\"><\/div>\n\n<h3 class=\"wp-block-heading has-black-color has-text-color has-link-color wp-elements-66c26b77ccb2db2636a2eb5b7f3cda7f\" style=\"font-size:22px;font-style:normal;font-weight:600\">Einkommens\u00fcberpr\u00fcfung<\/h3>\n\n<p class=\"has-black-color has-text-color has-link-color wp-elements-4a13f91314cded8284881504a3921328\" style=\"font-size:16px\">Um festzustellen, ob Sie in der Lage sind, die Hypothek zur\u00fcckzuzahlen, verlangen die Kreditgeber den Nachweis eines stabilen und ausreichenden Einkommens.\nDies umfasst in der Regel: <\/p>\n\n<ul>\n<li class=\"wp-elements-008e6b17a4c7e5e97985948bea960e9e\" style=\"font-size:16px\"><strong>Aktuelle Gehaltsabrechnungen<\/strong>: Diese Dokumente zeigen Ihr aktuelles Einkommen und Ihren Besch\u00e4ftigungsstatus.<\/li>\n\n\n\n<li class=\"wp-elements-822469817caf4c0a1ba83c5d6a4c66e7\" style=\"font-size:16px\"><strong>Steuererkl\u00e4rungen<\/strong>: F\u00fcr Selbstst\u00e4ndige bieten Steuererkl\u00e4rungen einen detaillierten \u00dcberblick \u00fcber das Einkommen im Laufe der Zeit.<\/li>\n\n\n\n<li class=\"wp-elements-5b9d09bfaf72c1f9f20aa0f559517fe7\" style=\"font-size:16px\"><strong>Kontoausz\u00fcge<\/strong>: Diese Kontoausz\u00fcge best\u00e4tigen konsistente Einkommenseinlagen und die allgemeine finanzielle Stabilit\u00e4t.<\/li>\n<\/ul>\n\n<div style=\"height:36px\" aria-hidden=\"true\" class=\"wp-block-spacer\"><\/div>\n\n<h3 class=\"wp-block-heading has-black-color has-text-color has-link-color wp-elements-20d1248a7eec9972beddc9b3b7b0c0d4\" style=\"font-size:22px;font-style:normal;font-weight:600\">Kredit-Score<\/h3>\n\n<p class=\"has-black-color has-text-color has-link-color wp-elements-3394605722eee1f029e83cd6d7951588\" style=\"font-size:16px\">Ihre Kreditw\u00fcrdigkeit ist ein Schl\u00fcsselfaktor f\u00fcr die Genehmigung einer Hypothek und beeinflusst den angebotenen Zinssatz.\nEine h\u00f6here Kreditw\u00fcrdigkeit f\u00fchrt im Allgemeinen zu besseren Kreditkonditionen.\nVerbessern Sie Ihre Kreditw\u00fcrdigkeit durch:  <\/p>\n\n<ul>\n<li class=\"wp-elements-4c6b91bc9208a183deaff450a2414edb\" style=\"font-size:16px\"><strong>P\u00fcnktliche Bezahlung von Rechnungen<\/strong>: Sorgen Sie f\u00fcr die p\u00fcnktliche Bezahlung aller Schulden und Versorgungsleistungen.<\/li>\n\n\n\n<li class=\"wp-elements-39d08f1cf248a19911ff00525b8e75d0\" style=\"font-size:16px\"><strong>Abbau bestehender Schulden<\/strong>: Senken Sie Ihre Kreditkartenguthaben und Kredite, um Ihr Schulden-Einkommens-Verh\u00e4ltnis zu verbessern.<\/li>\n\n\n\n<li class=\"wp-elements-6952eb14aa604bc55e9ec4066f31c2ee\" style=\"font-size:16px\"><strong>\u00dcberpr\u00fcfen Sie Ihren Kreditbericht<\/strong>: \u00dcberpr\u00fcfen und korrigieren Sie regelm\u00e4\u00dfig alle Fehler in Ihrer Kreditauskunft.<\/li>\n<\/ul>\n\n<div style=\"height:36px\" aria-hidden=\"true\" class=\"wp-block-spacer\"><\/div>\n\n<h3 class=\"wp-block-heading has-black-color has-text-color has-link-color wp-elements-45cc2d86b648760b660091bcf400c098\" style=\"font-size:22px;font-style:normal;font-weight:600\">Schulden-Einkommens-Verh\u00e4ltnis<\/h3>\n\n<p class=\"has-black-color has-text-color has-link-color wp-elements-7a1dc59cc677ecf1b4f5674a4643c329\" style=\"font-size:16px\">Der Verschuldungsgrad (Debt-to-Income, DTI) setzt Ihre gesamten monatlichen Schuldenzahlungen ins Verh\u00e4ltnis zu Ihrem monatlichen Bruttoeinkommen.\nAnhand dieses Verh\u00e4ltnisses k\u00f6nnen Kreditgeber feststellen, ob Sie in der Lage sind, zus\u00e4tzliche Schulden zu bedienen.\nDas ideale DTI-Verh\u00e4ltnis liegt in der Regel unter 36%, mit:  <\/p>\n\n<ul>\n<li class=\"wp-elements-61f655104e0a3744597848d7eed4f36b\" style=\"font-size:16px\"><strong>Front-End-Quote<\/strong>: Der Prozentsatz des Einkommens, der f\u00fcr Wohnkosten (Hypothekenzahlungen, Grundsteuer, Versicherung) ausgegeben wird.<\/li>\n\n\n\n<li class=\"wp-elements-b9b71944170d28c78ccf60d3e2d1d73d\" style=\"font-size:16px\"><strong>Back-End-Quote<\/strong>: Der Prozentsatz des Einkommens, der f\u00fcr alle Schuldzahlungen, einschlie\u00dflich der Hypothek, verwendet wird.<\/li>\n<\/ul>\n\n<div style=\"height:36px\" aria-hidden=\"true\" class=\"wp-block-spacer\"><\/div>\n\n<div style=\"height:36px\" aria-hidden=\"true\" class=\"wp-block-spacer\"><\/div>\n\n<h2 class=\"wp-block-heading\" style=\"font-size:27px\">Anforderungen f\u00fcr die Anzahlung<\/h2>\n\n<div style=\"height:36px\" aria-hidden=\"true\" class=\"wp-block-spacer\"><\/div>\n\n<h3 class=\"wp-block-heading has-black-color has-text-color has-link-color wp-elements-005d8e54b63d2703c7c52a520b59b851\" style=\"font-size:22px;font-style:normal;font-weight:600\">H\u00f6he der Anzahlung<\/h3>\n\n<p class=\"has-black-color has-text-color has-link-color wp-elements-b25f9044901a5b9b7a8c001b649574aa\" style=\"font-size:16px\">Die Anzahlung ist ein wesentlicher Kostenfaktor beim Kauf einer Immobilie.\nZu den \u00fcblichen Anforderungen geh\u00f6ren: <\/p>\n\n<ul>\n<li class=\"wp-elements-4b5399448391edf90102dd237eaf936b\" style=\"font-size:16px\"><strong>Konventionelle Hypotheken<\/strong>: In der Regel ist eine Anzahlung von 20% erforderlich, um eine private Hypothekenversicherung (PMI) zu vermeiden.<\/li>\n\n\n\n<li class=\"wp-elements-3910914717108e01fa61e522c7ca7950\" style=\"font-size:16px\"><strong>FHA-Darlehen<\/strong>: Erlauben niedrigere Anzahlungen, oft um die 3,5%.<\/li>\n\n\n\n<li class=\"wp-elements-6a3613b429f2eb23978947bb63ada880\" style=\"font-size:16px\"><strong>VA- und USDA-Darlehen<\/strong>: Bieten m\u00f6glicherweise Optionen ohne Anzahlung f\u00fcr berechtigte Kreditnehmer.<\/li>\n<\/ul>\n\n<div style=\"height:36px\" aria-hidden=\"true\" class=\"wp-block-spacer\"><\/div>\n\n<h3 class=\"wp-block-heading has-black-color has-text-color has-link-color wp-elements-ee476d3d3034fcb8399dfdcb4a3f228b\" style=\"font-size:22px;font-style:normal;font-weight:600\">Quelle der Anzahlung<\/h3>\n\n<p class=\"has-black-color has-text-color has-link-color wp-elements-c0060c5fd64bee6177c461071f22ef1e\" style=\"font-size:16px\">Die Kreditgeber m\u00fcssen \u00fcberpr\u00fcfen, ob die Mittel f\u00fcr die Anzahlung aus akzeptablen Quellen stammen.\nZu den \u00fcblichen Quellen geh\u00f6ren: <\/p>\n\n<ul>\n<li class=\"wp-elements-b9e8c587998f9345a274474202062c7c\" style=\"font-size:16px\"><strong>Sparkonten<\/strong>: Aus pers\u00f6nlichen Ersparnissen angesammelte Gelder.<\/li>\n\n\n\n<li class=\"wp-elements-a41f154f823954199cad4e0b1ea652d2\" style=\"font-size:16px\"><strong>Schenkungsfonds<\/strong>: Von der Familie erhaltenes Geld, das durch einen Schenkungsbrief belegt ist.<\/li>\n\n\n\n<li class=\"wp-elements-357aa3a755bae715f963cd356ffdd2cc\" style=\"font-size:16px\"><strong>Ruhestandskonten<\/strong>: Abhebungen von Altersguthaben, vorbehaltlich bestimmter Vorschriften.<\/li>\n<\/ul>\n\n<div style=\"height:36px\" aria-hidden=\"true\" class=\"wp-block-spacer\"><\/div>\n\n<div style=\"height:36px\" aria-hidden=\"true\" class=\"wp-block-spacer\"><\/div>\n\n<h2 class=\"wp-block-heading\" style=\"font-size:27px\">Anforderungen an die Dokumentation<\/h2>\n\n<div style=\"height:36px\" aria-hidden=\"true\" class=\"wp-block-spacer\"><\/div>\n\n<h3 class=\"wp-block-heading has-black-color has-text-color has-link-color wp-elements-346b592e301f4b0727e01bfb2f8fb2ed\" style=\"font-size:22px;font-style:normal;font-weight:600\">Identit\u00e4tsnachweis<\/h3>\n\n<p class=\"has-black-color has-text-color has-link-color wp-elements-50fe23549acf84f264818ac4af4a0d2c\" style=\"font-size:16px\">Um Ihre Identit\u00e4t zu \u00fcberpr\u00fcfen, fragen Kreditgeber in der Regel nach:<\/p>\n\n<ul style=\"font-size:16px\" class=\"has-black-color has-text-color has-link-color wp-elements-77ab172566c8a287406a9e84c9934c0f\">\n<li class=\"wp-elements-f32ef9943eeff06032f56e7f9ed90220\" style=\"font-size:16px\"><strong>Von der Regierung ausgestellter Ausweis<\/strong>: z.B. ein Reisepass oder ein F\u00fchrerschein.<\/li>\n\n\n\n<li class=\"wp-elements-8525f09d173204e5dfc282878c03c9c9\" style=\"font-size:16px\"><strong>Sozialversicherungsnummer<\/strong>: Oder eine gleichwertige Identifikation in anderen L\u00e4ndern.<\/li>\n<\/ul>\n\n<div style=\"height:36px\" aria-hidden=\"true\" class=\"wp-block-spacer\"><\/div>\n\n<h3 class=\"wp-block-heading has-black-color has-text-color has-link-color wp-elements-32333d9df916f71e31f9688ff604ee65\" style=\"font-size:22px;font-style:normal;font-weight:600\">Nachweis des Wohnsitzes<\/h3>\n\n<p class=\"has-black-color has-text-color has-link-color wp-elements-86b617a9a71924bc4484a2efeb855c36\" style=\"font-size:16px\">Um Ihren Aufenthaltsstatus zu best\u00e4tigen, geben Sie bitte an:<\/p>\n\n<ul>\n<li class=\"wp-elements-5d7e3b850b13d1072ba076347eb5dbba\" style=\"font-size:16px\"><strong>Rechnungen der Versorgungsunternehmen<\/strong>: Aktuelle Rechnungen mit Ihrer aktuellen Adresse.<\/li>\n\n\n\n<li class=\"wp-elements-283ca73574f3a0739e07421be99a041c\" style=\"font-size:16px\"><strong>Mietvertr\u00e4ge oder Eigentumsurkunden<\/strong>: Beweis f\u00fcr Ihren Aufenthaltsstatus.<\/li>\n<\/ul>\n\n<div style=\"height:36px\" aria-hidden=\"true\" class=\"wp-block-spacer\"><\/div>\n\n<h3 class=\"wp-block-heading has-black-color has-text-color has-link-color wp-elements-b270e2910594c4e8f5b4402b33740c52\" style=\"font-size:22px;font-style:normal;font-weight:600\">\u00dcberpr\u00fcfung der Besch\u00e4ftigung<\/h3>\n\n<p class=\"has-black-color has-text-color has-link-color wp-elements-d742d4cf70e8681ae5bf929c967daea3\" style=\"font-size:16px\">Um Ihren Besch\u00e4ftigungsstatus und Ihr Einkommen zu best\u00e4tigen, m\u00fcssen Sie m\u00f6glicherweise Angaben machen:<\/p>\n\n<ul style=\"font-size:16px\" class=\"has-black-color has-text-color has-link-color wp-elements-7278d1b3b891a25a91c6c0ead97cf0bd\">\n<li class=\"wp-elements-998189dac7997d73eca63d6a42e27385\" style=\"font-size:16px\"><strong>Arbeitszeugnisse<\/strong>: Eine Best\u00e4tigung Ihres Arbeitgebers \u00fcber Ihren Arbeitsplatz und Ihr Gehalt.<\/li>\n\n\n\n<li class=\"wp-elements-d84ac7ece497230587ba0ae3c8457979\" style=\"font-size:16px\"><strong>Aktuelle Gehaltsabrechnungen<\/strong>: Zum Nachweis Ihres aktuellen Einkommens.<\/li>\n<\/ul>\n\n<div style=\"height:36px\" aria-hidden=\"true\" class=\"wp-block-spacer\"><\/div>\n\n<div style=\"height:36px\" aria-hidden=\"true\" class=\"wp-block-spacer\"><\/div>\n\n<h2 class=\"wp-block-heading\" style=\"font-size:27px\">Besondere Bedingungen und Kreditgeber-Kriterien<\/h2>\n\n<div style=\"height:36px\" aria-hidden=\"true\" class=\"wp-block-spacer\"><\/div>\n\n<h3 class=\"wp-block-heading has-black-color has-text-color has-link-color wp-elements-87e36424972821434e940679e8b06f3b\" style=\"font-size:22px;font-style:normal;font-weight:600\">Eigenschaft Typ<\/h3>\n\n<p class=\"has-black-color has-text-color has-link-color wp-elements-2cfa69019ab21fc5993ff26a754cc1cb\" style=\"font-size:16px\">Verschiedene Arten von Immobilien k\u00f6nnen unterschiedliche Hypothekenanforderungen haben:<\/p>\n\n<ul>\n<li class=\"wp-elements-aed6b11c308706dc4dd5a63625665aac\" style=\"font-size:16px\"><strong>Hauptwohnsitze<\/strong>: Haben in der Regel weniger Einschr\u00e4nkungen und niedrigere Zinss\u00e4tze.<\/li>\n\n\n\n<li class=\"wp-elements-aa2bc2760343cd6f9dd0756b394906d5\" style=\"font-size:16px\"><strong>Zweitwohnungen und Anlageimmobilien<\/strong>: Erfordern oft h\u00f6here Anzahlungen und strengere Kreditkriterien.<\/li>\n<\/ul>\n\n<div style=\"height:36px\" aria-hidden=\"true\" class=\"wp-block-spacer\"><\/div>\n\n<h3 class=\"wp-block-heading has-black-color has-text-color has-link-color wp-elements-56d613e7c444afa2090ae82212d68f8f\" style=\"font-size:22px;font-style:normal;font-weight:600\">Hypothekenart<\/h3>\n\n<p class=\"has-black-color has-text-color has-link-color wp-elements-1763c9e30ab0f843bea1be3aa732dc8a\" style=\"font-size:16px\">Die Art der Hypothek wirkt sich auf die Anforderungen und Bedingungen aus:<\/p>\n\n<ul>\n<li class=\"wp-elements-e2e6e33f5ade15aafcd4d28620b477df\" style=\"font-size:16px\"><strong>Festverzinsliche Hypotheken<\/strong>: Bieten stabile Zinss\u00e4tze und Standardanforderungen.<\/li>\n\n\n\n<li class=\"wp-elements-a2c9ba5bff4e19def68d6504e5ff545a\" style=\"font-size:16px\"><strong>Hypotheken mit variablem Zinssatz (ARMs)<\/strong>: Aufgrund der schwankenden Zinss\u00e4tze k\u00f6nnen zus\u00e4tzliche Kriterien gelten.<\/li>\n\n\n\n<li class=\"wp-elements-f77fa695b9698f168d68033150aa67e1\" style=\"font-size:16px\"><strong>Staatlich unterst\u00fctzte Darlehen<\/strong>: F\u00fcr FHA-, VA- und USDA-Darlehen gelten besondere Zulassungskriterien und Dokumentationsanforderungen.<\/li>\n<\/ul>\n\n<div style=\"height:36px\" aria-hidden=\"true\" class=\"wp-block-spacer\"><\/div>\n\n<div style=\"height:36px\" aria-hidden=\"true\" class=\"wp-block-spacer\"><\/div>\n\n<h2 class=\"wp-block-heading\" style=\"font-size:27px\">Hypothekenanforderungen f\u00fcr ausl\u00e4ndische K\u00e4ufer<\/h2>\n\n<div style=\"height:36px\" aria-hidden=\"true\" class=\"wp-block-spacer\"><\/div>\n\n<h3 class=\"wp-block-heading has-black-color has-text-color has-link-color wp-elements-a93918e2f7be5f8a06ec31e4279895da\" style=\"font-size:22px;font-style:normal;font-weight:600\">Zus\u00e4tzliche Dokumentation<\/h3>\n\n<p class=\"has-black-color has-text-color has-link-color wp-elements-f2df8e2efda29b9273efcf1f58539a06\" style=\"font-size:16px\">F\u00fcr ausl\u00e4ndische K\u00e4ufer k\u00f6nnen zus\u00e4tzliche Dokumentationsanforderungen gelten:<\/p>\n\n<ul>\n<li class=\"wp-elements-89d439762b607e62e942f119b057dbef\" style=\"font-size:16px\"><strong>Nachweis von Einkommen und Verm\u00f6gen<\/strong>: Internationale Dokumente zur \u00dcberpr\u00fcfung der finanziellen Stabilit\u00e4t.<\/li>\n\n\n\n<li class=\"wp-elements-5df31ce6b65c735b8185816e3b1acf6a\" style=\"font-size:16px\"><strong>Aufenthaltsstatus<\/strong>: \u00dcberpr\u00fcfung des Visums oder des Aufenthaltsstatus.<\/li>\n\n\n\n<li class=\"wp-elements-422346f082f2a1162985f7ca5461488f\" style=\"font-size:16px\"><strong>Internationale Kreditgeschichte<\/strong>: Einige Kreditgeber verlangen eine ausl\u00e4ndische Kreditauskunft oder einen gleichwertigen Nachweis der Kreditw\u00fcrdigkeit.<\/li>\n<\/ul>\n\n<div style=\"height:36px\" aria-hidden=\"true\" class=\"wp-block-spacer\"><\/div>\n\n<h3 class=\"wp-block-heading has-black-color has-text-color has-link-color wp-elements-f87e6413b272a50d959c7f007a910713\" style=\"font-size:22px;font-style:normal;font-weight:600\">H\u00f6here Anzahlungen<\/h3>\n\n<p class=\"has-black-color has-text-color has-link-color wp-elements-f158f797f86174573c45d740061ae477\" style=\"font-size:16px\">Ausl\u00e4ndische K\u00e4ufer m\u00fcssen aufgrund erh\u00f6hter Risikofaktoren oft eine gr\u00f6\u00dfere Anzahlung leisten, die zwischen 25% und 40% des Immobilienwerts liegt.<\/p>\n\n<div style=\"height:36px\" aria-hidden=\"true\" class=\"wp-block-spacer\"><\/div>\n\n<div style=\"height:36px\" aria-hidden=\"true\" class=\"wp-block-spacer\"><\/div>\n\n<h2 class=\"wp-block-heading\" style=\"font-size:27px\">Letzte \u00dcberlegungen<\/h2>\n\n<p class=\"has-black-color has-text-color has-link-color wp-elements-09b762de6f906bc5408186461ac2efc8\" style=\"font-size:16px\">Um einen Kredit zu erhalten und eine fundierte Entscheidung zu treffen, ist es wichtig, die Hypothekenbedingungen zu kennen.\nWenn Sie die finanziellen Kriterien erf\u00fcllen, die notwendigen Unterlagen vorbereiten und die spezifischen Bedingungen der Kreditgeber einhalten, <strong>erh\u00f6hen Sie Ihre Chancen auf eine Genehmigung<\/strong>.\nFastHypo steht Ihnen mit pers\u00f6nlicher Beratung und fachkundiger Unterst\u00fctzung zur Seite. <a href=\"https:\/\/fasthypo.ch\">Erkunden Sie Ihre Hypothekenoptionen mit FastHypo<\/a> und machen Sie den n\u00e4chsten Schritt zur Sicherung Ihrer idealen Hypothek.  <\/p>\n","protected":false},"excerpt":{"rendered":"<p>Einf\u00fchrung in die Hypothekenanforderungen Um eine Hypothek zu erhalten, m\u00fcssen bestimmte Anforderungen erf\u00fcllt werden, anhand derer die Kreditgeber die F\u00e4higkeit des Kreditnehmers zur R\u00fcckzahlung des Kredits beurteilen. Diese Anforderungen stellen sicher, dass sowohl der Kreditgeber als auch der Kreditnehmer auf das finanzielle Engagement vorbereitet sind. Wenn Sie diese Kriterien verstehen, k\u00f6nnen Sie den Antragsprozess vereinfachen<\/p>\n<a class=\"read-more\" href=\"https:\/\/fasthypo.ch\/de\/anforderungen-an-hypotheken-ein-umfassender-leitfaden\/\">Read More<\/a>","protected":false},"author":1,"featured_media":0,"parent":0,"menu_order":0,"comment_status":"closed","ping_status":"closed","template":"","meta":{"footnotes":""},"_links":{"self":[{"href":"https:\/\/fasthypo.ch\/de\/wp-json\/wp\/v2\/pages\/4868"}],"collection":[{"href":"https:\/\/fasthypo.ch\/de\/wp-json\/wp\/v2\/pages"}],"about":[{"href":"https:\/\/fasthypo.ch\/de\/wp-json\/wp\/v2\/types\/page"}],"author":[{"embeddable":true,"href":"https:\/\/fasthypo.ch\/de\/wp-json\/wp\/v2\/users\/1"}],"replies":[{"embeddable":true,"href":"https:\/\/fasthypo.ch\/de\/wp-json\/wp\/v2\/comments?post=4868"}],"version-history":[{"count":0,"href":"https:\/\/fasthypo.ch\/de\/wp-json\/wp\/v2\/pages\/4868\/revisions"}],"wp:attachment":[{"href":"https:\/\/fasthypo.ch\/de\/wp-json\/wp\/v2\/media?parent=4868"}],"curies":[{"name":"wp","href":"https:\/\/api.w.org\/{rel}","templated":true}]}}